{"id":5258,"date":"2022-02-18T00:38:37","date_gmt":"2022-02-17T16:38:37","guid":{"rendered":"https:\/\/www.mairsturnstile-online.com\/product\/nouvelle-porte-de-vitesse-en-alliage-daluminium-de-conception-mt-l363\/"},"modified":"2024-03-10T20:50:05","modified_gmt":"2024-03-10T12:50:05","slug":"tourniquets-de-securite-pour-couloirs-rapides","status":"publish","type":"product","link":"https:\/\/www.mairsturnstile-online.com\/fr\/produit\/tourniquets-de-securite-pour-couloirs-rapides\/","title":{"rendered":"Tourniquets de s\u00e9curit\u00e9 pour portail rapide MT-A301"},"content":{"rendered":"\r\n        <div class=\"modelViewerBlock\" data-attributes='{&quot;align&quot;:&quot;start&quot;,&quot;uniqueId&quot;:&quot;model24884&quot;,&quot;currentViewer&quot;:&quot;modelViewer&quot;,&quot;multiple&quot;:false,&quot;model&quot;:{&quot;modelUrl&quot;:&quot;https:\\\/\\\/www.mairsturnstile-online.com\\\/wp-content\\\/uploads\\\/2022\\\/02\\\/A309.glb&quot;,&quot;poster&quot;:&quot;&quot;},&quot;O3DVSettings&quot;:{&quot;isFullscreen&quot;:true,&quot;isPagination&quot;:false,&quot;isNavigation&quot;:true,&quot;camera&quot;:null,&quot;mouseControl&quot;:true},&quot;models&quot;:[],&quot;lazyLoad&quot;:false,&quot;loading&quot;:&quot;auto&quot;,&quot;autoplay&quot;:false,&quot;shadow&quot;:true,&quot;autoRotate&quot;:true,&quot;zoom&quot;:true,&quot;isPagination&quot;:false,&quot;isNavigation&quot;:true,&quot;preload&quot;:&quot;auto&quot;,&quot;rotationPerSecond&quot;:&quot;30&quot;,&quot;mouseControl&quot;:true,&quot;fullscreen&quot;:true,&quot;variant&quot;:false,&quot;loadingPercentage&quot;:false,&quot;progressBar&quot;:true,&quot;rotate&quot;:false,&quot;rotateAlongX&quot;:&quot;0&quot;,&quot;rotateAlongY&quot;:&quot;75&quot;,&quot;exposure&quot;:1,&quot;styles&quot;:{&quot;width&quot;:&quot;1150px&quot;,&quot;height&quot;:&quot;700px&quot;,&quot;bgColor&quot;:&quot;#f9f9f9&quot;,&quot;progressBarColor&quot;:&quot;&quot;},&quot;stylesheet&quot;:null,&quot;additional&quot;:{&quot;ID&quot;:&quot;&quot;,&quot;Class&quot;:&quot;&quot;,&quot;CSS&quot;:&quot;&quot;},&quot;animation&quot;:false,&quot;woo&quot;:false,&quot;selectedAnimation&quot;:&quot;&quot;}'><\/div>\r\n\r\n        \n<p>Tourniquets de s\u00e9curit\u00e9 pour portail rapide MT-A301<\/p>\n<p>Nous pouvons fournir des services OEM et ODM. Nous avons des designers exp\u00e9riment\u00e9s qui peuvent r\u00e9aliser une personnalisation approfondie en fonction de tous vos besoins. Nous fournirons une s\u00e9rie de mat\u00e9riaux tels que des rendus 3D, des dessins dimensionnels, etc. dans les plus brefs d\u00e9lais.<\/p>\n<p>Tous nos produits b\u00e9n\u00e9ficient d&#8217;une garantie de 2 ans et d&#8217;un support de maintenance et de r\u00e9paration durable. Nous fournissons \u00e9galement des dispositifs biom\u00e9triques, tels que des scanners d&#8217;empreintes digitales et des cam\u00e9ras de reconnaissance faciale. Lecteur de carte RFID, scanner de code QR. Si vous avez besoin d&#8217;int\u00e9grer ces dispositifs sur la porte du tourniquet ou si vous avez des questions, veuillez <a href=\"https:\/\/www.mairsturnstile-online.com\/contact-us\/\">demander un devis<\/a> .<\/p>\n<p>.Nous pouvons \u00e9galement cr\u00e9er pour vous un rendu en quelques minutes en fonction de votre sc\u00e9nario r\u00e9el. Nous fournissons \u00e9galement une disposition et des dessins d\u00e9taill\u00e9s, ainsi que des dessins d&#8217;installation. Ne vous inqui\u00e9tez pas de l&#8217;installation. Veuillez t\u00e9l\u00e9charger notre fichier PDF correspondant pour les dimensions sp\u00e9cifiques et les dimensions d&#8217;installation.<\/p>\n\n\t\t\t\n\t<style type=\"text\/css\">\n\t\t.slider-info-24885.bafg-slider-info .bafg-slider-title {\n\t\t\t\t\t\t\tfont-size:\n\t\t\t\t\t22px\t\t\t\t;\n\t\t\t\n\t\t\t\n\t\t\t\t\t}\n\n\t\t.slider-info-24885.bafg-slider-info .bafg-slider-description {\n\t\t\t\n\t\t\t\n\t\t\t\t\t}\n\t\t\n\t\t\n\t\t.slider-info-24885.bafg-slider-info .bafg_slider_readmore_button {\n\t\t\t\n\t\t\t\n\t\t\t\n\t\t\t\n\t\t\t\n\t\t\ttext-align: center;\n\n\t\t\t\n\t\t\t\n\t\t\t\n\t\t\t\n\t\t\t\t\t}\n\n\t\t.slider-info-24885.bafg-slider-info .bafg_slider_readmore_button:hover {\n\n\t\t\t\n\t\t\t\n\t\t\t\t\t}\n\t<\/style>\n\t\n\t\t\t<div class=\"bafg-twentytwenty-container slider-24885  \"\n\t\t\t\tbafg-orientation=\"horizontal\" bafg-default-offset=\"0.5\"\n\t\t\t\tbafg-before-label=\"Before\"\n\t\t\t\tbafg-after-label=\"After\" bafg-overlay=\"1\"\n\t\t\t\tbafg-move-slider-on-hover=\"1\"\n\t\t\t\tbafg-click-to-move=\"\">\n\n\t\t\t\t\t\t\t\t<img class=\"skip-lazy\" data-skip-lazy\t\t\t\t\tsrc=\"https:\/\/www.mairsturnstile-online.com\/wp-content\/uploads\/2022\/02\/speed-gate-security-turnstiles-4.jpg\" alt=\"\">\n\t\t\t\t<img class=\"skip-lazy\" data-skip-lazy\t\t\t\t\tsrc=\"https:\/\/www.mairsturnstile-online.com\/wp-content\/uploads\/2022\/02\/speed-gate-security-turnstiles-5.jpg\" alt=\"\">\n\n\t\t\t<\/div>\n\n\t\t\t\t<div class=\"bafg-slider-info-wraper\">\n\t\t<div style=\"\" class=\"slider-info-24885 bafg-slider-info\">\n\t\t\t\t\t<\/div>\n\t<\/div>\n\t\n\t\t\t<style type=\"text\/css\">\n\t\t\t\t\t\t\t\t\t\t\t<\/style>\n\t\t\t\n<p><strong>Param\u00e8tre technique:<\/strong><\/p>\n<p>1.Taille : 1500*120*1000 mm (peut \u00eatre personnalis\u00e9)<br \/>\n2. Largeur de voie : 600 mm (standard) 1000 mm (max)<br \/>\n3. Mat\u00e9riau du bras : 10 mm d&#8217;acrylique<br \/>\n4. Vitesse de passage : 40 personne\/min<br \/>\n5. Alimentation : 110V\/220V 50\/60hz<br \/>\n6. M\u00e9canisme : Moteur sans balais<br \/>\n7. Signal de porte ouverte : contact sec 12 V.<br \/>\n8. Moteur d&#8217;entra\u00eenement : 24 V<br \/>\n9. Poids : 90 kg\/pi\u00e8ces<br \/>\n10. La taille et l&#8217;\u00e9paisseur du mat\u00e9riau peuvent \u00eatre personnalis\u00e9es<br \/>\n11. Mat\u00e9riau de l&#8217;enveloppe : T\u00f4le lamin\u00e9e \u00e0 froid et alliage d&#8217;aluminium ;<br \/>\n12. L&#8217;alliage d&#8217;aluminium peut \u00eatre oxyd\u00e9 en diff\u00e9rentes couleurs<br \/>\n13. Fiabilit\u00e9 du m\u00e9canisme : 3 millions-5 millions, sans faute<br \/>\n14. Direction de travail : bidirectionnel\/simple directionnel<br \/>\n15. Situation d&#8217;urgence : s&#8217;ouvre automatiquement lorsque l&#8217;\u00e9lectricit\u00e9 est coup\u00e9e avec un condensateur<br \/>\n16. Humidit\u00e9 : \u2264 90 % sans condensation<br \/>\n17. Temp\u00e9rature de travail : -25\u2103~70\u2103<br \/>\n18. Distance de communication : \u22641200 m<br \/>\n19. Interface de communication : RS485<br \/>\n20. Caract\u00e9ristique : lecteur IC\/ID, lecteur de codes-barres, reconnaissance faciale, empreintes digitales, autres \u00e9quipements de contr\u00f4le d&#8217;acc\u00e8s, UPS, etc.<br \/>\n21. Temps n\u00e9cessaire \u00e0 l&#8217;ouverture : 0,2 s<br \/>\n22. Environnement de travail : \u00e0 l\u2019int\u00e9rieur<br \/>\n23. Domaine d&#8217;application : Communaut\u00e9, immeuble de bureaux, \u00e9cole, lieu de vill\u00e9giature, etc.<\/p>\n<p>Nous pouvons fournir la solution compl\u00e8te de contr\u00f4le d\u2019acc\u00e8s de s\u00e9curit\u00e9. Si vous disposez de votre propre syst\u00e8me de contr\u00f4le d&#8217;acc\u00e8s, vous pouvez utiliser directement notre tourniquet. Si vous n\u2019en avez pas, nous proposons \u00e9galement une solution compl\u00e8te de contr\u00f4le d\u2019acc\u00e8s de s\u00e9curit\u00e9. Veuillez vous r\u00e9f\u00e9rer \u00e0 la vid\u00e9o ci-dessous pour plus de d\u00e9tails.<\/p>\n<p><iframe title=\"Tourniquets de cr\u00e9neaux rapides de s\u00e9curit\u00e9 pour le hall d'entr\u00e9e - MairsTurnstile\" src=\"https:\/\/www.youtube.com\/embed\/YtM3u6fUNIM\" width=\"1110\" height=\"650\" frameborder=\"0\" allowfullscreen=\"allowfullscreen\"><span data-mce-type=\"bookmark\" style=\"display: inline-block; width: 0px; overflow: hidden; line-height: 0;\" class=\"mce_SELRES_start\"><\/span><\/iframe><\/p>\n","protected":false},"excerpt":{"rendered":"<p>Soutenez l&#8217;OEM et l&#8217;ODM. Prend en charge les appareils biom\u00e9triques tiers, tels que le scanner d&#8217;empreintes digitales, la cam\u00e9ra de reconnaissance faciale. Lecteur de carte RFID, scanner de code QR. <span style=\"color: #0000ff;\"><strong><a style=\"color: #0000ff;\" title=\"Tourniquet de cr\u00e9neau de vitesse certifi\u00e9 CE Mairs\" href=\"http:\/\/mairsturnstile.com\/wp-content\/uploads\/2022\/09\/Mairs-CE-Certificate-Speed-Gate-Turnstile.pdf\" target=\"_blank\" rel=\"noopener noreferrer\">Certifi\u00e9 CE<\/a>, <a style=\"color: #0000ff;\" title=\"Certificat ISO9001\" href=\"http:\/\/mairsturnstile.com\/wp-content\/uploads\/2022\/09\/Mairs-Registration-Certificate-ISO9001.pdf\" target=\"_blank\" rel=\"noopener noreferrer\">certifi\u00e9 ISO9001<\/a>.<\/strong><\/span><\/p>\n","protected":false},"featured_media":24825,"comment_status":"closed","ping_status":"closed","template":"","meta":[],"product_cat":[82],"product_tag":[],"class_list":["post-5258","product","type-product","status-publish","has-post-thumbnail","hentry","product_cat-couloirs-rapides"],"_links":{"self":[{"href":"https:\/\/www.mairsturnstile-online.com\/fr\/wp-json\/wp\/v2\/product\/5258","targetHints":{"allow":["GET"]}}],"collection":[{"href":"https:\/\/www.mairsturnstile-online.com\/fr\/wp-json\/wp\/v2\/product"}],"about":[{"href":"https:\/\/www.mairsturnstile-online.com\/fr\/wp-json\/wp\/v2\/types\/product"}],"replies":[{"embeddable":true,"href":"https:\/\/www.mairsturnstile-online.com\/fr\/wp-json\/wp\/v2\/comments?post=5258"}],"wp:featuredmedia":[{"embeddable":true,"href":"https:\/\/www.mairsturnstile-online.com\/fr\/wp-json\/wp\/v2\/media\/24825"}],"wp:attachment":[{"href":"https:\/\/www.mairsturnstile-online.com\/fr\/wp-json\/wp\/v2\/media?parent=5258"}],"wp:term":[{"taxonomy":"product_cat","embeddable":true,"href":"https:\/\/www.mairsturnstile-online.com\/fr\/wp-json\/wp\/v2\/product_cat?post=5258"},{"taxonomy":"product_tag","embeddable":true,"href":"https:\/\/www.mairsturnstile-online.com\/fr\/wp-json\/wp\/v2\/product_tag?post=5258"}],"curies":[{"name":"wp","href":"https:\/\/api.w.org\/{rel}","templated":true}]}}