{"id":5249,"date":"2021-09-08T22:25:12","date_gmt":"2021-09-08T14:25:12","guid":{"rendered":"https:\/\/www.mairsturnstile-online.com\/product\/tourniquet-pleine-hauteur-a-double-voie-a-90-degres-mt404-1\/"},"modified":"2026-05-01T11:20:14","modified_gmt":"2026-05-01T03:20:14","slug":"tourniquets-industriels-pleine-hauteur","status":"publish","type":"product","link":"https:\/\/www.mairsturnstile-online.com\/fr\/produit\/tourniquets-industriels-pleine-hauteur\/","title":{"rendered":"TOURNTILES INDUSTRIELS PLEINE HAUTEUR MT408"},"content":{"rendered":"\r\n        <div class=\"modelViewerBlock\" data-attributes='{&quot;align&quot;:&quot;start&quot;,&quot;uniqueId&quot;:&quot;model12922&quot;,&quot;currentViewer&quot;:&quot;modelViewer&quot;,&quot;multiple&quot;:false,&quot;model&quot;:{&quot;modelUrl&quot;:&quot;https:\\\/\\\/www.mairsturnstile-online.com\\\/wp-content\\\/uploads\\\/2023\\\/07\\\/MT408.glb&quot;,&quot;poster&quot;:&quot;&quot;},&quot;O3DVSettings&quot;:{&quot;isFullscreen&quot;:true,&quot;isPagination&quot;:false,&quot;isNavigation&quot;:true,&quot;camera&quot;:null,&quot;mouseControl&quot;:true},&quot;models&quot;:[],&quot;lazyLoad&quot;:false,&quot;loading&quot;:&quot;auto&quot;,&quot;autoplay&quot;:false,&quot;shadow&quot;:true,&quot;autoRotate&quot;:true,&quot;zoom&quot;:true,&quot;isPagination&quot;:false,&quot;isNavigation&quot;:true,&quot;preload&quot;:&quot;auto&quot;,&quot;rotationPerSecond&quot;:&quot;30&quot;,&quot;mouseControl&quot;:true,&quot;fullscreen&quot;:true,&quot;variant&quot;:false,&quot;loadingPercentage&quot;:false,&quot;progressBar&quot;:true,&quot;rotate&quot;:false,&quot;rotateAlongX&quot;:&quot;0&quot;,&quot;rotateAlongY&quot;:&quot;75&quot;,&quot;exposure&quot;:1,&quot;styles&quot;:{&quot;width&quot;:&quot;1150px&quot;,&quot;height&quot;:&quot;700px&quot;,&quot;bgColor&quot;:&quot;#f9f9f9&quot;,&quot;progressBarColor&quot;:&quot;&quot;},&quot;stylesheet&quot;:null,&quot;additional&quot;:{&quot;ID&quot;:&quot;&quot;,&quot;Class&quot;:&quot;&quot;,&quot;CSS&quot;:&quot;&quot;},&quot;animation&quot;:false,&quot;woo&quot;:false,&quot;selectedAnimation&quot;:&quot;&quot;}'><\/div>\r\n\r\n        \n<p>TOURNIQUETS HAUTEUR INT\u00c9GRALE AVEC PASSAGE PMR MT408 : un design unique dot\u00e9 d&#8217;une finition anticorrosion haute r\u00e9sistance. Nos tourniquets pleine hauteur se distinguent par leur corps incurv\u00e9 brevet\u00e9 et l&#8217;utilisation d&#8217;acier inoxydable 316 de qualit\u00e9 marine. Certifi\u00e9s IP66 et ne n\u00e9cessitant aucun entretien, ils sont id\u00e9aux pour les usines, les mines et les centrales \u00e9lectriques. Con\u00e7us pour r\u00e9sister \u00e0 20 millions de cycles et aux actes de vandalisme, ils sont b\u00e2tis pour affronter les environnements industriels les plus rigoureux. Ces tourniquets industriels pleine hauteur allient un bo\u00eetier a\u00e9rodynamique unique \u00e0 une grille inviolable. R\u00e9sistants aux intemp\u00e9ries, ils b\u00e9n\u00e9ficient d&#8217;une certification IP66 garantissant leur protection contre la poussi\u00e8re, la pluie et les temp\u00e9ratures extr\u00eames, et fonctionnent dans une plage allant de -40 \u00b0C \u00e0 +70 \u00b0C. Nos tourniquets industriels pleine hauteur int\u00e8grent des rotors autonettoyants exclusifs ainsi que des soudures sans jointure, ce qui les rend parfaitement adapt\u00e9s aux sites miniers en ext\u00e9rieur et aux installations portuaires.     <\/p>\n<p>Nous pouvons fournir des services OEM et ODM. Nous avons des designers exp\u00e9riment\u00e9s qui peuvent r\u00e9aliser une personnalisation approfondie en fonction de tous vos besoins. Nous fournirons une s\u00e9rie de mat\u00e9riaux tels que des rendus 3D, des dessins dimensionnels, etc. dans les plus brefs d\u00e9lais. Tourniquets industriels pleine hauteur avec syst\u00e8me anti-talonnage : une barri\u00e8re physique int\u00e9grale pour les zones s\u00e9curis\u00e9es, emp\u00eachant toute intrusion non autoris\u00e9e sur les sites industriels \u00e0 haut risque. Nos tourniquets industriels pleine hauteur se distinguent par leurs grilles uniques en forme de vague et leur compatibilit\u00e9 avec les syst\u00e8mes biom\u00e9triques. Certifi\u00e9s CE.  <\/p>\n<p>Tourniquets industriels pleine hauteur \u2014 Vente directe usine : \u00e9conomisez 25 % sur les commandes en gros pour les grands sites et b\u00e9n\u00e9ficiez d&#8217;une s\u00e9curit\u00e9 industrielle haut de gamme \u00e0 moindre co\u00fbt. Nos tourniquets industriels pleine hauteur sont livr\u00e9s pr\u00e9assembl\u00e9s ; ils se distinguent par leur conception antivandalisme unique et leur installation rapide. Plan d&#8217;implantation sur site offert. Pourquoi nos tourniquets pleine hauteur durent-ils plus longtemps que ceux de la concurrence ? Gr\u00e2ce \u00e0 une soudure laser sans joint apparent, garantissant l&#8217;absence de rouille ou de points de faiblesse, m\u00eame apr\u00e8s des ann\u00e9es d&#8217;utilisation intensive. Nos tourniquets industriels pleine hauteur b\u00e9n\u00e9ficient d&#8217;un proc\u00e9d\u00e9 de soudure exclusif ainsi que d&#8217;un traitement anticorrosion unique.     <\/p>\n<p>Tous nos produits b\u00e9n\u00e9ficient d&#8217;une garantie de deux ans ainsi que d&#8217;un support durable en mati\u00e8re de maintenance et de r\u00e9paration. Nous fournissons \u00e9galement des dispositifs biom\u00e9triques, tels que des lecteurs d&#8217;empreintes digitales et des cam\u00e9ras de reconnaissance faciale. Lecteur de carte RFID, scanner de code QR. Si vous avez besoin d&#8217;int\u00e9grer ces dispositifs au tourniquet ou si vous avez des questions, veuillez <a href=\"https:\/\/www.mairsturnstile-online.com\/contact-us\/\">demander un devis<\/a>. Tourniquets industriels pleine hauteur \u00e0 encombrement r\u00e9duit \u2014 Conception modulaire et compacte pour les espaces restreints. Contrairement aux unit\u00e9s traditionnelles et encombrantes, nos tourniquets industriels pleine hauteur se distinguent par une structure unique et \u00e9pur\u00e9e, offrant une empreinte au sol minimale. Couleurs RAL personnalisables pour s&#8217;harmoniser avec l&#8217;image de marque de vos installations. <\/p>\n<p>.Nous pouvons \u00e9galement cr\u00e9er pour vous un rendu en quelques minutes en fonction de votre sc\u00e9nario r\u00e9el. Nous fournissons \u00e9galement des plans et des dessins d\u00e9taill\u00e9s, ainsi que des dessins d&#8217;installation. Ne vous inqui\u00e9tez pas de l&#8217;installation. Veuillez t\u00e9l\u00e9charger notre fichier PDF correspondant pour les dimensions sp\u00e9cifiques et les dimensions d&#8217;installation.<\/p>\n\n\t\t\t\n\t<style type=\"text\/css\">\n\t\t.slider-info-12844.bafg-slider-info .bafg-slider-title {\n\t\t\t\t\t\t\tfont-size:\n\t\t\t\t\t22px\t\t\t\t;\n\t\t\t\n\t\t\t\n\t\t\t\t\t}\n\n\t\t.slider-info-12844.bafg-slider-info .bafg-slider-description {\n\t\t\t\n\t\t\t\n\t\t\t\t\t}\n\t\t\n\t\t\n\t\t.slider-info-12844.bafg-slider-info .bafg_slider_readmore_button {\n\t\t\t\n\t\t\t\n\t\t\t\n\t\t\t\n\t\t\t\n\t\t\ttext-align: center;\n\n\t\t\t\n\t\t\t\n\t\t\t\n\t\t\t\n\t\t\t\t\t}\n\n\t\t.slider-info-12844.bafg-slider-info .bafg_slider_readmore_button:hover {\n\n\t\t\t\n\t\t\t\n\t\t\t\t\t}\n\t<\/style>\n\t\n\t\t\t<div class=\"bafg-twentytwenty-container slider-12844  \"\n\t\t\t\tbafg-orientation=\"horizontal\" bafg-default-offset=\"0.5\"\n\t\t\t\tbafg-before-label=\"Before\"\n\t\t\t\tbafg-after-label=\"After\" bafg-overlay=\"1\"\n\t\t\t\tbafg-move-slider-on-hover=\"\"\n\t\t\t\tbafg-click-to-move=\"\">\n\n\t\t\t\t\t\t\t\t<img class=\"skip-lazy\" data-skip-lazy\t\t\t\t\tsrc=\"https:\/\/www.mairsturnstile-online.com\/wp-content\/uploads\/2023\/07\/full-height-industrial-turnstiles_4.jpg\" alt=\"\">\n\t\t\t\t<img class=\"skip-lazy\" data-skip-lazy\t\t\t\t\tsrc=\"https:\/\/www.mairsturnstile-online.com\/wp-content\/uploads\/2023\/07\/full-height-industrial-turnstiles_5.jpg\" alt=\"\">\n\n\t\t\t<\/div>\n\n\t\t\t\t<div class=\"bafg-slider-info-wraper\">\n\t\t<div style=\"\" class=\"slider-info-12844 bafg-slider-info\">\n\t\t\t\t\t<\/div>\n\t<\/div>\n\t\n\t\t\t<style type=\"text\/css\">\n\t\t\t\t\t\t\t\t\t\t\t<\/style>\n\t\t\t\n<p><strong>Param\u00e8tres techniques :<\/strong><\/p>\n<p>1. Taille : 4450*1450*2300 mm (peut \u00eatre personnalis\u00e9)<br \/>\n2. Largeur de voie : 650 mm (peut \u00eatre personnalis\u00e9)<br \/>\n3. Vitesse de passage : 30 personne\/min<br \/>\n4. Alimentation : 110V\/220V 50\/60Hz<br \/>\n5. Sol\u00e9no\u00efde : DC24V<br \/>\n6. Signal de porte ouverte : contact sec\/relais<br \/>\n7. Tension logique : DC24V<br \/>\n8. Mat\u00e9riau : acier inoxydable 304<br \/>\n9. Fiabilit\u00e9 du m\u00e9canisme : 5 millions, sans faute<br \/>\n10. M\u00e9canisme avec amortisseur hydraulique pour amortir les chocs<br \/>\n11. Entra\u00eenement : semi-automatique<br \/>\n12. Longueur du bras : 610 mm<br \/>\n13. Sens de rotation : bidirectionnel\/simple directionnel<br \/>\n14. Situation d&#8217;urgence : en cas d&#8217;urgence ou d&#8217;isolement de l&#8217;alimentation \u00e9lectrique, la porte tournante peut \u00eatre configur\u00e9e en mode Fail-Safe ierotates librement ou Fail-Lock<br \/>\n15. Humidit\u00e9 : \u226495%<br \/>\n16. Temp\u00e9rature de fonctionnement : -25\u2103~60\u2103<br \/>\n17. Caract\u00e9ristique facultative : lecteur IC\/ID, lecteur de codes-barres, reconnaissance faciale, empreintes digitales, autres \u00e9quipements de contr\u00f4le d&#8217;acc\u00e8s, UPS, etc.<br \/>\n18. Distance de communication : \u22641200 m<br \/>\n19. Interface de communication : RS485<br \/>\n20. La taille peut \u00eatre personnalis\u00e9e<br \/>\n21. Temps n\u00e9cessaire \u00e0 l&#8217;ouverture : 0,2 s<br \/>\n22. Environnement de travail : \u00e0 l&#8217;int\u00e9rieur ou \u00e0 l&#8217;ext\u00e9rieur (l&#8217;ext\u00e9rieur est facultatif)<br \/>\n23. Domaine d&#8217;application : communaut\u00e9, usine, chantier de construction, \u00e9cole, lieu de vill\u00e9giature, etc.<\/p>\n<p>Nous pouvons fournir la solution compl\u00e8te de contr\u00f4le d&#8217;acc\u00e8s et de s\u00e9curit\u00e9. Si vous disposez d\u00e9j\u00e0 de votre propre syst\u00e8me de contr\u00f4le d&#8217;acc\u00e8s, vous pouvez utiliser directement nos tourniquets.  Si vous n&#8217;en disposez pas, nous proposons \u00e9galement une solution compl\u00e8te de contr\u00f4le d&#8217;acc\u00e8s s\u00e9curis\u00e9. Veuillez consulter la vid\u00e9o ci-dessous pour plus de d\u00e9tails. <\/p>\n<p><iframe title=\"Lecteur vid\u00e9o YouTube\" src=\"https:\/\/www.youtube.com\/embed\/AyBSFStUdhA?si=W7VdgYH4v2dbAoW6\" width=\"1150\" height=\"650\" frameborder=\"0\" allowfullscreen=\"allowfullscreen\"><span data-mce-type=\"bookmark\" style=\"display: inline-block; width: 0px; overflow: hidden; line-height: 0;\" class=\"mce_SELRES_start\"><\/span><\/iframe><\/p>\n","protected":false},"excerpt":{"rendered":"<p>Expert advice, Free design, OEM Logo, Color &amp; Size Available, Global Export, Fast sample shipping, Low MOQ. Get factory direct wholesale pricing from a trusted manufacturer, Long-term cooperation support for global agents &amp; wholesalers.<strong><a title=\"Tourniquet pleine hauteur certifi\u00e9 CE Mairs\" href=\"http:\/\/mairsturnstile.com\/wp-content\/uploads\/2022\/09\/Mairs-CE-Certificate-Full-Height-Turnstile.pdf\" target=\"_blank\" rel=\"noopener noreferrer\">CE Certificated,<\/a><a title=\"Mairs ISO9001 Certificate\" href=\"http:\/\/mairsturnstile.com\/wp-content\/uploads\/2022\/09\/Mairs-Registration-Certificate-ISO9001.pdf\" target=\"_blank\" rel=\"noopener noreferrer\">ISO9001 Certificated.<\/a><\/strong> Please check the new design: <strong><a href=\"https:\/\/www.mairsturnstile-online.com\/full-height-turnstile-series\/\" target=\"_blank\" rel=\"noopener\"><span style=\"color: #fcaf3b;\">New Full Height Turnstile Series<\/span><\/a><\/strong> <\/p>\n<p><a title=\"Brochure de porte de tourniquet pleine hauteur \u00e0 trois voies\" href=\"https:\/\/mairsturnstile-online.com\/flipbook\/mt408-full-height-turnstile-brochure\" target=\"_blank\" rel=\"noopener noreferrer\"><img decoding=\"async\" class=\"alignnone size-full wp-image-11034\" src=\"http:\/\/mairsturnstile.com\/wp-content\/uploads\/2022\/09\/pdf-MairsTurnstile.png\" alt=\"\" width=\"32\" height=\"32\"> <span style=\"color: #fcaf3b;\"><strong>Brochure du tourniquet pleine hauteur \u00e0 trois voies MT408<\/strong><\/span><\/a><\/p>\n<p><a title=\"Manuel d'installation du tourniquet pleine hauteur\" href=\"http:\/\/mairsturnstile.com\/wp-content\/uploads\/2023\/09\/Full-height-turnstile-installation-manual.pdf\" target=\"_blank\" rel=\"noopener noreferrer\"><img decoding=\"async\" class=\"alignnone size-full wp-image-11034\" src=\"http:\/\/mairsturnstile.com\/wp-content\/uploads\/2022\/09\/pdf-MairsTurnstile.png\" alt=\"\" width=\"32\" height=\"32\"><strong><span style=\"color: #fcaf3b;\"> Manuel d&#8217;utilisation et d&#8217;installation du tourniquet pleine hauteur<\/span><\/strong><\/a><\/p>\n","protected":false},"featured_media":13467,"comment_status":"closed","ping_status":"closed","template":"","meta":[],"product_cat":[81],"product_tag":[],"class_list":["post-5249","product","type-product","status-publish","has-post-thumbnail","hentry","product_cat-tourniquets-pleine-hauteur"],"_links":{"self":[{"href":"https:\/\/www.mairsturnstile-online.com\/fr\/wp-json\/wp\/v2\/product\/5249","targetHints":{"allow":["GET"]}}],"collection":[{"href":"https:\/\/www.mairsturnstile-online.com\/fr\/wp-json\/wp\/v2\/product"}],"about":[{"href":"https:\/\/www.mairsturnstile-online.com\/fr\/wp-json\/wp\/v2\/types\/product"}],"replies":[{"embeddable":true,"href":"https:\/\/www.mairsturnstile-online.com\/fr\/wp-json\/wp\/v2\/comments?post=5249"}],"wp:featuredmedia":[{"embeddable":true,"href":"https:\/\/www.mairsturnstile-online.com\/fr\/wp-json\/wp\/v2\/media\/13467"}],"wp:attachment":[{"href":"https:\/\/www.mairsturnstile-online.com\/fr\/wp-json\/wp\/v2\/media?parent=5249"}],"wp:term":[{"taxonomy":"product_cat","embeddable":true,"href":"https:\/\/www.mairsturnstile-online.com\/fr\/wp-json\/wp\/v2\/product_cat?post=5249"},{"taxonomy":"product_tag","embeddable":true,"href":"https:\/\/www.mairsturnstile-online.com\/fr\/wp-json\/wp\/v2\/product_tag?post=5249"}],"curies":[{"name":"wp","href":"https:\/\/api.w.org\/{rel}","templated":true}]}}