{"id":5240,"date":"2022-07-30T21:33:57","date_gmt":"2022-07-30T13:33:57","guid":{"rendered":"https:\/\/www.mairsturnstile-online.com\/product\/tourniquets-pleine-hauteur-mt402-2-g\/"},"modified":"2026-05-01T11:06:42","modified_gmt":"2026-05-01T03:06:42","slug":"tourniquet-pleine-grandeur","status":"publish","type":"product","link":"https:\/\/www.mairsturnstile-online.com\/fr\/produit\/tourniquet-pleine-grandeur\/","title":{"rendered":"TOURNIQUET PLEINE HAUTEUR TOURNIQUET PLEINE TAILLE MT402-2-G"},"content":{"rendered":"\r\n        <div class=\"modelViewerBlock\" data-attributes='{&quot;align&quot;:&quot;start&quot;,&quot;uniqueId&quot;:&quot;model11525&quot;,&quot;currentViewer&quot;:&quot;modelViewer&quot;,&quot;multiple&quot;:false,&quot;model&quot;:{&quot;modelUrl&quot;:&quot;https:\\\/\\\/www.mairsturnstile-online.com\\\/wp-content\\\/uploads\\\/2023\\\/07\\\/MT402-2-B.glb&quot;,&quot;poster&quot;:&quot;&quot;},&quot;O3DVSettings&quot;:{&quot;isFullscreen&quot;:true,&quot;isPagination&quot;:false,&quot;isNavigation&quot;:true,&quot;camera&quot;:null,&quot;mouseControl&quot;:true},&quot;models&quot;:[],&quot;lazyLoad&quot;:false,&quot;loading&quot;:&quot;auto&quot;,&quot;autoplay&quot;:false,&quot;shadow&quot;:true,&quot;autoRotate&quot;:true,&quot;zoom&quot;:true,&quot;isPagination&quot;:false,&quot;isNavigation&quot;:true,&quot;preload&quot;:&quot;auto&quot;,&quot;rotationPerSecond&quot;:&quot;30&quot;,&quot;mouseControl&quot;:true,&quot;fullscreen&quot;:true,&quot;variant&quot;:false,&quot;loadingPercentage&quot;:false,&quot;progressBar&quot;:true,&quot;rotate&quot;:false,&quot;rotateAlongX&quot;:&quot;0&quot;,&quot;rotateAlongY&quot;:&quot;75&quot;,&quot;exposure&quot;:1,&quot;styles&quot;:{&quot;width&quot;:&quot;1150px&quot;,&quot;height&quot;:&quot;700px&quot;,&quot;bgColor&quot;:&quot;#f2f2f2&quot;,&quot;progressBarColor&quot;:&quot;&quot;},&quot;stylesheet&quot;:null,&quot;additional&quot;:{&quot;ID&quot;:&quot;&quot;,&quot;Class&quot;:&quot;&quot;,&quot;CSS&quot;:&quot;&quot;},&quot;animation&quot;:false,&quot;woo&quot;:false,&quot;selectedAnimation&quot;:&quot;&quot;}'><\/div>\r\n\r\n        \n<p>TOURNIQUET HAUTEUR INT\u00c9GRALE \u2013 Mod\u00e8le MT402-2-G : Design unique et s\u00e9curit\u00e9 maximale. D\u00e9couvrez notre tourniquet pleine hauteur au design exclusif. Fabriqu\u00e9 en acier inoxydable 304 de qualit\u00e9 sup\u00e9rieure, il assure une s\u00e9curit\u00e9 int\u00e9grale contre l&#8217;escalade et le passage frauduleux (tailgating). Son esth\u00e9tique moderne et \u00e9pur\u00e9e s&#8217;int\u00e8gre parfaitement aux p\u00e9rim\u00e8tres de haute s\u00e9curit\u00e9. Portail de s\u00e9curit\u00e9 anti-escalade et anti-tailgating : emp\u00eachez toute tentative d&#8217;escalade ou de passage non autoris\u00e9 gr\u00e2ce \u00e0 notre tourniquet pleine hauteur. Une barri\u00e8re int\u00e9grale s&#8217;\u00e9tendant du sol au plafond, une construction robuste en acier inoxydable 304 et un design esth\u00e9tique unique.    <\/p>\n<p>Nous avons des designers exp\u00e9riment\u00e9s qui peuvent r\u00e9aliser une personnalisation approfondie en fonction de tous vos besoins. Nous fournirons une s\u00e9rie de mat\u00e9riaux tels que des rendus 3D, des dessins dimensionnels, etc. dans les plus brefs d\u00e9lais. Design OEM, esth\u00e9tique unique. Cr\u00e9ez votre tourniquet pleine hauteur sur mesure, avec une finition en acier inoxydable poli ou thermolaqu\u00e9. Une s\u00e9curit\u00e9 int\u00e9grale qui s&#8217;harmonise avec l&#8217;esth\u00e9tique de votre marque. Services OEM\/ODM disponibles.  <\/p>\n<p>Nous pouvons fournir des services OEM et ODM. y compris la personnalisation de la couleur, du style, du mat\u00e9riau, de la taille, etc. par exemple, pour une couleur sp\u00e9ciale, le client n&#8217;a qu&#8217;\u00e0 nous fournir un num\u00e9ro <a href=\"https:\/\/en.wikipedia.org\/wiki\/Pantone\" target=\"_blank\" rel=\"noopener\">Pantone<\/a>, et nous ajusterons la couleur en fonction du num\u00e9ro Pantone et pulv\u00e9riserons la poudre dans la m\u00eame couleur . Contr\u00f4le d&#8217;acc\u00e8s intelligent compatible avec la biom\u00e9trie : int\u00e9grez notre tourniquet grand format avec les technologies RFID, de reconnaissance d&#8217;empreintes digitales ou faciale. M\u00e9canisme motoris\u00e9, rotation fluide, s\u00e9curit\u00e9 pleine hauteur. Design contemporain et \u00e9pur\u00e9.  <\/p>\n<p>Si le client a des besoins ODM, nous pouvons \u00e9galement concevoir un style pour ce client en fonction de l&#8217;apparence et des pr\u00e9f\u00e9rences de taille du client, sans ventes externes. Cette porte tourniquet sp\u00e9ciale sera le seul style unique de votre entreprise sur le march\u00e9. Tourniquet pleine hauteur pour usines, stades et chantiers. S\u00e9curisez vos installations industrielles gr\u00e2ce \u00e0 notre tourniquet pleine hauteur. Fabriqu\u00e9 en acier inoxydable 304 ultra-robuste, il offre une protection anti-escalade sur toute sa hauteur et dispose d&#8217;un rotor \u00e0 quatre bras. Il g\u00e8re les flux de circulation intenses avec une fiabilit\u00e9 \u00e0 toute \u00e9preuve. Haute s\u00e9curit\u00e9 et m\u00e9canisme de rotation fluide : profitez d&#8217;un passage \u00e0 la fois s\u00e9curis\u00e9 et sans effort gr\u00e2ce \u00e0 notre tourniquet pleine hauteur. Dot\u00e9 d&#8217;une barri\u00e8re anti-talonnage s&#8217;\u00e9tendant du sol au plafond et d&#8217;un amortisseur hydraulique assurant une rotation fluide, il permet un d\u00e9bit allant jusqu&#8217;\u00e0 30 personnes par minute.    <\/p>\n<p>Mairs s&#8217;engage \u00e0 n&#8217;utiliser que des accessoires et des mat\u00e9riaux de haute qualit\u00e9, et chacun de nos accessoires est strictement contr\u00f4l\u00e9 et contr\u00f4l\u00e9. Ce n&#8217;est qu&#8217;ainsi que nous pourrons fabriquer une porte tourniquet qui satisfera vraiment les clients. Chacun de nos tourniquets pleine grandeur adopte de l&#8217;acier inoxydable 304 d&#8217;une \u00e9paisseur totale de 1,2. Compare our full size turnstile to half-height gates. Full anti-climb &amp; anti-tailgate protection with floor-to-ceiling barrier. Unique aesthetic design, same footprint.  <\/p>\n<p>Bien s\u00fbr, si vous pouvez \u00e9galement personnaliser l&#8217;acier inoxydable 316 ou l&#8217;acier inoxydable de 1,2 \u00e9paisseur, le m\u00e9canisme de notre tourniquet pleine grandeur a \u00e9t\u00e9 test\u00e9 et v\u00e9rifi\u00e9 par nos soins \u00e0 maintes reprises, ce qui est \u00e9galement l&#8217;exigence la plus fondamentale pour garantir la qualit\u00e9. Chaque partie de nos tourniquets pleine grandeur adopte les normes les plus \u00e9lev\u00e9es de l&#8217;industrie, et chaque pi\u00e8ce et mat\u00e9riau de nos produits peut \u00eatre affich\u00e9 et test\u00e9 s\u00e9par\u00e9ment pour les clients. C&#8217;est aussi une pr\u00e9misse pour nous d&#8217;assurer la qualit\u00e9 et le service.<\/p>\n<p>Tous nos produits b\u00e9n\u00e9ficient d&#8217;une garantie de deux ans ainsi que d&#8217;un support durable en mati\u00e8re de maintenance et de r\u00e9paration. Nous fournissons \u00e9galement des dispositifs biom\u00e9triques, tels que des scanners d&#8217;empreintes digitales et des cam\u00e9ras de reconnaissance faciale. Lecteur de carte RFID, scanner de code QR. Si vous avez besoin d&#8217;int\u00e9grer ces dispositifs sur le portail tourniquet pleine grandeur ou si vous avez des questions, veuillez <a href=\"https:\/\/www.mairsturnstile-online.com\/contact-us\/\">demander un devis.<\/a><\/p>\n<p>.Nous pouvons \u00e9galement cr\u00e9er pour vous un rendu en quelques minutes en fonction de votre sc\u00e9nario r\u00e9el. Nous fournissons \u00e9galement des plans et des dessins d\u00e9taill\u00e9s, ainsi que des dessins d&#8217;installation. Ne vous inqui\u00e9tez pas de l&#8217;installation. Veuillez t\u00e9l\u00e9charger notre fichier PDF correspondant pour les dimensions sp\u00e9cifiques et les dimensions d&#8217;installation.<\/p>\n\n\t\t\t\n\t<style type=\"text\/css\">\n\t\t.slider-info-50530.bafg-slider-info .bafg-slider-title {\n\t\t\t\t\t\t\tfont-size:\n\t\t\t\t\t22px\t\t\t\t;\n\t\t\t\n\t\t\t\n\t\t\t\t\t}\n\n\t\t.slider-info-50530.bafg-slider-info .bafg-slider-description {\n\t\t\t\n\t\t\t\n\t\t\t\t\t}\n\t\t\n\t\t\n\t\t.slider-info-50530.bafg-slider-info .bafg_slider_readmore_button {\n\t\t\t\n\t\t\t\n\t\t\t\n\t\t\t\n\t\t\t\n\t\t\ttext-align: center;\n\n\t\t\t\n\t\t\t\n\t\t\t\n\t\t\t\n\t\t\t\t\t}\n\n\t\t.slider-info-50530.bafg-slider-info .bafg_slider_readmore_button:hover {\n\n\t\t\t\n\t\t\t\n\t\t\t\t\t}\n\t<\/style>\n\t\n\t\t\t<div class=\"bafg-twentytwenty-container slider-50530  \"\n\t\t\t\tbafg-orientation=\"horizontal\" bafg-default-offset=\"0.5\"\n\t\t\t\tbafg-before-label=\"Before\"\n\t\t\t\tbafg-after-label=\"After\" bafg-overlay=\"1\"\n\t\t\t\tbafg-move-slider-on-hover=\"1\"\n\t\t\t\tbafg-click-to-move=\"\">\n\n\t\t\t\t\t\t\t\t<img class=\"skip-lazy\" data-skip-lazy\t\t\t\t\tsrc=\"https:\/\/www.mairsturnstile-online.com\/wp-content\/uploads\/2021\/12\/steel-turnstile-gate-5.jpg\" alt=\"steel turnstile gate\">\n\t\t\t\t<img class=\"skip-lazy\" data-skip-lazy\t\t\t\t\tsrc=\"https:\/\/www.mairsturnstile-online.com\/wp-content\/uploads\/2022\/07\/full-size-turnstile-4.jpg\" alt=\"full size turnstile\">\n\n\t\t\t<\/div>\n\n\t\t\t\t<div class=\"bafg-slider-info-wraper\">\n\t\t<div style=\"\" class=\"slider-info-50530 bafg-slider-info\">\n\t\t\t\t\t<\/div>\n\t<\/div>\n\t\n\t\t\t<style type=\"text\/css\">\n\t\t\t\t\t\t\t\t\t\t\t<\/style>\n\t\t\t\n<p><strong>Param\u00e8tres techniques :<\/strong><\/p>\n<p>1. Taille : 2400*1500*2310 mm (peut \u00eatre personnalis\u00e9)<br \/>\n2. Largeur de la voie : 650 mm (peut \u00eatre personnalis\u00e9e)<br \/>\n3. Vitesse de passage : 30 personnes\/min<br \/>\n4. Alimentation \u00e9lectrique : 110V\/220V 50\/60Hz<br \/>\n5. Sol\u00e9no\u00efde de tourniquet pleine taille : DC24V<br \/>\n6. Signal d&#8217;ouverture de porte : Contact sec\/relais<br \/>\n7. Tension logique : DC24V<br \/>\n8. Mat\u00e9riau : Fer avec rev\u00eatement en poudre noir<br \/>\n9. Fiabilit\u00e9 du m\u00e9canisme : 5 millions, sans d\u00e9faut<br \/>\n10. M\u00e9canisme avec amortisseur hydraulique pour l&#8217;absorption des chocs<br \/>\n11. Entra\u00eenement : Fonctionnement semi-automatique12. Largeur du bras : 610 mm<br \/>\n13. Sens de rotation : sens bidirectionnel\/simple<br \/>\n14. Situation d&#8217;urgence : en cas d&#8217;urgence ou d&#8217;isolement de l&#8217;alimentation \u00e9lectrique, la porte tournante peut \u00eatre configur\u00e9e en mode Fail-Safe ierotates librement ou Fail-Lock<br \/>\n15. Humidit\u00e9 : \u226495%<br \/>\n16. Temp\u00e9rature de fonctionnement : -25\u2103~60\u2103<br \/>\n17. Caract\u00e9ristiques optionnelles : lecteur IC\/ID, lecteur de codes-barres, reconnaissance faciale, empreinte digitale, autres \u00e9quipements de contr\u00f4le d&#8217;acc\u00e8s, UPS, etc.<br \/>\n18. Distance de communication : \u22641200 m<br \/>\n19. Interface de communication : RS485<br \/>\n20. La taille peut \u00eatre personnalis\u00e9e<br \/>\n21. Temps n\u00e9cessaire \u00e0 l&#8217;ouverture : 0,2 s<br \/>\n22. Environnement de travail : \u00e0 l&#8217;int\u00e9rieur ou \u00e0 l&#8217;ext\u00e9rieur (l&#8217;ext\u00e9rieur est facultatif)<br \/>\n23. Domaine d&#8217;application : communaut\u00e9, usine, chantier de construction, \u00e9cole, lieu de vill\u00e9giature, etc.<br \/>\n24. ANTI-PASS BACK (ANTI-TAILING), le tourniquet restera dans la serrure lorsqu&#8217;il est ouvert \u00e0 environ 60 degr\u00e9s (3 bras) ou 45 degr\u00e9s (4 bras) afin que la porte ne puisse pas fonctionner dans le sens inverse pour emp\u00eacher le hayon.<\/p>\n<p>Nous pouvons fournir la solution compl\u00e8te de contr\u00f4le d&#8217;acc\u00e8s et de s\u00e9curit\u00e9. Si vous disposez d\u00e9j\u00e0 de votre propre syst\u00e8me de contr\u00f4le d&#8217;acc\u00e8s, vous pouvez utiliser directement nos tourniquets.  Si vous n&#8217;en disposez pas, nous proposons \u00e9galement une solution compl\u00e8te de contr\u00f4le d&#8217;acc\u00e8s s\u00e9curis\u00e9. Veuillez consulter la vid\u00e9o ci-dessous pour plus de d\u00e9tails. <\/p>\n<p><iframe title=\"Nouveau design : Tourniquet pleine hauteur de la s\u00e9rie Meteor \u2014 Plus robuste, plus haut et plus s\u00fbr.\" src=\"https:\/\/www.youtube.com\/embed\/AyBSFStUdhA\" width=\"1150\" height=\"650\" frameborder=\"0\" allowfullscreen=\"allowfullscreen\"><\/iframe><\/p>\n","protected":false},"excerpt":{"rendered":"<p>Expert advice, Free design, OEM Logo, Color &amp; Size Available, Global Export, Fast sample shipping, Low MOQ. Get factory direct wholesale pricing from a trusted manufacturer, Long-term cooperation support for global agents &amp; wholesalers.<strong><a title=\"Tourniquet pleine hauteur certifi\u00e9 CE Mairs\" href=\"http:\/\/mairsturnstile.com\/wp-content\/uploads\/2022\/09\/Mairs-CE-Certificate-Full-Height-Turnstile.pdf\" target=\"_blank\" rel=\"noopener noreferrer\">CE Certificated,<\/a><a title=\"Mairs ISO9001 Certificate\" href=\"http:\/\/mairsturnstile.com\/wp-content\/uploads\/2022\/09\/Mairs-Registration-Certificate-ISO9001.pdf\" target=\"_blank\" rel=\"noopener noreferrer\">ISO9001 Certificated.<\/a><\/strong> Please check the new design: <strong><a href=\"https:\/\/www.mairsturnstile-online.com\/full-height-turnstile-series\/\" target=\"_blank\" rel=\"noopener\"><span style=\"color: #fcaf3b;\">New Full Height Turnstile Series<\/span><\/a><\/strong> <\/p>\n<p><a title=\"Brochure sur les tourniquets complets\" href=\"https:\/\/mairsturnstile-online.com\/flipbook\/mt402-2-full-height-turnstile-brochure\" target=\"_blank\" rel=\"noopener noreferrer\"><img decoding=\"async\" class=\"alignnone size-full wp-image-11034\" src=\"http:\/\/mairsturnstile.com\/wp-content\/uploads\/2022\/09\/pdf-MairsTurnstile.png\" alt=\"\" width=\"32\" height=\"32\"> <span style=\"color: #fcaf3b;\"><strong>MT402-2-G Full Body Turnstile Brochure<\/strong><\/span><\/a><\/p>\n<p><a title=\"Manuel d'installation du tourniquet pleine hauteur\" href=\"http:\/\/mairsturnstile.com\/wp-content\/uploads\/2023\/09\/Full-height-turnstile-installation-manual.pdf\" target=\"_blank\" rel=\"noopener noreferrer\"><img decoding=\"async\" class=\"alignnone size-full wp-image-11034\" src=\"http:\/\/mairsturnstile.com\/wp-content\/uploads\/2022\/09\/pdf-MairsTurnstile.png\" alt=\"\" width=\"32\" height=\"32\"><strong><span style=\"color: #fcaf3b;\"> Manuel d&#8217;utilisation et d&#8217;installation du tourniquet pleine hauteur<\/span><\/strong><\/a><\/p>\n","protected":false},"featured_media":50482,"comment_status":"closed","ping_status":"closed","template":"","meta":[],"product_cat":[81],"product_tag":[],"class_list":["post-5240","product","type-product","status-publish","has-post-thumbnail","hentry","product_cat-tourniquets-pleine-hauteur"],"_links":{"self":[{"href":"https:\/\/www.mairsturnstile-online.com\/fr\/wp-json\/wp\/v2\/product\/5240","targetHints":{"allow":["GET"]}}],"collection":[{"href":"https:\/\/www.mairsturnstile-online.com\/fr\/wp-json\/wp\/v2\/product"}],"about":[{"href":"https:\/\/www.mairsturnstile-online.com\/fr\/wp-json\/wp\/v2\/types\/product"}],"replies":[{"embeddable":true,"href":"https:\/\/www.mairsturnstile-online.com\/fr\/wp-json\/wp\/v2\/comments?post=5240"}],"wp:featuredmedia":[{"embeddable":true,"href":"https:\/\/www.mairsturnstile-online.com\/fr\/wp-json\/wp\/v2\/media\/50482"}],"wp:attachment":[{"href":"https:\/\/www.mairsturnstile-online.com\/fr\/wp-json\/wp\/v2\/media?parent=5240"}],"wp:term":[{"taxonomy":"product_cat","embeddable":true,"href":"https:\/\/www.mairsturnstile-online.com\/fr\/wp-json\/wp\/v2\/product_cat?post=5240"},{"taxonomy":"product_tag","embeddable":true,"href":"https:\/\/www.mairsturnstile-online.com\/fr\/wp-json\/wp\/v2\/product_tag?post=5240"}],"curies":[{"name":"wp","href":"https:\/\/api.w.org\/{rel}","templated":true}]}}