{"id":5237,"date":"2021-09-09T00:42:32","date_gmt":"2021-09-08T16:42:32","guid":{"rendered":"https:\/\/www.mairsturnstile-online.com\/product\/tourniquet-coulissant-demi-hauteur-mt245\/"},"modified":"2024-10-31T16:46:56","modified_gmt":"2024-10-31T08:46:56","slug":"portail-barriere-tourniquet-coulissant","status":"publish","type":"product","link":"https:\/\/www.mairsturnstile-online.com\/fr\/produit\/portail-barriere-tourniquet-coulissant\/","title":{"rendered":"BARRI\u00c8RE TOURNANTE COULISSANTE PLEINE HAUTEUR MT237-P"},"content":{"rendered":"\r\n        <div class=\"modelViewerBlock\" data-attributes='{&quot;align&quot;:&quot;start&quot;,&quot;uniqueId&quot;:&quot;model21478&quot;,&quot;currentViewer&quot;:&quot;modelViewer&quot;,&quot;multiple&quot;:false,&quot;model&quot;:{&quot;modelUrl&quot;:&quot;https:\\\/\\\/www.mairsturnstile-online.com\\\/wp-content\\\/uploads\\\/2023\\\/11\\\/MT227.glb&quot;,&quot;poster&quot;:&quot;&quot;},&quot;O3DVSettings&quot;:{&quot;isFullscreen&quot;:true,&quot;isPagination&quot;:false,&quot;isNavigation&quot;:true,&quot;camera&quot;:null,&quot;mouseControl&quot;:true},&quot;models&quot;:[],&quot;lazyLoad&quot;:false,&quot;loading&quot;:&quot;auto&quot;,&quot;autoplay&quot;:false,&quot;shadow&quot;:true,&quot;autoRotate&quot;:true,&quot;zoom&quot;:true,&quot;isPagination&quot;:false,&quot;isNavigation&quot;:true,&quot;preload&quot;:&quot;auto&quot;,&quot;rotationPerSecond&quot;:&quot;30&quot;,&quot;mouseControl&quot;:true,&quot;fullscreen&quot;:true,&quot;variant&quot;:false,&quot;loadingPercentage&quot;:false,&quot;progressBar&quot;:true,&quot;rotate&quot;:false,&quot;rotateAlongX&quot;:&quot;0&quot;,&quot;rotateAlongY&quot;:&quot;75&quot;,&quot;exposure&quot;:1,&quot;styles&quot;:{&quot;width&quot;:&quot;1150px&quot;,&quot;height&quot;:&quot;700px&quot;,&quot;bgColor&quot;:&quot;#f9f9f9&quot;,&quot;progressBarColor&quot;:&quot;&quot;},&quot;stylesheet&quot;:null,&quot;additional&quot;:{&quot;ID&quot;:&quot;&quot;,&quot;Class&quot;:&quot;&quot;,&quot;CSS&quot;:&quot;&quot;},&quot;animation&quot;:false,&quot;woo&quot;:false,&quot;selectedAnimation&quot;:&quot;&quot;}'><\/div>\r\n\r\n        \n<p>PORTE BARRI\u00c8RE TOURNIQUET COULISSANT PLEINE HAUTEUR MT227<\/p>\n<p>Nous pouvons fournir des services OEM et ODM. Nous avons des designers exp\u00e9riment\u00e9s qui peuvent r\u00e9aliser une personnalisation approfondie en fonction de tous vos besoins. Nous fournirons une s\u00e9rie de mat\u00e9riaux tels que des rendus 3D, des dessins dimensionnels, etc. dans les plus brefs d\u00e9lais.<\/p>\n<p>Tous nos produits b\u00e9n\u00e9ficient d&#8217;une garantie de 2 ans et d&#8217;un support de maintenance et de r\u00e9paration durable. Nous fournissons \u00e9galement des dispositifs biom\u00e9triques, tels que des scanners d&#8217;empreintes digitales et des cam\u00e9ras de reconnaissance faciale. Lecteur de carte RFID, scanner de code QR. Si vous avez besoin d&#8217;int\u00e9grer ces dispositifs sur la porte du tourniquet ou si vous avez des questions, veuillez <a href=\"https:\/\/www.mairsturnstile-online.com\/contact-us\/\">demander un devis<\/a> .<\/p>\n<p>.Nous pouvons \u00e9galement cr\u00e9er pour vous un rendu en quelques minutes en fonction de votre sc\u00e9nario r\u00e9el. Nous fournissons \u00e9galement des plans et des dessins d\u00e9taill\u00e9s, ainsi que des dessins d&#8217;installation. Ne vous inqui\u00e9tez pas de l&#8217;installation. Veuillez t\u00e9l\u00e9charger notre fichier PDF correspondant pour les dimensions sp\u00e9cifiques et les dimensions d&#8217;installation.<\/p>\n\n\t\t\t\n\t<style type=\"text\/css\">\n\t\t.slider-info-21489.bafg-slider-info .bafg-slider-title {\n\t\t\t\t\t\t\tfont-size:\n\t\t\t\t\t22px\t\t\t\t;\n\t\t\t\n\t\t\t\n\t\t\t\t\t}\n\n\t\t.slider-info-21489.bafg-slider-info .bafg-slider-description {\n\t\t\t\n\t\t\t\n\t\t\t\t\t}\n\t\t\n\t\t\n\t\t.slider-info-21489.bafg-slider-info .bafg_slider_readmore_button {\n\t\t\t\n\t\t\t\n\t\t\t\n\t\t\t\n\t\t\t\n\t\t\ttext-align: center;\n\n\t\t\t\n\t\t\t\n\t\t\t\n\t\t\t\n\t\t\t\t\t}\n\n\t\t.slider-info-21489.bafg-slider-info .bafg_slider_readmore_button:hover {\n\n\t\t\t\n\t\t\t\n\t\t\t\t\t}\n\t<\/style>\n\t\n\t\t\t<div class=\"bafg-twentytwenty-container slider-21489  \"\n\t\t\t\tbafg-orientation=\"horizontal\" bafg-default-offset=\"0.5\"\n\t\t\t\tbafg-before-label=\"Before\"\n\t\t\t\tbafg-after-label=\"After\" bafg-overlay=\"1\"\n\t\t\t\tbafg-move-slider-on-hover=\"1\"\n\t\t\t\tbafg-click-to-move=\"\">\n\n\t\t\t\t\t\t\t\t<img class=\"skip-lazy\" data-skip-lazy\t\t\t\t\tsrc=\"https:\/\/www.mairsturnstile-online.com\/wp-content\/uploads\/2024\/07\/new-sliding-turnstile-barrier-gate_1.jpg\" alt=\"\">\n\t\t\t\t<img class=\"skip-lazy\" data-skip-lazy\t\t\t\t\tsrc=\"https:\/\/www.mairsturnstile-online.com\/wp-content\/uploads\/2024\/07\/new-sliding-turnstile-barrier-gate.jpg\" alt=\"\">\n\n\t\t\t<\/div>\n\n\t\t\t\t<div class=\"bafg-slider-info-wraper\">\n\t\t<div style=\"\" class=\"slider-info-21489 bafg-slider-info\">\n\t\t\t\t\t<\/div>\n\t<\/div>\n\t\n\t\t\t<style type=\"text\/css\">\n\t\t\t\t\t\t\t\t\t\t\t<\/style>\n\t\t\t\n<p><strong>Param\u00e8tre technique:<\/strong><\/p>\n<p>1. Taille : 1400*350*1000 mm (peut \u00eatre personnalis\u00e9)<br \/>\n2. Largeur de voie : 600 mm (peut \u00eatre personnalis\u00e9)<br \/>\n3. Vitesse de passage : 40 personne\/min<br \/>\n4. Alimentation : 110V\/220V 50\/60Hz<br \/>\n5. Moteur d&#8217;entra\u00eenement : 30 W\/40 W<br \/>\n6. Signal de porte ouverte : contact sec\/relais<br \/>\n7. Moteur d&#8217;entra\u00eenement : DC24V<br \/>\n8. Poids de porte de barri\u00e8re de tourniquet coulissant : 70 kg\/pi\u00e8ces<br \/>\n9. Hauteur du bras : 1200 mm<br \/>\n10. Mat\u00e9riau du bo\u00eetier : acier inoxydable 304<br \/>\n11. Fiabilit\u00e9 du m\u00e9canisme : 3 millions-5 millions, sans faute<br \/>\n12. Mat\u00e9riau du bras : verre tremp\u00e9 ou acrylique<br \/>\n13. La largeur de voie 900 mm peut \u00eatre personnalis\u00e9e<br \/>\n14. La hauteur du bras 1800 mm peut \u00eatre personnalis\u00e9e<br \/>\n15. Direction de travail : bidirectionnel\/simple directionnel<br \/>\n16. Situation d&#8217;urgence : s&#8217;ouvre automatiquement lorsque l&#8217;\u00e9lectricit\u00e9 est coup\u00e9e avec un condensateur<br \/>\n17. Humidit\u00e9 coulissante de porte de barri\u00e8re de tourniquet : \u226490%<br \/>\n18. Temp\u00e9rature de travail : -20\u2103\uff5e60\u2103<br \/>\n19. Distance de communication : \u22641200 m<br \/>\n20. Interface de communication : RS485<br \/>\n21. Caract\u00e9ristique : lecteur IC\/ID, lecteur de codes-barres, reconnaissance faciale, empreintes digitales, autres \u00e9quipements de contr\u00f4le d&#8217;acc\u00e8s, UPS, etc.<br \/>\n22. Temps n\u00e9cessaire \u00e0 l&#8217;ouverture : 0,2 s<br \/>\n23. Environnement de travail : \u00e0 l\u2019int\u00e9rieur<br \/>\n24. Domaine d&#8217;application : communaut\u00e9, usine, chantier de construction, \u00e9cole, lieu de vill\u00e9giature, etc.<\/p>\n<p>Nous pouvons fournir la solution compl\u00e8te de contr\u00f4le d\u2019acc\u00e8s de s\u00e9curit\u00e9. Si vous disposez de votre propre syst\u00e8me de contr\u00f4le d&#8217;acc\u00e8s, vous pouvez utiliser directement notre tourniquet. Si vous n\u2019en avez pas, nous proposons \u00e9galement une solution compl\u00e8te de contr\u00f4le d\u2019acc\u00e8s de s\u00e9curit\u00e9. Veuillez vous r\u00e9f\u00e9rer \u00e0 la vid\u00e9o ci-dessous pour plus de d\u00e9tails.<\/p>\n<p><iframe title=\"Tourniquet coulissant, Tourniquet pour portail coulissant, Tourniquet coulissant pleine hauteur Super must - MairsTurnstile\" src=\"https:\/\/www.youtube.com\/embed\/NWiaz1Su7BI\" width=\"1150\" height=\"650\" frameborder=\"0\" allowfullscreen=\"allowfullscreen\"><\/iframe><\/p>\n","protected":false},"excerpt":{"rendered":"<p>Soutenez l&#8217;OEM et l&#8217;ODM. Prend en charge les appareils biom\u00e9triques tiers, tels que le scanner d&#8217;empreintes digitales, la cam\u00e9ra de reconnaissance faciale. Lecteur de carte RFID, scanner de code QR.<br \/>\n<span style=\"color: #0000ff;\"><strong><br \/>\n<a style=\"color: #0000ff;\" title=\"Tourniquet de barri\u00e8re d'aileron certifi\u00e9 CE de Mairs\" href=\"http:\/\/mairsturnstile.com\/wp-content\/uploads\/2022\/09\/Mairs-CE-Certificate-Flap-Barrier-Turnstile.pdf\" target=\"_blank\" rel=\"noopener noreferrer\">Certification CE<\/a>, <a style=\"color: #0000ff;\" title=\"Certificat ISO9001\" href=\"http:\/\/mairsturnstile.com\/wp-content\/uploads\/2022\/09\/Mairs-Registration-Certificate-ISO9001.pdf\" target=\"_blank\" rel=\"noopener noreferrer\">certificat ISO 9001.<\/a><br \/>\n<\/strong><\/span><br \/>\n<a title=\"Brochure sur les tourniquets coulissants\" href=\"http:\/\/mairsturnstile.com\/wp-content\/uploads\/2024\/03\/Sliding-turnstile-MT227-brochure.pdf\" target=\"  rel=\" rel=\"noopener\"><img decoding=\"async\" class=\"alignnone size-full wp-image-11034\" src=\"http:\/\/mairsturnstile.com\/wp-content\/uploads\/2022\/09\/pdf-MairsTurnstile.png\" alt=\"\" width=\"32\" height=\"32\"><span style=\"color: #0000ff;\"><strong>Porte tournante coulissante MT227 Brochure<\/strong><\/span><\/a><\/p>\n","protected":false},"featured_media":21419,"comment_status":"closed","ping_status":"closed","template":"","meta":[],"product_cat":[207],"product_tag":[],"class_list":["post-5237","product","type-product","status-publish","has-post-thumbnail","hentry","product_cat-tourniquet-coulissant"],"_links":{"self":[{"href":"https:\/\/www.mairsturnstile-online.com\/fr\/wp-json\/wp\/v2\/product\/5237","targetHints":{"allow":["GET"]}}],"collection":[{"href":"https:\/\/www.mairsturnstile-online.com\/fr\/wp-json\/wp\/v2\/product"}],"about":[{"href":"https:\/\/www.mairsturnstile-online.com\/fr\/wp-json\/wp\/v2\/types\/product"}],"replies":[{"embeddable":true,"href":"https:\/\/www.mairsturnstile-online.com\/fr\/wp-json\/wp\/v2\/comments?post=5237"}],"wp:featuredmedia":[{"embeddable":true,"href":"https:\/\/www.mairsturnstile-online.com\/fr\/wp-json\/wp\/v2\/media\/21419"}],"wp:attachment":[{"href":"https:\/\/www.mairsturnstile-online.com\/fr\/wp-json\/wp\/v2\/media?parent=5237"}],"wp:term":[{"taxonomy":"product_cat","embeddable":true,"href":"https:\/\/www.mairsturnstile-online.com\/fr\/wp-json\/wp\/v2\/product_cat?post=5237"},{"taxonomy":"product_tag","embeddable":true,"href":"https:\/\/www.mairsturnstile-online.com\/fr\/wp-json\/wp\/v2\/product_tag?post=5237"}],"curies":[{"name":"wp","href":"https:\/\/api.w.org\/{rel}","templated":true}]}}