{"id":8279,"date":"2023-02-12T20:43:40","date_gmt":"2023-02-12T12:43:40","guid":{"rendered":"https:\/\/www.mairsturnstile-online.com\/vente-en-gros\/"},"modified":"2024-03-26T15:59:14","modified_gmt":"2024-03-26T07:59:14","slug":"vente-en-gros","status":"publish","type":"page","link":"https:\/\/www.mairsturnstile-online.com\/fr\/vente-en-gros\/","title":{"rendered":"Vente en gros"},"content":{"rendered":"\t\t<div data-elementor-type=\"wp-page\" data-elementor-id=\"8279\" class=\"elementor elementor-8279 elementor-8240\" data-elementor-post-type=\"page\">\n\t\t\t\t<div class=\"elementor-element elementor-element-0645561 e-flex e-con-boxed e-con e-parent\" data-id=\"0645561\" data-element_type=\"container\" data-settings=\"{&quot;background_background&quot;:&quot;classic&quot;,&quot;shape_divider_bottom&quot;:&quot;arrow&quot;,&quot;shape_divider_bottom_negative&quot;:&quot;yes&quot;}\">\n\t\t\t\t\t<div class=\"e-con-inner\">\n\t\t\t\t<div class=\"elementor-shape elementor-shape-bottom\" data-negative=\"true\">\n\t\t\t<svg xmlns=\"http:\/\/www.w3.org\/2000\/svg\" viewBox=\"0 0 700 10\" preserveAspectRatio=\"none\">\n\t<path class=\"elementor-shape-fill\" d=\"M360 0L350 9.9 340 0 0 0 0 10 700 10 700 0\"\/>\n<\/svg>\t\t<\/div>\n\t\t\t\t<div class=\"elementor-element elementor-element-c87e5fe animated-slow elementor-invisible elementor-widget elementor-widget-heading\" data-id=\"c87e5fe\" data-element_type=\"widget\" data-settings=\"{&quot;_animation&quot;:&quot;slideInUp&quot;}\" data-widget_type=\"heading.default\">\n\t\t\t\t<div class=\"elementor-widget-container\">\n\t\t\t<h2 class=\"elementor-heading-title elementor-size-default\">Apportez la porte tourniquet de la meilleure qualit\u00e9 \u00e0 un prix abordable<\/h2>\t\t<\/div>\n\t\t\t\t<\/div>\n\t\t\t\t<div class=\"elementor-element elementor-element-e6c8ec5 animated-slow elementor-invisible elementor-widget elementor-widget-heading\" data-id=\"e6c8ec5\" data-element_type=\"widget\" data-settings=\"{&quot;_animation&quot;:&quot;slideInUp&quot;}\" data-widget_type=\"heading.default\">\n\t\t\t\t<div class=\"elementor-widget-container\">\n\t\t\t<h2 class=\"elementor-heading-title elementor-size-default\">Qualit\u00e9 Garantie, Garantie 2 Ans<br>\nExcellente fabrication et savoir-faire complexe<br>\nAssistance technique compl\u00e8te<\/h2>\t\t<\/div>\n\t\t\t\t<\/div>\n\t\t\t\t<div class=\"elementor-element elementor-element-8650415 animated-slow elementor-invisible elementor-widget elementor-widget-heading\" data-id=\"8650415\" data-element_type=\"widget\" data-settings=\"{&quot;_animation&quot;:&quot;slideInUp&quot;}\" data-widget_type=\"heading.default\">\n\t\t\t\t<div class=\"elementor-widget-container\">\n\t\t\t<h2 class=\"elementor-heading-title elementor-size-default\">Tourniquet Mairs<\/h2>\t\t<\/div>\n\t\t\t\t<\/div>\n\t\t\t\t\t<\/div>\n\t\t\t\t<\/div>\n\t\t<div class=\"elementor-element elementor-element-cabfd65 e-flex e-con-boxed e-con e-parent\" data-id=\"cabfd65\" data-element_type=\"container\">\n\t\t\t\t\t<div class=\"e-con-inner\">\n\t\t\t\t<div class=\"elementor-element elementor-element-0bf10dc elementor-widget elementor-widget-heading\" data-id=\"0bf10dc\" data-element_type=\"widget\" data-widget_type=\"heading.default\">\n\t\t\t\t<div class=\"elementor-widget-container\">\n\t\t\t<h2 class=\"elementor-heading-title elementor-size-default\">Vente en gros<\/h2>\t\t<\/div>\n\t\t\t\t<\/div>\n\t\t\t\t<div class=\"elementor-element elementor-element-7bb64a3 elementor-widget elementor-widget-text-editor\" data-id=\"7bb64a3\" data-element_type=\"widget\" data-widget_type=\"text-editor.default\">\n\t\t\t\t<div class=\"elementor-widget-container\">\n\t\t\t\t\t\t\t<p>Vous souhaitez obtenir ou vendre des produits de haute qualit\u00e9 en mati\u00e8re de tourniquets \u00e0 des prix comp\u00e9titifs ? Si vous voulez, vous pouvez nous parler. En tant que fabricant professionnel de portillons tourniquets, nous fournissons non seulement des produits de qualit\u00e9 sup\u00e9rieure dans l&#8217;industrie, mais aussi des prix comp\u00e9titifs. Nous accueillons les agents et les grossistes du monde entier pour la vente en gros de nos produits de s\u00e9curit\u00e9.<\/p>\n<p>Nous vous invitons sinc\u00e8rement \u00e0 devenir notre distributeur. Nous recherchons des agents du monde entier pour repr\u00e9senter nos produits. Si vous \u00eates un fournisseur de tourniquets en Europe, en Turquie, aux \u00c9tats-Unis ou en Australie, ou si vous avez votre propre magasin en Europe, en Am\u00e9rique ou en Afrique, ou si vous avez de l&#8217;exp\u00e9rience dans la vente et l&#8217;action de produits de s\u00e9curit\u00e9 connexes, et que vous souhaitez agir en tant qu&#8217;agent pour plus de produits . Veuillez nous contacter pour plus d&#8217;informations. J&#8217;esp\u00e8re que nous pourrons travailler ensemble pour cr\u00e9er un monde plus s\u00fbr et aider plus de personnes dans le monde entier.<\/p>\t\t\t\t\t\t<\/div>\n\t\t\t\t<\/div>\n\t\t\t\t\t<\/div>\n\t\t\t\t<\/div>\n\t\t<div class=\"elementor-element elementor-element-cb84d05 e-flex e-con-boxed e-con e-parent\" data-id=\"cb84d05\" data-element_type=\"container\" data-settings=\"{&quot;background_background&quot;:&quot;classic&quot;,&quot;shape_divider_bottom&quot;:&quot;arrow&quot;,&quot;shape_divider_bottom_negative&quot;:&quot;yes&quot;}\">\n\t\t\t\t\t<div class=\"e-con-inner\">\n\t\t\t\t<div class=\"elementor-shape elementor-shape-bottom\" data-negative=\"true\">\n\t\t\t<svg xmlns=\"http:\/\/www.w3.org\/2000\/svg\" viewBox=\"0 0 700 10\" preserveAspectRatio=\"none\">\n\t<path class=\"elementor-shape-fill\" d=\"M360 0L350 9.9 340 0 0 0 0 10 700 10 700 0\"\/>\n<\/svg>\t\t<\/div>\n\t\t\t\t<div class=\"elementor-element elementor-element-85e9530 animated-slow elementor-invisible elementor-widget elementor-widget-heading\" data-id=\"85e9530\" data-element_type=\"widget\" data-settings=\"{&quot;_animation&quot;:&quot;slideInUp&quot;}\" data-widget_type=\"heading.default\">\n\t\t\t\t<div class=\"elementor-widget-container\">\n\t\t\t<h2 class=\"elementor-heading-title elementor-size-default\">Livraison mondiale et rapide<br>\nInstallation facile\n<\/h2>\t\t<\/div>\n\t\t\t\t<\/div>\n\t\t\t\t<div class=\"elementor-element elementor-element-2688e6d animated-slow elementor-invisible elementor-widget elementor-widget-heading\" data-id=\"2688e6d\" data-element_type=\"widget\" data-settings=\"{&quot;_animation&quot;:&quot;slideInUp&quot;}\" data-widget_type=\"heading.default\">\n\t\t\t\t<div class=\"elementor-widget-container\">\n\t\t\t<h2 class=\"elementor-heading-title elementor-size-default\">Conception int\u00e9gr\u00e9e, pas besoin de d\u00e9monter les composants, installation simple et \u00e9conomie de co\u00fbts. Le produit re\u00e7u par le client a termin\u00e9 le c\u00e2blage interne et l'assemblage global des accessoires<\/h2>\t\t<\/div>\n\t\t\t\t<\/div>\n\t\t\t\t\t<\/div>\n\t\t\t\t<\/div>\n\t\t<div class=\"elementor-element elementor-element-ce50501 e-flex e-con-boxed e-con e-parent\" data-id=\"ce50501\" data-element_type=\"container\">\n\t\t\t\t\t<div class=\"e-con-inner\">\n\t\t\t\t<div class=\"elementor-element elementor-element-3482fa6 elementor-widget elementor-widget-text-editor\" data-id=\"3482fa6\" data-element_type=\"widget\" data-widget_type=\"text-editor.default\">\n\t\t\t\t<div class=\"elementor-widget-container\">\n\t\t\t\t\t\t\t<p>Nous pouvons concevoir et fabriquer des tourniquets de s\u00e9curit\u00e9 qui r\u00e9pondent aux besoins de votre march\u00e9 ou de votre projet. Les tourniquets de s\u00e9curit\u00e9 que nous concevons et fabriquons peuvent \u00e9galement \u00eatre facilement int\u00e9gr\u00e9s \u00e0 votre syst\u00e8me pour r\u00e9aliser plus de fonctions.<\/p>\n<p>Si vous souhaitez vendre nos produits en gros ou \u00eatre notre agent, veuillez appeler notre responsable des ventes Elena au <a href=\"tel:+8615323431686\">+8615323431686<\/a> ou par courriel \u00e0 <a href=\"mailto:sales@mairsturnstile.com\">sales@mairsturnstile.com<\/a>.<\/p>\n<p>Merci.<br>Mairsturnstile-online.com<\/p>\t\t\t\t\t\t<\/div>\n\t\t\t\t<\/div>\n\t\t\t\t\t<\/div>\n\t\t\t\t<\/div>\n\t\t<div class=\"elementor-element elementor-element-67618bb e-flex e-con-boxed e-con e-parent\" data-id=\"67618bb\" data-element_type=\"container\" data-settings=\"{&quot;background_background&quot;:&quot;classic&quot;}\">\n\t\t\t\t\t<div class=\"e-con-inner\">\n\t\t\t\t<div class=\"elementor-element elementor-element-f016981 animated-slow elementor-invisible elementor-widget elementor-widget-heading\" data-id=\"f016981\" data-element_type=\"widget\" data-settings=\"{&quot;_animation&quot;:&quot;slideInUp&quot;}\" data-widget_type=\"heading.default\">\n\t\t\t\t<div class=\"elementor-widget-container\">\n\t\t\t<h2 class=\"elementor-heading-title elementor-size-default\">Tourniquet de conception unique et de mode<br>\n\n<\/h2>\t\t<\/div>\n\t\t\t\t<\/div>\n\t\t\t\t<div class=\"elementor-element elementor-element-532cdf8 animated-slow elementor-invisible elementor-widget elementor-widget-heading\" data-id=\"532cdf8\" data-element_type=\"widget\" data-settings=\"{&quot;_animation&quot;:&quot;slideInUp&quot;}\" data-widget_type=\"heading.default\">\n\t\t\t\t<div class=\"elementor-widget-container\">\n\t\t\t<h2 class=\"elementor-heading-title elementor-size-default\">Vente directe d'usine<br>\nService OEM et ODM<br>\nLivraison mondiale et rapide<br>\n\n<\/h2>\t\t<\/div>\n\t\t\t\t<\/div>\n\t\t\t\t<div class=\"elementor-element elementor-element-4f3fffd animated-slow elementor-invisible elementor-widget elementor-widget-heading\" data-id=\"4f3fffd\" data-element_type=\"widget\" data-settings=\"{&quot;_animation&quot;:&quot;slideInUp&quot;}\" data-widget_type=\"heading.default\">\n\t\t\t\t<div class=\"elementor-widget-container\">\n\t\t\t<h2 class=\"elementor-heading-title elementor-size-default\">\nTourniquet Mairs\n<\/h2>\t\t<\/div>\n\t\t\t\t<\/div>\n\t\t\t\t\t<\/div>\n\t\t\t\t<\/div>\n\t\t\t\t<\/div>\n\t\t","protected":false},"excerpt":{"rendered":"<p>Apportez la porte tourniquet de la meilleure qualit\u00e9 \u00e0 un prix abordable [&hellip;]<\/p>\n","protected":false},"author":1,"featured_media":0,"parent":0,"menu_order":0,"comment_status":"closed","ping_status":"closed","template":"elementor_header_footer","meta":{"footnotes":""},"class_list":["post-8279","page","type-page","status-publish","hentry"],"_links":{"self":[{"href":"https:\/\/www.mairsturnstile-online.com\/fr\/wp-json\/wp\/v2\/pages\/8279","targetHints":{"allow":["GET"]}}],"collection":[{"href":"https:\/\/www.mairsturnstile-online.com\/fr\/wp-json\/wp\/v2\/pages"}],"about":[{"href":"https:\/\/www.mairsturnstile-online.com\/fr\/wp-json\/wp\/v2\/types\/page"}],"author":[{"embeddable":true,"href":"https:\/\/www.mairsturnstile-online.com\/fr\/wp-json\/wp\/v2\/users\/1"}],"replies":[{"embeddable":true,"href":"https:\/\/www.mairsturnstile-online.com\/fr\/wp-json\/wp\/v2\/comments?post=8279"}],"version-history":[{"count":0,"href":"https:\/\/www.mairsturnstile-online.com\/fr\/wp-json\/wp\/v2\/pages\/8279\/revisions"}],"wp:attachment":[{"href":"https:\/\/www.mairsturnstile-online.com\/fr\/wp-json\/wp\/v2\/media?parent=8279"}],"curies":[{"name":"wp","href":"https:\/\/api.w.org\/{rel}","templated":true}]}}