{"id":5218,"date":"2021-09-08T00:04:26","date_gmt":"2021-09-07T16:04:26","guid":{"rendered":"https:\/\/www.mairsturnstile-online.com\/politique-de-retour\/"},"modified":"2022-08-07T01:50:26","modified_gmt":"2022-08-06T17:50:26","slug":"politique-de-retour","status":"publish","type":"page","link":"https:\/\/www.mairsturnstile-online.com\/fr\/politique-de-retour\/","title":{"rendered":"Politique de retour"},"content":{"rendered":"\n<p>Adresse de retour: No.164, Pingxing North Road, Pinghu Street, Longgang District, Shenzhen<\/p>\n\n<p>Si vous souhaitez retourner ou \u00e9changer votre commande pour quelque raison que ce soit, nous sommes l\u00e0 pour vous aider ! Nous offrons des retours ou des \u00e9changes gratuits dans les 30 jours suivant la r\u00e9ception de votre commande.<\/p>\n\n<p>Pour \u00eatre admissible \u00e0 un retour, votre article doit \u00eatre inutilis\u00e9 et dans le m\u00eame \u00e9tat que vous l&#8217;avez re\u00e7u. Il doit \u00e9galement \u00eatre dans l&#8217;emballage d&#8217;origine. Les frais d&#8217;exp\u00e9dition ne sont pas couverts et sont retourn\u00e9s aux frais de l&#8217;acheteur. Un minimum de 5 % de frais de r\u00e9approvisionnement sera appliqu\u00e9, sauf avis contraire du fabricant.<\/p>\n\n<p>Les articles qui ont \u00e9t\u00e9 ouverts et\/ou install\u00e9s ne sont \u00e9ligibles qu&#8217;\u00e0 la r\u00e9paration ou au remplacement sous garantie. Veuillez appeler notre personnel Elena au <a href=\"tel:+8615323431686\" data-type=\"tel\" data-id=\"tel:+8615323431686\">+8615323431686<\/a> pour une assistance technique ou par e-mail : <a href=\"mailto:sales@mairsturnstile.com\">sales@mairsturnstile.com<\/a><br\/><br\/>Tous les produits et \u00e9quipements de s\u00e9curit\u00e9 sont fabriqu\u00e9s sur mesure et ne peuvent \u00eatre annul\u00e9s une fois entr\u00e9s en production, ni retourn\u00e9s.<\/p>\n\n<p>Les garanties du fabricant s&#8217;appliqueront.<br\/><br\/>Exp\u00e9dition<br\/><br\/>Nous pouvons exp\u00e9dier \u00e0 pratiquement n&#8217;importe quelle adresse dans le monde. Notez qu&#8217;il existe des restrictions sur certains produits et que certains produits ne peuvent pas \u00eatre exp\u00e9di\u00e9s vers certaines destinations internationales. MairsTurnstile-Online.com ne sera pas responsable des droits de douane locaux ou des frais, sauf indication contraire par \u00e9crit avant de faire votre achat.<br\/><\/p>\n\n<p>Merci,<\/p>\n\n<p>www.MairsTurnstile-Online.com<\/p>\n","protected":false},"excerpt":{"rendered":"<p>Adresse de retour: No.164, Pingxing North Road, Pinghu Street, Longgang District, Shenzhen [&hellip;]<\/p>\n","protected":false},"author":1,"featured_media":0,"parent":0,"menu_order":0,"comment_status":"closed","ping_status":"closed","template":"","meta":{"footnotes":""},"class_list":["post-5218","page","type-page","status-publish","hentry"],"_links":{"self":[{"href":"https:\/\/www.mairsturnstile-online.com\/fr\/wp-json\/wp\/v2\/pages\/5218","targetHints":{"allow":["GET"]}}],"collection":[{"href":"https:\/\/www.mairsturnstile-online.com\/fr\/wp-json\/wp\/v2\/pages"}],"about":[{"href":"https:\/\/www.mairsturnstile-online.com\/fr\/wp-json\/wp\/v2\/types\/page"}],"author":[{"embeddable":true,"href":"https:\/\/www.mairsturnstile-online.com\/fr\/wp-json\/wp\/v2\/users\/1"}],"replies":[{"embeddable":true,"href":"https:\/\/www.mairsturnstile-online.com\/fr\/wp-json\/wp\/v2\/comments?post=5218"}],"version-history":[{"count":0,"href":"https:\/\/www.mairsturnstile-online.com\/fr\/wp-json\/wp\/v2\/pages\/5218\/revisions"}],"wp:attachment":[{"href":"https:\/\/www.mairsturnstile-online.com\/fr\/wp-json\/wp\/v2\/media?parent=5218"}],"curies":[{"name":"wp","href":"https:\/\/api.w.org\/{rel}","templated":true}]}}