{"id":5216,"date":"2021-09-08T00:07:25","date_gmt":"2021-09-07T16:07:25","guid":{"rendered":"https:\/\/www.mairsturnstile-online.com\/politique-de-confidentialite\/"},"modified":"2022-08-07T01:47:58","modified_gmt":"2022-08-06T17:47:58","slug":"politique-de-confidentialite","status":"publish","type":"page","link":"https:\/\/www.mairsturnstile-online.com\/fr\/politique-de-confidentialite\/","title":{"rendered":"Politique de confidentialit\u00e9"},"content":{"rendered":"\n<p>En vertu de la politique de confidentialit\u00e9, nous pouvons divulguer \u00e0 des tiers certaines informations contenues dans les demandes d&#8217;inscription de nos Utilisateurs, mais nous ne divulguerons pas votre nom, votre adresse, votre adresse e-mail ou votre num\u00e9ro de t\u00e9l\u00e9phone, sauf si nous vous en avons inform\u00e9, que vous nous y avez autoris\u00e9s ou que nous y sommes tenus. de le faire conform\u00e9ment \u00e0 la loi, sous r\u00e9serve de la loi sur la protection des donn\u00e9es de 1998.<\/p>\n\n<h5 class=\"wp-block-heading\"><strong>Informations personnelles collect\u00e9es<\/strong><\/h5>\n\n<p>MairsTurnstile-Online.com ne vend, ne partage ni n&#8217;\u00e9change les informations personnelles des clients collect\u00e9es en ligne aupr\u00e8s de tiers. Les renseignements personnels recueillis en ligne ne seront divulgu\u00e9s qu&#8217;au sein de notre groupe d&#8217;entreprises pour un usage et \u00e0 des fins internes uniquement.<\/p>\n\n<p>Nous ne partagerons pas vos informations avec d&#8217;autres organisations autres que les soci\u00e9t\u00e9s li\u00e9es et les tiers directement li\u00e9s \u00e0 la livraison des produits que vous avez achet\u00e9s sur notre site Web MairsTurnstile et utilis\u00e9s comme d\u00e9crit ci-dessus ou comme convenu avec vous ou lorsque la loi l&#8217;exige. <\/p>\n\n<p>Nous conserverons vos donn\u00e9es personnelles collect\u00e9es via ce site UNIQUEMENT pendant la dur\u00e9e n\u00e9cessaire \u00e0 la r\u00e9alisation des finalit\u00e9s autoris\u00e9es.<\/p>\n\n<h5 class=\"wp-block-heading\"><strong>Comment prot\u00e9geons-nous vos informations?<\/strong><\/h5>\n\n<p>Vous \u00eates responsable de la s\u00e9curit\u00e9 et de la s\u00e9curit\u00e9 de votre nom d&#8217;utilisateur et de votre mot de passe sur MairsTurnstile. Nous vous recommandons de choisir un mot de passe fort et de le changer fr\u00e9quemment. Veuillez ne pas utiliser les m\u00eames informations de connexion (e-mail et mot de passe) sur plusieurs sites Web.<\/p>\n\n<p>Cela dit, nous mettons en \u0153uvre une vari\u00e9t\u00e9 de mesures de s\u00e9curit\u00e9, notamment en proposant l&#8217;utilisation d&#8217;un serveur s\u00e9curis\u00e9. Toutes les informations sensibles \/ de cr\u00e9dit fournies sont transmises via la technologie Secure Socket Layer (SSL), puis crypt\u00e9es dans notre base de donn\u00e9es de fournisseurs de passerelles de paiement pour \u00eatre accessibles uniquement par les personnes autoris\u00e9es avec des droits d&#8217;acc\u00e8s sp\u00e9ciaux \u00e0 ces syst\u00e8mes, et sont tenues de garder les informations confidentielles. Apr\u00e8s une transaction, vos informations priv\u00e9es (cartes de cr\u00e9dit, num\u00e9ros de s\u00e9curit\u00e9 sociale, donn\u00e9es financi\u00e8res, etc.) ne seront pas stock\u00e9es sur nos serveurs.<\/p>\n\n<h5 class=\"wp-block-heading\"><strong>Divulguons-nous des informations \u00e0 des tiers ?<\/strong><\/h5>\n\n<p>Nous ne vendons, n&#8217;\u00e9changeons ni ne transf\u00e9rons autrement \u00e0 des tiers vos informations personnelles. Cela n&#8217;inclut pas les tiers de confiance qui nous aident \u00e0 exploiter notre site Web, \u00e0 mener nos activit\u00e9s, \u00e0 ex\u00e9cuter des paiements, \u00e0 livrer des produits ou services achet\u00e9s, \u00e0 vous envoyer des informations ou des mises \u00e0 jour ou \u00e0 vous servir autrement, tant que ces parties acceptent de garder ces informations confidentielles. Nous pouvons \u00e9galement divulguer vos informations lorsque nous pensons que la divulgation est appropri\u00e9e pour se conformer \u00e0 la loi, appliquer les politiques de notre site ou prot\u00e9ger nos droits, notre propri\u00e9t\u00e9 ou notre s\u00e9curit\u00e9 ou ceux d&#8217;autrui.<\/p>\n\n<p><strong>Votre consentement<\/strong><\/p>\n\n<p>Nous ne louerons ni ne vendrons votre nom, adresse, adresse e-mail, informations de carte de cr\u00e9dit ou informations personnelles \u00e0 des tiers sans votre permission. Si vous avez achet\u00e9 dans notre boutique, vous \u00eates abonn\u00e9 \u00e0 l&#8217;une de nos newsletters et avez particip\u00e9 \u00e0 l&#8217;un de nos concours, ou nous avez communiqu\u00e9 votre adresse e-mail, votre poste et votre t\u00e9l\u00e9phone, nous pouvons occasionnellement vous tenir au courant des actualit\u00e9s et des opportunit\u00e9s sp\u00e9ciales par e-mail, poste &amp; T\u00e9l\u00e9phone.<\/p>\n\n<p>Les informations personnelles ou les images des utilisateurs ne doivent pas \u00eatre utilis\u00e9es \u00e0 des fins publicitaires sans leur consentement. Ne collectez pas les informations personnelles des utilisateurs comme objectif principal.<\/p>\n\n<p><strong>Communication &amp; Marketing<\/strong><\/p>\n\n<p>En devenant membre de nous et en fournissant \u00e0 notre site Web votre adresse e-mail, votre adresse postale, un num\u00e9ro de t\u00e9l\u00e9phone, vous consentez \u00e0 recevoir des communications de notre part sur nos derniers produits et offres sp\u00e9ciales. que nous pensons susceptibles de vous int\u00e9resser, les informations peuvent \u00e9galement \u00eatre utilis\u00e9es pour vous informer des produits et services de tiers susceptibles de vous int\u00e9resser.<\/p>\n\n<p><strong>V\u00e9rification de vos coordonn\u00e9es<\/strong><\/p>\n\n<p>Si vous souhaitez v\u00e9rifier les informations que vous avez soumises sur notre site Web, vous pouvez le faire en nous contactant via l&#8217;adresse e-mail, le num\u00e9ro de t\u00e9l\u00e9phone ou l&#8217;adresse indiqu\u00e9e ci-dessous. Nos proc\u00e9dures de s\u00e9curit\u00e9 signifient que nous pouvons demander une preuve d&#8217;identit\u00e9 avant de r\u00e9v\u00e9ler des informations. Cette preuve d&#8217;identit\u00e9 prendra la forme de votre adresse e-mail et de votre mot de passe communiqu\u00e9s lors de votre inscription. Nous vous recommandons vivement de ne pas utiliser la fonction de m\u00e9morisation de mot de passe du navigateur car cela permettrait \u00e0 d&#8217;autres personnes utilisant votre terminal d&#8217;acc\u00e9der \u00e0 vos informations personnelles &#8211; notez-les et conservez-les en lieu s\u00fbr.<\/p>\n\n<p>Si vous avez des questions sur nos tourniquets ou sur notre fa\u00e7on de faire des affaires, notre \u00e9quipe de vente professionnelle Elena est disponible pour vous aider au <a href=\"tel:+8615323431686\" data-type=\"tel\" data-id=\"tel:+8615323431686\">+8615323431686<\/a> ou par e-mail \u00e0 <a href=\"mailto:sales@mairsturnstile.com\">sales@mairsturnstile.com<\/a> <\/p>\n\n<p>AJOUTER: No.164, Pingxing North Road, Pinghu Street, Longgang District, Shenzhen<\/p>\n","protected":false},"excerpt":{"rendered":"<p>En vertu de la politique de confidentialit\u00e9, nous pouvons divulguer \u00e0 des [&hellip;]<\/p>\n","protected":false},"author":1,"featured_media":0,"parent":0,"menu_order":0,"comment_status":"closed","ping_status":"closed","template":"","meta":{"footnotes":""},"class_list":["post-5216","page","type-page","status-publish","hentry"],"_links":{"self":[{"href":"https:\/\/www.mairsturnstile-online.com\/fr\/wp-json\/wp\/v2\/pages\/5216","targetHints":{"allow":["GET"]}}],"collection":[{"href":"https:\/\/www.mairsturnstile-online.com\/fr\/wp-json\/wp\/v2\/pages"}],"about":[{"href":"https:\/\/www.mairsturnstile-online.com\/fr\/wp-json\/wp\/v2\/types\/page"}],"author":[{"embeddable":true,"href":"https:\/\/www.mairsturnstile-online.com\/fr\/wp-json\/wp\/v2\/users\/1"}],"replies":[{"embeddable":true,"href":"https:\/\/www.mairsturnstile-online.com\/fr\/wp-json\/wp\/v2\/comments?post=5216"}],"version-history":[{"count":0,"href":"https:\/\/www.mairsturnstile-online.com\/fr\/wp-json\/wp\/v2\/pages\/5216\/revisions"}],"wp:attachment":[{"href":"https:\/\/www.mairsturnstile-online.com\/fr\/wp-json\/wp\/v2\/media?parent=5216"}],"curies":[{"name":"wp","href":"https:\/\/api.w.org\/{rel}","templated":true}]}}