{"id":5214,"date":"2021-09-08T00:06:02","date_gmt":"2021-09-07T16:06:02","guid":{"rendered":"https:\/\/www.mairsturnstile-online.com\/methodes-de-payement\/"},"modified":"2022-08-07T01:43:47","modified_gmt":"2022-08-06T17:43:47","slug":"methodes-de-payement","status":"publish","type":"page","link":"https:\/\/www.mairsturnstile-online.com\/fr\/methodes-de-payement\/","title":{"rendered":"m\u00e9thodes de payement"},"content":{"rendered":"\n<p><strong>Paypal et carte de cr\u00e9dit<\/strong><\/p>\n\n<p>Vous pouvez payer avec Paypal, Visa, MasterCard, American Express, JCB, etc. C&#8217;est tr\u00e8s pratique, de plus en plus de clients aimeraient pr\u00e9f\u00e9rer cette m\u00e9thode. En attendant, c&#8217;est aussi une m\u00e9thode s\u00fbre.<\/p>\n\n<p><strong>Vais-je recevoir un e-mail de confirmation apr\u00e8s avoir effectu\u00e9 le paiement ?<\/strong><\/p>\n\n<p>Bien s\u00fbr, vous recevrez un e-mail de confirmation de la part de votre soci\u00e9t\u00e9 de mode de paiement et de notre soci\u00e9t\u00e9 apr\u00e8s avoir termin\u00e9 le paiement.<\/p>\n\n<p><strong>Comment puis-je choisir mon moyen de paiement ?<\/strong><\/p>\n\n<p>Veuillez passer la commande directement, puis continuez. Lorsque vous \u00eates sur une page, vous verrez que le mode de paiement est affich\u00e9 sur cette page, puis vous pouvez choisir qui vous voulez.<\/p>\n\n<p>Si vous avez des questions sur nos tourniquets ou sur notre fa\u00e7on de faire des affaires, notre \u00e9quipe de vente professionnelle Elena est disponible pour vous aider au <a href=\"tel:+8615323431686\" data-type=\"tel\" data-id=\"tel:+8615323431686\">+8615323431686<\/a> ou par e-mail \u00e0 <a href=\"mailto:sales@mairsturnstile.com\">sales@mairsturnstile.com<\/a> <\/p>\n\n<p>AJOUTER: No.164, Pingxing North Road, Pinghu Street, Longgang District, Shenzhen<\/p>\n","protected":false},"excerpt":{"rendered":"<p>Paypal et carte de cr\u00e9dit Vous pouvez payer avec Paypal, Visa, MasterCard, [&hellip;]<\/p>\n","protected":false},"author":1,"featured_media":0,"parent":0,"menu_order":0,"comment_status":"closed","ping_status":"closed","template":"","meta":{"footnotes":""},"class_list":["post-5214","page","type-page","status-publish","hentry"],"_links":{"self":[{"href":"https:\/\/www.mairsturnstile-online.com\/fr\/wp-json\/wp\/v2\/pages\/5214","targetHints":{"allow":["GET"]}}],"collection":[{"href":"https:\/\/www.mairsturnstile-online.com\/fr\/wp-json\/wp\/v2\/pages"}],"about":[{"href":"https:\/\/www.mairsturnstile-online.com\/fr\/wp-json\/wp\/v2\/types\/page"}],"author":[{"embeddable":true,"href":"https:\/\/www.mairsturnstile-online.com\/fr\/wp-json\/wp\/v2\/users\/1"}],"replies":[{"embeddable":true,"href":"https:\/\/www.mairsturnstile-online.com\/fr\/wp-json\/wp\/v2\/comments?post=5214"}],"version-history":[{"count":0,"href":"https:\/\/www.mairsturnstile-online.com\/fr\/wp-json\/wp\/v2\/pages\/5214\/revisions"}],"wp:attachment":[{"href":"https:\/\/www.mairsturnstile-online.com\/fr\/wp-json\/wp\/v2\/media?parent=5214"}],"curies":[{"name":"wp","href":"https:\/\/api.w.org\/{rel}","templated":true}]}}