{"id":5508,"date":"2021-09-10T01:18:15","date_gmt":"2021-09-09T17:18:15","guid":{"rendered":"https:\/\/www.mairsturnstile-online.com\/product\/camara-de-reconocimiento-facial-de-7-terminal-de-reconocimiento-facial\/"},"modified":"2024-02-28T15:00:54","modified_gmt":"2024-02-28T07:00:54","slug":"camara-de-reconocimiento-facial","status":"publish","type":"product","link":"https:\/\/www.mairsturnstile-online.com\/es\/producto\/camara-de-reconocimiento-facial\/","title":{"rendered":"C\u00e1mara de reconocimiento facial con lector de tarjetas para torniquetes"},"content":{"rendered":"\r\n        <div class=\"modelViewerBlock\" data-attributes='{&quot;align&quot;:&quot;start&quot;,&quot;uniqueId&quot;:&quot;model24957&quot;,&quot;currentViewer&quot;:&quot;modelViewer&quot;,&quot;multiple&quot;:false,&quot;model&quot;:{&quot;modelUrl&quot;:&quot;https:\\\/\\\/www.mairsturnstile-online.com\\\/wp-content\\\/uploads\\\/2021\\\/09\\\/f36.glb&quot;,&quot;poster&quot;:&quot;&quot;},&quot;O3DVSettings&quot;:{&quot;isFullscreen&quot;:true,&quot;isPagination&quot;:false,&quot;isNavigation&quot;:true,&quot;camera&quot;:null,&quot;mouseControl&quot;:true},&quot;models&quot;:[],&quot;lazyLoad&quot;:false,&quot;loading&quot;:&quot;auto&quot;,&quot;autoplay&quot;:false,&quot;shadow&quot;:true,&quot;autoRotate&quot;:true,&quot;zoom&quot;:true,&quot;isPagination&quot;:false,&quot;isNavigation&quot;:true,&quot;preload&quot;:&quot;auto&quot;,&quot;rotationPerSecond&quot;:&quot;30&quot;,&quot;mouseControl&quot;:true,&quot;fullscreen&quot;:true,&quot;variant&quot;:false,&quot;loadingPercentage&quot;:false,&quot;progressBar&quot;:true,&quot;rotate&quot;:false,&quot;rotateAlongX&quot;:&quot;0&quot;,&quot;rotateAlongY&quot;:&quot;75&quot;,&quot;exposure&quot;:1,&quot;styles&quot;:{&quot;width&quot;:&quot;1150px&quot;,&quot;height&quot;:&quot;700px&quot;,&quot;bgColor&quot;:&quot;#f9f9f9&quot;,&quot;progressBarColor&quot;:&quot;&quot;},&quot;stylesheet&quot;:null,&quot;additional&quot;:{&quot;ID&quot;:&quot;&quot;,&quot;Class&quot;:&quot;&quot;,&quot;CSS&quot;:&quot;&quot;},&quot;animation&quot;:false,&quot;woo&quot;:false,&quot;selectedAnimation&quot;:&quot;&quot;}'><\/div>\r\n\r\n        \n<h3>C\u00e1mara de reconocimiento facial con lector de tarjetas para torniquetes F36<\/h3>\n<p>Este terminal de control de acceso biom\u00e9trico con c\u00e1mara de reconocimiento facial MT-F36 es un terminal de reconocimiento facial din\u00e1mico de alto rendimiento, que se divide en instalaci\u00f3n de puerta e instalaci\u00f3n de pared. El terminal integra las funciones de reconocimiento facial fuera de l\u00ednea, verificaci\u00f3n de identidad, recolecci\u00f3n de rostros en el sitio, alerta temprana de lista negra, foto tomada despu\u00e9s de pasar, detecci\u00f3n activa de objetos. Adopta una c\u00e1mara de reconocimiento facial WDR HD, que est\u00e1 totalmente adaptada a entornos hostiles como luz intensa, luz de fondo y luz d\u00e9bil, con caracter\u00edsticas de velocidad de reconocimiento r\u00e1pida, alta precisi\u00f3n y gran capacidad de almacenamiento de listas.<\/p>\n<p>Se puede utilizar con sistemas de gesti\u00f3n de aplicaciones como el sistema de gesti\u00f3n de nombre real del sitio basado en el rostro, el sistema de gesti\u00f3n de asistencia de control de acceso basado en el rostro y el sistema de gesti\u00f3n de visitantes, que es perfecto para escenarios de aplicaciones complejas que requieren monitoreo de temperatura, reconocimiento de identidad y acceso. control, como comunidades, campus, hospitales, lugares esc\u00e9nicos, hoteles, centros comerciales, edificios de oficinas, lugares p\u00fablicos y sitios de construcci\u00f3n. Mairs ofrece torniquetes de seguridad de la mejor calidad con un terminal de control de acceso biom\u00e9trico con c\u00e1mara de reconocimiento facial.<\/p>\n<p>Esta c\u00e1mara de reconocimiento facial MT-F507 se puede integrar bien en nuestros torniquetes de seguridad, lo cual es una combinaci\u00f3n perfecta. Si tiene requisitos especiales para estas c\u00e1maras, tambi\u00e9n podemos personalizar funciones especiales de acuerdo con sus necesidades especiales. Por supuesto, si necesita informaci\u00f3n m\u00e1s detallada o nuestro manual del producto, o desea personalizar una c\u00e1mara de reconocimiento facial para satisfacer sus necesidades, cont\u00e1ctenos directamente.<\/p>\n<p><strong>Par\u00e1metro t\u00e9cnico:<\/strong><\/p>\n<p>Nivel de protecci\u00f3n: IP55<br \/>\nMaterial: aleaci\u00f3n de aluminio<br \/>\nSistema: sistema Linux integrado<br \/>\nCPU: marco ARM de alto rendimiento de 32 bits y 2 n\u00facleos<br \/>\nTiempo de reconocimiento: Menos de 300 ms<br \/>\nAlmacenamiento: almacenamiento interno 512 M, almacenamiento de datos 8 GB<br \/>\nEnfoque de la lente: 6 mm<br \/>\nC\u00e1mara: C\u00e1mara binocular, 200 W p\u00edxeles con WDR<\/p>\n<p><strong>Caracteristicas de producto:<\/strong><\/p>\n<p>Adopte la tecnolog\u00eda de reconocimiento facial fuera de l\u00ednea para reconocer m\u00faltiples razas, como asi\u00e1tica, cauc\u00e1sica y negra.<br \/>\nLas funciones de soporte, como el acceso a la lista blanca de reconocimiento facial, el calentamiento temprano de la lista negra y la foto, se tomaron despu\u00e9s de pasar.<br \/>\nAdmite un lector de identificaci\u00f3n externo, que habilita la funci\u00f3n de comparaci\u00f3n de identificaci\u00f3n facial.<br \/>\nTerminal de control de acceso biom\u00e9trico con c\u00e1mara de reconocimiento facial.<br \/>\nAdmite lector IC\/ID externo, que permite la funci\u00f3n de comparaci\u00f3n de tarjetas faciales.<br \/>\nAdmite la detecci\u00f3n activa de objetos para evitar ataques fotogr\u00e1ficos.<br \/>\nLa recopilaci\u00f3n de rostros de autoservicio y la lista de importaci\u00f3n por lotes permiten que la gesti\u00f3n de la lista sea m\u00e1s f\u00e1cil y ahorra tiempo.<br \/>\nApoyar la publicidad de imagen.<br \/>\nHasta l00000 datos (bucle escrito).<br \/>\nAdmite actualizaci\u00f3n USB de actualizaci\u00f3n remota en el lado de administraci\u00f3n.<br \/>\nInterfaz abierta, admite desarrollo secundario y acoplamiento.<\/p>\n","protected":false},"excerpt":{"rendered":"<p>Admite OEM y ODM. Admite dispositivos biom\u00e9tricos de terceros, como esc\u00e1ner de huellas dactilares, c\u00e1mara de reconocimiento facial. Lector de tarjetas RFID, esc\u00e1ner de c\u00f3digos QR.<\/p>\n","protected":false},"featured_media":24905,"comment_status":"closed","ping_status":"closed","template":"","meta":[],"product_cat":[106],"product_tag":[],"class_list":["post-5508","product","type-product","status-publish","has-post-thumbnail","hentry","product_cat-control-de-acceso"],"_links":{"self":[{"href":"https:\/\/www.mairsturnstile-online.com\/es\/wp-json\/wp\/v2\/product\/5508","targetHints":{"allow":["GET"]}}],"collection":[{"href":"https:\/\/www.mairsturnstile-online.com\/es\/wp-json\/wp\/v2\/product"}],"about":[{"href":"https:\/\/www.mairsturnstile-online.com\/es\/wp-json\/wp\/v2\/types\/product"}],"replies":[{"embeddable":true,"href":"https:\/\/www.mairsturnstile-online.com\/es\/wp-json\/wp\/v2\/comments?post=5508"}],"wp:featuredmedia":[{"embeddable":true,"href":"https:\/\/www.mairsturnstile-online.com\/es\/wp-json\/wp\/v2\/media\/24905"}],"wp:attachment":[{"href":"https:\/\/www.mairsturnstile-online.com\/es\/wp-json\/wp\/v2\/media?parent=5508"}],"wp:term":[{"taxonomy":"product_cat","embeddable":true,"href":"https:\/\/www.mairsturnstile-online.com\/es\/wp-json\/wp\/v2\/product_cat?post=5508"},{"taxonomy":"product_tag","embeddable":true,"href":"https:\/\/www.mairsturnstile-online.com\/es\/wp-json\/wp\/v2\/product_tag?post=5508"}],"curies":[{"name":"wp","href":"https:\/\/api.w.org\/{rel}","templated":true}]}}