{"id":5507,"date":"2021-09-10T01:21:28","date_gmt":"2021-09-09T17:21:28","guid":{"rendered":"https:\/\/www.mairsturnstile-online.com\/product\/camara-de-reconocimiento-facial-binocular-de-8\/"},"modified":"2021-09-10T01:21:28","modified_gmt":"2021-09-09T17:21:28","slug":"8-binocular-cara-reconocimiento-camara","status":"publish","type":"product","link":"https:\/\/www.mairsturnstile-online.com\/es\/producto\/8-binocular-cara-reconocimiento-camara\/","title":{"rendered":"C\u00e1mara de reconocimiento facial binocular de 8\u201d"},"content":{"rendered":"<p><iframe title=\"reproductor de videos de youtube\" src=\"https:\/\/www.youtube.com\/embed\/6ApY1rsjWhw\" width=\"560\" height=\"316\" frameborder=\"0\" allowfullscreen=\"allowfullscreen\"><\/iframe><\/p>\n<h2>C\u00e1mara binocular de reconocimiento facial<\/h2>\n<p>Este terminal de c\u00e1mara de control de acceso con reconocimiento facial binocular de 8\u201d MT-F608 es un terminal de reconocimiento facial binocular integrado de alto rendimiento. El terminal de control de acceso de reconocimiento facial integra las funciones de reconocimiento facial fuera de l\u00ednea, verificaci\u00f3n de identidad, recolecci\u00f3n de rostros en el sitio, alerta temprana de lista negra, foto tomada despu\u00e9s de pasar, detecci\u00f3n activa de objetos. Adopta una c\u00e1mara de reconocimiento facial WDR HD, que est\u00e1 totalmente adaptada a entornos hostiles como luz intensa, luz de fondo y luz d\u00e9bil, con caracter\u00edsticas de velocidad de reconocimiento r\u00e1pida, alta precisi\u00f3n y gran capacidad de almacenamiento de listas.<\/p>\n<p>Se puede utilizar con sistemas de gesti\u00f3n de aplicaciones como el sistema de gesti\u00f3n de nombre real del sitio basado en el rostro, el sistema de gesti\u00f3n de asistencia de control de acceso basado en el rostro y el sistema de gesti\u00f3n de visitantes, que es perfecto para escenarios de aplicaciones complejas que requieren monitoreo de temperatura, reconocimiento de identidad y acceso. control, como comunidades, campus, hospitales, lugares esc\u00e9nicos, hoteles, centros comerciales, edificios de oficinas, lugares p\u00fablicos y sitios de construcci\u00f3n. Mairs ofrece la puerta de torniquetes de seguridad de la mejor calidad con una c\u00e1mara de control de acceso de reconocimiento facial.<\/p>\n<p>Esta c\u00e1mara de control de acceso de reconocimiento facial MT-F608 se puede integrar bien en nuestros torniquetes de seguridad, lo cual es una combinaci\u00f3n perfecta. Si tiene requisitos especiales para estas c\u00e1maras, tambi\u00e9n podemos personalizar funciones especiales de acuerdo con sus necesidades especiales. Por supuesto, si necesita informaci\u00f3n m\u00e1s detallada o nuestro manual del producto, o desea personalizar una c\u00e1mara de reconocimiento facial para satisfacer sus necesidades, cont\u00e1ctenos directamente.<\/p>\n<p><strong>Par\u00e1metro t\u00e9cnico:<\/strong><\/p>\n<p>Nivel de protecci\u00f3n: IP55<br \/>\nMaterial: aleaci\u00f3n de aluminio<br \/>\nSistema: sistema Linux integrado<br \/>\nCPU: marco ARM de alto rendimiento de 32 bits y 2 n\u00facleos<br \/>\nTiempo de reconocimiento: Menos de 300 ms<br \/>\nAlmacenamiento: almacenamiento interno 512 M, almacenamiento de datos 8 GB<br \/>\nEnfoque de la lente: 6 mm<br \/>\nC\u00e1mara: C\u00e1mara binocular, 200 W p\u00edxeles con WDR<\/p>\n<p><strong>Caracteristicas de producto:<\/strong><\/p>\n<p>Adopte la tecnolog\u00eda de reconocimiento facial fuera de l\u00ednea para reconocer m\u00faltiples razas, como asi\u00e1tica, cauc\u00e1sica y negra.<br \/>\nLas funciones de soporte, como el acceso a la lista blanca de reconocimiento facial, la alerta temprana de la lista negra y la foto se tomaron despu\u00e9s de pasar<br \/>\nAdmite lector de identificaci\u00f3n externo, que permite la funci\u00f3n de comparaci\u00f3n de identificaci\u00f3n facial<br \/>\nAdmite lector IC\/ID externo, que permite la funci\u00f3n de comparaci\u00f3n de tarjetas faciales<br \/>\nAdmite la detecci\u00f3n de objetos activos binoculares para evitar ataques fotogr\u00e1ficos<br \/>\nLa recopilaci\u00f3n de rostros de autoservicio y la lista de importaci\u00f3n por lotes permiten que la gesti\u00f3n de la lista sea m\u00e1s f\u00e1cil y ahorra tiempo.<br \/>\nLa voz personalizada permite la transmisi\u00f3n de voz personalizada<br \/>\nAdmite publicidad de imagen y video.<br \/>\nHasta 100.000 datos (bucle escrito)<br \/>\nAdmite actualizaci\u00f3n USB de actualizaci\u00f3n remota en el lado de administraci\u00f3n<br \/>\nInterfaz abierta, admite desarrollo secundario y acoplamiento<br \/>\nMaterial de aleaci\u00f3n de aluminio de alta gama con tecnolog\u00eda de oxidaci\u00f3n en la superficie<\/p>\n<p><img fetchpriority=\"high\" decoding=\"async\" class=\"alignnone size-full wp-image-1397\" src=\"https:\/\/www.mairsturnstile-online.com\/wp-content\/uploads\/2022\/05\/face-recognition-turnstile.jpg\" alt=\"\" width=\"1024\" height=\"1100\"><img decoding=\"async\" class=\"alignnone size-full wp-image-1405\" src=\"https:\/\/www.mairsturnstile-online.com\/wp-content\/uploads\/2022\/05\/turnstile-gate-access-control-system.png\" alt=\"\" width=\"1024\" height=\"900\"><img decoding=\"async\" class=\"alignnone size-full wp-image-1401\" src=\"https:\/\/www.mairsturnstile-online.com\/wp-content\/uploads\/2022\/05\/packing-of-turnstile-gate.jpg\" alt=\"\" width=\"1024\" height=\"900\"><\/p>\n","protected":false},"excerpt":{"rendered":"<p>Admite OEM y ODM. Admite dispositivos biom\u00e9tricos de terceros, como esc\u00e1ner de huellas dactilares, c\u00e1mara de reconocimiento facial. Lector de tarjetas RFID, esc\u00e1ner de c\u00f3digos QR.<\/p>\n","protected":false},"featured_media":3044,"comment_status":"closed","ping_status":"closed","template":"","meta":[],"product_cat":[],"product_tag":[],"class_list":["post-5507","product","type-product","status-publish","has-post-thumbnail","hentry"],"_links":{"self":[{"href":"https:\/\/www.mairsturnstile-online.com\/es\/wp-json\/wp\/v2\/product\/5507","targetHints":{"allow":["GET"]}}],"collection":[{"href":"https:\/\/www.mairsturnstile-online.com\/es\/wp-json\/wp\/v2\/product"}],"about":[{"href":"https:\/\/www.mairsturnstile-online.com\/es\/wp-json\/wp\/v2\/types\/product"}],"replies":[{"embeddable":true,"href":"https:\/\/www.mairsturnstile-online.com\/es\/wp-json\/wp\/v2\/comments?post=5507"}],"wp:featuredmedia":[{"embeddable":true,"href":"https:\/\/www.mairsturnstile-online.com\/es\/wp-json\/wp\/v2\/media\/3044"}],"wp:attachment":[{"href":"https:\/\/www.mairsturnstile-online.com\/es\/wp-json\/wp\/v2\/media?parent=5507"}],"wp:term":[{"taxonomy":"product_cat","embeddable":true,"href":"https:\/\/www.mairsturnstile-online.com\/es\/wp-json\/wp\/v2\/product_cat?post=5507"},{"taxonomy":"product_tag","embeddable":true,"href":"https:\/\/www.mairsturnstile-online.com\/es\/wp-json\/wp\/v2\/product_tag?post=5507"}],"curies":[{"name":"wp","href":"https:\/\/api.w.org\/{rel}","templated":true}]}}