{"id":5506,"date":"2021-09-10T01:23:35","date_gmt":"2021-09-09T17:23:35","guid":{"rendered":"https:\/\/www.mairsturnstile-online.com\/product\/medicion-de-temperatura-de-reconocimiento-facial-de-8\/"},"modified":"2021-09-10T01:23:35","modified_gmt":"2021-09-09T17:23:35","slug":"8-reconocimiento-de-cara-medida-de-temperatura","status":"publish","type":"product","link":"https:\/\/www.mairsturnstile-online.com\/es\/producto\/8-reconocimiento-de-cara-medida-de-temperatura\/","title":{"rendered":"Medici\u00f3n de temperatura de reconocimiento facial de 8\u201d"},"content":{"rendered":"<p><iframe title=\"reproductor de videos de youtube\" src=\"https:\/\/www.youtube.com\/embed\/6ApY1rsjWhw\" width=\"560\" height=\"316\" frameborder=\"0\" allowfullscreen=\"allowfullscreen\"><\/iframe><\/p>\n<h2>Medici\u00f3n de temperatura de reconocimiento facial de 8\u201d<\/h2>\n<p>Este terminal de medici\u00f3n de temperatura de reconocimiento facial de 8\u201d MT-F808 es un terminal de reconocimiento facial de medici\u00f3n de temperatura binocular integrado de alto rendimiento. El terminal integra las funciones de reconocimiento facial fuera de l\u00ednea, detecci\u00f3n de temperatura, reconocimiento de m\u00e1scara, verificaci\u00f3n de identidad, recolecci\u00f3n de rostros en el sitio, alerta temprana de lista negra, foto tomada despu\u00e9s de pasar, detecci\u00f3n de objetos activos.<\/p>\n<p>Adopta una c\u00e1mara de reconocimiento facial WDR HD, que est\u00e1 totalmente adaptada a entornos hostiles como luz intensa, luz de fondo y luz d\u00e9bil, con caracter\u00edsticas de velocidad de reconocimiento r\u00e1pida, alta precisi\u00f3n y gran capacidad de almacenamiento de listas. Mairs ofrece el mejor terminal de medici\u00f3n de temperatura de reconocimiento facial para puertas de torniquete.<\/p>\n<p>Estas c\u00e1maras de reconocimiento facial se pueden integrar bien en nuestros torniquetes de seguridad, lo cual es una combinaci\u00f3n perfecta. Si tiene requisitos especiales para estas c\u00e1maras, tambi\u00e9n podemos personalizar funciones especiales de acuerdo con sus necesidades especiales. Por supuesto, si necesita informaci\u00f3n m\u00e1s detallada o nuestro manual del producto, o desea personalizar una c\u00e1mara de reconocimiento facial para satisfacer sus necesidades, cont\u00e1ctenos directamente.<\/p>\n<p><strong>Par\u00e1metro t\u00e9cnico:<\/strong><\/p>\n<p>Pantalla: pantalla IPS de 8 pulgadas<br \/>\nSensor de temperatura: sensor de temperatura infrarrojo de imagen t\u00e9rmica<br \/>\nTemperatura: Rango: 35~42\u2103<br \/>\nDistancia de detecci\u00f3n: 0,4 m ~ 0,7 m<br \/>\nLente: distancia focal 1,8 mm, campo de visi\u00f3n: 118\u00b0<br \/>\nRango din\u00e1mico: \u2265100 dB<br \/>\nRelaci\u00f3n S\/R: \u226543 dB (AGC APAGADO)<br \/>\nBalance de blancos: autom\u00e1tico, interior, exterior, modo de l\u00e1mpara de sodio, manual<br \/>\nReducci\u00f3n de ruido digital: admite DNR, 3DNR<br \/>\nModo d\u00eda y noche: Color fijo<br \/>\nN\u00famero de bases frontales: 20.000 hojas<br \/>\nVelocidad de reconocimiento: \u2264300 ms<br \/>\nDetecci\u00f3n en vivo: soporte<br \/>\nDetecci\u00f3n de m\u00e1scara: soporte<br \/>\nTemperatura corporal: apoyo<br \/>\nSistema operativo: Android 7.1 RK3288<\/p>\n<p><strong>Caracteres del producto:<\/strong><\/p>\n<p>M\u00f3dulo integrado de im\u00e1genes t\u00e9rmicas de alta precisi\u00f3n sin contacto + detecci\u00f3n en vivo en uno<br \/>\nRango de detecci\u00f3n de temperatura 35 \u2103 ~ 42 \u2103, precisi\u00f3n \u00b1 0,3 \u2103<br \/>\nAdmite superposici\u00f3n de temperatura del cuerpo humano, superposici\u00f3n de im\u00e1genes<br \/>\nAdmite detecci\u00f3n de temperatura corporal<br \/>\nSoporta detecci\u00f3n de m\u00e1scara<br \/>\nAlgoritmo de reconocimiento facial de aprendizaje profundo FACE ++ incorporado, estable y confiable<br \/>\nAdmite una base de datos de 50,000 rostros<br \/>\nIdentificaci\u00f3n r\u00e1pida de 300 ms<br \/>\nPantalla LCD de alta definici\u00f3n de 8 pulgadas<br \/>\nSalida de alarma local despu\u00e9s de temperatura anormal<br \/>\nReconocimiento facial, detecci\u00f3n de temperatura y reconocimiento de m\u00e1scaras, configure libremente m\u00faltiples modos de uso<br \/>\nCarcasa de metal ultrafina. medici\u00f3n de temperatura de reconocimiento facial.<br \/>\nPuede registrar informaci\u00f3n de identificaci\u00f3n e informaci\u00f3n de temperatura, guardar trazabilidad<br \/>\nExcelente adaptabilidad ambiental, se adapta a la poca luz y la luz de fondo fuerte, admite la exposici\u00f3n autom\u00e1tica de la cara<br \/>\nAdmite el protocolo Wigan, puede conducir directamente el control de acceso y controlar varias puertas<br \/>\nInterfaz de hardware rica, interfaz Ethernet integrada de 100 M, interfaz de audio, interfaz Wiegand, interfaz de rel\u00e9, tarjeta TF, USB y otras interfaces<br \/>\nSoporta reducci\u00f3n de ruido digital 2D, 3D<br \/>\nBajo consumo de energ\u00eda, el consumo de energ\u00eda de la placa base es tan bajo como 5 vatios<br \/>\nApoyar el desarrollo secundario de software de aplicaci\u00f3n del lado del dispositivo<br \/>\nAdmite varias personalizaciones de software y hardware<\/p>\n<p><img fetchpriority=\"high\" decoding=\"async\" class=\"alignnone size-full wp-image-1397\" src=\"https:\/\/www.mairsturnstile-online.com\/wp-content\/uploads\/2022\/05\/face-recognition-turnstile.jpg\" alt=\"\" width=\"1024\" height=\"1100\"><img decoding=\"async\" class=\"alignnone size-full wp-image-1405\" src=\"https:\/\/www.mairsturnstile-online.com\/wp-content\/uploads\/2022\/05\/turnstile-gate-access-control-system.png\" alt=\"\" width=\"1024\" height=\"900\"><img decoding=\"async\" class=\"alignnone size-full wp-image-1401\" src=\"https:\/\/www.mairsturnstile-online.com\/wp-content\/uploads\/2022\/05\/packing-of-turnstile-gate.jpg\" alt=\"\" width=\"1024\" height=\"900\"><\/p>\n","protected":false},"excerpt":{"rendered":"<p>Admite OEM y ODM. Admite dispositivos biom\u00e9tricos de terceros, como esc\u00e1ner de huellas dactilares, c\u00e1mara de reconocimiento facial. Lector de tarjetas RFID, esc\u00e1ner de c\u00f3digos QR.<\/p>\n","protected":false},"featured_media":3084,"comment_status":"closed","ping_status":"closed","template":"","meta":[],"product_cat":[],"product_tag":[],"class_list":["post-5506","product","type-product","status-publish","has-post-thumbnail","hentry"],"_links":{"self":[{"href":"https:\/\/www.mairsturnstile-online.com\/es\/wp-json\/wp\/v2\/product\/5506","targetHints":{"allow":["GET"]}}],"collection":[{"href":"https:\/\/www.mairsturnstile-online.com\/es\/wp-json\/wp\/v2\/product"}],"about":[{"href":"https:\/\/www.mairsturnstile-online.com\/es\/wp-json\/wp\/v2\/types\/product"}],"replies":[{"embeddable":true,"href":"https:\/\/www.mairsturnstile-online.com\/es\/wp-json\/wp\/v2\/comments?post=5506"}],"wp:featuredmedia":[{"embeddable":true,"href":"https:\/\/www.mairsturnstile-online.com\/es\/wp-json\/wp\/v2\/media\/3084"}],"wp:attachment":[{"href":"https:\/\/www.mairsturnstile-online.com\/es\/wp-json\/wp\/v2\/media?parent=5506"}],"wp:term":[{"taxonomy":"product_cat","embeddable":true,"href":"https:\/\/www.mairsturnstile-online.com\/es\/wp-json\/wp\/v2\/product_cat?post=5506"},{"taxonomy":"product_tag","embeddable":true,"href":"https:\/\/www.mairsturnstile-online.com\/es\/wp-json\/wp\/v2\/product_tag?post=5506"}],"curies":[{"name":"wp","href":"https:\/\/api.w.org\/{rel}","templated":true}]}}