{"id":5505,"date":"2021-09-10T01:28:16","date_gmt":"2021-09-09T17:28:16","guid":{"rendered":"https:\/\/www.mairsturnstile-online.com\/product\/escaner-de-temperatura-de-reconocimiento-facial-de-8\/"},"modified":"2021-09-10T01:28:16","modified_gmt":"2021-09-09T17:28:16","slug":"escaner-de-temperatura-de-reconocimiento-de-8-rostros","status":"publish","type":"product","link":"https:\/\/www.mairsturnstile-online.com\/es\/producto\/escaner-de-temperatura-de-reconocimiento-de-8-rostros\/","title":{"rendered":"Esc\u00e1ner de temperatura de reconocimiento facial de 8\u201d"},"content":{"rendered":"<p><iframe title=\"reproductor de videos de youtube\" src=\"https:\/\/www.youtube.com\/embed\/6ApY1rsjWhw\" width=\"560\" height=\"316\" frameborder=\"0\" allowfullscreen=\"allowfullscreen\"><\/iframe><\/p>\n<h2>Esc\u00e1ner de temperatura de reconocimiento facial de 8\u201d<\/h2>\n<p>Este terminal de esc\u00e1ner de temperatura de reconocimiento facial de 8\u201d MT-CH1 es un terminal de reconocimiento facial de medici\u00f3n de temperatura binocular integrado de alto rendimiento. El terminal de esc\u00e1ner de temperatura de reconocimiento facial integra las funciones de reconocimiento facial fuera de l\u00ednea, detecci\u00f3n de temperatura, reconocimiento de m\u00e1scara, verificaci\u00f3n de identidad, recolecci\u00f3n de rostros en el sitio, alerta temprana de lista negra, foto tomada despu\u00e9s de pasar, detecci\u00f3n de objetos activos. Adopta una c\u00e1mara de reconocimiento facial WDR HD, que est\u00e1 totalmente adaptada a entornos hostiles como luz intensa, luz de fondo y luz d\u00e9bil, con caracter\u00edsticas de velocidad de reconocimiento r\u00e1pida, alta precisi\u00f3n y gran capacidad de almacenamiento de listas. Mairs ofrece los mejores torniquetes \u00f3pticos con un esc\u00e1ner de temperatura de reconocimiento facial.<\/p>\n<p>El esc\u00e1ner de temperatura de reconocimiento facial se puede utilizar con sistemas de gesti\u00f3n de aplicaciones como el sistema de gesti\u00f3n de nombre real del sitio basado en el rostro, el sistema de gesti\u00f3n de asistencia de control de acceso basado en el rostro y el sistema de gesti\u00f3n de visitantes, que es perfecto para escenarios de aplicaciones complejas que requieren monitoreo de temperatura, reconocimiento de identidad y control de acceso, como comunidades, campus, hospitales, lugares pintorescos, hoteles, centros comerciales, edificios de oficinas, lugares p\u00fablicos y obras de construcci\u00f3n.<\/p>\n<p>En t\u00e9rminos de prevenci\u00f3n y control de epidemias, reduce efectivamente los riesgos potenciales del contacto de grandes \u00e1reas con el cuerpo humano durante la medici\u00f3n de la temperatura, acorta el tiempo de medici\u00f3n de la temperatura y mejora la eficiencia de la medici\u00f3n de la temperatura. Al mismo tiempo, la gesti\u00f3n centralizada proporciona soporte de datos en tiempo real para la detecci\u00f3n y el rastreo de pacientes sospechosos y poblaci\u00f3n flotante, y ofrece una s\u00f3lida garant\u00eda de seguridad para la gesti\u00f3n en los escenarios anteriores.<\/p>\n<p><strong>Par\u00e1metro t\u00e9cnico:<\/strong><\/p>\n<p>Pantalla: pantalla IPS de 8 pulgadas<br \/>\nSensor de temperatura: sensor de temperatura infrarrojo de imagen t\u00e9rmica<br \/>\nTemperatura: Rango: 35~42\u2103<br \/>\nDistancia de detecci\u00f3n: 0,4 m ~ 0,7 m<br \/>\nLente: distancia focal 1,8 mm, campo de visi\u00f3n: 118\u00b0<br \/>\nRango din\u00e1mico: \u2265100dB<br \/>\nRelaci\u00f3n se\u00f1al\/ruido: \u226543dB (AGC APAGADO)<br \/>\nBalance de blancos: autom\u00e1tico, interior, exterior, modo de l\u00e1mpara de sodio, manual<br \/>\nReducci\u00f3n de ruido digital: admite DNR, 3DNR<br \/>\nModo d\u00eda y noche: Color fijo<br \/>\nN\u00famero de bases frontales: 20.000 hojas<br \/>\nVelocidad de reconocimiento: \u2264300ms<br \/>\nDetecci\u00f3n en vivo: soporte<br \/>\nDetecci\u00f3n de m\u00e1scara: soporte<br \/>\nTemperatura corporal: apoyo<br \/>\nSistema operativo: Android 7.1 RK3288<\/p>\n<p><strong>Caracteres del producto:<\/strong><\/p>\n<p>1. Una vez que se realiza el pedido, nuestro personal de servicio le enviar\u00e1 un enlace para descargar el software, el manual de instalaci\u00f3n y el manual de operaci\u00f3n. Si necesita asistencia, env\u00ede un correo electr\u00f3nico a nuestros vendedores para coordinar a los t\u00e9cnicos que lo ayudar\u00e1n.<br \/>\n2. Adopte la tecnolog\u00eda de reconocimiento facial fuera de l\u00ednea para reconocer m\u00faltiples razas, como asi\u00e1tica, cauc\u00e1sica y negra.<br \/>\n3. Las funciones de soporte, como el acceso a la lista blanca de reconocimiento facial, la alerta temprana de la lista negra y la foto se tomaron despu\u00e9s de pasar<br \/>\n4. Apoyar el reconocimiento de los usuarios de mascarillas<br \/>\n5. Admite un m\u00f3dulo externo de detecci\u00f3n de temperatura infrarroja de alta precisi\u00f3n, que permite la medici\u00f3n de temperatura de autoservicio sin contacto para reducir el riesgo de infecci\u00f3n cruzada<br \/>\n6. Admite alarma de voz de temperatura anormal y detiene su acceso<br \/>\n7. Admite el sistema de PC back-end para administrar de forma centralizada los registros de acceso, como la temperatura, los visitantes, la lista blanca y la trazabilidad de datos en tiempo real<br \/>\n8. Admite lector de identificaci\u00f3n externo, que permite la funci\u00f3n de comparaci\u00f3n de identificaci\u00f3n facial<br \/>\n9. Admite lector de IC\/ID externo, que permite la funci\u00f3n de comparaci\u00f3n de tarjetas faciales<br \/>\n10. Admite la detecci\u00f3n de objetos activos binoculares para evitar ataques fotogr\u00e1ficos<br \/>\n11. La recopilaci\u00f3n de rostros de autoservicio y la lista de importaci\u00f3n por lotes permiten que la gesti\u00f3n de la lista sea m\u00e1s f\u00e1cil y ahorra tiempo<br \/>\nLa voz personalizada permite la transmisi\u00f3n de voz personalizada<br \/>\n12. El esc\u00e1ner de temperatura de reconocimiento facial admite publicidad de im\u00e1genes y videos<br \/>\n13.Hasta 100.000 datos (bucle escrito)<br \/>\n14 Admite actualizaci\u00f3n USB de actualizaci\u00f3n remota en el lado de administraci\u00f3n<br \/>\n15. Interfaz abierta, compatible con desarrollo secundario y acoplamiento<br \/>\n16. Material de aleaci\u00f3n de aluminio de alta gama con tecnolog\u00eda de oxidaci\u00f3n en la superficie.<\/p>\n<p><img fetchpriority=\"high\" decoding=\"async\" class=\"alignnone size-full wp-image-1397\" src=\"https:\/\/www.mairsturnstile-online.com\/wp-content\/uploads\/2022\/05\/face-recognition-turnstile.jpg\" alt=\"\" width=\"1024\" height=\"1100\"><img decoding=\"async\" class=\"alignnone size-full wp-image-1405\" src=\"https:\/\/www.mairsturnstile-online.com\/wp-content\/uploads\/2022\/05\/turnstile-gate-access-control-system.png\" alt=\"\" width=\"1024\" height=\"900\"><img decoding=\"async\" class=\"alignnone size-full wp-image-1401\" src=\"https:\/\/www.mairsturnstile-online.com\/wp-content\/uploads\/2022\/05\/packing-of-turnstile-gate.jpg\" alt=\"\" width=\"1024\" height=\"900\"><\/p>\n","protected":false},"excerpt":{"rendered":"<p>Admite OEM y ODM. Admite dispositivos biom\u00e9tricos de terceros, como esc\u00e1ner de huellas dactilares, c\u00e1mara de reconocimiento facial. Lector de tarjetas RFID, esc\u00e1ner de c\u00f3digos QR.<\/p>\n","protected":false},"featured_media":3100,"comment_status":"closed","ping_status":"closed","template":"","meta":[],"product_cat":[],"product_tag":[],"class_list":["post-5505","product","type-product","status-publish","has-post-thumbnail","hentry"],"_links":{"self":[{"href":"https:\/\/www.mairsturnstile-online.com\/es\/wp-json\/wp\/v2\/product\/5505","targetHints":{"allow":["GET"]}}],"collection":[{"href":"https:\/\/www.mairsturnstile-online.com\/es\/wp-json\/wp\/v2\/product"}],"about":[{"href":"https:\/\/www.mairsturnstile-online.com\/es\/wp-json\/wp\/v2\/types\/product"}],"replies":[{"embeddable":true,"href":"https:\/\/www.mairsturnstile-online.com\/es\/wp-json\/wp\/v2\/comments?post=5505"}],"wp:featuredmedia":[{"embeddable":true,"href":"https:\/\/www.mairsturnstile-online.com\/es\/wp-json\/wp\/v2\/media\/3100"}],"wp:attachment":[{"href":"https:\/\/www.mairsturnstile-online.com\/es\/wp-json\/wp\/v2\/media?parent=5505"}],"wp:term":[{"taxonomy":"product_cat","embeddable":true,"href":"https:\/\/www.mairsturnstile-online.com\/es\/wp-json\/wp\/v2\/product_cat?post=5505"},{"taxonomy":"product_tag","embeddable":true,"href":"https:\/\/www.mairsturnstile-online.com\/es\/wp-json\/wp\/v2\/product_tag?post=5505"}],"curies":[{"name":"wp","href":"https:\/\/api.w.org\/{rel}","templated":true}]}}