{"id":5503,"date":"2021-09-09T01:37:27","date_gmt":"2021-09-08T17:37:27","guid":{"rendered":"https:\/\/www.mairsturnstile-online.com\/product\/tripode-vertical-torniquete-biometrico-mt113-2\/"},"modified":"2024-02-28T15:02:57","modified_gmt":"2024-02-28T07:02:57","slug":"tripode-tornillo-puertas","status":"publish","type":"product","link":"https:\/\/www.mairsturnstile-online.com\/es\/producto\/tripode-tornillo-puertas\/","title":{"rendered":"TORNIQUETES TR\u00cdPODES MT113-2"},"content":{"rendered":"<h4>Los torniquetes tr\u00edpodes tienen 2 a\u00f1os de garant\u00eda y un servicio de mantenimiento y reparaci\u00f3n duradero. Podemos proporcionar servicios de OEM y ODM.<\/h4>\n<p><strong>El torniquete biom\u00e9trico es un tipo de puerta de torniquete para peatones que se integra con una variedad de <a href=\"https:\/\/en.wikipedia.org\/wiki\/Biometric_device\" target=\"_blank\" rel=\"noopener\">dispositivos biom\u00e9tricos<\/a> y sistemas biom\u00e9tricos, como dispositivo de esc\u00e1ner de huellas dactilares, dispositivo de reconocimiento facial, lector de tarjetas RFID, para darse cuenta de la diversidad de funciones de gesti\u00f3n de puertas de torniquete para peatones y administrar mejor al personal control de acceso. <\/strong><\/p>\n<p>Por supuesto, no solo proporcionamos puertas de torniquete biom\u00e9tricas, sino tambi\u00e9n dispositivos biom\u00e9tricos, como esc\u00e1ner de huellas dactilares, c\u00e1mara de reconocimiento facial. Lector de tarjetas RFID, esc\u00e1ner de c\u00f3digos QR. Todas nuestras puertas de torniquete se pueden convertir en puertas de torniquete biom\u00e9tricas. Todas nuestras puertas de torniquete pueden integrar dispositivos biom\u00e9tricos de terceros, o podemos proporcionar estos dispositivos biom\u00e9tricos. Si necesita integrar estos dispositivos en la puerta torniquete o tiene alguna duda, <a href=\"https:\/\/www.mairsturnstile-online.com\/contact-us\/\">solicite un presupuesto<\/a> .<\/p>\n<p><strong>Par\u00e1metro t\u00e9cnico:<\/strong><\/p>\n<p>1. Tama\u00f1o: 480*280*980 mm (se puede personalizar)<br \/>\n2. Ancho de carril: 550 mm (se puede personalizar)<br \/>\n3. Velocidad de paso: 35 personas\/min.<br \/>\n4. Fuente de alimentaci\u00f3n: 110V\/220V 50\/60hz<br \/>\n5. Peso: 40 kg<br \/>\n6. Se\u00f1al de puerta abierta: contacto seco\/rel\u00e9<br \/>\n7. Material de la carcasa: acero inoxidable 304<br \/>\n8. Fiabilidad del mecanismo: 3 millones, sin culpa<br \/>\n9. Modo de funcionamiento: semiautom\u00e1tico<br \/>\n10. V\u00e1lvula solenoide: DC24V \u00b15%<br \/>\n11. Longitud del brazo: 510 mm<br \/>\n12. Sentido de rotaci\u00f3n: Bidireccional\/Unidireccional<br \/>\n13. M\u00e9todo de ca\u00edda del brazo: ca\u00edda autom\u00e1tica cuando se corta la electricidad.<br \/>\n14. Voltaje operativo: CC 24 V \u00b1 5 %<br \/>\n15. Voltaje de la luz indicadora: DC12V \u00b15% (est\u00e1ndar)<br \/>\n16. Temperatura de trabajo: -30 \u2103 ~ 60 \u2103<br \/>\n17. Humedad: 5 %\uff5e90%<br \/>\n18. Resistente al agua: IP56<br \/>\n19. Caracter\u00edstica: lector IC\/ID, lector de c\u00f3digo de barras, reconocimiento facial, huella digital, otros equipos de control de acceso, UPS, etc.<br \/>\n20. Tiempo necesario para la apertura: 0,2 s<br \/>\n21. Ambiente de trabajo: interior o exterior<br \/>\n22. Rango de aplicaci\u00f3n: comunidad, f\u00e1brica, sitio de construcci\u00f3n, escuela, lugar del resort, etc.<\/p>\n<p>Podemos proporcionarle toda la soluci\u00f3n de control de accesos de seguridad. Si dispone de su propio sistema de control de accesos, puede utilizar directamente nuestro torniquete. Si no dispone de uno, tambi\u00e9n le ofrecemos una soluci\u00f3n completa de control de accesos de seguridad. Para m\u00e1s detalles, consulte el v\u00eddeo que figura a continuaci\u00f3n.<\/p>\n<p><iframe title=\"Torniquete tr\u00edpode serie M, Torniquete serie M, Puerta de torniquete tr\u00edpode MT100 - MairsTurnstile.com\" src=\"https:\/\/www.youtube.com\/embed\/algOvzU7RdA\" width=\"1150\" height=\"650\" frameborder=\"0\" allowfullscreen=\"allowfullscreen\"><\/iframe><\/p>\n","protected":false},"excerpt":{"rendered":"<p>Admite OEM y ODM. Admite dispositivos biom\u00e9tricos de terceros, como esc\u00e1ner de huellas dactilares, c\u00e1mara de reconocimiento facial. Lector de tarjetas RFID, esc\u00e1ner de c\u00f3digos QR. <strong><a title=\"Torniquete tr\u00edpode Mairs con certificado CE\" href=\"http:\/\/mairsturnstile.com\/wp-content\/uploads\/2022\/09\/Mairs-CE-Certificate-Tripod-Turnstile.pdf\" target=\"_blank\" rel=\"noopener\">Certificado CE,<\/a> <a title=\"Certificado ISO9001 de Mairs\" href=\"http:\/\/mairsturnstile.com\/wp-content\/uploads\/2022\/09\/Mairs-Registration-Certificate-ISO9001.pdf\" target=\"_blank\" rel=\"noopener noreferrer\">Certificado ISO9001.<\/a><\/strong><\/p>\n","protected":false},"featured_media":61116,"comment_status":"closed","ping_status":"closed","template":"","meta":[],"product_cat":[104],"product_tag":[105],"class_list":["post-5503","product","type-product","status-publish","has-post-thumbnail","hentry","product_cat-torniquete-tripode","product_tag-torniquete-biometrico"],"_links":{"self":[{"href":"https:\/\/www.mairsturnstile-online.com\/es\/wp-json\/wp\/v2\/product\/5503","targetHints":{"allow":["GET"]}}],"collection":[{"href":"https:\/\/www.mairsturnstile-online.com\/es\/wp-json\/wp\/v2\/product"}],"about":[{"href":"https:\/\/www.mairsturnstile-online.com\/es\/wp-json\/wp\/v2\/types\/product"}],"replies":[{"embeddable":true,"href":"https:\/\/www.mairsturnstile-online.com\/es\/wp-json\/wp\/v2\/comments?post=5503"}],"wp:featuredmedia":[{"embeddable":true,"href":"https:\/\/www.mairsturnstile-online.com\/es\/wp-json\/wp\/v2\/media\/61116"}],"wp:attachment":[{"href":"https:\/\/www.mairsturnstile-online.com\/es\/wp-json\/wp\/v2\/media?parent=5503"}],"wp:term":[{"taxonomy":"product_cat","embeddable":true,"href":"https:\/\/www.mairsturnstile-online.com\/es\/wp-json\/wp\/v2\/product_cat?post=5503"},{"taxonomy":"product_tag","embeddable":true,"href":"https:\/\/www.mairsturnstile-online.com\/es\/wp-json\/wp\/v2\/product_tag?post=5503"}],"curies":[{"name":"wp","href":"https:\/\/api.w.org\/{rel}","templated":true}]}}