{"id":5483,"date":"2021-09-08T23:32:08","date_gmt":"2021-09-08T15:32:08","guid":{"rendered":"https:\/\/www.mairsturnstile-online.com\/product\/puerta-torniquete-abatible-slim-mt345\/"},"modified":"2024-02-28T14:56:58","modified_gmt":"2024-02-28T06:56:58","slug":"torniquetes-de-barrera-abatibles","status":"publish","type":"product","link":"https:\/\/www.mairsturnstile-online.com\/es\/producto\/torniquetes-de-barrera-abatibles\/","title":{"rendered":"PUERTA DE TORNIQUES DE BARRERA SLIM SWING MT345"},"content":{"rendered":"\r\n        <div class=\"modelViewerBlock\" data-attributes='{&quot;align&quot;:&quot;start&quot;,&quot;uniqueId&quot;:&quot;model17088&quot;,&quot;currentViewer&quot;:&quot;modelViewer&quot;,&quot;multiple&quot;:false,&quot;model&quot;:{&quot;modelUrl&quot;:&quot;https:\\\/\\\/www.mairsturnstile-online.com\\\/wp-content\\\/uploads\\\/2023\\\/07\\\/MT345.glb&quot;,&quot;poster&quot;:&quot;&quot;},&quot;O3DVSettings&quot;:{&quot;isFullscreen&quot;:true,&quot;isPagination&quot;:false,&quot;isNavigation&quot;:true,&quot;camera&quot;:null,&quot;mouseControl&quot;:true},&quot;models&quot;:[],&quot;lazyLoad&quot;:false,&quot;loading&quot;:&quot;auto&quot;,&quot;autoplay&quot;:false,&quot;shadow&quot;:true,&quot;autoRotate&quot;:true,&quot;zoom&quot;:true,&quot;isPagination&quot;:false,&quot;isNavigation&quot;:true,&quot;preload&quot;:&quot;auto&quot;,&quot;rotationPerSecond&quot;:&quot;30&quot;,&quot;mouseControl&quot;:true,&quot;fullscreen&quot;:true,&quot;variant&quot;:false,&quot;loadingPercentage&quot;:false,&quot;progressBar&quot;:true,&quot;rotate&quot;:false,&quot;rotateAlongX&quot;:&quot;0&quot;,&quot;rotateAlongY&quot;:&quot;75&quot;,&quot;exposure&quot;:1,&quot;styles&quot;:{&quot;width&quot;:&quot;1150px&quot;,&quot;height&quot;:&quot;700px&quot;,&quot;bgColor&quot;:&quot;#f9f9f9&quot;,&quot;progressBarColor&quot;:&quot;&quot;},&quot;stylesheet&quot;:null,&quot;additional&quot;:{&quot;ID&quot;:&quot;&quot;,&quot;Class&quot;:&quot;&quot;,&quot;CSS&quot;:&quot;&quot;},&quot;animation&quot;:false,&quot;woo&quot;:false,&quot;selectedAnimation&quot;:&quot;&quot;}'><\/div>\r\n\r\n        \n<p>PUERTA DE TORNIQUES DE BARRERA SLIM SWING MT345<\/p>\n<p>Podemos proporcionar servicios de OEM y ODM. Contamos con dise\u00f1adores experimentados que pueden llevar a cabo una profunda personalizaci\u00f3n de acuerdo con cualquiera de sus necesidades. Le proporcionaremos lo antes posible una serie de materiales como renders en 3D, planos acotados, etc.<\/p>\n<p>Todos nuestros productos cuentan con una garant\u00eda de 2 a\u00f1os y soporte duradero de mantenimiento y reparaci\u00f3n. Tambi\u00e9n proporcionamos dispositivos biom\u00e9tricos, como esc\u00e1neres de huellas dactilares y c\u00e1maras de reconocimiento facial. Lector de tarjetas RFID, esc\u00e1ner de c\u00f3digos QR. Si necesita integrar estos dispositivos en la puerta torniquete o tiene alguna duda, <a href=\"https:\/\/www.mairsturnstile-online.com\/contact-us\/\">solicite un presupuesto<\/a> .<\/p>\n<p>Tambi\u00e9n podemos crear un renderizado para usted en pocos minutos basado en su escenario real. Tambi\u00e9n proporcionamos esquemas y planos detallados, as\u00ed como planos de instalaci\u00f3n. No se preocupe por la instalaci\u00f3n. Descargue nuestro archivo PDF correspondiente para conocer las dimensiones espec\u00edficas y las medidas de instalaci\u00f3n.<\/p>\n\n\t\t\t\n\t<style type=\"text\/css\">\n\t\t.slider-info-17103.bafg-slider-info .bafg-slider-title {\n\t\t\t\t\t\t\tfont-size:\n\t\t\t\t\t22px\t\t\t\t;\n\t\t\t\n\t\t\t\n\t\t\t\t\t}\n\n\t\t.slider-info-17103.bafg-slider-info .bafg-slider-description {\n\t\t\t\n\t\t\t\n\t\t\t\t\t}\n\t\t\n\t\t\n\t\t.slider-info-17103.bafg-slider-info .bafg_slider_readmore_button {\n\t\t\t\n\t\t\t\n\t\t\t\n\t\t\t\n\t\t\t\n\t\t\ttext-align: center;\n\n\t\t\t\n\t\t\t\n\t\t\t\n\t\t\t\n\t\t\t\t\t}\n\n\t\t.slider-info-17103.bafg-slider-info .bafg_slider_readmore_button:hover {\n\n\t\t\t\n\t\t\t\n\t\t\t\t\t}\n\t<\/style>\n\t\n\t\t\t<div class=\"bafg-twentytwenty-container slider-17103  \"\n\t\t\t\tbafg-orientation=\"horizontal\" bafg-default-offset=\"0.5\"\n\t\t\t\tbafg-before-label=\"Before\"\n\t\t\t\tbafg-after-label=\"After\" bafg-overlay=\"1\"\n\t\t\t\tbafg-move-slider-on-hover=\"1\"\n\t\t\t\tbafg-click-to-move=\"\">\n\n\t\t\t\t\t\t\t\t<img class=\"skip-lazy\" data-skip-lazy\t\t\t\t\tsrc=\"https:\/\/www.mairsturnstile-online.com\/wp-content\/uploads\/2023\/07\/swing-barrier-turnstiles_4.jpg\" alt=\"\">\n\t\t\t\t<img class=\"skip-lazy\" data-skip-lazy\t\t\t\t\tsrc=\"https:\/\/www.mairsturnstile-online.com\/wp-content\/uploads\/2023\/07\/swing-barrier-turnstiles_5.jpg\" alt=\"\">\n\n\t\t\t<\/div>\n\n\t\t\t\t<div class=\"bafg-slider-info-wraper\">\n\t\t<div style=\"\" class=\"slider-info-17103 bafg-slider-info\">\n\t\t\t\t\t<\/div>\n\t<\/div>\n\t\n\t\t\t<style type=\"text\/css\">\n\t\t\t\t\t\t\t\t\t\t\t<\/style>\n\t\t\t\n<p><strong>Par\u00e1metro t\u00e9cnico:<\/strong><\/p>\n<p>1. Tama\u00f1o: 1400*180*980 mm (se puede personalizar)<br \/>\n2.<strong> <\/strong>Ancho de carril: 600 mm (Est\u00e1ndar) 900 mm (Discapacitados)<br \/>\n3. Material del brazo: Acr\u00edlico<br \/>\n4. Velocidad de paso: 40 personas\/min.<br \/>\n5. Fuente de alimentaci\u00f3n: 110V\/220V 50\/60Hz<br \/>\n6. Motor sin escobillas<br \/>\n7. Se\u00f1al de puerta abierta: contacto seco\/rel\u00e9<br \/>\n8. Motor de conducci\u00f3n: 24V<br \/>\n9. Peso: 70 kg\/unidad<br \/>\n10. El tama\u00f1o y el grosor del material se pueden personalizar<br \/>\n11. Material de la carcasa: acero inoxidable 304<br \/>\n12. Fiabilidad del mecanismo: 3 millones, sin culpa<br \/>\n13. Las luces LED en los brazos est\u00e1n disponibles<br \/>\n14. El LED en el aparador es opcional<br \/>\n15. Grosor del brazo oscilante: 10 mm<br \/>\n16. Direcci\u00f3n de trabajo: bidireccional\/\u00fanico direccional<br \/>\n17. Situaci\u00f3n de emergencia: se abre autom\u00e1ticamente cuando se corta la electricidad con un condensador<br \/>\n18. Humedad: \u226490\uff05<br \/>\n19. Temperatura de trabajo: -20 \u2103 ~ 60 \u2103<br \/>\n20. Distancia de comunicaci\u00f3n: \u22641200 m<br \/>\n21 Interfaz de comunicaci\u00f3n: RS485<br \/>\n22. Caracter\u00edstica: lector IC\/ID, lector de c\u00f3digo de barras, reconocimiento facial, huella digital, otros equipos de control de acceso, UPS, etc.<br \/>\n23. Tiempo necesario para la apertura: 0,2 s<br \/>\n24. Ambiente de trabajo: Interior<br \/>\n25. Rango de aplicaci\u00f3n: comunidad, f\u00e1brica, sitio de construcci\u00f3n, escuela, lugar del resort, etc.<\/p>\n<p>Podemos proporcionarle toda la soluci\u00f3n de control de accesos de seguridad. Si dispone de su propio sistema de control de accesos, puede utilizar directamente nuestro torniquete. Si no dispone de uno, tambi\u00e9n le ofrecemos una soluci\u00f3n completa de control de accesos de seguridad. Para m\u00e1s detalles, consulte el v\u00eddeo que figura a continuaci\u00f3n.<\/p>\n<p><iframe title=\"Torniquete oscilante \u00f3ptico, Torniquete de barrera oscilante, Torniquete oscilante - MairsTurnstile\" src=\"https:\/\/www.youtube.com\/embed\/hdoBSoM85u4\" width=\"1150\" height=\"650\" frameborder=\"0\" allowfullscreen=\"allowfullscreen\"><\/iframe><\/p>\n","protected":false},"excerpt":{"rendered":"<p>Admite OEM y ODM. Admite dispositivos biom\u00e9tricos de terceros, como esc\u00e1ner de huellas dactilares, c\u00e1mara de reconocimiento facial. Lector de tarjetas RFID, esc\u00e1ner de c\u00f3digos QR. <strong><a title=\"Mairs Puerta giratoria con certificado CE\" href=\"http:\/\/mairsturnstile.com\/wp-content\/uploads\/2022\/09\/Mairs-CE-Certificate-Swing-Turnstile-Gate.pdf\" target=\"_blank\" rel=\"noopener\">Certificado CE,<\/a> <a title=\"Certificado ISO9001 de Mairs\" href=\"http:\/\/mairsturnstile.com\/wp-content\/uploads\/2022\/09\/Mairs-Registration-Certificate-ISO9001.pdf\" target=\"_blank\" rel=\"noopener noreferrer\">Certificado ISO9001.<\/a><\/strong><\/p>\n<p><a title=\"Folleto de torniquetes de barrera oscilante\" href=\"http:\/\/mairsturnstile.com\/wp-content\/uploads\/2023\/12\/MT345-brochure.pdf\" target=\"_blank\" rel=\"noopener noreferrer\"><img decoding=\"async\" class=\"alignnone size-full wp-image-11034\" src=\"http:\/\/mairsturnstile.com\/wp-content\/uploads\/2022\/09\/pdf-MairsTurnstile.png\" alt=\"\" width=\"32\" height=\"32\"><span style=\"color: #0000ff;\"><strong>Folleto de torniquetes de barrera oscilante MT345<\/strong><\/span><\/a><\/p>\n","protected":false},"featured_media":16355,"comment_status":"closed","ping_status":"closed","template":"","meta":[],"product_cat":[103],"product_tag":[],"class_list":["post-5483","product","type-product","status-publish","has-post-thumbnail","hentry","product_cat-torniquete-oscilante"],"_links":{"self":[{"href":"https:\/\/www.mairsturnstile-online.com\/es\/wp-json\/wp\/v2\/product\/5483","targetHints":{"allow":["GET"]}}],"collection":[{"href":"https:\/\/www.mairsturnstile-online.com\/es\/wp-json\/wp\/v2\/product"}],"about":[{"href":"https:\/\/www.mairsturnstile-online.com\/es\/wp-json\/wp\/v2\/types\/product"}],"replies":[{"embeddable":true,"href":"https:\/\/www.mairsturnstile-online.com\/es\/wp-json\/wp\/v2\/comments?post=5483"}],"wp:featuredmedia":[{"embeddable":true,"href":"https:\/\/www.mairsturnstile-online.com\/es\/wp-json\/wp\/v2\/media\/16355"}],"wp:attachment":[{"href":"https:\/\/www.mairsturnstile-online.com\/es\/wp-json\/wp\/v2\/media?parent=5483"}],"wp:term":[{"taxonomy":"product_cat","embeddable":true,"href":"https:\/\/www.mairsturnstile-online.com\/es\/wp-json\/wp\/v2\/product_cat?post=5483"},{"taxonomy":"product_tag","embeddable":true,"href":"https:\/\/www.mairsturnstile-online.com\/es\/wp-json\/wp\/v2\/product_tag?post=5483"}],"curies":[{"name":"wp","href":"https:\/\/api.w.org\/{rel}","templated":true}]}}