{"id":5471,"date":"2021-07-18T08:40:56","date_gmt":"2021-07-18T00:40:56","guid":{"rendered":"https:\/\/www.mairsturnstile-online.com\/product\/puerta-de-velocidad-de-motor-servo-de-alta-calidad-mt-a309\/"},"modified":"2023-11-05T22:07:46","modified_gmt":"2023-11-05T14:07:46","slug":"torniquete-de-metal","status":"publish","type":"product","link":"https:\/\/www.mairsturnstile-online.com\/es\/producto\/torniquete-de-metal\/","title":{"rendered":"PUERTA DE VELOCIDAD DE TORNIQUETE DE METAL DE ALTA CALIDAD MT-A304"},"content":{"rendered":"<p>PUERTA DE VELOCIDAD DE TORNIQUETE DE METAL DE ALTA CALIDAD MT-A304<\/p>\n<p>Podemos proporcionar servicios de OEM y ODM. Contamos con dise\u00f1adores experimentados que pueden llevar a cabo una profunda personalizaci\u00f3n de acuerdo con cualquiera de sus necesidades. Le proporcionaremos lo antes posible una serie de materiales como renders en 3D, planos acotados, etc.<\/p>\n<p>Todos nuestros productos cuentan con una garant\u00eda de 2 a\u00f1os y soporte duradero de mantenimiento y reparaci\u00f3n. Tambi\u00e9n proporcionamos dispositivos biom\u00e9tricos, como esc\u00e1neres de huellas dactilares y c\u00e1maras de reconocimiento facial. Lector de tarjetas RFID, esc\u00e1ner de c\u00f3digos QR. Si necesita integrar estos dispositivos en la puerta torniquete o tiene alguna duda, <a href=\"https:\/\/www.mairsturnstile-online.com\/contact-us\/\">solicite un presupuesto<\/a> .<\/p>\n<p>Tambi\u00e9n podemos crear un renderizado para usted en pocos minutos basado en su escenario real. Tambi\u00e9n proporcionamos esquemas y planos detallados, as\u00ed como planos de instalaci\u00f3n. No se preocupe por la instalaci\u00f3n. Descargue nuestro archivo PDF correspondiente para conocer las dimensiones espec\u00edficas y las medidas de instalaci\u00f3n.<\/p>\n<p><strong>Par\u00e1metro t\u00e9cnico:<\/strong><\/p>\n<p>1. Tama\u00f1o: 1500*120*980 mm (se puede personalizar)<br \/>\n2. Material: Cap1.5 mm+cuerpo 1.2mm cepillado SUS 304<br \/>\n3. Material del brazo: Acr\u00edlico de 10 mm (opci\u00f3n de vidrio templado)<br \/>\n4. Ancho de paso: Est\u00e1ndar 600 mm m\u00e1x. 1200 mm (brazo ahuecado m\u00e1s de 900 mm)<br \/>\n5. Altura del brazo: 1500 mm m\u00e1x. (ancho de acceso de 900 mm)<br \/>\n6. Direcci\u00f3n de paso \u00danica direccional \/ bidireccional<br \/>\n7. Tasa de aprobaci\u00f3n: 30-35 personas\/minuto<br \/>\n8. Tiempo de funcionamiento: 0,2 segundos<br \/>\n9. Entrada de energ\u00eda: AC100-240V, 50\/60HZ<br \/>\n10. Voltaje de funcionamiento: 24V<br \/>\n11. Humedad de trabajo: 30%~95%<br \/>\n12. Temperatura de trabajo: -40\u2103~+70\u2103<br \/>\n13. Ambiente de trabajo: Interior<\/p>\n<p>14. Interfaz de entrada: RS485, contacto seco<br \/>\n15. Mecanismo: Motor servo sin escobillas 120W<br \/>\n16 Sensor infrarrojo: 6 pares<br \/>\n17. MCBF: 5.000.000 ciclos<br \/>\n18. Aplicaci\u00f3n: edificio de oficinas, hoteles, salas de gobierno, etc.<\/p>\n<p>Podemos proporcionarle toda la soluci\u00f3n de control de accesos de seguridad. Si dispone de su propio sistema de control de accesos, puede utilizar directamente nuestro torniquete. Si no dispone de uno, tambi\u00e9n le ofrecemos una soluci\u00f3n completa de control de accesos de seguridad. Para m\u00e1s detalles, consulte el v\u00eddeo que figura a continuaci\u00f3n.<\/p>\n<p><iframe title=\"Torniquete de aeropuerto, torniquete de puerta r\u00e1pida para aeropuerto, estaci\u00f3n de metro - MairsTurnstile.com\" src=\"https:\/\/www.youtube.com\/embed\/rR_US2dIKU8\" width=\"1150\" height=\"650\" frameborder=\"0\" allowfullscreen=\"allowfullscreen\"><\/iframe><\/p>\n","protected":false},"excerpt":{"rendered":"<p>Admite OEM y ODM. Admite dispositivos biom\u00e9tricos de terceros, como esc\u00e1ner de huellas dactilares, c\u00e1mara de reconocimiento facial. Lector de tarjetas RFID, esc\u00e1ner de c\u00f3digos QR. <span style=\"color: #0000ff;\"><strong><a style=\"color: #0000ff;\" title=\"Torniquete de velocidad Mairs con certificado CE\" href=\"http:\/\/mairsturnstile.com\/wp-content\/uploads\/2022\/09\/Mairs-CE-Certificate-Speed-Gate-Turnstile.pdf\" target=\"_blank\" rel=\"noopener noreferrer\">Certificado CE,<\/a> <a style=\"color: #0000ff;\" title=\"Certificado ISO9001 de Mairs\" href=\"http:\/\/mairsturnstile.com\/wp-content\/uploads\/2022\/09\/Mairs-Registration-Certificate-ISO9001.pdf\" target=\"_blank\" rel=\"noopener noreferrer\">Certificado ISO9001.<\/a><\/strong><\/span><\/p>\n","protected":false},"featured_media":61659,"comment_status":"closed","ping_status":"closed","template":"","meta":[],"product_cat":[102],"product_tag":[],"class_list":["post-5471","product","type-product","status-publish","has-post-thumbnail","hentry","product_cat-puertas-de-velocidad"],"_links":{"self":[{"href":"https:\/\/www.mairsturnstile-online.com\/es\/wp-json\/wp\/v2\/product\/5471","targetHints":{"allow":["GET"]}}],"collection":[{"href":"https:\/\/www.mairsturnstile-online.com\/es\/wp-json\/wp\/v2\/product"}],"about":[{"href":"https:\/\/www.mairsturnstile-online.com\/es\/wp-json\/wp\/v2\/types\/product"}],"replies":[{"embeddable":true,"href":"https:\/\/www.mairsturnstile-online.com\/es\/wp-json\/wp\/v2\/comments?post=5471"}],"wp:featuredmedia":[{"embeddable":true,"href":"https:\/\/www.mairsturnstile-online.com\/es\/wp-json\/wp\/v2\/media\/61659"}],"wp:attachment":[{"href":"https:\/\/www.mairsturnstile-online.com\/es\/wp-json\/wp\/v2\/media?parent=5471"}],"wp:term":[{"taxonomy":"product_cat","embeddable":true,"href":"https:\/\/www.mairsturnstile-online.com\/es\/wp-json\/wp\/v2\/product_cat?post=5471"},{"taxonomy":"product_tag","embeddable":true,"href":"https:\/\/www.mairsturnstile-online.com\/es\/wp-json\/wp\/v2\/product_tag?post=5471"}],"curies":[{"name":"wp","href":"https:\/\/api.w.org\/{rel}","templated":true}]}}