{"id":5458,"date":"2021-09-08T22:02:51","date_gmt":"2021-09-08T14:02:51","guid":{"rendered":"https:\/\/www.mairsturnstile-online.com\/product\/torniquete-de-altura-completa-de-120-grados-de-carril-unico-mt402\/"},"modified":"2024-11-06T20:24:50","modified_gmt":"2024-11-06T12:24:50","slug":"torniquete-simple-de-altura-completa","status":"publish","type":"product","link":"https:\/\/www.mairsturnstile-online.com\/es\/producto\/torniquete-simple-de-altura-completa\/","title":{"rendered":"TORNIQUETE DE ALTURA COMPLETA DE UN SOLO CARRIL DE 120 GRADOS MT402"},"content":{"rendered":"\r\n        <div class=\"modelViewerBlock\" data-attributes='{&quot;align&quot;:&quot;start&quot;,&quot;uniqueId&quot;:&quot;model10222&quot;,&quot;currentViewer&quot;:&quot;modelViewer&quot;,&quot;multiple&quot;:false,&quot;model&quot;:{&quot;modelUrl&quot;:&quot;https:\\\/\\\/www.mairsturnstile-online.com\\\/wp-content\\\/uploads\\\/2023\\\/07\\\/MT402.glb&quot;,&quot;poster&quot;:&quot;&quot;},&quot;O3DVSettings&quot;:{&quot;isFullscreen&quot;:true,&quot;isPagination&quot;:false,&quot;isNavigation&quot;:true,&quot;camera&quot;:null,&quot;mouseControl&quot;:true},&quot;models&quot;:[],&quot;lazyLoad&quot;:false,&quot;loading&quot;:&quot;auto&quot;,&quot;autoplay&quot;:false,&quot;shadow&quot;:true,&quot;autoRotate&quot;:true,&quot;zoom&quot;:true,&quot;isPagination&quot;:false,&quot;isNavigation&quot;:true,&quot;preload&quot;:&quot;auto&quot;,&quot;rotationPerSecond&quot;:&quot;30&quot;,&quot;mouseControl&quot;:true,&quot;fullscreen&quot;:true,&quot;variant&quot;:false,&quot;loadingPercentage&quot;:false,&quot;progressBar&quot;:true,&quot;rotate&quot;:false,&quot;rotateAlongX&quot;:&quot;0&quot;,&quot;rotateAlongY&quot;:&quot;75&quot;,&quot;exposure&quot;:1,&quot;styles&quot;:{&quot;width&quot;:&quot;1150px&quot;,&quot;height&quot;:&quot;700px&quot;,&quot;bgColor&quot;:&quot;#f9f9f9&quot;,&quot;progressBarColor&quot;:&quot;&quot;},&quot;stylesheet&quot;:null,&quot;additional&quot;:{&quot;ID&quot;:&quot;&quot;,&quot;Class&quot;:&quot;&quot;,&quot;CSS&quot;:&quot;&quot;},&quot;animation&quot;:false,&quot;woo&quot;:false,&quot;selectedAnimation&quot;:&quot;&quot;}'><\/div>\r\n\r\n        \n<p>TORNIQUETE \u00daNICO DE ALTURA COMPLETA DE 120 GRADOS MT402<\/p>\n<p>Podemos proporcionar servicios de OEM y ODM. Contamos con dise\u00f1adores experimentados que pueden llevar a cabo una profunda personalizaci\u00f3n de acuerdo con cualquiera de sus necesidades. Le proporcionaremos lo antes posible una serie de materiales como renders en 3D, planos acotados, etc.<\/p>\n<p>Todos nuestros productos cuentan con una garant\u00eda de 2 a\u00f1os y soporte duradero de mantenimiento y reparaci\u00f3n. Tambi\u00e9n proporcionamos dispositivos biom\u00e9tricos, como esc\u00e1neres de huellas dactilares y c\u00e1maras de reconocimiento facial. Lector de tarjetas RFID, esc\u00e1ner de c\u00f3digos QR. Si necesita integrar estos dispositivos en la puerta torniquete o tiene alguna duda, <a href=\"https:\/\/www.mairsturnstile-online.com\/contact-us\/\">solicite un presupuesto<\/a> .<\/p>\n<p>Tambi\u00e9n podemos crear un renderizado para usted en pocos minutos basado en su escenario real. Tambi\u00e9n proporcionamos esquemas y planos detallados, as\u00ed como planos de instalaci\u00f3n. No se preocupe por la instalaci\u00f3n. Descargue nuestro archivo PDF correspondiente para conocer las dimensiones espec\u00edficas y las medidas de instalaci\u00f3n.<\/p>\n\n\t\t\t\n\t<style type=\"text\/css\">\n\t\t.slider-info-11516.bafg-slider-info .bafg-slider-title {\n\t\t\t\t\t\t\tfont-size:\n\t\t\t\t\t22px\t\t\t\t;\n\t\t\t\n\t\t\t\n\t\t\t\t\t}\n\n\t\t.slider-info-11516.bafg-slider-info .bafg-slider-description {\n\t\t\t\n\t\t\t\n\t\t\t\t\t}\n\t\t\n\t\t\n\t\t.slider-info-11516.bafg-slider-info .bafg_slider_readmore_button {\n\t\t\t\n\t\t\t\n\t\t\t\n\t\t\t\n\t\t\t\n\t\t\ttext-align: center;\n\n\t\t\t\n\t\t\t\n\t\t\t\n\t\t\t\n\t\t\t\t\t}\n\n\t\t.slider-info-11516.bafg-slider-info .bafg_slider_readmore_button:hover {\n\n\t\t\t\n\t\t\t\n\t\t\t\t\t}\n\t<\/style>\n\t\n\t\t\t<div class=\"bafg-twentytwenty-container slider-11516  \"\n\t\t\t\tbafg-orientation=\"horizontal\" bafg-default-offset=\"0.5\"\n\t\t\t\tbafg-before-label=\"Before\"\n\t\t\t\tbafg-after-label=\"After\" bafg-overlay=\"1\"\n\t\t\t\tbafg-move-slider-on-hover=\"1\"\n\t\t\t\tbafg-click-to-move=\"\">\n\n\t\t\t\t\t\t\t\t<img class=\"skip-lazy\" data-skip-lazy\t\t\t\t\tsrc=\"https:\/\/www.mairsturnstile-online.com\/wp-content\/uploads\/2023\/07\/single-full-height-turnstile_4.jpg\" alt=\"\">\n\t\t\t\t<img class=\"skip-lazy\" data-skip-lazy\t\t\t\t\tsrc=\"https:\/\/www.mairsturnstile-online.com\/wp-content\/uploads\/2023\/07\/single-full-height-turnstile_5.jpg\" alt=\"\">\n\n\t\t\t<\/div>\n\n\t\t\t\t<div class=\"bafg-slider-info-wraper\">\n\t\t<div style=\"\" class=\"slider-info-11516 bafg-slider-info\">\n\t\t\t\t\t<\/div>\n\t<\/div>\n\t\n\t\t\t<style type=\"text\/css\">\n\t\t\t\t\t\t\t\t\t\t\t<\/style>\n\t\t\t\n<p><strong>Par\u00e1metro t\u00e9cnico:<\/strong><\/p>\n<p>1. Tama\u00f1o: 1630*1500*2310 mm (se puede personalizar)<br \/>\n2. Ancho de carril: 650 mm (se puede personalizar)<br \/>\n3. Velocidad de paso: 30 personas\/min.<br \/>\n4. Fuente de alimentaci\u00f3n: 110V\/220V 50\/60Hz<br \/>\n5. Solenoide: DC24V<br \/>\n6. Entrada de puerta abierta: contacto seco\/rel\u00e9<br \/>\n7. Voltaje l\u00f3gico: DC24V<br \/>\n8. Material de la carcasa: acero inoxidable 304<br \/>\n9. Fiabilidad del mecanismo: 5 millones, sin culpa<br \/>\n10. El mecanismo viene con amortiguador hidr\u00e1ulico para amortiguar los golpes.<br \/>\n11. Accionamiento: Operado semiautom\u00e1tico<br \/>\n12. Longitud del brazo: 640 mm<br \/>\n13. Sentido de giro: Bidireccional\/Unidireccional<br \/>\n14. Situaci\u00f3n de emergencia: en caso de emergencia o aislamiento de la fuente de alimentaci\u00f3n, la puerta giratoria se puede configurar a prueba de fallas, es decir, gira libremente o se bloquea en caso de fallas.<br \/>\n15. Humedad: \u226495\uff05<br \/>\n16. Temperatura de trabajo: -25 \u2103 ~ 60 \u2103<br \/>\n17. Caracter\u00edstica opcional: Lector de IC\/ID, lector de c\u00f3digo de barras, otros equipos R\/W, UPS, detector de infrarrojos<br \/>\n18. Distancia de comunicaci\u00f3n: \u22641200 m<br \/>\n19 Interfaz de comunicaci\u00f3n: RS485<br \/>\n20. El tama\u00f1o se puede personalizar<br \/>\n21. Tiempo necesario para la apertura: 0,2 s regulable<br \/>\n22. Entorno de trabajo: interior o exterior (al aire libre es opcional)<br \/>\n23. Rango de aplicaci\u00f3n: comunidad, f\u00e1brica, sitio de construcci\u00f3n, escuela, lugar del resort, etc.<\/p>\n<p>Podemos proporcionarle toda la soluci\u00f3n de control de accesos de seguridad. Si dispone de su propio sistema de control de accesos, puede utilizar directamente nuestro torniquete. Si no tiene uno, tambi\u00e9n ofrecemos una soluci\u00f3n completa de control de acceso de seguridad. Para m\u00e1s detalles, consulte el v\u00eddeo que figura a continuaci\u00f3n.<\/p>\n<p><iframe title=\"Torniquete biom\u00e9trico de altura completa, Torniquete de altura completa con reconocimiento facial - MairsTurnstile\" src=\"https:\/\/www.youtube.com\/embed\/cy4ZzmrIfx0\" width=\"1150\" height=\"650\" frameborder=\"0\" allowfullscreen=\"allowfullscreen\"><span data-mce-type=\"bookmark\" style=\"display: inline-block; width: 0px; overflow: hidden; line-height: 0;\" class=\"mce_SELRES_start\"><\/span><span data-mce-type=\"bookmark\" style=\"display: inline-block; width: 0px; overflow: hidden; line-height: 0;\" class=\"mce_SELRES_start\"><\/span><span data-mce-type=\"bookmark\" style=\"display: inline-block; width: 0px; overflow: hidden; line-height: 0;\" class=\"mce_SELRES_start\"><\/span><\/iframe><\/p>\n","protected":false},"excerpt":{"rendered":"<p>Admite OEM y ODM. Admite dispositivos biom\u00e9tricos de terceros, como esc\u00e1ner de huellas dactilares, c\u00e1mara de reconocimiento facial. RFID card reader, QR code scanner. <strong><a title=\"Torniquete de altura completa Mairs con certificado CE\" href=\"http:\/\/mairsturnstile.com\/wp-content\/uploads\/2022\/09\/Mairs-CE-Certificate-Full-Height-Turnstile.pdf\" target=\"_blank\" rel=\"noopener noreferrer\">CE Certificated,<\/a> <a title=\"Certificado ISO9001 de Mairs\" href=\"http:\/\/mairsturnstile.com\/wp-content\/uploads\/2022\/09\/Mairs-Registration-Certificate-ISO9001.pdf\" target=\"_blank\" rel=\"noopener noreferrer\">ISO9001 Certificated.<\/a> Please check: <a href=\"https:\/\/www.mairsturnstile-online.com\/full-height-turnstile-series\/\" target=\"_blank\" rel=\"noopener\"><span style=\"color: #0000ff;\">New Full Height Turnstile Series<\/span><\/a><\/strong><\/p>\n<p><a title=\"Folleto de torniquetes para peatones de altura completa\" href=\"https:\/\/mairsturnstile.com\/wp-content\/uploads\/2023\/12\/MT402-brochure.pdf\" target=\"_blank\" rel=\"noopener noreferrer\"><img decoding=\"async\" class=\"alignnone size-full wp-image-11034\" src=\"http:\/\/mairsturnstile.com\/wp-content\/uploads\/2022\/09\/pdf-MairsTurnstile.png\" alt=\"\" width=\"32\" height=\"32\"><span style=\"color: #0000ff;\"><strong>Folleto de torniquetes para peatones de altura completa MT402<\/strong><\/span><\/a><\/p>\n<p><a title=\"Manual de instalaci\u00f3n de torniquete de altura completa.\" href=\"http:\/\/mairsturnstile.com\/wp-content\/uploads\/2023\/09\/Full-height-turnstile-installation-manual.pdf\" target=\"_blank\" rel=\"noopener noreferrer\"><img decoding=\"async\" class=\"alignnone size-full wp-image-11034\" src=\"http:\/\/mairsturnstile.com\/wp-content\/uploads\/2022\/09\/pdf-MairsTurnstile.png\" alt=\"\" width=\"32\" height=\"32\"><strong><span style=\"color: #0000ff;\"> Manual de instalaci\u00f3n y usuario del torniquete de altura completa<\/span><\/strong><\/a><\/p>\n","protected":false},"featured_media":13680,"comment_status":"closed","ping_status":"closed","template":"","meta":[],"product_cat":[101],"product_tag":[],"class_list":["post-5458","product","type-product","status-publish","has-post-thumbnail","hentry","product_cat-torniquetes-de-altura-completa"],"_links":{"self":[{"href":"https:\/\/www.mairsturnstile-online.com\/es\/wp-json\/wp\/v2\/product\/5458","targetHints":{"allow":["GET"]}}],"collection":[{"href":"https:\/\/www.mairsturnstile-online.com\/es\/wp-json\/wp\/v2\/product"}],"about":[{"href":"https:\/\/www.mairsturnstile-online.com\/es\/wp-json\/wp\/v2\/types\/product"}],"replies":[{"embeddable":true,"href":"https:\/\/www.mairsturnstile-online.com\/es\/wp-json\/wp\/v2\/comments?post=5458"}],"wp:featuredmedia":[{"embeddable":true,"href":"https:\/\/www.mairsturnstile-online.com\/es\/wp-json\/wp\/v2\/media\/13680"}],"wp:attachment":[{"href":"https:\/\/www.mairsturnstile-online.com\/es\/wp-json\/wp\/v2\/media?parent=5458"}],"wp:term":[{"taxonomy":"product_cat","embeddable":true,"href":"https:\/\/www.mairsturnstile-online.com\/es\/wp-json\/wp\/v2\/product_cat?post=5458"},{"taxonomy":"product_tag","embeddable":true,"href":"https:\/\/www.mairsturnstile-online.com\/es\/wp-json\/wp\/v2\/product_tag?post=5458"}],"curies":[{"name":"wp","href":"https:\/\/api.w.org\/{rel}","templated":true}]}}