{"id":5449,"date":"2021-09-08T22:36:34","date_gmt":"2021-09-08T14:36:34","guid":{"rendered":"https:\/\/www.mairsturnstile-online.com\/product\/puerta-torniquete-a-la-altura-de-la-cintura-mt501\/"},"modified":"2026-05-05T22:36:29","modified_gmt":"2026-05-05T14:36:29","slug":"puerta-torniquete-a-la-cintura-mt501","status":"publish","type":"product","link":"https:\/\/www.mairsturnstile-online.com\/es\/producto\/puerta-torniquete-a-la-cintura-mt501\/","title":{"rendered":"PUERTA TORNIQUETE A LA ALTURA DE LA CINTURA MT501"},"content":{"rendered":"<p>\r\n        <div class=\"modelViewerBlock\" data-attributes='{&quot;align&quot;:&quot;start&quot;,&quot;uniqueId&quot;:&quot;model12925&quot;,&quot;currentViewer&quot;:&quot;modelViewer&quot;,&quot;multiple&quot;:false,&quot;model&quot;:{&quot;modelUrl&quot;:&quot;https:\\\/\\\/www.mairsturnstile-online.com\\\/wp-content\\\/uploads\\\/2023\\\/06\\\/MT501.glb&quot;,&quot;poster&quot;:&quot;&quot;},&quot;O3DVSettings&quot;:{&quot;isFullscreen&quot;:true,&quot;isPagination&quot;:false,&quot;isNavigation&quot;:true,&quot;camera&quot;:null,&quot;mouseControl&quot;:true},&quot;models&quot;:[],&quot;lazyLoad&quot;:false,&quot;loading&quot;:&quot;auto&quot;,&quot;autoplay&quot;:false,&quot;shadow&quot;:true,&quot;autoRotate&quot;:true,&quot;zoom&quot;:true,&quot;isPagination&quot;:false,&quot;isNavigation&quot;:true,&quot;preload&quot;:&quot;auto&quot;,&quot;rotationPerSecond&quot;:&quot;30&quot;,&quot;mouseControl&quot;:true,&quot;fullscreen&quot;:true,&quot;variant&quot;:false,&quot;loadingPercentage&quot;:false,&quot;progressBar&quot;:true,&quot;rotate&quot;:false,&quot;rotateAlongX&quot;:&quot;0&quot;,&quot;rotateAlongY&quot;:&quot;75&quot;,&quot;exposure&quot;:1,&quot;styles&quot;:{&quot;width&quot;:&quot;1150px&quot;,&quot;height&quot;:&quot;700px&quot;,&quot;bgColor&quot;:&quot;#f9f9f9&quot;,&quot;progressBarColor&quot;:&quot;&quot;},&quot;stylesheet&quot;:null,&quot;additional&quot;:{&quot;ID&quot;:&quot;&quot;,&quot;Class&quot;:&quot;&quot;,&quot;CSS&quot;:&quot;&quot;},&quot;animation&quot;:false,&quot;woo&quot;:false,&quot;selectedAnimation&quot;:&quot;&quot;}'><\/div>\r\n\r\n        <br \/>\nTorno de altura media: Alto rendimiento, acceso con protecci\u00f3n anti-intrusi\u00f3n. Controle el tr\u00e1fico de gran volumen con nuestro torno de altura media. Capacidad de hasta 50 personas por minuto, funcionamiento bidireccional, funciones anti-passback y anti-intrusi\u00f3n. Fabricado en acero inoxidable 304, presenta un dise\u00f1o elegante de altura media. Dise\u00f1o \u00fanico, seguridad elegante a la altura de la cintura. Descubra nuestro torno de altura media, dotado de un dise\u00f1o exclusivo. Acero inoxidable 304 cepillado, perfil compacto de altura media y un rendimiento de 35 a 50 personas por minuto. Est\u00e9tica moderna y elegante, ideal para vest\u00edbulos corporativos y gimnasios.     <\/p>\n<p>Podemos ofrecer servicios OEM y ODM. Contamos con dise\u00f1adores experimentados capaces de realizar una personalizaci\u00f3n exhaustiva de acuerdo con cualquiera de sus necesidades. Le proporcionaremos una serie de materiales \u2014tales como renderizados en 3D, planos dimensionales, etc.\u2014 a la mayor brevedad posible.  Torno de altura media personalizado \u2013 Dise\u00f1o OEM, acabado en color RAL. Cree su torno de altura media a medida con acabado en pintura electrost\u00e1tica (polvo) en color RAL o en acero inoxidable cepillado. Dise\u00f1o elegante de altura media, integraci\u00f3n total con sistemas de control de acceso. Servicios OEM\/ODM disponibles. Se adapta a la est\u00e9tica de su marca. Preparado para biometr\u00eda (rostro y huella digital): integre nuestro torno de altura media con sistemas RFID, lectores de huellas, reconocimiento facial y c\u00f3digos QR. Dise\u00f1o estilizado de altura media, capacidad de 35 a 50 personas por minuto, fabricado en acero inoxidable 304. Control de acceso inteligente para instalaciones modernas.      <\/p>\n<p>Torno de altura media para estadios, gimnasios y arenas. Asegure recintos de alto tr\u00e1fico con nuestro torno de altura media. Fabricado en acero inoxidable 304, presenta un dise\u00f1o a la altura de la cintura para una visibilidad clara, con una capacidad de hasta 50 personas por minuto y funcionamiento bidireccional. Ideal para la gesti\u00f3n de multitudes y el control de acceso. Compare nuestro torno de altura media con los modelos de altura completa: ofrece un menor costo, un flujo de paso m\u00e1s r\u00e1pido (50 personas\/min), f\u00e1cil instalaci\u00f3n y una visibilidad despejada. Destaca por su dise\u00f1o est\u00e9tico \u00fanico. Es la soluci\u00f3n perfecta para \u00e1reas que requieren un nivel de seguridad moderado. Torno de altura media para vest\u00edbulos corporativos y oficinas. Eleve el nivel de seguridad de su oficina con nuestro torno de altura media. Fabricado en acero inoxidable cepillado, cuenta con un elegante dise\u00f1o de gabinete a la altura de la cintura y est\u00e1 preparado para la integraci\u00f3n de sistemas de huella digital y RFID. Capacidad de 35 a 50 personas por minuto. Un sistema de control de acceso elegante para entornos laborales modernos.          <\/p>\n<p>Todos nuestros productos cuentan con una garant\u00eda de 2 a\u00f1os y un s\u00f3lido soporte de mantenimiento y reparaci\u00f3n. Tambi\u00e9n suministramos dispositivos biom\u00e9tricos, tales como esc\u00e1neres de huellas dactilares y c\u00e1maras de reconocimiento facial. Lector de tarjetas RFID, esc\u00e1ner de c\u00f3digos QR. Si necesita integrar estos dispositivos en el torniquete o tiene alguna pregunta, por favor <a href=\"https:\/\/www.mairsturnstile-online.com\/contact-us\/\">solicite un presupuesto<\/a>. Ofrezca un acceso inclusivo con nuestro torniquete de altura a la cintura, conforme a la normativa ADA. Cuenta con un paso amplio para sillas de ruedas y cochecitos, capacidad de 35 a 50 personas por minuto y est\u00e1 fabricado en acero inoxidable 304. Presenta un dise\u00f1o est\u00e9tico \u00fanico, ideal para instalaciones p\u00fablicas.  <\/p>\n<p>Torno de media altura asequible \u2013 Calidad premium, bajo costo. Obtenga el mejor valor en tornos a la altura de la cintura sin sacrificar un dise\u00f1o \u00fanico ni la durabilidad. Acero inoxidable 304, hasta 50 personas\/min, bajo mantenimiento, precios competitivos. Control de acceso rentable.  <\/p>\n<p>Tambi\u00e9n podemos crear una representaci\u00f3n para usted en cuesti\u00f3n de minutos, bas\u00e1ndonos en su escenario real. Tambi\u00e9n proporcionamos dise\u00f1os y planos detallados, as\u00ed como planos de instalaci\u00f3n. No se preocupe por la instalaci\u00f3n. Por favor, descargue nuestro archivo PDF correspondiente para consultar las dimensiones espec\u00edficas y las dimensiones de instalaci\u00f3n. <\/p>\n\n\t\t\t\n\t<style type=\"text\/css\">\n\t\t.slider-info-12843.bafg-slider-info .bafg-slider-title {\n\t\t\t\t\t\t\tfont-size:\n\t\t\t\t\t22px\t\t\t\t;\n\t\t\t\n\t\t\t\n\t\t\t\t\t}\n\n\t\t.slider-info-12843.bafg-slider-info .bafg-slider-description {\n\t\t\t\n\t\t\t\n\t\t\t\t\t}\n\t\t\n\t\t\n\t\t.slider-info-12843.bafg-slider-info .bafg_slider_readmore_button {\n\t\t\t\n\t\t\t\n\t\t\t\n\t\t\t\n\t\t\t\n\t\t\ttext-align: center;\n\n\t\t\t\n\t\t\t\n\t\t\t\n\t\t\t\n\t\t\t\t\t}\n\n\t\t.slider-info-12843.bafg-slider-info .bafg_slider_readmore_button:hover {\n\n\t\t\t\n\t\t\t\n\t\t\t\t\t}\n\t<\/style>\n\t\n\t\t\t<div class=\"bafg-twentytwenty-container slider-12843  \"\n\t\t\t\tbafg-orientation=\"horizontal\" bafg-default-offset=\"0.5\"\n\t\t\t\tbafg-before-label=\"Before\"\n\t\t\t\tbafg-after-label=\"After\" bafg-overlay=\"1\"\n\t\t\t\tbafg-move-slider-on-hover=\"1\"\n\t\t\t\tbafg-click-to-move=\"\">\n\n\t\t\t\t\t\t\t\t<img class=\"skip-lazy\" data-skip-lazy\t\t\t\t\tsrc=\"https:\/\/www.mairsturnstile-online.com\/wp-content\/uploads\/2023\/06\/waist-height-turnstile-gate_8.jpg\" alt=\"\">\n\t\t\t\t<img class=\"skip-lazy\" data-skip-lazy\t\t\t\t\tsrc=\"https:\/\/www.mairsturnstile-online.com\/wp-content\/uploads\/2023\/06\/waist-height-turnstile-gate_9.jpg\" alt=\"\">\n\n\t\t\t<\/div>\n\n\t\t\t\t<div class=\"bafg-slider-info-wraper\">\n\t\t<div style=\"\" class=\"slider-info-12843 bafg-slider-info\">\n\t\t\t\t\t<\/div>\n\t<\/div>\n\t\n\t\t\t<style type=\"text\/css\">\n\t\t\t\t\t\t\t\t\t\t\t<\/style>\n\t\t\t\n<p><strong>Par\u00e1metro t\u00e9cnico:<\/strong><\/p>\n<p>1. Tama\u00f1o: 1400*1100*1150 mm (se puede personalizar)<br \/>\n2. Ancho de carril: 600 mm (se puede personalizar)<br \/>\n3. Velocidad de paso: 30 personas\/min.<br \/>\n4. Fuente de alimentaci\u00f3n: 110V\/220V 50\/60Hz<br \/>\n5. Solenoide: DC24V<br \/>\n6. Se\u00f1al de puerta abierta: contacto seco\/rel\u00e9<br \/>\n7. Voltaje l\u00f3gico: DC24V<br \/>\n8. Material de la carcasa: acero inoxidable 304<br \/>\n9. Fiabilidad del mecanismo: 5 millones, sin culpa<br \/>\n10. Mecanismo con amortiguador hidr\u00e1ulico para amortiguaci\u00f3n<br \/>\n11. Accionamiento: Operado semiautom\u00e1tico<br \/>\n12. Ancho de carril: 600-660 mm<br \/>\n13. Sentido de giro: Bidireccional<br \/>\n14. Situaci\u00f3n de emergencia: en caso de emergencia o aislamiento de la fuente de alimentaci\u00f3n, la puerta giratoria se puede configurar para que funcione a prueba de fallas, gire libremente o se bloquee en caso de fallas.<br \/>\n15. Humedad: \u226495\uff05<br \/>\n16. Temperatura de trabajo: -25 \u2103 ~ 60 \u2103<br \/>\n17. Caracter\u00edstica opcional: lector IC\/ID, lector de c\u00f3digo de barras, reconocimiento facial, huella digital, otros equipos de control de acceso, UPS, etc.<br \/>\n18. Distancia de comunicaci\u00f3n: \u22641200 m<br \/>\n19 Interfaz de comunicaci\u00f3n: RS485<br \/>\n20. El tama\u00f1o se puede personalizar<br \/>\n21. Tiempo necesario para la apertura: 0,2 s<br \/>\n22. Entorno de trabajo: interior o exterior (al aire libre es opcional)<br \/>\n23. Rango de aplicaci\u00f3n: comunidad, f\u00e1brica, sitio de construcci\u00f3n, escuela, lugar del resort, etc.<\/p>\n<p>Podemos proporcionar la soluci\u00f3n integral de control de acceso y seguridad. Si ya cuenta con su propio sistema de control de acceso, puede utilizar directamente nuestros torniquetes.  Si no cuenta con uno, tambi\u00e9n ofrecemos una soluci\u00f3n integral de control de acceso y seguridad. Por favor, consulte el video a continuaci\u00f3n para obtener m\u00e1s detalles.<br \/>\n<iframe title=\"Torniquete biom\u00e9trico de altura completa, Torniquete de altura completa con reconocimiento facial - MairsTurnstile\" src=\"https:\/\/www.youtube.com\/embed\/cy4ZzmrIfx0\" width=\"1110\" height=\"650\" frameborder=\"0\" allowfullscreen=\"allowfullscreen\"><\/iframe><\/p>\n","protected":false},"excerpt":{"rendered":"<p>Expert advice, Free design, OEM Logo, Color &amp; Size Available, Global Export, Fast sample shipping, Low MOQ. Get factory direct wholesale pricing from a trusted manufacturer, Long-term cooperation support for global agents &amp; wholesalers.<strong><a title=\"Torniquete de altura completa Mairs con certificado CE\" href=\"http:\/\/mairsturnstile.com\/wp-content\/uploads\/2022\/09\/Mairs-CE-Certificate-Full-Height-Turnstile.pdf\" target=\"_blank\" rel=\"noopener noreferrer\">CE Certificated,<\/a><a title=\"Mairs ISO9001 Certificate\" href=\"http:\/\/mairsturnstile.com\/wp-content\/uploads\/2022\/09\/Mairs-Registration-Certificate-ISO9001.pdf\" target=\"_blank\" rel=\"noopener noreferrer\">ISO9001 Certificated.<\/a><\/strong> Please check the new design: <strong><a href=\"https:\/\/www.mairsturnstile-online.com\/full-height-turnstile-series\/\" target=\"_blank\" rel=\"noopener\"><span style=\"color: #fcaf3b;\">New Full Height Turnstile Series<\/span><\/a><\/strong> <\/p>\n<p><a title=\"Folleto de torniquetes de cuerpo entero\" href=\"https:\/\/mairsturnstile-online.com\/flipbook\/mt405-full-height-turnstile-brochure\" target=\"_blank\" rel=\"noopener noreferrer\"><img decoding=\"async\" class=\"alignnone size-full wp-image-11034\" src=\"http:\/\/mairsturnstile.com\/wp-content\/uploads\/2022\/09\/pdf-MairsTurnstile.png\" alt=\"\" width=\"32\" height=\"32\"><span style=\"color: #fcaf3b;\"><strong>MT405 Folleto de torniquetes de cuerpo entero<\/strong><\/span><\/a><\/p>\n<p><a title=\"Manual de instalaci\u00f3n de torniquete de altura completa.\" href=\"http:\/\/mairsturnstile.com\/wp-content\/uploads\/2023\/09\/Full-height-turnstile-installation-manual.pdf\" target=\"_blank\" rel=\"noopener noreferrer\"><img decoding=\"async\" class=\"alignnone size-full wp-image-11034\" src=\"http:\/\/mairsturnstile.com\/wp-content\/uploads\/2022\/09\/pdf-MairsTurnstile.png\" alt=\"\" width=\"32\" height=\"32\"><strong><span style=\"color: #fcaf3b;\"> Manual de instalaci\u00f3n y usuario del torniquete de altura completa<\/span><\/strong><\/a><\/p>\n","protected":false},"featured_media":12761,"comment_status":"closed","ping_status":"closed","template":"","meta":[],"product_cat":[101],"product_tag":[],"class_list":["post-5449","product","type-product","status-publish","has-post-thumbnail","hentry","product_cat-torniquetes-de-altura-completa"],"_links":{"self":[{"href":"https:\/\/www.mairsturnstile-online.com\/es\/wp-json\/wp\/v2\/product\/5449","targetHints":{"allow":["GET"]}}],"collection":[{"href":"https:\/\/www.mairsturnstile-online.com\/es\/wp-json\/wp\/v2\/product"}],"about":[{"href":"https:\/\/www.mairsturnstile-online.com\/es\/wp-json\/wp\/v2\/types\/product"}],"replies":[{"embeddable":true,"href":"https:\/\/www.mairsturnstile-online.com\/es\/wp-json\/wp\/v2\/comments?post=5449"}],"wp:featuredmedia":[{"embeddable":true,"href":"https:\/\/www.mairsturnstile-online.com\/es\/wp-json\/wp\/v2\/media\/12761"}],"wp:attachment":[{"href":"https:\/\/www.mairsturnstile-online.com\/es\/wp-json\/wp\/v2\/media?parent=5449"}],"wp:term":[{"taxonomy":"product_cat","embeddable":true,"href":"https:\/\/www.mairsturnstile-online.com\/es\/wp-json\/wp\/v2\/product_cat?post=5449"},{"taxonomy":"product_tag","embeddable":true,"href":"https:\/\/www.mairsturnstile-online.com\/es\/wp-json\/wp\/v2\/product_tag?post=5449"}],"curies":[{"name":"wp","href":"https:\/\/api.w.org\/{rel}","templated":true}]}}