{"id":5446,"date":"2022-02-20T00:35:53","date_gmt":"2022-02-19T16:35:53","guid":{"rendered":"https:\/\/www.mairsturnstile-online.com\/product\/torniquete-giratorio-de-altura-completa-mt405\/"},"modified":"2024-02-28T15:07:40","modified_gmt":"2024-02-28T07:07:40","slug":"torniquete-puerta-giratoria","status":"publish","type":"product","link":"https:\/\/www.mairsturnstile-online.com\/es\/producto\/torniquete-puerta-giratoria\/","title":{"rendered":"TORNIQUETE DE ALTURA COMPLETA PUERTA GIRATORIA MT405"},"content":{"rendered":"\r\n        <div class=\"modelViewerBlock\" data-attributes='{&quot;align&quot;:&quot;start&quot;,&quot;uniqueId&quot;:&quot;model11532&quot;,&quot;currentViewer&quot;:&quot;modelViewer&quot;,&quot;multiple&quot;:false,&quot;model&quot;:{&quot;modelUrl&quot;:&quot;https:\\\/\\\/www.mairsturnstile-online.com\\\/wp-content\\\/uploads\\\/2023\\\/07\\\/MT405.glb&quot;,&quot;poster&quot;:&quot;&quot;},&quot;O3DVSettings&quot;:{&quot;isFullscreen&quot;:true,&quot;isPagination&quot;:false,&quot;isNavigation&quot;:true,&quot;camera&quot;:null,&quot;mouseControl&quot;:true},&quot;models&quot;:[],&quot;lazyLoad&quot;:false,&quot;loading&quot;:&quot;auto&quot;,&quot;autoplay&quot;:false,&quot;shadow&quot;:true,&quot;autoRotate&quot;:true,&quot;zoom&quot;:true,&quot;isPagination&quot;:false,&quot;isNavigation&quot;:true,&quot;preload&quot;:&quot;auto&quot;,&quot;rotationPerSecond&quot;:&quot;30&quot;,&quot;mouseControl&quot;:true,&quot;fullscreen&quot;:true,&quot;variant&quot;:false,&quot;loadingPercentage&quot;:false,&quot;progressBar&quot;:true,&quot;rotate&quot;:false,&quot;rotateAlongX&quot;:&quot;0&quot;,&quot;rotateAlongY&quot;:&quot;75&quot;,&quot;exposure&quot;:1,&quot;styles&quot;:{&quot;width&quot;:&quot;1150px&quot;,&quot;height&quot;:&quot;700px&quot;,&quot;bgColor&quot;:&quot;#f2f2f2&quot;,&quot;progressBarColor&quot;:&quot;&quot;},&quot;stylesheet&quot;:null,&quot;additional&quot;:{&quot;ID&quot;:&quot;&quot;,&quot;Class&quot;:&quot;&quot;,&quot;CSS&quot;:&quot;&quot;},&quot;animation&quot;:false,&quot;woo&quot;:false,&quot;selectedAnimation&quot;:&quot;&quot;}'><\/div>\r\n\r\n        \n<p>TORNIQUETE DE ALTURA COMPLETA PUERTA GIRATORIA MT405<\/p>\n<p>Podemos proporcionar servicios de OEM y ODM. Contamos con dise\u00f1adores experimentados que pueden llevar a cabo una profunda personalizaci\u00f3n de acuerdo con cualquiera de sus necesidades. Le proporcionaremos lo antes posible una serie de materiales como renders en 3D, planos acotados, etc.<\/p>\n<p>Todos nuestros productos cuentan con una garant\u00eda de 2 a\u00f1os y soporte duradero de mantenimiento y reparaci\u00f3n. Tambi\u00e9n ofrecemos dispositivos biom\u00e9tricos, como esc\u00e1neres de huellas dactilares y c\u00e1maras de reconocimiento facial. Lector de tarjetas RFID, esc\u00e1ner de c\u00f3digos QR. Si necesita integrar estos dispositivos en la puerta torniquete o tiene alguna duda, <a href=\"https:\/\/www.mairsturnstile-online.com\/contact-us\/\">solicite un presupuesto<\/a> .<\/p>\n<p>Tambi\u00e9n podemos crear un renderizado para usted en pocos minutos basado en su escenario real. Tambi\u00e9n proporcionamos dise\u00f1os y planos detallados, as\u00ed como planos de instalaci\u00f3n. No se preocupe por la instalaci\u00f3n. Descargue nuestro archivo PDF correspondiente para conocer las dimensiones espec\u00edficas y las medidas de instalaci\u00f3n.<br \/>\n\n\t\t\t\n\t<style type=\"text\/css\">\n\t\t.slider-info-11564.bafg-slider-info .bafg-slider-title {\n\t\t\t\t\t\t\tfont-size:\n\t\t\t\t\t22px\t\t\t\t;\n\t\t\t\n\t\t\t\n\t\t\t\t\t}\n\n\t\t.slider-info-11564.bafg-slider-info .bafg-slider-description {\n\t\t\t\n\t\t\t\n\t\t\t\t\t}\n\t\t\n\t\t\n\t\t.slider-info-11564.bafg-slider-info .bafg_slider_readmore_button {\n\t\t\t\n\t\t\t\n\t\t\t\n\t\t\t\n\t\t\t\n\t\t\ttext-align: center;\n\n\t\t\t\n\t\t\t\n\t\t\t\n\t\t\t\n\t\t\t\t\t}\n\n\t\t.slider-info-11564.bafg-slider-info .bafg_slider_readmore_button:hover {\n\n\t\t\t\n\t\t\t\n\t\t\t\t\t}\n\t<\/style>\n\t\n\t\t\t<div class=\"bafg-twentytwenty-container slider-11564  \"\n\t\t\t\tbafg-orientation=\"horizontal\" bafg-default-offset=\"0.5\"\n\t\t\t\tbafg-before-label=\"Before\"\n\t\t\t\tbafg-after-label=\"After\" bafg-overlay=\"1\"\n\t\t\t\tbafg-move-slider-on-hover=\"1\"\n\t\t\t\tbafg-click-to-move=\"\">\n\n\t\t\t\t\t\t\t\t<img class=\"skip-lazy\" data-skip-lazy\t\t\t\t\tsrc=\"https:\/\/www.mairsturnstile-online.com\/wp-content\/uploads\/2023\/06\/stainless-steel-turnstile_7.jpg\" alt=\"\">\n\t\t\t\t<img class=\"skip-lazy\" data-skip-lazy\t\t\t\t\tsrc=\"https:\/\/www.mairsturnstile-online.com\/wp-content\/uploads\/2023\/06\/turnstile-revolving-door.jpg\" alt=\"\">\n\n\t\t\t<\/div>\n\n\t\t\t\t<div class=\"bafg-slider-info-wraper\">\n\t\t<div style=\"\" class=\"slider-info-11564 bafg-slider-info\">\n\t\t\t\t\t<\/div>\n\t<\/div>\n\t\n\t\t\t<style type=\"text\/css\">\n\t\t\t\t\t\t\t\t\t\t\t<\/style>\n\t\t\t<\/p>\n<p><strong>Par\u00e1metro t\u00e9cnico:<br \/>\n<\/strong><br \/>\n1. Tama\u00f1o: 1500*1500*2200 mm (se puede personalizar)<br \/>\n2. Ancho del carril: alrededor de 650 mm (se puede personalizar)<br \/>\n3. Velocidad de paso: 30 personas\/min.<br \/>\n4. Fuente de alimentaci\u00f3n: 110V\/220V 50\/60Hz<br \/>\n5. Solenoide: DC24V<br \/>\n6. Se\u00f1al de puerta abierta: contacto seco\/rel\u00e9<br \/>\n7. Voltaje l\u00f3gico: DC24V8. Material de la carcasa: Acero inoxidable 304<br \/>\n9. Fiabilidad del mecanismo: 5 millones, sin culpa<br \/>\n10. Mecanismo con amortiguador hidr\u00e1ulico para amortiguaci\u00f3n<br \/>\n11. Accionamiento: Operado semiautom\u00e1tico<br \/>\n12. Longitud del brazo: 600 mm<br \/>\n13. Sentido de giro: Bidireccional14. Situaci\u00f3n de emergencia: En caso de emergencia o de corte del suministro el\u00e9ctrico, la puerta giratoria puede configurarse para que gire libremente (Fail-Safe) o para que se bloquee (Fail-Lock).<br \/>\n15. Humedad: \u226495\uff05<br \/>\n16. Temperatura de trabajo: -25 \u2103 ~ 60 \u2103<br \/>\n17. Caracter\u00edstica opcional: lector IC\/ID, lector de c\u00f3digo de barras, reconocimiento facial, huella digital, otros equipos de control de acceso, UPS, etc.<br \/>\n18. Distancia de comunicaci\u00f3n: \u22641200 m<br \/>\n19 Interfaz de comunicaci\u00f3n: RS485<br \/>\n20. Tiempo necesario para la apertura: 0,2 s<br \/>\n21. Ambiente de trabajo: Interior o exterior<br \/>\n22. Anti tailgating: el torniquete permanecer\u00e1 bloqueado cuando se abra alrededor de 60 grados (3 brazos) o 45 grados (4 brazos), por lo que la puerta no puede correr en direcci\u00f3n inversa para evitar que se cierre<br \/>\n23. Rango de aplicaci\u00f3n: comunidad, f\u00e1brica, sitio de construcci\u00f3n, escuela, lugar del resort, etc.<\/p>\n<p>Podemos proporcionarle toda la soluci\u00f3n de control de accesos de seguridad. Si dispone de su propio sistema de control de accesos, puede utilizar directamente nuestro torniquete. Si no dispone de uno, tambi\u00e9n le ofrecemos una soluci\u00f3n completa de control de accesos de seguridad. Para m\u00e1s detalles, consulte el v\u00eddeo que figura a continuaci\u00f3n.<\/p>\n<p><iframe title=\"reproductor de videos de youtube\" src=\"https:\/\/www.youtube.com\/embed\/zrBojatLOdc\" width=\"1150\" height=\"650\" frameborder=\"0\" allowfullscreen=\"allowfullscreen\"><span data-mce-type=\"bookmark\" style=\"display: inline-block; width: 0px; overflow: hidden; line-height: 0;\" class=\"mce_SELRES_start\"><\/span><\/iframe><\/p>\n","protected":false},"excerpt":{"rendered":"<p>Admite OEM y ODM. Admite dispositivos biom\u00e9tricos de terceros, como esc\u00e1ner de huellas dactilares, c\u00e1mara de reconocimiento facial. Lector de tarjetas RFID, esc\u00e1ner de c\u00f3digos QR. <strong><a title=\"Torniquete de altura completa Mairs con certificado CE\" href=\"http:\/\/mairsturnstile.com\/wp-content\/uploads\/2022\/09\/Mairs-CE-Certificate-Full-Height-Turnstile.pdf\" target=\"_blank\" rel=\"noopener noreferrer\">Certificado CE,<\/a> <a title=\"Certificado ISO9001 de Mairs\" href=\"http:\/\/mairsturnstile.com\/wp-content\/uploads\/2022\/09\/Mairs-Registration-Certificate-ISO9001.pdf\" target=\"_blank\" rel=\"noopener noreferrer\">Certificado ISO9001.<\/a><\/strong><\/p>\n<p><a title=\"Folleto de torniquetes de cuerpo entero\" href=\"https:\/\/mairsturnstile.com\/wp-content\/uploads\/2023\/12\/MT405-brochure.pdf\" target=\"_blank\" rel=\"noopener noreferrer\"><img decoding=\"async\" class=\"alignnone size-full wp-image-11034\" src=\"http:\/\/mairsturnstile.com\/wp-content\/uploads\/2022\/09\/pdf-MairsTurnstile.png\" alt=\"\" width=\"32\" height=\"32\"><span style=\"color: #0000ff;\"><strong>MT405 Folleto de torniquetes de cuerpo entero<\/strong><\/span><\/a><\/p>\n<p><a title=\"Manual de instalaci\u00f3n de torniquete de altura completa.\" href=\"http:\/\/mairsturnstile.com\/wp-content\/uploads\/2023\/09\/Full-height-turnstile-installation-manual.pdf\" target=\"_blank\" rel=\"noopener noreferrer\"><img decoding=\"async\" class=\"alignnone size-full wp-image-11034\" src=\"http:\/\/mairsturnstile.com\/wp-content\/uploads\/2022\/09\/pdf-MairsTurnstile.png\" alt=\"\" width=\"32\" height=\"32\"><strong><span style=\"color: #0000ff;\"> Manual de instalaci\u00f3n y usuario del torniquete de altura completa<\/span><\/strong><\/a><\/p>\n","protected":false},"featured_media":3932,"comment_status":"closed","ping_status":"closed","template":"","meta":[],"product_cat":[101],"product_tag":[],"class_list":["post-5446","product","type-product","status-publish","has-post-thumbnail","hentry","product_cat-torniquetes-de-altura-completa"],"_links":{"self":[{"href":"https:\/\/www.mairsturnstile-online.com\/es\/wp-json\/wp\/v2\/product\/5446","targetHints":{"allow":["GET"]}}],"collection":[{"href":"https:\/\/www.mairsturnstile-online.com\/es\/wp-json\/wp\/v2\/product"}],"about":[{"href":"https:\/\/www.mairsturnstile-online.com\/es\/wp-json\/wp\/v2\/types\/product"}],"replies":[{"embeddable":true,"href":"https:\/\/www.mairsturnstile-online.com\/es\/wp-json\/wp\/v2\/comments?post=5446"}],"wp:featuredmedia":[{"embeddable":true,"href":"https:\/\/www.mairsturnstile-online.com\/es\/wp-json\/wp\/v2\/media\/3932"}],"wp:attachment":[{"href":"https:\/\/www.mairsturnstile-online.com\/es\/wp-json\/wp\/v2\/media?parent=5446"}],"wp:term":[{"taxonomy":"product_cat","embeddable":true,"href":"https:\/\/www.mairsturnstile-online.com\/es\/wp-json\/wp\/v2\/product_cat?post=5446"},{"taxonomy":"product_tag","embeddable":true,"href":"https:\/\/www.mairsturnstile-online.com\/es\/wp-json\/wp\/v2\/product_tag?post=5446"}],"curies":[{"name":"wp","href":"https:\/\/api.w.org\/{rel}","templated":true}]}}