{"id":5444,"date":"2022-06-20T18:26:50","date_gmt":"2022-06-20T10:26:50","guid":{"rendered":"https:\/\/www.mairsturnstile-online.com\/product\/torniquete-para-bicicleta-de-altura-completa-mt451-z\/"},"modified":"2026-05-05T22:44:32","modified_gmt":"2026-05-05T14:44:32","slug":"torniquete-de-bicicleta-de-altura-completa","status":"publish","type":"product","link":"https:\/\/www.mairsturnstile-online.com\/es\/producto\/torniquete-de-bicicleta-de-altura-completa\/","title":{"rendered":"TORNIQUETE PARA BICICLETA DE ALTURA COMPLETA MT451-Z"},"content":{"rendered":"\r\n        <div class=\"modelViewerBlock\" data-attributes='{&quot;align&quot;:&quot;start&quot;,&quot;uniqueId&quot;:&quot;model12924&quot;,&quot;currentViewer&quot;:&quot;modelViewer&quot;,&quot;multiple&quot;:false,&quot;model&quot;:{&quot;modelUrl&quot;:&quot;https:\\\/\\\/www.mairsturnstile-online.com\\\/wp-content\\\/uploads\\\/2023\\\/07\\\/MT451-Z.glb&quot;,&quot;poster&quot;:&quot;&quot;},&quot;O3DVSettings&quot;:{&quot;isFullscreen&quot;:true,&quot;isPagination&quot;:false,&quot;isNavigation&quot;:true,&quot;camera&quot;:null,&quot;mouseControl&quot;:true},&quot;models&quot;:[],&quot;lazyLoad&quot;:false,&quot;loading&quot;:&quot;auto&quot;,&quot;autoplay&quot;:false,&quot;shadow&quot;:true,&quot;autoRotate&quot;:true,&quot;zoom&quot;:true,&quot;isPagination&quot;:false,&quot;isNavigation&quot;:true,&quot;preload&quot;:&quot;auto&quot;,&quot;rotationPerSecond&quot;:&quot;30&quot;,&quot;mouseControl&quot;:true,&quot;fullscreen&quot;:true,&quot;variant&quot;:false,&quot;loadingPercentage&quot;:false,&quot;progressBar&quot;:true,&quot;rotate&quot;:false,&quot;rotateAlongX&quot;:&quot;0&quot;,&quot;rotateAlongY&quot;:&quot;75&quot;,&quot;exposure&quot;:1,&quot;styles&quot;:{&quot;width&quot;:&quot;1150px&quot;,&quot;height&quot;:&quot;700px&quot;,&quot;bgColor&quot;:&quot;#f9f9f9&quot;,&quot;progressBarColor&quot;:&quot;&quot;},&quot;stylesheet&quot;:null,&quot;additional&quot;:{&quot;ID&quot;:&quot;&quot;,&quot;Class&quot;:&quot;&quot;,&quot;CSS&quot;:&quot;&quot;},&quot;animation&quot;:false,&quot;woo&quot;:false,&quot;selectedAnimation&quot;:&quot;&quot;}'><\/div>\r\n\r\n        \n<p>TORNIQUETE DE ALTURA COMPLETA PARA BICICLETAS MT451-Z. Asegure f\u00e1bricas y recintos con nuestro torniquete de altura completa para bicicletas. Fabricado en acero inoxidable 304, dise\u00f1o anticolado y carril de 900 mm de ancho. Apto para uso en exteriores (IP56). Seguridad con Carril Ancho de 900 mm: Controle el acceso de bicicletas con nuestro torniquete de altura completa y carril extra ancho de 900 mm. Construcci\u00f3n en acero inoxidable 304 con dise\u00f1o antiescalada; clasificaci\u00f3n IP56, ideal para per\u00edmetros de alta seguridad. Alta Seguridad para Carriles Ciclistas: Torniquete de altura completa y alta seguridad dise\u00f1ado espec\u00edficamente para carriles exclusivos para bicicletas. Paso de 900 mm de ancho, resistencia al agua IP56 y fabricaci\u00f3n en acero inoxidable 304. Operaci\u00f3n aut\u00f3noma las 24 horas del d\u00eda, los 7 d\u00edas de la semana. Torniquete de altura completa de uso rudo, construido en acero inoxidable 304. Cuenta con un carril de 900 mm de ancho para ciclistas y un dise\u00f1o de rotor antiescalada. Ideal para estadios y complejos industriales.          <\/p>\n<p>Podemos ofrecer servicios OEM y ODM. Contamos con dise\u00f1adores experimentados capaces de realizar una personalizaci\u00f3n exhaustiva de acuerdo con cualquiera de sus necesidades. Le proporcionaremos una serie de materiales \u2014tales como renderizados en 3D, planos dimensionales, etc.\u2014 a la mayor brevedad posible.  Torno de altura completa para bicicletas, resistente a la intemperie y con clasificaci\u00f3n IP56. Cuenta con un carril para bicicletas de 900 mm y est\u00e1 fabricado en acero inoxidable 304 anticorrosivo, lo que lo hace ideal para aparcamientos de bicicletas al aire libre. Nuestro torno de altura completa dispone de un carril para bicicletas de 900 mm de ancho y un carril peatonal de 650 mm. Incorpora sistemas anticolado y antiescalada, posee clasificaci\u00f3n IP56 y est\u00e1 construido en acero inoxidable 304. Preparado para integraci\u00f3n con sistemas biom\u00e9tricos. Asegure sus per\u00edmetros con nuestro torno de altura completa para bicicletas. Carril de 900 mm, protecci\u00f3n antiescalada y anticolado, acero inoxidable 304. Clasificaci\u00f3n IP56 para uso en exteriores.       <\/p>\n<p>Todos nuestros productos cuentan con una garant\u00eda de 2 a\u00f1os y un s\u00f3lido soporte de mantenimiento y reparaci\u00f3n. Tambi\u00e9n suministramos dispositivos biom\u00e9tricos, tales como esc\u00e1neres de huellas dactilares y c\u00e1maras de reconocimiento facial. Lector de tarjetas RFID, esc\u00e1ner de c\u00f3digos QR. Si necesita integrar estos dispositivos en el torniquete o tiene alguna pregunta, por favor <a href=\"https:\/\/www.mairsturnstile-online.com\/contact-us\/\">solicite un presupuesto<\/a>. Industrial grade full height bicycle turnstile for high-traffic sites. 900mm bicycle lane, 304 stainless steel, bidirectional access. IP56 weatherproof. 304 stainless steel full height bicycle turnstile with 900mm wide bike lane. Anti-tailgate, IP56 waterproof, for stadiums, parks &amp; campuses.    <\/p>\n<p>Tambi\u00e9n podemos crear una representaci\u00f3n para usted en cuesti\u00f3n de minutos, bas\u00e1ndonos en su escenario real. Tambi\u00e9n proporcionamos dise\u00f1os y planos detallados, as\u00ed como planos de instalaci\u00f3n. No se preocupe por la instalaci\u00f3n. Por favor, descargue nuestro archivo PDF correspondiente para consultar las dimensiones espec\u00edficas y las dimensiones de instalaci\u00f3n. <\/p>\n\n\t\t\t\n\t<style type=\"text\/css\">\n\t\t.slider-info-12847.bafg-slider-info .bafg-slider-title {\n\t\t\t\t\t\t\tfont-size:\n\t\t\t\t\t22px\t\t\t\t;\n\t\t\t\n\t\t\t\n\t\t\t\t\t}\n\n\t\t.slider-info-12847.bafg-slider-info .bafg-slider-description {\n\t\t\t\n\t\t\t\n\t\t\t\t\t}\n\t\t\n\t\t\n\t\t.slider-info-12847.bafg-slider-info .bafg_slider_readmore_button {\n\t\t\t\n\t\t\t\n\t\t\t\n\t\t\t\n\t\t\t\n\t\t\ttext-align: center;\n\n\t\t\t\n\t\t\t\n\t\t\t\n\t\t\t\n\t\t\t\t\t}\n\n\t\t.slider-info-12847.bafg-slider-info .bafg_slider_readmore_button:hover {\n\n\t\t\t\n\t\t\t\n\t\t\t\t\t}\n\t<\/style>\n\t\n\t\t\t<div class=\"bafg-twentytwenty-container slider-12847  \"\n\t\t\t\tbafg-orientation=\"horizontal\" bafg-default-offset=\"0.5\"\n\t\t\t\tbafg-before-label=\"Before\"\n\t\t\t\tbafg-after-label=\"After\" bafg-overlay=\"1\"\n\t\t\t\tbafg-move-slider-on-hover=\"1\"\n\t\t\t\tbafg-click-to-move=\"\">\n\n\t\t\t\t\t\t\t\t<img class=\"skip-lazy\" data-skip-lazy\t\t\t\t\tsrc=\"https:\/\/www.mairsturnstile-online.com\/wp-content\/uploads\/2023\/07\/full-height-bicycle-turnstile_4.jpg\" alt=\"\">\n\t\t\t\t<img class=\"skip-lazy\" data-skip-lazy\t\t\t\t\tsrc=\"https:\/\/www.mairsturnstile-online.com\/wp-content\/uploads\/2023\/07\/full-height-bicycle-turnstile_5.jpg\" alt=\"\">\n\n\t\t\t<\/div>\n\n\t\t\t\t<div class=\"bafg-slider-info-wraper\">\n\t\t<div style=\"\" class=\"slider-info-12847 bafg-slider-info\">\n\t\t\t\t\t<\/div>\n\t<\/div>\n\t\n\t\t\t<style type=\"text\/css\">\n\t\t\t\t\t\t\t\t\t\t\t<\/style>\n\t\t\t\n<p><strong>Par\u00e1metro t\u00e9cnico:<br \/>\n<\/strong>1. Tama\u00f1o:2580*1300*2290 mm (puede personalizarse)<br \/>\n2. Ancho de carril para: 650 mm (rotor) 900 mm (discapacitados)<br \/>\n3. Material: acero inoxidable 304<br \/>\n4. Velocidad de paso: 25 personas\/min.<br \/>\n5. Fuente de alimentaci\u00f3n: 110V\/220V 50\/60hz<br \/>\n6. Mecanismo: la puerta para minusv\u00e1lidos es autom\u00e1tica con motor Brushless<br \/>\nsemiautom\u00e1tico de altura completa para acceso regular (autom\u00e1tico opcional)<br \/>\n7. V\u00e1lvula solenoide: DC24V<br \/>\n8. Se\u00f1al de puerta abierta: contacto seco\/rel\u00e9<br \/>\n9. Fiabilidad del mecanismo: 5 millones, sin culpa<br \/>\n10. Mecanismo con amortiguador hidr\u00e1ulico para amortiguaci\u00f3n<br \/>\n11. Accionamiento: Operado semiautom\u00e1tico<br \/>\n12 OEM y ODM disponibles<br \/>\n13. Sentido de giro: Bidireccional\/Unidireccional<br \/>\n14. Situaci\u00f3n de emergencia: en caso de emergencia o aislamiento de la fuente de alimentaci\u00f3n, la puerta giratoria se puede configurar para que funcione a prueba de fallas, gire libremente o se bloquee en caso de fallas.<br \/>\n15. Humedad: \u226495\uff05<br \/>\n16. Temperatura de trabajo: -25 \u2103 ~ 60 \u2103<br \/>\n17. Caracter\u00edstica opcional: lector IC\/ID, lector de c\u00f3digo de barras, reconocimiento facial, huella digital, otros equipos de control de acceso, UPS, etc.<br \/>\n18. Distancia de comunicaci\u00f3n: \u22641200 m<br \/>\n19 Interfaz de comunicaci\u00f3n: RS485<br \/>\n20. El tama\u00f1o se puede personalizar<br \/>\n21. Tiempo necesario para la apertura: 0,2 s<br \/>\n22. Ambiente de trabajo: Interior o exterior<br \/>\n23. Rango de aplicaci\u00f3n: comunidad, f\u00e1brica, sitio de construcci\u00f3n, escuela, lugar del resort, instalaci\u00f3n gubernamental, etc.<\/p>\n<p>Podemos proporcionar la soluci\u00f3n integral de control de acceso y seguridad. Si ya cuenta con su propio sistema de control de acceso, puede utilizar directamente nuestros torniquetes.  Si no cuenta con uno, tambi\u00e9n ofrecemos una soluci\u00f3n integral de control de acceso y seguridad. Por favor, consulte el video a continuaci\u00f3n para obtener m\u00e1s detalles. <\/p>\n<p><iframe title=\"reproductor de videos de youtube\" src=\"https:\/\/www.youtube.com\/embed\/nosC8-KSZ-8?si=W3hodTXwckF6EEJr\" width=\"1150\" height=\"650\" frameborder=\"0\" allowfullscreen=\"allowfullscreen\"><span data-mce-type=\"bookmark\" style=\"display: inline-block; width: 0px; overflow: hidden; line-height: 0;\" class=\"mce_SELRES_start\"><\/span><\/iframe><\/p>\n","protected":false},"excerpt":{"rendered":"<p>Expert advice, Free design, OEM Logo, Color &amp; Size Available, Global Export, Fast sample shipping, Low MOQ. Get factory direct wholesale pricing from a trusted manufacturer, Long-term cooperation support for global agents &amp; wholesalers.<strong><a title=\"Torniquete de altura completa Mairs con certificado CE\" href=\"http:\/\/mairsturnstile.com\/wp-content\/uploads\/2022\/09\/Mairs-CE-Certificate-Full-Height-Turnstile.pdf\" target=\"_blank\" rel=\"noopener noreferrer\">CE Certificated,<\/a><a title=\"Mairs ISO9001 Certificate\" href=\"http:\/\/mairsturnstile.com\/wp-content\/uploads\/2022\/09\/Mairs-Registration-Certificate-ISO9001.pdf\" target=\"_blank\" rel=\"noopener noreferrer\">ISO9001 Certificated.<\/a><\/strong> Please check the new design: <strong><a href=\"https:\/\/www.mairsturnstile-online.com\/full-height-turnstile-series\/\" target=\"_blank\" rel=\"noopener\"><span style=\"color: #fcaf3b;\">New Full Height Turnstile Series<\/span><\/a><\/strong> <\/p>\n<p><a title=\"Full Hegiht Bicycle Turnstile Brochure\" href=\"https:\/\/mairsturnstile-online.com\/flipbook\/mt451-z-full-height-bicycle-turnstile-brochure\" target=\"_blank\" rel=\"noopener noreferrer\"><img decoding=\"async\" class=\"alignnone size-full wp-image-11034\" src=\"http:\/\/mairsturnstile.com\/wp-content\/uploads\/2022\/09\/pdf-MairsTurnstile.png\" alt=\"\" width=\"32\" height=\"32\"><span style=\"color: #fcaf3b;\"><strong>Full Hegiht Bicycle Turnstile MT451-Z Brochure<\/strong><\/span><\/a><\/p>\n<p><a title=\"Manual de instalaci\u00f3n de torniquete de altura completa.\" href=\"http:\/\/mairsturnstile.com\/wp-content\/uploads\/2023\/09\/Full-height-turnstile-installation-manual.pdf\" target=\"_blank\" rel=\"noopener noreferrer\"><img decoding=\"async\" class=\"alignnone size-full wp-image-11034\" src=\"http:\/\/mairsturnstile.com\/wp-content\/uploads\/2022\/09\/pdf-MairsTurnstile.png\" alt=\"\" width=\"32\" height=\"32\"><strong><span style=\"color: #fcaf3b;\"> Manual de instalaci\u00f3n y usuario del torniquete de altura completa<\/span><\/strong><\/a><\/p>\n","protected":false},"featured_media":13257,"comment_status":"closed","ping_status":"closed","template":"","meta":[],"product_cat":[101],"product_tag":[],"class_list":["post-5444","product","type-product","status-publish","has-post-thumbnail","hentry","product_cat-torniquetes-de-altura-completa"],"_links":{"self":[{"href":"https:\/\/www.mairsturnstile-online.com\/es\/wp-json\/wp\/v2\/product\/5444","targetHints":{"allow":["GET"]}}],"collection":[{"href":"https:\/\/www.mairsturnstile-online.com\/es\/wp-json\/wp\/v2\/product"}],"about":[{"href":"https:\/\/www.mairsturnstile-online.com\/es\/wp-json\/wp\/v2\/types\/product"}],"replies":[{"embeddable":true,"href":"https:\/\/www.mairsturnstile-online.com\/es\/wp-json\/wp\/v2\/comments?post=5444"}],"wp:featuredmedia":[{"embeddable":true,"href":"https:\/\/www.mairsturnstile-online.com\/es\/wp-json\/wp\/v2\/media\/13257"}],"wp:attachment":[{"href":"https:\/\/www.mairsturnstile-online.com\/es\/wp-json\/wp\/v2\/media?parent=5444"}],"wp:term":[{"taxonomy":"product_cat","embeddable":true,"href":"https:\/\/www.mairsturnstile-online.com\/es\/wp-json\/wp\/v2\/product_cat?post=5444"},{"taxonomy":"product_tag","embeddable":true,"href":"https:\/\/www.mairsturnstile-online.com\/es\/wp-json\/wp\/v2\/product_tag?post=5444"}],"curies":[{"name":"wp","href":"https:\/\/api.w.org\/{rel}","templated":true}]}}