{"id":5442,"date":"2022-07-30T21:40:49","date_gmt":"2022-07-30T13:40:49","guid":{"rendered":"https:\/\/www.mairsturnstile-online.com\/product\/torniquete-de-altura-completa-mt402-2-r\/"},"modified":"2024-11-06T20:04:14","modified_gmt":"2024-11-06T12:04:14","slug":"torniquete-completo","status":"publish","type":"product","link":"https:\/\/www.mairsturnstile-online.com\/es\/producto\/torniquete-completo\/","title":{"rendered":"TORNIQUETE DE LONGITUD TOTAL MT402-2-R"},"content":{"rendered":"\r\n        <div class=\"modelViewerBlock\" data-attributes='{&quot;align&quot;:&quot;start&quot;,&quot;uniqueId&quot;:&quot;model11525&quot;,&quot;currentViewer&quot;:&quot;modelViewer&quot;,&quot;multiple&quot;:false,&quot;model&quot;:{&quot;modelUrl&quot;:&quot;https:\\\/\\\/www.mairsturnstile-online.com\\\/wp-content\\\/uploads\\\/2023\\\/07\\\/MT402-2-B.glb&quot;,&quot;poster&quot;:&quot;&quot;},&quot;O3DVSettings&quot;:{&quot;isFullscreen&quot;:true,&quot;isPagination&quot;:false,&quot;isNavigation&quot;:true,&quot;camera&quot;:null,&quot;mouseControl&quot;:true},&quot;models&quot;:[],&quot;lazyLoad&quot;:false,&quot;loading&quot;:&quot;auto&quot;,&quot;autoplay&quot;:false,&quot;shadow&quot;:true,&quot;autoRotate&quot;:true,&quot;zoom&quot;:true,&quot;isPagination&quot;:false,&quot;isNavigation&quot;:true,&quot;preload&quot;:&quot;auto&quot;,&quot;rotationPerSecond&quot;:&quot;30&quot;,&quot;mouseControl&quot;:true,&quot;fullscreen&quot;:true,&quot;variant&quot;:false,&quot;loadingPercentage&quot;:false,&quot;progressBar&quot;:true,&quot;rotate&quot;:false,&quot;rotateAlongX&quot;:&quot;0&quot;,&quot;rotateAlongY&quot;:&quot;75&quot;,&quot;exposure&quot;:1,&quot;styles&quot;:{&quot;width&quot;:&quot;1150px&quot;,&quot;height&quot;:&quot;700px&quot;,&quot;bgColor&quot;:&quot;#f2f2f2&quot;,&quot;progressBarColor&quot;:&quot;&quot;},&quot;stylesheet&quot;:null,&quot;additional&quot;:{&quot;ID&quot;:&quot;&quot;,&quot;Class&quot;:&quot;&quot;,&quot;CSS&quot;:&quot;&quot;},&quot;animation&quot;:false,&quot;woo&quot;:false,&quot;selectedAnimation&quot;:&quot;&quot;}'><\/div>\r\n\r\n        \n<p>TORNIQUETE DE LONGITUD TOTAL MT402-2-R<\/p>\n<p>Contamos con dise\u00f1adores experimentados que pueden llevar a cabo una profunda personalizaci\u00f3n de acuerdo con cualquiera de sus necesidades. Le proporcionaremos lo antes posible una serie de materiales como renders en 3D, planos acotados, etc.<\/p>\n<p>Podemos proporcionar servicios de OEM y ODM. incluida la personalizaci\u00f3n de color, estilo, material, tama\u00f1o, etc., por ejemplo, para un color especial, el cliente solo necesita proporcionarnos un n\u00famero de <a href=\"https:\/\/en.wikipedia.org\/wiki\/Pantone\" target=\"_blank\" rel=\"noopener\">Pantone<\/a>, y ajustaremos el color de acuerdo con el n\u00famero de Pantone y rociaremos el polvo en el mismo color .<\/p>\n<p>Si el cliente tiene necesidades de ODM, tambi\u00e9n podemos dise\u00f1ar un estilo para este cliente de acuerdo con las preferencias de apariencia y tama\u00f1o del cliente, sin ventas externas. Esta puerta de torniquete especial ser\u00e1 el \u00fanico estilo \u00fanico de su empresa en el mercado.<\/p>\n<p>Mairs se compromete a usar solo accesorios y materiales de alta calidad, y cada uno de nuestros accesorios se somete a un estricto control de calidad. Solo as\u00ed podemos hacer una puerta de torniquete que realmente satisfaga a los clientes. Cada uno de nuestros torniquetes de altura total adopta acero inoxidable 304 con un grosor total de 1,2.<\/p>\n<p>Por supuesto, si tambi\u00e9n puede personalizar acero inoxidable 316 o acero inoxidable de 1,2 de espesor, el mecanismo de nuestro torniquete de altura completa ha sido probado y verificado por nosotros innumerables veces, que tambi\u00e9n es el requisito m\u00e1s b\u00e1sico para garantizar la calidad. Cada parte de nuestros torniquetes de altura completa adopta los m\u00e1s altos est\u00e1ndares de la industria, y cada parte y material de nuestros productos se puede mostrar y probar por separado para los clientes. Esta es tambi\u00e9n una premisa para nosotros para garantizar la calidad y el servicio.<\/p>\n<p>Todos nuestros productos cuentan con una garant\u00eda de 2 a\u00f1os y soporte duradero de mantenimiento y reparaci\u00f3n. Tambi\u00e9n proporcionamos dispositivos biom\u00e9tricos, como esc\u00e1neres de huellas dactilares y c\u00e1maras de reconocimiento facial. Lector de tarjetas RFID, esc\u00e1ner de c\u00f3digos QR. Si necesita integrar estos dispositivos en la puerta torniquete o tiene alguna duda, <a href=\"https:\/\/www.mairsturnstile-online.com\/contact-us\/\">solicite un presupuesto<\/a> .<\/p>\n<p>Tambi\u00e9n podemos crear un renderizado para usted en pocos minutos basado en su escenario real. Tambi\u00e9n proporcionamos dise\u00f1os y planos detallados, as\u00ed como planos de instalaci\u00f3n. No se preocupe por la instalaci\u00f3n. Descargue nuestro archivo PDF correspondiente para conocer las dimensiones espec\u00edficas y las medidas de instalaci\u00f3n.<\/p>\n\n\t\t\t\n\t<style type=\"text\/css\">\n\t\t.slider-info-11518.bafg-slider-info .bafg-slider-title {\n\t\t\t\t\t\t\tfont-size:\n\t\t\t\t\t22px\t\t\t\t;\n\t\t\t\n\t\t\t\n\t\t\t\t\t}\n\n\t\t.slider-info-11518.bafg-slider-info .bafg-slider-description {\n\t\t\t\n\t\t\t\n\t\t\t\t\t}\n\t\t\n\t\t\n\t\t.slider-info-11518.bafg-slider-info .bafg_slider_readmore_button {\n\t\t\t\n\t\t\t\n\t\t\t\n\t\t\t\n\t\t\t\n\t\t\ttext-align: center;\n\n\t\t\t\n\t\t\t\n\t\t\t\n\t\t\t\n\t\t\t\t\t}\n\n\t\t.slider-info-11518.bafg-slider-info .bafg_slider_readmore_button:hover {\n\n\t\t\t\n\t\t\t\n\t\t\t\t\t}\n\t<\/style>\n\t\n\t\t\t<div class=\"bafg-twentytwenty-container slider-11518  \"\n\t\t\t\tbafg-orientation=\"horizontal\" bafg-default-offset=\"0.5\"\n\t\t\t\tbafg-before-label=\"Before\"\n\t\t\t\tbafg-after-label=\"After\" bafg-overlay=\"1\"\n\t\t\t\tbafg-move-slider-on-hover=\"1\"\n\t\t\t\tbafg-click-to-move=\"\">\n\n\t\t\t\t\t\t\t\t<img class=\"skip-lazy\" data-skip-lazy\t\t\t\t\tsrc=\"https:\/\/www.mairsturnstile-online.com\/wp-content\/uploads\/2024\/10\/double-full-height-turnstile-1.jpg\" alt=\"\">\n\t\t\t\t<img class=\"skip-lazy\" data-skip-lazy\t\t\t\t\tsrc=\"https:\/\/www.mairsturnstile-online.com\/wp-content\/uploads\/2024\/10\/double-full-height-turnstile.jpg\" alt=\"\">\n\n\t\t\t<\/div>\n\n\t\t\t\t<div class=\"bafg-slider-info-wraper\">\n\t\t<div style=\"\" class=\"slider-info-11518 bafg-slider-info\">\n\t\t\t\t\t<\/div>\n\t<\/div>\n\t\n\t\t\t<style type=\"text\/css\">\n\t\t\t\t\t\t\t\t\t\t\t<\/style>\n\t\t\t\n<p><strong>Par\u00e1metro t\u00e9cnico:<\/strong><\/p>\n<p>1. Tama\u00f1o: 2400*1500*2310 mm (se puede personalizar)<br \/>\n2. Ancho de carril: 650 mm (se puede personalizar)<br \/>\n3. Velocidad de paso: 30 personas\/min.<br \/>\n4. Fuente de alimentaci\u00f3n: 110V\/220V 50\/60Hz<br \/>\n5. Solenoide: DC24V<br \/>\n6. Se\u00f1al de puerta abierta: contacto seco\/rel\u00e9<br \/>\n7. Voltaje l\u00f3gico: DC24V<br \/>\n8. Material: hierro con recubrimiento de polvo negro<br \/>\n9. Fiabilidad del mecanismo: 5 millones, sin culpa<br \/>\n10. Mecanismo con amortiguador hidr\u00e1ulico para amortiguaci\u00f3n<br \/>\n11. Accionamiento: Operado semiautom\u00e1tico<br \/>\n12. Ancho del brazo: 610 mm<br \/>\n13. Direcci\u00f3n de rotaci\u00f3n: bidireccional\/sencilla direcci\u00f3n<br \/>\n14. Situaci\u00f3n de emergencia: en caso de emergencia o aislamiento de la fuente de alimentaci\u00f3n, la puerta giratoria se puede configurar para que funcione a prueba de fallas, gire libremente o se bloquee en caso de fallas.<br \/>\n15. Humedad: \u226495\uff05<br \/>\n16. Temperatura de trabajo: -25 \u2103 ~ 60 \u2103<br \/>\n17. Caracter\u00edstica opcional: lector IC\/ID, lector de c\u00f3digo de barras, reconocimiento facial, huella digital, otros equipos de control de acceso, UPS, etc.<br \/>\n18. Distancia de comunicaci\u00f3n: \u22641200 m<br \/>\n19 Interfaz de comunicaci\u00f3n: RS485<br \/>\n20. El tama\u00f1o se puede personalizar<br \/>\n21. Tiempo necesario para la apertura: 0,2 s<br \/>\n22. Entorno de trabajo: interior o exterior (al aire libre es opcional)<br \/>\n23. Rango de aplicaci\u00f3n: comunidad, f\u00e1brica, sitio de construcci\u00f3n, escuela, lugar del resort, etc.<br \/>\n24. Anti-retroceso (anti-seguimiento): el torniquete permanecer\u00e1 bloqueado cuando se abra alrededor de 60 grados (3 brazos) o 45 grados (4 brazos), por lo que la puerta no puede correr en direcci\u00f3n inversa para evitar el seguimiento.<\/p>\n<p>Podemos proporcionarle toda la soluci\u00f3n de control de accesos de seguridad. Si dispone de su propio sistema de control de accesos, puede utilizar directamente nuestro torniquete. Si no dispone de uno, tambi\u00e9n le ofrecemos una soluci\u00f3n completa de control de accesos de seguridad. Para m\u00e1s detalles, consulte el v\u00eddeo que figura a continuaci\u00f3n.<\/p>\n<p><iframe title=\"Torniquete de doble carril de altura completa con lector de tarjetas, c\u00f3digo QR, soluci\u00f3n de control remoto - MairsTurnstile\" src=\"https:\/\/www.youtube.com\/embed\/XyxFKnS3Br0\" width=\"1150\" height=\"650\" frameborder=\"0\" allowfullscreen=\"allowfullscreen\"><\/iframe><\/p>\n","protected":false},"excerpt":{"rendered":"<p>Admite OEM y ODM. Admite dispositivos biom\u00e9tricos de terceros, como esc\u00e1ner de huellas dactilares, c\u00e1mara de reconocimiento facial. RFID card reader, QR code scanner. <strong><a title=\"Torniquete de altura completa Mairs con certificado CE\" href=\"http:\/\/mairsturnstile.com\/wp-content\/uploads\/2022\/09\/Mairs-CE-Certificate-Full-Height-Turnstile.pdf\" target=\"_blank\" rel=\"noopener noreferrer\">CE Certificated,<\/a> <a title=\"Certificado ISO9001 de Mairs\" href=\"http:\/\/mairsturnstile.com\/wp-content\/uploads\/2022\/09\/Mairs-Registration-Certificate-ISO9001.pdf\" target=\"_blank\" rel=\"noopener noreferrer\">ISO9001 Certificated.<\/a> Please check: <a href=\"https:\/\/www.mairsturnstile-online.com\/full-height-turnstile-series\/\" target=\"_blank\" rel=\"noopener\"><span style=\"color: #0000ff;\">New Full Height Turnstile Series<\/span><\/a><\/strong><\/p>\n<p><a title=\"Manual de instalaci\u00f3n de torniquete de altura completa.\" href=\"http:\/\/mairsturnstile.com\/wp-content\/uploads\/2023\/09\/Full-height-turnstile-installation-manual.pdf\" target=\"_blank\" rel=\"noopener noreferrer\"><img decoding=\"async\" class=\"alignnone size-full wp-image-11034\" src=\"http:\/\/mairsturnstile.com\/wp-content\/uploads\/2022\/09\/pdf-MairsTurnstile.png\" alt=\"\" width=\"32\" height=\"32\"><strong><span style=\"color: #0000ff;\"> Manual de instalaci\u00f3n y usuario del torniquete de altura completa<\/span><\/strong><\/a><\/p>\n","protected":false},"featured_media":50448,"comment_status":"closed","ping_status":"closed","template":"","meta":[],"product_cat":[101],"product_tag":[],"class_list":["post-5442","product","type-product","status-publish","has-post-thumbnail","hentry","product_cat-torniquetes-de-altura-completa"],"_links":{"self":[{"href":"https:\/\/www.mairsturnstile-online.com\/es\/wp-json\/wp\/v2\/product\/5442","targetHints":{"allow":["GET"]}}],"collection":[{"href":"https:\/\/www.mairsturnstile-online.com\/es\/wp-json\/wp\/v2\/product"}],"about":[{"href":"https:\/\/www.mairsturnstile-online.com\/es\/wp-json\/wp\/v2\/types\/product"}],"replies":[{"embeddable":true,"href":"https:\/\/www.mairsturnstile-online.com\/es\/wp-json\/wp\/v2\/comments?post=5442"}],"wp:featuredmedia":[{"embeddable":true,"href":"https:\/\/www.mairsturnstile-online.com\/es\/wp-json\/wp\/v2\/media\/50448"}],"wp:attachment":[{"href":"https:\/\/www.mairsturnstile-online.com\/es\/wp-json\/wp\/v2\/media?parent=5442"}],"wp:term":[{"taxonomy":"product_cat","embeddable":true,"href":"https:\/\/www.mairsturnstile-online.com\/es\/wp-json\/wp\/v2\/product_cat?post=5442"},{"taxonomy":"product_tag","embeddable":true,"href":"https:\/\/www.mairsturnstile-online.com\/es\/wp-json\/wp\/v2\/product_tag?post=5442"}],"curies":[{"name":"wp","href":"https:\/\/api.w.org\/{rel}","templated":true}]}}