{"id":8287,"date":"2023-02-12T20:43:40","date_gmt":"2023-02-12T12:43:40","guid":{"rendered":"https:\/\/www.mairsturnstile-online.com\/venta-al-por-mayor\/"},"modified":"2024-03-26T16:19:26","modified_gmt":"2024-03-26T08:19:26","slug":"venta-al-por-mayor","status":"publish","type":"page","link":"https:\/\/www.mairsturnstile-online.com\/es\/venta-al-por-mayor\/","title":{"rendered":"Venta al por mayor"},"content":{"rendered":"\t\t<div data-elementor-type=\"wp-page\" data-elementor-id=\"8287\" class=\"elementor elementor-8287 elementor-8240\" data-elementor-post-type=\"page\">\n\t\t\t\t<div class=\"elementor-element elementor-element-0645561 e-flex e-con-boxed e-con e-parent\" data-id=\"0645561\" data-element_type=\"container\" data-settings=\"{&quot;background_background&quot;:&quot;classic&quot;,&quot;shape_divider_bottom&quot;:&quot;arrow&quot;,&quot;shape_divider_bottom_negative&quot;:&quot;yes&quot;}\">\n\t\t\t\t\t<div class=\"e-con-inner\">\n\t\t\t\t<div class=\"elementor-shape elementor-shape-bottom\" data-negative=\"true\">\n\t\t\t<svg xmlns=\"http:\/\/www.w3.org\/2000\/svg\" viewBox=\"0 0 700 10\" preserveAspectRatio=\"none\">\n\t<path class=\"elementor-shape-fill\" d=\"M360 0L350 9.9 340 0 0 0 0 10 700 10 700 0\"\/>\n<\/svg>\t\t<\/div>\n\t\t\t\t<div class=\"elementor-element elementor-element-c87e5fe animated-slow elementor-invisible elementor-widget elementor-widget-heading\" data-id=\"c87e5fe\" data-element_type=\"widget\" data-settings=\"{&quot;_animation&quot;:&quot;slideInUp&quot;}\" data-widget_type=\"heading.default\">\n\t\t\t\t<div class=\"elementor-widget-container\">\n\t\t\t<h2 class=\"elementor-heading-title elementor-size-default\">Traiga la puerta torniquete de la mejor calidad a un precio asequible<\/h2>\t\t<\/div>\n\t\t\t\t<\/div>\n\t\t\t\t<div class=\"elementor-element elementor-element-e6c8ec5 animated-slow elementor-invisible elementor-widget elementor-widget-heading\" data-id=\"e6c8ec5\" data-element_type=\"widget\" data-settings=\"{&quot;_animation&quot;:&quot;slideInUp&quot;}\" data-widget_type=\"heading.default\">\n\t\t\t\t<div class=\"elementor-widget-container\">\n\t\t\t<h2 class=\"elementor-heading-title elementor-size-default\">Calidad Garantizada, Garant\u00eda 2 A\u00f1os<br>\nExcelente mano de obra y artesan\u00eda compleja<br>\nSoporte t\u00e9cnico integral<\/h2>\t\t<\/div>\n\t\t\t\t<\/div>\n\t\t\t\t<div class=\"elementor-element elementor-element-8650415 animated-slow elementor-invisible elementor-widget elementor-widget-heading\" data-id=\"8650415\" data-element_type=\"widget\" data-settings=\"{&quot;_animation&quot;:&quot;slideInUp&quot;}\" data-widget_type=\"heading.default\">\n\t\t\t\t<div class=\"elementor-widget-container\">\n\t\t\t<h2 class=\"elementor-heading-title elementor-size-default\">Torniquete Mairs<\/h2>\t\t<\/div>\n\t\t\t\t<\/div>\n\t\t\t\t\t<\/div>\n\t\t\t\t<\/div>\n\t\t<div class=\"elementor-element elementor-element-cabfd65 e-flex e-con-boxed e-con e-parent\" data-id=\"cabfd65\" data-element_type=\"container\">\n\t\t\t\t\t<div class=\"e-con-inner\">\n\t\t\t\t<div class=\"elementor-element elementor-element-0bf10dc elementor-widget elementor-widget-heading\" data-id=\"0bf10dc\" data-element_type=\"widget\" data-widget_type=\"heading.default\">\n\t\t\t\t<div class=\"elementor-widget-container\">\n\t\t\t<h2 class=\"elementor-heading-title elementor-size-default\">Venta al por mayor<\/h2>\t\t<\/div>\n\t\t\t\t<\/div>\n\t\t\t\t<div class=\"elementor-element elementor-element-7bb64a3 elementor-widget elementor-widget-text-editor\" data-id=\"7bb64a3\" data-element_type=\"widget\" data-widget_type=\"text-editor.default\">\n\t\t\t\t<div class=\"elementor-widget-container\">\n\t\t\t\t\t\t\t<p>\u00bfDesea adquirir o vender productos de alta calidad para puertas giratorias a precios competitivos? Si quieres, puedes hablar con nosotros. Como fabricante profesional de puertas giratorias, no s\u00f3lo ofrecemos la mejor calidad de productos en la industria, sino tambi\u00e9n precios competitivos. Damos la bienvenida a agentes y mayoristas de todo el mundo para que vendan al por mayor nuestros productos de seguridad.<\/p>\n<p>Le invitamos sinceramente a convertirse en nuestro distribuidor. Estamos buscando agentes de todo el mundo para representar nuestros productos. Si es un proveedor de torniquetes en Europa, Turqu\u00eda, EE. UU. o Australia, o tiene su propia tienda en Europa, Am\u00e9rica o \u00c1frica, o tiene experiencia en la venta y actuaci\u00f3n de productos de seguridad relacionados, y desea actuar como nuestro agente para m\u00e1s productos . Por favor cont\u00e1ctenos para m\u00e1s informaci\u00f3n. Espero que podamos trabajar juntos para crear un mundo m\u00e1s seguro y ayudar a m\u00e1s personas en todo el mundo.<\/p>\t\t\t\t\t\t<\/div>\n\t\t\t\t<\/div>\n\t\t\t\t\t<\/div>\n\t\t\t\t<\/div>\n\t\t<div class=\"elementor-element elementor-element-cb84d05 e-flex e-con-boxed e-con e-parent\" data-id=\"cb84d05\" data-element_type=\"container\" data-settings=\"{&quot;background_background&quot;:&quot;classic&quot;,&quot;shape_divider_bottom&quot;:&quot;arrow&quot;,&quot;shape_divider_bottom_negative&quot;:&quot;yes&quot;}\">\n\t\t\t\t\t<div class=\"e-con-inner\">\n\t\t\t\t<div class=\"elementor-shape elementor-shape-bottom\" data-negative=\"true\">\n\t\t\t<svg xmlns=\"http:\/\/www.w3.org\/2000\/svg\" viewBox=\"0 0 700 10\" preserveAspectRatio=\"none\">\n\t<path class=\"elementor-shape-fill\" d=\"M360 0L350 9.9 340 0 0 0 0 10 700 10 700 0\"\/>\n<\/svg>\t\t<\/div>\n\t\t\t\t<div class=\"elementor-element elementor-element-85e9530 animated-slow elementor-invisible elementor-widget elementor-widget-heading\" data-id=\"85e9530\" data-element_type=\"widget\" data-settings=\"{&quot;_animation&quot;:&quot;slideInUp&quot;}\" data-widget_type=\"heading.default\">\n\t\t\t\t<div class=\"elementor-widget-container\">\n\t\t\t<h2 class=\"elementor-heading-title elementor-size-default\">Entrega global y r\u00e1pida<br>\nF\u00e1cil instalaci\u00f3n\n<\/h2>\t\t<\/div>\n\t\t\t\t<\/div>\n\t\t\t\t<div class=\"elementor-element elementor-element-2688e6d animated-slow elementor-invisible elementor-widget elementor-widget-heading\" data-id=\"2688e6d\" data-element_type=\"widget\" data-settings=\"{&quot;_animation&quot;:&quot;slideInUp&quot;}\" data-widget_type=\"heading.default\">\n\t\t\t\t<div class=\"elementor-widget-container\">\n\t\t\t<h2 class=\"elementor-heading-title elementor-size-default\">Dise\u00f1o integrado, sin necesidad de desmontar componentes, instalaci\u00f3n sencilla y ahorro de costes. El producto recibido por el cliente ha completado el cableado interno y el montaje general de accesorios.<\/h2>\t\t<\/div>\n\t\t\t\t<\/div>\n\t\t\t\t\t<\/div>\n\t\t\t\t<\/div>\n\t\t<div class=\"elementor-element elementor-element-ce50501 e-flex e-con-boxed e-con e-parent\" data-id=\"ce50501\" data-element_type=\"container\">\n\t\t\t\t\t<div class=\"e-con-inner\">\n\t\t\t\t<div class=\"elementor-element elementor-element-3482fa6 elementor-widget elementor-widget-text-editor\" data-id=\"3482fa6\" data-element_type=\"widget\" data-widget_type=\"text-editor.default\">\n\t\t\t\t<div class=\"elementor-widget-container\">\n\t\t\t\t\t\t\t<p>Podemos dise\u00f1ar y fabricar torniquetes de seguridad que satisfagan las necesidades de su mercado o proyecto. Los torniquetes de seguridad que dise\u00f1amos y fabricamos tambi\u00e9n se pueden integrar f\u00e1cilmente con su sistema para lograr m\u00e1s funciones.<\/p>\n<p>Si desea vender al por mayor nuestros productos o ser nuestro agente, por favor llame a nuestro gerente de ventas Elena en <a href=\"tel:+8615323431686\">+8615323431686<\/a> o por correo electr\u00f3nico a <a href=\"mailto:sales@mairsturnstile.com\">sales@mairsturnstile.com<\/a><\/p>\n<p>Gracias.<br>Mairsturnstile-online.com<\/p>\t\t\t\t\t\t<\/div>\n\t\t\t\t<\/div>\n\t\t\t\t\t<\/div>\n\t\t\t\t<\/div>\n\t\t<div class=\"elementor-element elementor-element-67618bb e-flex e-con-boxed e-con e-parent\" data-id=\"67618bb\" data-element_type=\"container\" data-settings=\"{&quot;background_background&quot;:&quot;classic&quot;}\">\n\t\t\t\t\t<div class=\"e-con-inner\">\n\t\t\t\t<div class=\"elementor-element elementor-element-f016981 animated-slow elementor-invisible elementor-widget elementor-widget-heading\" data-id=\"f016981\" data-element_type=\"widget\" data-settings=\"{&quot;_animation&quot;:&quot;slideInUp&quot;}\" data-widget_type=\"heading.default\">\n\t\t\t\t<div class=\"elementor-widget-container\">\n\t\t\t<h2 class=\"elementor-heading-title elementor-size-default\">Torniquete de dise\u00f1o \u00fanico y de moda<br>\n\n<\/h2>\t\t<\/div>\n\t\t\t\t<\/div>\n\t\t\t\t<div class=\"elementor-element elementor-element-532cdf8 animated-slow elementor-invisible elementor-widget elementor-widget-heading\" data-id=\"532cdf8\" data-element_type=\"widget\" data-settings=\"{&quot;_animation&quot;:&quot;slideInUp&quot;}\" data-widget_type=\"heading.default\">\n\t\t\t\t<div class=\"elementor-widget-container\">\n\t\t\t<h2 class=\"elementor-heading-title elementor-size-default\">Venta directa de f\u00e1brica<br>\nServicio OEM y ODM<br>\nEntrega global y r\u00e1pida<br>\n\n<\/h2>\t\t<\/div>\n\t\t\t\t<\/div>\n\t\t\t\t<div class=\"elementor-element elementor-element-4f3fffd animated-slow elementor-invisible elementor-widget elementor-widget-heading\" data-id=\"4f3fffd\" data-element_type=\"widget\" data-settings=\"{&quot;_animation&quot;:&quot;slideInUp&quot;}\" data-widget_type=\"heading.default\">\n\t\t\t\t<div class=\"elementor-widget-container\">\n\t\t\t<h2 class=\"elementor-heading-title elementor-size-default\">\nTorniquete Mairs\n<\/h2>\t\t<\/div>\n\t\t\t\t<\/div>\n\t\t\t\t\t<\/div>\n\t\t\t\t<\/div>\n\t\t\t\t<\/div>\n\t\t","protected":false},"excerpt":{"rendered":"<p>Traiga la puerta torniquete de la mejor calidad a un precio asequible [&hellip;]<\/p>\n","protected":false},"author":1,"featured_media":0,"parent":0,"menu_order":0,"comment_status":"closed","ping_status":"closed","template":"elementor_header_footer","meta":{"footnotes":""},"class_list":["post-8287","page","type-page","status-publish","hentry"],"_links":{"self":[{"href":"https:\/\/www.mairsturnstile-online.com\/es\/wp-json\/wp\/v2\/pages\/8287","targetHints":{"allow":["GET"]}}],"collection":[{"href":"https:\/\/www.mairsturnstile-online.com\/es\/wp-json\/wp\/v2\/pages"}],"about":[{"href":"https:\/\/www.mairsturnstile-online.com\/es\/wp-json\/wp\/v2\/types\/page"}],"author":[{"embeddable":true,"href":"https:\/\/www.mairsturnstile-online.com\/es\/wp-json\/wp\/v2\/users\/1"}],"replies":[{"embeddable":true,"href":"https:\/\/www.mairsturnstile-online.com\/es\/wp-json\/wp\/v2\/comments?post=8287"}],"version-history":[{"count":0,"href":"https:\/\/www.mairsturnstile-online.com\/es\/wp-json\/wp\/v2\/pages\/8287\/revisions"}],"wp:attachment":[{"href":"https:\/\/www.mairsturnstile-online.com\/es\/wp-json\/wp\/v2\/media?parent=8287"}],"curies":[{"name":"wp","href":"https:\/\/api.w.org\/{rel}","templated":true}]}}