{"id":6417,"date":"2022-09-22T19:02:26","date_gmt":"2022-09-22T11:02:26","guid":{"rendered":"https:\/\/www.mairsturnstile-online.com\/control-de-calidad\/"},"modified":"2024-03-26T16:18:32","modified_gmt":"2024-03-26T08:18:32","slug":"control-de-calidad","status":"publish","type":"page","link":"https:\/\/www.mairsturnstile-online.com\/es\/control-de-calidad\/","title":{"rendered":"Calidad"},"content":{"rendered":"\t\t<div data-elementor-type=\"wp-page\" data-elementor-id=\"6417\" class=\"elementor elementor-6417 elementor-6361\" data-elementor-post-type=\"page\">\n\t\t\t\t<div class=\"elementor-element elementor-element-b8f1fd0 e-flex e-con-boxed e-con e-parent\" data-id=\"b8f1fd0\" data-element_type=\"container\" data-settings=\"{&quot;background_background&quot;:&quot;classic&quot;}\">\n\t\t\t\t\t<div class=\"e-con-inner\">\n\t\t\t\t<div class=\"elementor-element elementor-element-2b1b9c8 animated-slow elementor-invisible elementor-widget elementor-widget-heading\" data-id=\"2b1b9c8\" data-element_type=\"widget\" data-settings=\"{&quot;_animation&quot;:&quot;slideInUp&quot;}\" data-widget_type=\"heading.default\">\n\t\t\t\t<div class=\"elementor-widget-container\">\n\t\t\t<h2 class=\"elementor-heading-title elementor-size-default\">Torniquete de seguridad profundamente personalizado\n<\/h2>\t\t<\/div>\n\t\t\t\t<\/div>\n\t\t\t\t<div class=\"elementor-element elementor-element-3d91895 animated-slow elementor-invisible elementor-widget elementor-widget-heading\" data-id=\"3d91895\" data-element_type=\"widget\" data-settings=\"{&quot;_animation&quot;:&quot;slideInUp&quot;}\" data-widget_type=\"heading.default\">\n\t\t\t\t<div class=\"elementor-widget-container\">\n\t\t\t<h2 class=\"elementor-heading-title elementor-size-default\">Seg\u00fan los requisitos de su proyecto y las demandas del mercado, dise\u00f1aremos y personalizaremos espec\u00edficamente un torniquete de seguridad que le pertenece solo a usted y que se integrar\u00e1 f\u00e1cilmente con su sistema de control de acceso.<\/h2>\t\t<\/div>\n\t\t\t\t<\/div>\n\t\t\t\t\t<\/div>\n\t\t\t\t<\/div>\n\t\t<div class=\"elementor-element elementor-element-20737c0 e-flex e-con-boxed e-con e-parent\" data-id=\"20737c0\" data-element_type=\"container\">\n\t\t\t\t\t<div class=\"e-con-inner\">\n\t\t\t\t<div class=\"elementor-element elementor-element-9be1f79 elementor-widget elementor-widget-heading\" data-id=\"9be1f79\" data-element_type=\"widget\" data-widget_type=\"heading.default\">\n\t\t\t\t<div class=\"elementor-widget-container\">\n\t\t\t<h2 class=\"elementor-heading-title elementor-size-default\">Calidad confiable<\/h2>\t\t<\/div>\n\t\t\t\t<\/div>\n\t\t\t\t\t<\/div>\n\t\t\t\t<\/div>\n\t\t<div class=\"elementor-element elementor-element-f21b5ef e-flex e-con-boxed e-con e-parent\" data-id=\"f21b5ef\" data-element_type=\"container\">\n\t\t\t\t\t<div class=\"e-con-inner\">\n\t\t\t\t<div class=\"elementor-element elementor-element-534ced0 elementor-widget elementor-widget-text-editor\" data-id=\"534ced0\" data-element_type=\"widget\" data-widget_type=\"text-editor.default\">\n\t\t\t\t<div class=\"elementor-widget-container\">\n\t\t\t\t\t\t\t<p>Mairs Turnstile tiene un estricto control de calidad sobre materias primas, accesorios y productos terminados. Todas las puertas de torniquete se someter\u00e1n a pruebas de envejecimiento antes del env\u00edo. Guardamos las fotos y los v\u00eddeos de prueba para referencia del cliente. El mecanismo, el panel de control y otros accesorios importantes son de la mejor calidad en la industria. El mecanismo y su sistema de control han superado las pruebas de 10 millones de vida de la autoridad.<\/p>\n<p>MairsTurnstile ha pasado <a href=\"https:\/\/mairsturnstile.com\/wp-content\/uploads\/2022\/09\/Mairs-Registration-Certificate-ISO9001.pdf\" target=\"_blank\" rel=\"noreferrer noopener\"><mark class=\"has-inline-color\">la certificaci\u00f3n del sistema de gesti\u00f3n de calidad ISO9001<\/mark><\/a> . Nuestras puertas de torniquete tienen los <a href=\"https:\/\/mairsturnstile.com\/wp-content\/uploads\/2022\/09\/Mairs-CE-Certificate-Full-Height-Turnstile.pdf\" target=\"_blank\" rel=\"noreferrer noopener\"><mark class=\"has-inline-color\">certificados CE<\/mark><\/a> correspondientes y los informes de prueba del producto. Puede encontrar el certificado correspondiente en la p\u00e1gina del producto espec\u00edfico. Si necesita un informe de prueba detallado del certificado CE, cont\u00e1ctenos. Controlamos estrictamente la calidad de los productos de acuerdo con los requisitos de calificaci\u00f3n de producci\u00f3n de los productos.<\/p>\n<p>No solo tenemos una gran experiencia y conocimiento profesional, sino que tambi\u00e9n contamos con un equipo de ventas profesional y un equipo de servicio t\u00e9cnico, que pueden brindarle servicios y productos de la mejor calidad.<\/p>\n<p>Nos enorgullecemos de nuestra calidad garantizada que se completa y prueba para garantizar una alta funcionalidad. MairsTurnstile recibe muchos elogios de nuestros numerosos clientes.<\/p>\n<p>Cualquier inspecci\u00f3n de terceros es mayormente bienvenida. Nos esforzamos por respaldar de manera eficiente su evaluaci\u00f3n. Adem\u00e1s, sean cuales sean los est\u00e1ndares de calidad en sus distritos, estamos seguros de alcanzarlos. Es nuestro compromiso proporcionarle certificaciones relacionadas e informes de prueba seg\u00fan los requisitos para el lanzamiento efectivo de su producto.<\/p>\n<p>En caso de que necesite muestras para probar completamente el rendimiento del producto, estamos listos para hacerle muestras de acuerdo con sus necesidades espec\u00edficas. Y nuestro equipo lo ayudar\u00e1 a ajustar cualquier detalle para garantizar el cumplimiento total de los requisitos de su aplicaci\u00f3n.<\/p>\t\t\t\t\t\t<\/div>\n\t\t\t\t<\/div>\n\t\t\t\t\t<\/div>\n\t\t\t\t<\/div>\n\t\t<div class=\"elementor-element elementor-element-35ea9f1 e-flex e-con-boxed e-con e-parent\" data-id=\"35ea9f1\" data-element_type=\"container\" data-settings=\"{&quot;background_background&quot;:&quot;classic&quot;,&quot;shape_divider_bottom&quot;:&quot;arrow&quot;,&quot;shape_divider_bottom_negative&quot;:&quot;yes&quot;}\">\n\t\t\t\t\t<div class=\"e-con-inner\">\n\t\t\t\t<div class=\"elementor-shape elementor-shape-bottom\" data-negative=\"true\">\n\t\t\t<svg xmlns=\"http:\/\/www.w3.org\/2000\/svg\" viewBox=\"0 0 700 10\" preserveAspectRatio=\"none\">\n\t<path class=\"elementor-shape-fill\" d=\"M360 0L350 9.9 340 0 0 0 0 10 700 10 700 0\"\/>\n<\/svg>\t\t<\/div>\n\t\t\t\t<div class=\"elementor-element elementor-element-13bff74 animated-slow elementor-invisible elementor-widget elementor-widget-heading\" data-id=\"13bff74\" data-element_type=\"widget\" data-settings=\"{&quot;_animation&quot;:&quot;slideInUp&quot;}\" data-widget_type=\"heading.default\">\n\t\t\t\t<div class=\"elementor-widget-container\">\n\t\t\t<h2 class=\"elementor-heading-title elementor-size-default\">Entrega global y r\u00e1pida<br>\nF\u00e1cil instalaci\u00f3n\n<\/h2>\t\t<\/div>\n\t\t\t\t<\/div>\n\t\t\t\t<div class=\"elementor-element elementor-element-afa0e31 animated-slow elementor-invisible elementor-widget elementor-widget-heading\" data-id=\"afa0e31\" data-element_type=\"widget\" data-settings=\"{&quot;_animation&quot;:&quot;slideInUp&quot;}\" data-widget_type=\"heading.default\">\n\t\t\t\t<div class=\"elementor-widget-container\">\n\t\t\t<h2 class=\"elementor-heading-title elementor-size-default\">Dise\u00f1o integrado, sin necesidad de desmontar componentes, instalaci\u00f3n sencilla y ahorro de costes. El producto recibido por el cliente ha completado el cableado interno y el montaje general de accesorios.<\/h2>\t\t<\/div>\n\t\t\t\t<\/div>\n\t\t\t\t\t<\/div>\n\t\t\t\t<\/div>\n\t\t<div class=\"elementor-element elementor-element-ad17bab e-flex e-con-boxed e-con e-parent\" data-id=\"ad17bab\" data-element_type=\"container\">\n\t\t\t\t\t<div class=\"e-con-inner\">\n\t\t\t\t<div class=\"elementor-element elementor-element-26fe6ed elementor-widget elementor-widget-heading\" data-id=\"26fe6ed\" data-element_type=\"widget\" data-widget_type=\"heading.default\">\n\t\t\t\t<div class=\"elementor-widget-container\">\n\t\t\t<h2 class=\"elementor-heading-title elementor-size-default\">Servicio posventa profesional<\/h2>\t\t<\/div>\n\t\t\t\t<\/div>\n\t\t\t\t<div class=\"elementor-element elementor-element-bba1114 elementor-widget elementor-widget-text-editor\" data-id=\"bba1114\" data-element_type=\"widget\" data-widget_type=\"text-editor.default\">\n\t\t\t\t<div class=\"elementor-widget-container\">\n\t\t\t\t\t\t\t<p>Con la construcci\u00f3n de proyectos integrados relacionados con torniquetes de tr\u00edpode, torniquetes giratorios, torniquetes de barrera con aletas, torniquetes de altura completa y otros equipos de puertas de torniquetes durante muchos a\u00f1os, MairsTurnstile ha acumulado un conjunto de procesos de servicio posventa efectivos y estrictamente planificados.<\/p>\n<p>MairsTurnstile siempre parte del punto de vista del cliente. Adem\u00e1s de las ventajas de precios competitivos, el servicio de preventa y posventa tambi\u00e9n son nuestras ventajas. Un buen servicio postventa puede aliviar las preocupaciones de los clientes. Mairs ofrece productos y servicios de calidad. Trabajando con nosotras, no tienes preocupaciones. Mairs es una empresa en la que puede confiar.<\/p>\n<p>COBERTURA DE LA GARANT\u00cdA: El fabricante, Shenzhen Mairs Intelligent Technology Co,Ltd, garantiza por la presente que el producto est\u00e1 libre de defectos de material y mano de obra. Ofrecemos 2 a\u00f1os de garant\u00eda a partir de la fecha de entrega. Si alguna pieza falla debido al problema de calidad cubierto por el tiempo de garant\u00eda, le enviaremos las piezas de repuesto de forma gratuita.<\/p>\n<p>Si alguna pieza falla debido al problema de calidad cubierto por el tiempo de garant\u00eda, le enviaremos las piezas de repuesto de forma gratuita, que deben ser los productos originales; <\/p>\n<p>Si el producto a\u00fan es responsable de brindar un servicio de mantenimiento de por vida para los productos despu\u00e9s del per\u00edodo de garant\u00eda, solo se puede cobrar el costo de los accesorios al reemplazarlos;<\/p>\t\t\t\t\t\t<\/div>\n\t\t\t\t<\/div>\n\t\t\t\t\t<\/div>\n\t\t\t\t<\/div>\n\t\t<div class=\"elementor-element elementor-element-cb9f8ba e-flex e-con-boxed e-con e-parent\" data-id=\"cb9f8ba\" data-element_type=\"container\" data-settings=\"{&quot;background_background&quot;:&quot;classic&quot;,&quot;shape_divider_bottom&quot;:&quot;arrow&quot;,&quot;shape_divider_bottom_negative&quot;:&quot;yes&quot;}\">\n\t\t\t\t\t<div class=\"e-con-inner\">\n\t\t\t\t<div class=\"elementor-shape elementor-shape-bottom\" data-negative=\"true\">\n\t\t\t<svg xmlns=\"http:\/\/www.w3.org\/2000\/svg\" viewBox=\"0 0 700 10\" preserveAspectRatio=\"none\">\n\t<path class=\"elementor-shape-fill\" d=\"M360 0L350 9.9 340 0 0 0 0 10 700 10 700 0\"\/>\n<\/svg>\t\t<\/div>\n\t\t\t\t<div class=\"elementor-element elementor-element-f0193b3 animated-slow elementor-invisible elementor-widget elementor-widget-heading\" data-id=\"f0193b3\" data-element_type=\"widget\" data-settings=\"{&quot;_animation&quot;:&quot;slideInUp&quot;}\" data-widget_type=\"heading.default\">\n\t\t\t\t<div class=\"elementor-widget-container\">\n\t\t\t<h2 class=\"elementor-heading-title elementor-size-default\">Traiga la puerta torniquete de la mejor calidad a un precio asequible<\/h2>\t\t<\/div>\n\t\t\t\t<\/div>\n\t\t\t\t<div class=\"elementor-element elementor-element-7a0fda0 animated-slow elementor-invisible elementor-widget elementor-widget-heading\" data-id=\"7a0fda0\" data-element_type=\"widget\" data-settings=\"{&quot;_animation&quot;:&quot;slideInUp&quot;}\" data-widget_type=\"heading.default\">\n\t\t\t\t<div class=\"elementor-widget-container\">\n\t\t\t<h2 class=\"elementor-heading-title elementor-size-default\">Calidad Garantizada, Garant\u00eda 2 A\u00f1os<br>\nExcelente mano de obra y artesan\u00eda compleja<br>\nSoporte t\u00e9cnico integral<\/h2>\t\t<\/div>\n\t\t\t\t<\/div>\n\t\t\t\t<div class=\"elementor-element elementor-element-b95bfd9 animated-slow elementor-invisible elementor-widget elementor-widget-heading\" data-id=\"b95bfd9\" data-element_type=\"widget\" data-settings=\"{&quot;_animation&quot;:&quot;slideInUp&quot;}\" data-widget_type=\"heading.default\">\n\t\t\t\t<div class=\"elementor-widget-container\">\n\t\t\t<h2 class=\"elementor-heading-title elementor-size-default\">Torniquete Mairs<\/h2>\t\t<\/div>\n\t\t\t\t<\/div>\n\t\t\t\t\t<\/div>\n\t\t\t\t<\/div>\n\t\t<div class=\"elementor-element elementor-element-a09b1b7 e-flex e-con-boxed e-con e-parent\" data-id=\"a09b1b7\" data-element_type=\"container\">\n\t\t\t\t\t<div class=\"e-con-inner\">\n\t\t\t\t<div class=\"elementor-element elementor-element-6efc852 elementor-widget elementor-widget-text-editor\" data-id=\"6efc852\" data-element_type=\"widget\" data-widget_type=\"text-editor.default\">\n\t\t\t\t<div class=\"elementor-widget-container\">\n\t\t\t\t\t\t\t<p>Desde la perspectiva del cliente, MairsTurnstile siempre ha tratado de especificar las ventajas de nuestro servicio en el contrato para aliviar las preocupaciones del cliente. Aqu\u00ed tambi\u00e9n les recordamos a todos que el precio es un factor que debe tenerse en cuenta al comprar puertas de torniquete de alta calidad, pero al mismo tiempo, debemos prestar m\u00e1s atenci\u00f3n a la reputaci\u00f3n de la marca y los factores de servicio posventa de las puertas, lo que ahorrar\u00e1 una gran cantidad de costos y energ\u00eda en el proceso de uso posterior.<\/p>\n<p>EXCLUSIONES: Shenzhen Mairs Intelligent Technology Co,Ltd no tendr\u00e1 ninguna responsabilidad u obligaci\u00f3n bajo esta garant\u00eda limitada, en caso de,<\/p>\n<p>1. Cualquier defecto causado por mal uso o abuso del producto.<\/p>\n<p>2. Da\u00f1os causados por desastres naturales.<\/p>\n<p>3. Da\u00f1os causados por modificaciones no autorizadas.<\/p>\n<p>4. Defectos causados por un almacenamiento inadecuado del producto.<\/p>\n<p>5. Da\u00f1os causados \u200b\u200bdeliberadamente por el hombre (proporcionar otros t\u00e9rminos y condiciones)<\/p>\t\t\t\t\t\t<\/div>\n\t\t\t\t<\/div>\n\t\t\t\t\t<\/div>\n\t\t\t\t<\/div>\n\t\t<div class=\"elementor-element elementor-element-79ae281 e-flex e-con-boxed e-con e-parent\" data-id=\"79ae281\" data-element_type=\"container\" data-settings=\"{&quot;background_background&quot;:&quot;classic&quot;,&quot;shape_divider_bottom&quot;:&quot;arrow&quot;,&quot;shape_divider_bottom_negative&quot;:&quot;yes&quot;}\">\n\t\t\t\t\t<div class=\"e-con-inner\">\n\t\t\t\t<div class=\"elementor-shape elementor-shape-bottom\" data-negative=\"true\">\n\t\t\t<svg xmlns=\"http:\/\/www.w3.org\/2000\/svg\" viewBox=\"0 0 700 10\" preserveAspectRatio=\"none\">\n\t<path class=\"elementor-shape-fill\" d=\"M360 0L350 9.9 340 0 0 0 0 10 700 10 700 0\"\/>\n<\/svg>\t\t<\/div>\n\t\t\t\t<div class=\"elementor-element elementor-element-a29f618 animated-slow elementor-invisible elementor-widget elementor-widget-heading\" data-id=\"a29f618\" data-element_type=\"widget\" data-settings=\"{&quot;_animation&quot;:&quot;slideInUp&quot;}\" data-widget_type=\"heading.default\">\n\t\t\t\t<div class=\"elementor-widget-container\">\n\t\t\t<h2 class=\"elementor-heading-title elementor-size-default\">Torniquete de dise\u00f1o \u00fanico y de moda<br>\n\n<\/h2>\t\t<\/div>\n\t\t\t\t<\/div>\n\t\t\t\t<div class=\"elementor-element elementor-element-acb00f2 animated-slow elementor-invisible elementor-widget elementor-widget-heading\" data-id=\"acb00f2\" data-element_type=\"widget\" data-settings=\"{&quot;_animation&quot;:&quot;slideInUp&quot;}\" data-widget_type=\"heading.default\">\n\t\t\t\t<div class=\"elementor-widget-container\">\n\t\t\t<h2 class=\"elementor-heading-title elementor-size-default\">Venta directa de f\u00e1brica<br>\nServicio OEM y ODM<br>\nEntrega global y r\u00e1pida<br>\n\n<\/h2>\t\t<\/div>\n\t\t\t\t<\/div>\n\t\t\t\t<div class=\"elementor-element elementor-element-45fad1a animated-slow elementor-invisible elementor-widget elementor-widget-heading\" data-id=\"45fad1a\" data-element_type=\"widget\" data-settings=\"{&quot;_animation&quot;:&quot;slideInUp&quot;}\" data-widget_type=\"heading.default\">\n\t\t\t\t<div class=\"elementor-widget-container\">\n\t\t\t<h2 class=\"elementor-heading-title elementor-size-default\">\nTorniquete Mairs\n<\/h2>\t\t<\/div>\n\t\t\t\t<\/div>\n\t\t\t\t\t<\/div>\n\t\t\t\t<\/div>\n\t\t<div class=\"elementor-element elementor-element-c6ab779 e-flex e-con-boxed e-con e-parent\" data-id=\"c6ab779\" data-element_type=\"container\">\n\t\t\t\t\t<div class=\"e-con-inner\">\n\t\t\t\t<div class=\"elementor-element elementor-element-b306ea7 elementor-widget elementor-widget-text-editor\" data-id=\"b306ea7\" data-element_type=\"widget\" data-widget_type=\"text-editor.default\">\n\t\t\t\t<div class=\"elementor-widget-container\">\n\t\t\t\t\t\t\t<p>LIMITACIONES: El \u00fanico recurso que tiene, en caso de cualquier defecto en el producto, es la reparaci\u00f3n o el reemplazo de las piezas, como se especifica anteriormente. No seremos responsables de ning\u00fan da\u00f1o consecuente o incapacidad para usar el producto. El costo de la reparaci\u00f3n o reemplazo no deber\u00e1 ser superior al precio de compra del producto, sin incluir impuestos, gastos de env\u00edo e instalaci\u00f3n.<\/p>\n<p>Al instalar y utilizar el producto, el usuario acepta los t\u00e9rminos y condiciones aqu\u00ed descritos.<\/p>\n<p>5.SERVICIO DE GARANT\u00cdA: En caso de que desee hacer uso de nuestro servicio bajo esta garant\u00eda, puede comunicarse con la siguiente informaci\u00f3n.<\/p>\n<p>Elena Lee Email: support@mairsturstile.com Tel:008615323431686<\/p>\n<p>Gracias.<br>Mairsturnstile-online.com<\/p>\t\t\t\t\t\t<\/div>\n\t\t\t\t<\/div>\n\t\t\t\t\t<\/div>\n\t\t\t\t<\/div>\n\t\t\t\t<\/div>\n\t\t","protected":false},"excerpt":{"rendered":"<p>Torniquete de seguridad profundamente personalizado Seg\u00fan los requisitos de su proyecto y [&hellip;]<\/p>\n","protected":false},"author":1,"featured_media":0,"parent":0,"menu_order":0,"comment_status":"closed","ping_status":"closed","template":"elementor_header_footer","meta":{"footnotes":""},"class_list":["post-6417","page","type-page","status-publish","hentry"],"_links":{"self":[{"href":"https:\/\/www.mairsturnstile-online.com\/es\/wp-json\/wp\/v2\/pages\/6417","targetHints":{"allow":["GET"]}}],"collection":[{"href":"https:\/\/www.mairsturnstile-online.com\/es\/wp-json\/wp\/v2\/pages"}],"about":[{"href":"https:\/\/www.mairsturnstile-online.com\/es\/wp-json\/wp\/v2\/types\/page"}],"author":[{"embeddable":true,"href":"https:\/\/www.mairsturnstile-online.com\/es\/wp-json\/wp\/v2\/users\/1"}],"replies":[{"embeddable":true,"href":"https:\/\/www.mairsturnstile-online.com\/es\/wp-json\/wp\/v2\/comments?post=6417"}],"version-history":[{"count":0,"href":"https:\/\/www.mairsturnstile-online.com\/es\/wp-json\/wp\/v2\/pages\/6417\/revisions"}],"wp:attachment":[{"href":"https:\/\/www.mairsturnstile-online.com\/es\/wp-json\/wp\/v2\/media?parent=6417"}],"curies":[{"name":"wp","href":"https:\/\/api.w.org\/{rel}","templated":true}]}}