{"id":5422,"date":"2021-09-08T00:12:56","date_gmt":"2021-09-07T16:12:56","guid":{"rendered":"https:\/\/www.mairsturnstile-online.com\/transporte\/"},"modified":"2024-03-26T16:18:50","modified_gmt":"2024-03-26T08:18:50","slug":"transporte","status":"publish","type":"page","link":"https:\/\/www.mairsturnstile-online.com\/es\/transporte\/","title":{"rendered":"Transporte"},"content":{"rendered":"\t\t<div data-elementor-type=\"wp-page\" data-elementor-id=\"5422\" class=\"elementor elementor-5422 elementor-501\" data-elementor-post-type=\"page\">\n\t\t\t\t<div class=\"elementor-element elementor-element-2f0388c e-flex e-con-boxed e-con e-parent\" data-id=\"2f0388c\" data-element_type=\"container\" data-settings=\"{&quot;background_background&quot;:&quot;classic&quot;,&quot;shape_divider_bottom&quot;:&quot;opacity-tilt&quot;}\">\n\t\t\t\t\t<div class=\"e-con-inner\">\n\t\t\t\t<div class=\"elementor-shape elementor-shape-bottom\" data-negative=\"false\">\n\t\t\t<svg xmlns=\"http:\/\/www.w3.org\/2000\/svg\" viewBox=\"0 0 2600 131.1\" preserveAspectRatio=\"none\">\n\t<path class=\"elementor-shape-fill\" d=\"M0 0L2600 0 2600 69.1 0 0z\"\/>\n\t<path class=\"elementor-shape-fill\" style=\"opacity:0.5\" d=\"M0 0L2600 0 2600 69.1 0 69.1z\"\/>\n\t<path class=\"elementor-shape-fill\" style=\"opacity:0.25\" d=\"M2600 0L0 0 0 130.1 2600 69.1z\"\/>\n<\/svg>\t\t<\/div>\n\t\t\t\t<div class=\"elementor-element elementor-element-928039b animated-slow elementor-invisible elementor-widget elementor-widget-heading\" data-id=\"928039b\" data-element_type=\"widget\" data-settings=\"{&quot;_animation&quot;:&quot;slideInUp&quot;}\" data-widget_type=\"heading.default\">\n\t\t\t\t<div class=\"elementor-widget-container\">\n\t\t\t<h2 class=\"elementor-heading-title elementor-size-default\">Personalice los torniquetes que solo le pertenecen a usted seg\u00fan las necesidades de su mercado y proyecto.\n<\/h2>\t\t<\/div>\n\t\t\t\t<\/div>\n\t\t\t\t<div class=\"elementor-element elementor-element-735ac79 animated-slow elementor-invisible elementor-widget elementor-widget-heading\" data-id=\"735ac79\" data-element_type=\"widget\" data-settings=\"{&quot;_animation&quot;:&quot;slideInUp&quot;}\" data-widget_type=\"heading.default\">\n\t\t\t\t<div class=\"elementor-widget-container\">\n\t\t\t<h2 class=\"elementor-heading-title elementor-size-default\">Seg\u00fan los requisitos de su proyecto y las demandas del mercado, dise\u00f1aremos y personalizaremos espec\u00edficamente un torniquete de seguridad que le pertenece solo a usted y que se integrar\u00e1 f\u00e1cilmente con su sistema de control de acceso.<\/h2>\t\t<\/div>\n\t\t\t\t<\/div>\n\t\t\t\t\t<\/div>\n\t\t\t\t<\/div>\n\t\t<div class=\"elementor-element elementor-element-843a213 e-flex e-con-boxed e-con e-parent\" data-id=\"843a213\" data-element_type=\"container\">\n\t\t\t\t\t<div class=\"e-con-inner\">\n\t\t\t\t<div class=\"elementor-element elementor-element-f568323 elementor-widget elementor-widget-text-editor\" data-id=\"f568323\" data-element_type=\"widget\" data-widget_type=\"text-editor.default\">\n\t\t\t\t<div class=\"elementor-widget-container\">\n\t\t\t\t\t\t\t<p><\/p>\n<p>Ofrecemos env\u00edo gratis a muchos pa\u00edses alrededor del mundo.<\/p>\n<p><\/p>\n<p>Sobre el tiempo de entrega:<\/p>\n<p><\/p>\n<p>Por aire: FedEx, DHL, TNT (generalmente toma de 3 a 7 d\u00edas h\u00e1biles)<\/p>\n<p><\/p>\n<p>Si tiene solicitudes especiales sobre el env\u00edo, comun\u00edquese con nosotros para ver si podemos atender su solicitud.<\/p>\n<p><\/p>\n<p>Nuestro personal de ventas profesional Elena est\u00e1 disponible para ayudar en el <a href=\"tel:+8615323431686\" data-type=\"tel\" data-id=\"tel:+8615323431686\">+8615323431686<\/a> o por correo electr\u00f3nico en <a href=\"mailto:sales@mairsturnstile.com\">sales@mairsturnstile.com<\/a> <\/p>\n<p><\/p>\n<p>AGREGAR: No.164, Pingxing North Road, Pinghu Street, Longgang District, Shenzhen<\/p>\n<p><\/p>\n<figure class=\"wp-block-image alignleft size-full\"><\/figure>\t\t\t\t\t\t<\/div>\n\t\t\t\t<\/div>\n\t\t\t\t\t<\/div>\n\t\t\t\t<\/div>\n\t\t<div class=\"elementor-element elementor-element-667d9c3 e-flex e-con-boxed e-con e-parent\" data-id=\"667d9c3\" data-element_type=\"container\" data-settings=\"{&quot;background_background&quot;:&quot;classic&quot;,&quot;shape_divider_top&quot;:&quot;opacity-tilt&quot;}\">\n\t\t\t\t\t<div class=\"e-con-inner\">\n\t\t\t\t<div class=\"elementor-shape elementor-shape-top\" data-negative=\"false\">\n\t\t\t<svg xmlns=\"http:\/\/www.w3.org\/2000\/svg\" viewBox=\"0 0 2600 131.1\" preserveAspectRatio=\"none\">\n\t<path class=\"elementor-shape-fill\" d=\"M0 0L2600 0 2600 69.1 0 0z\"\/>\n\t<path class=\"elementor-shape-fill\" style=\"opacity:0.5\" d=\"M0 0L2600 0 2600 69.1 0 69.1z\"\/>\n\t<path class=\"elementor-shape-fill\" style=\"opacity:0.25\" d=\"M2600 0L0 0 0 130.1 2600 69.1z\"\/>\n<\/svg>\t\t<\/div>\n\t\t\t\t<div class=\"elementor-element elementor-element-b3c06cb animated-slow elementor-invisible elementor-widget elementor-widget-heading\" data-id=\"b3c06cb\" data-element_type=\"widget\" data-settings=\"{&quot;_animation&quot;:&quot;slideInUp&quot;}\" data-widget_type=\"heading.default\">\n\t\t\t\t<div class=\"elementor-widget-container\">\n\t\t\t<h2 class=\"elementor-heading-title elementor-size-default\">Torniquete de dise\u00f1o \u00fanico y de moda\n<\/h2>\t\t<\/div>\n\t\t\t\t<\/div>\n\t\t\t\t<div class=\"elementor-element elementor-element-51599f0 animated-slow elementor-invisible elementor-widget elementor-widget-heading\" data-id=\"51599f0\" data-element_type=\"widget\" data-settings=\"{&quot;_animation&quot;:&quot;slideInUp&quot;}\" data-widget_type=\"heading.default\">\n\t\t\t\t<div class=\"elementor-widget-container\">\n\t\t\t<h2 class=\"elementor-heading-title elementor-size-default\">Entrega global y r\u00e1pida<br>\nServicio OEM y ODM<br>\nVenta directa de f\u00e1brica<br>\n<\/h2>\t\t<\/div>\n\t\t\t\t<\/div>\n\t\t\t\t<div class=\"elementor-element elementor-element-b4884ca animated-slow elementor-invisible elementor-widget elementor-widget-heading\" data-id=\"b4884ca\" data-element_type=\"widget\" data-settings=\"{&quot;_animation&quot;:&quot;slideInUp&quot;}\" data-widget_type=\"heading.default\">\n\t\t\t\t<div class=\"elementor-widget-container\">\n\t\t\t<h2 class=\"elementor-heading-title elementor-size-default\">Torniquete Mairs\n<\/h2>\t\t<\/div>\n\t\t\t\t<\/div>\n\t\t\t\t\t<\/div>\n\t\t\t\t<\/div>\n\t\t\t\t<\/div>\n\t\t","protected":false},"excerpt":{"rendered":"<p>Personalice los torniquetes que solo le pertenecen a usted seg\u00fan las necesidades [&hellip;]<\/p>\n","protected":false},"author":1,"featured_media":0,"parent":0,"menu_order":0,"comment_status":"closed","ping_status":"closed","template":"elementor_header_footer","meta":{"footnotes":""},"class_list":["post-5422","page","type-page","status-publish","hentry"],"_links":{"self":[{"href":"https:\/\/www.mairsturnstile-online.com\/es\/wp-json\/wp\/v2\/pages\/5422","targetHints":{"allow":["GET"]}}],"collection":[{"href":"https:\/\/www.mairsturnstile-online.com\/es\/wp-json\/wp\/v2\/pages"}],"about":[{"href":"https:\/\/www.mairsturnstile-online.com\/es\/wp-json\/wp\/v2\/types\/page"}],"author":[{"embeddable":true,"href":"https:\/\/www.mairsturnstile-online.com\/es\/wp-json\/wp\/v2\/users\/1"}],"replies":[{"embeddable":true,"href":"https:\/\/www.mairsturnstile-online.com\/es\/wp-json\/wp\/v2\/comments?post=5422"}],"version-history":[{"count":0,"href":"https:\/\/www.mairsturnstile-online.com\/es\/wp-json\/wp\/v2\/pages\/5422\/revisions"}],"wp:attachment":[{"href":"https:\/\/www.mairsturnstile-online.com\/es\/wp-json\/wp\/v2\/media?parent=5422"}],"curies":[{"name":"wp","href":"https:\/\/api.w.org\/{rel}","templated":true}]}}