{"id":5420,"date":"2021-09-08T00:04:26","date_gmt":"2021-09-07T16:04:26","guid":{"rendered":"https:\/\/www.mairsturnstile-online.com\/politica-de-devoluciones\/"},"modified":"2022-08-08T18:56:27","modified_gmt":"2022-08-08T10:56:27","slug":"politica-de-devoluciones","status":"publish","type":"page","link":"https:\/\/www.mairsturnstile-online.com\/es\/politica-de-devoluciones\/","title":{"rendered":"Pol\u00edtica de devoluciones"},"content":{"rendered":"\n<p>Direcci\u00f3n de devoluci\u00f3n: No.164, Pingxing North Road, Pinghu Street, Longgang District, Shenzhen<\/p>\n\n<p>Si est\u00e1 buscando devolver o cambiar su pedido por cualquier motivo, \u00a1estamos aqu\u00ed para ayudarlo! Ofrecemos devoluciones o cambios gratuitos dentro de los 30 d\u00edas posteriores a la recepci\u00f3n de su pedido.<\/p>\n\n<p>Para ser elegible para una devoluci\u00f3n, su art\u00edculo debe estar sin usar y en las mismas condiciones en que lo recibi\u00f3. Tambi\u00e9n debe estar en el embalaje original. Los gastos de env\u00edo no est\u00e1n cubiertos y se devuelven a cargo del comprador. Se aplicar\u00e1 una tarifa de reposici\u00f3n de existencias m\u00ednima del 5 %, a menos que el fabricante indique lo contrario.<\/p>\n\n<p>Los art\u00edculos que han sido abiertos y\/o instalados solo son elegibles para reparaci\u00f3n o reemplazo bajo garant\u00eda. Llame a nuestro personal Elena al <a href=\"tel:+8615323431686\" data-type=\"tel\" data-id=\"tel:+8615323431686\">+8615323431686<\/a> para soporte t\u00e9cnico o env\u00ede un correo electr\u00f3nico a: <a href=\"mailto:sales@mairsturnstile.com\">sales@mairsturnstile.com<\/a><br\/><br\/>Todos los productos y equipos de seguridad se fabrican a medida y no se pueden cancelar una vez que entran en producci\u00f3n ni devolverse.<\/p>\n\n<p>Se aplicar\u00e1n las garant\u00edas del fabricante.<br\/><br\/>Transporte<br\/><br\/>Podemos enviar a pr\u00e1cticamente cualquier direcci\u00f3n en el mundo. Tenga en cuenta que existen restricciones en algunos productos, y algunos productos no se pueden enviar a algunos destinos internacionales. MairsTurnstile-Online.com no ser\u00e1 responsable de los aranceles o tarifas de aduana locales a menos que se incluya espec\u00edficamente por escrito antes de realizar su compra.<br\/><\/p>\n\n<p>Gracias,<\/p>\n\n<p>www.MairsTurnstile-Online.com<\/p>\n","protected":false},"excerpt":{"rendered":"<p>Direcci\u00f3n de devoluci\u00f3n: No.164, Pingxing North Road, Pinghu Street, Longgang District, Shenzhen [&hellip;]<\/p>\n","protected":false},"author":1,"featured_media":0,"parent":0,"menu_order":0,"comment_status":"closed","ping_status":"closed","template":"","meta":{"footnotes":""},"class_list":["post-5420","page","type-page","status-publish","hentry"],"_links":{"self":[{"href":"https:\/\/www.mairsturnstile-online.com\/es\/wp-json\/wp\/v2\/pages\/5420","targetHints":{"allow":["GET"]}}],"collection":[{"href":"https:\/\/www.mairsturnstile-online.com\/es\/wp-json\/wp\/v2\/pages"}],"about":[{"href":"https:\/\/www.mairsturnstile-online.com\/es\/wp-json\/wp\/v2\/types\/page"}],"author":[{"embeddable":true,"href":"https:\/\/www.mairsturnstile-online.com\/es\/wp-json\/wp\/v2\/users\/1"}],"replies":[{"embeddable":true,"href":"https:\/\/www.mairsturnstile-online.com\/es\/wp-json\/wp\/v2\/comments?post=5420"}],"version-history":[{"count":0,"href":"https:\/\/www.mairsturnstile-online.com\/es\/wp-json\/wp\/v2\/pages\/5420\/revisions"}],"wp:attachment":[{"href":"https:\/\/www.mairsturnstile-online.com\/es\/wp-json\/wp\/v2\/media?parent=5420"}],"curies":[{"name":"wp","href":"https:\/\/api.w.org\/{rel}","templated":true}]}}