{"id":4920,"date":"2021-09-10T01:18:15","date_gmt":"2021-09-09T17:18:15","guid":{"rendered":"https:\/\/www.mairsturnstile-online.com\/product\/7-gesichtserkennungskamera-gesichtserkennungs-terminal\/"},"modified":"2024-02-26T10:19:00","modified_gmt":"2024-02-26T02:19:00","slug":"gesichtserkennungskamera","status":"publish","type":"product","link":"https:\/\/www.mairsturnstile-online.com\/de\/produkt\/gesichtserkennungskamera\/","title":{"rendered":"Gesichtserkennungskamera mit Kartenleser f\u00fcr Drehkreuze"},"content":{"rendered":"\r\n        <div class=\"modelViewerBlock\" data-attributes='{&quot;align&quot;:&quot;start&quot;,&quot;uniqueId&quot;:&quot;model24957&quot;,&quot;currentViewer&quot;:&quot;modelViewer&quot;,&quot;multiple&quot;:false,&quot;model&quot;:{&quot;modelUrl&quot;:&quot;https:\\\/\\\/www.mairsturnstile-online.com\\\/wp-content\\\/uploads\\\/2021\\\/09\\\/f36.glb&quot;,&quot;poster&quot;:&quot;&quot;},&quot;O3DVSettings&quot;:{&quot;isFullscreen&quot;:true,&quot;isPagination&quot;:false,&quot;isNavigation&quot;:true,&quot;camera&quot;:null,&quot;mouseControl&quot;:true},&quot;models&quot;:[],&quot;lazyLoad&quot;:false,&quot;loading&quot;:&quot;auto&quot;,&quot;autoplay&quot;:false,&quot;shadow&quot;:true,&quot;autoRotate&quot;:true,&quot;zoom&quot;:true,&quot;isPagination&quot;:false,&quot;isNavigation&quot;:true,&quot;preload&quot;:&quot;auto&quot;,&quot;rotationPerSecond&quot;:&quot;30&quot;,&quot;mouseControl&quot;:true,&quot;fullscreen&quot;:true,&quot;variant&quot;:false,&quot;loadingPercentage&quot;:false,&quot;progressBar&quot;:true,&quot;rotate&quot;:false,&quot;rotateAlongX&quot;:&quot;0&quot;,&quot;rotateAlongY&quot;:&quot;75&quot;,&quot;exposure&quot;:1,&quot;styles&quot;:{&quot;width&quot;:&quot;1150px&quot;,&quot;height&quot;:&quot;700px&quot;,&quot;bgColor&quot;:&quot;#f9f9f9&quot;,&quot;progressBarColor&quot;:&quot;&quot;},&quot;stylesheet&quot;:null,&quot;additional&quot;:{&quot;ID&quot;:&quot;&quot;,&quot;Class&quot;:&quot;&quot;,&quot;CSS&quot;:&quot;&quot;},&quot;animation&quot;:false,&quot;woo&quot;:false,&quot;selectedAnimation&quot;:&quot;&quot;}'><\/div>\r\n\r\n        \n<h3>Gesichtserkennungskamera mit Kartenleser f\u00fcr Drehkreuze F36<\/h3>\n<p>Dieses biometrische Zugangskontrollterminal MT-F36 mit Gesichtserkennungskamera ist ein leistungsstarkes dynamisches Gesichtserkennungsterminal, das in Torinstallation und Wandinstallation unterteilt ist. Das Terminal integriert die Funktionen der Offline-Gesichtserkennung, der Identit\u00e4ts\u00fcberpr\u00fcfung, der Vor-Ort-Gesichtserfassung, der Blacklist-Fr\u00fchwarnung, der Fotoaufnahme nach dem Passieren und der aktiven Objekterkennung. Sie verwendet eine WDR-HD-Gesichtserkennungskamera, die f\u00fcr raue Umgebungen wie starkes Licht, Gegenlicht und schwaches Licht geeignet ist und sich durch eine schnelle Erkennungsgeschwindigkeit, hohe Genauigkeit und eine gro\u00dfe Speicherkapazit\u00e4t auszeichnet.<\/p>\n<p>Es kann mit Anwendungsmanagementsystemen wie dem gesichtsbasierten Real-Name-Management-System, dem gesichtsbasierten Zutrittskontrollsystem und dem Besucherverwaltungssystem verwendet werden und eignet sich perfekt f\u00fcr komplexe Anwendungsszenarien, die Temperatur\u00fcberwachung, Identit\u00e4tserkennung und Zutrittskontrolle erfordern, wie z. B. Gemeinden, Campus, Krankenh\u00e4user, Sehensw\u00fcrdigkeiten, Hotels, Einkaufszentren, B\u00fcrogeb\u00e4ude, \u00f6ffentliche Pl\u00e4tze und Baustellen. \u00dcbersetzt mit www.DeepL.com\/Translator (kostenlose Version) Mairs bietet die beste Qualit\u00e4t an Sicherheitsdrehkreuzen mit einem biometrischen Zugangskontrollterminal mit Gesichtserkennungskamera.<\/p>\n<p>Diese Gesichtserkennungskamera MT-F507 kann gut in unsere Sicherheitsdrehkreuze integriert werden, was eine perfekte Kombination darstellt. Wenn Sie besondere Anforderungen an diese Kameras haben, k\u00f6nnen wir auch Sonderfunktionen nach Ihren speziellen Bed\u00fcrfnissen anpassen. Wenn Sie detailliertere Informationen oder unser Produkthandbuch ben\u00f6tigen oder eine Gesichtserkennungskamera an Ihre Bed\u00fcrfnisse anpassen m\u00f6chten, wenden Sie sich bitte direkt an uns.<\/p>\n<p><strong>Technische Parameter:<\/strong><\/p>\n<p>Schutzart: IP55<br \/>\nMaterial: Aluminiumlegierung<br \/>\nSystem: Eingebettetes Linux-System<br \/>\nCPU: Leistungsstarker ARM-Framework 32-Bit 2-Kern<br \/>\nErkennungszeit: Weniger als 300 ms<br \/>\nSpeicher: Interner Speicher 512 M, Datenspeicher 8 GB<br \/>\nBrennweite des Objektivs: 6 mm<br \/>\nKamera: Binokulare Kamera, 200 W Pixel mit WDR<\/p>\n<p><strong>Produktmerkmale:<\/strong><\/p>\n<p>Einsatz von Offline-Gesichtserkennungstechnologie zur Erkennung mehrerer Rassen wie Asiaten, Wei\u00dfe und Schwarze.<br \/>\nUnterst\u00fctzt werden Funktionen wie Gesichtserkennung, Whitelist-Zugang, Blacklist-Fr\u00fchwarnung, und das Foto wurde nach dem Passieren aufgenommen.<br \/>\nUnterst\u00fctzung eines externen ID-Lesers, der die Funktion des Gesichts-ID-Vergleichs erm\u00f6glicht.<br \/>\nBiometrisches Zugangskontrollterminal mit Gesichtserkennungskamera.<br \/>\nUnterst\u00fctzung eines externen IC\/ID-Lesers, der die Funktion des Face-Card-Vergleichs erm\u00f6glicht.<br \/>\nUnterst\u00fctzung der aktiven Objekterkennung, um Fotoangriffe zu verhindern.<br \/>\nDie Selbstbedienungs-Gesichtserfassung und der Batch-Import von Listen erm\u00f6glichen eine m\u00fchelose und zeitsparende Verwaltung der Listen.<br \/>\nUnterst\u00fctzung von Imagewerbung.<br \/>\nBis zu l00000 Daten (Schleife geschrieben).<br \/>\nUnterst\u00fctzt Remote-Upgrade USB-Update auf der Management-Seite.<br \/>\nOffene Schnittstelle, Unterst\u00fctzung von Sekund\u00e4rentwicklung und Andocken.<\/p>\n","protected":false},"excerpt":{"rendered":"<p>Unterst\u00fctzung von OEM und ODM. Unterst\u00fctzen Sie biometrische Ger\u00e4te von Drittanbietern wie Fingerabdruckscanner und Gesichtserkennungskameras. RFID-Kartenleser, QR-Code-Scanner.<\/p>\n","protected":false},"featured_media":24900,"comment_status":"closed","ping_status":"closed","template":"","meta":[],"product_cat":[71],"product_tag":[],"class_list":["post-4920","product","type-product","status-publish","has-post-thumbnail","hentry","product_cat-zugangskontrolle"],"_links":{"self":[{"href":"https:\/\/www.mairsturnstile-online.com\/de\/wp-json\/wp\/v2\/product\/4920","targetHints":{"allow":["GET"]}}],"collection":[{"href":"https:\/\/www.mairsturnstile-online.com\/de\/wp-json\/wp\/v2\/product"}],"about":[{"href":"https:\/\/www.mairsturnstile-online.com\/de\/wp-json\/wp\/v2\/types\/product"}],"replies":[{"embeddable":true,"href":"https:\/\/www.mairsturnstile-online.com\/de\/wp-json\/wp\/v2\/comments?post=4920"}],"wp:featuredmedia":[{"embeddable":true,"href":"https:\/\/www.mairsturnstile-online.com\/de\/wp-json\/wp\/v2\/media\/24900"}],"wp:attachment":[{"href":"https:\/\/www.mairsturnstile-online.com\/de\/wp-json\/wp\/v2\/media?parent=4920"}],"wp:term":[{"taxonomy":"product_cat","embeddable":true,"href":"https:\/\/www.mairsturnstile-online.com\/de\/wp-json\/wp\/v2\/product_cat?post=4920"},{"taxonomy":"product_tag","embeddable":true,"href":"https:\/\/www.mairsturnstile-online.com\/de\/wp-json\/wp\/v2\/product_tag?post=4920"}],"curies":[{"name":"wp","href":"https:\/\/api.w.org\/{rel}","templated":true}]}}