{"id":4919,"date":"2021-09-10T01:21:28","date_gmt":"2021-09-09T17:21:28","guid":{"rendered":"https:\/\/www.mairsturnstile-online.com\/product\/8-binokulare-gesichtserkennungskamera\/"},"modified":"2021-09-10T01:21:28","modified_gmt":"2021-09-09T17:21:28","slug":"8-binokulare-gesichtserkennungs-kamera","status":"publish","type":"product","link":"https:\/\/www.mairsturnstile-online.com\/de\/produkt\/8-binokulare-gesichtserkennungs-kamera\/","title":{"rendered":"8&#8243; binokulare Gesichtserkennungskamera"},"content":{"rendered":"<p><iframe title=\"YouTube-Videoplayer\" src=\"https:\/\/www.youtube.com\/embed\/6ApY1rsjWhw\" width=\"560\" height=\"316\" frameborder=\"0\" allowfullscreen=\"allowfullscreen\"><\/iframe><\/p>\n<h2>Binokulare Gesichtserkennungskamera<\/h2>\n<p>Dieses 8&#8243; binokulare Kamera-Terminal mit Gesichtserkennung f\u00fcr die Zugangskontrolle MT-F608 ist ein hochleistungsf\u00e4higes eingebettetes binokulares Gesichtserkennungsterminal. Das Zugangskontrollterminal mit Gesichtserkennung integriert die Funktionen der Offline-Gesichtserkennung, der Identit\u00e4ts\u00fcberpr\u00fcfung, der Erfassung von Gesichtern vor Ort, der Fr\u00fchwarnung durch eine schwarze Liste, der Aufnahme eines Fotos nach dem Passieren und der aktiven Objekterkennung. Sie verwendet eine WDR-HD-Gesichtserkennungskamera, die f\u00fcr raue Umgebungen wie starkes Licht, Gegenlicht und schwaches Licht geeignet ist und sich durch eine schnelle Erkennungsgeschwindigkeit, hohe Genauigkeit und eine gro\u00dfe Speicherkapazit\u00e4t auszeichnet.<\/p>\n<p>Es kann mit Anwendungsmanagementsystemen wie dem gesichtsbasierten Real-Name-Management-System, dem gesichtsbasierten Zutrittskontrollsystem und dem Besucherverwaltungssystem verwendet werden und eignet sich perfekt f\u00fcr komplexe Anwendungsszenarien, die Temperatur\u00fcberwachung, Identit\u00e4tserkennung und Zutrittskontrolle erfordern, wie z. B. Gemeinden, Campus, Krankenh\u00e4user, Sehensw\u00fcrdigkeiten, Hotels, Einkaufszentren, B\u00fcrogeb\u00e4ude, \u00f6ffentliche Pl\u00e4tze und Baustellen. \u00dcbersetzt mit www.DeepL.com\/Translator (kostenlose Version) Mairs bietet die beste Qualit\u00e4t von Sicherheitsdrehkreuzen mit einer Kamera f\u00fcr die Zugangskontrolle mit Gesichtserkennung.<\/p>\n<p>Die Zutrittskontrollkamera MT-F608 mit Gesichtserkennung kann gut in unsere Sicherheitsdrehkreuze integriert werden, was eine perfekte Kombination darstellt. Wenn Sie besondere Anforderungen an diese Kameras haben, k\u00f6nnen wir auch Sonderfunktionen nach Ihren speziellen Bed\u00fcrfnissen anpassen. Wenn Sie detailliertere Informationen oder unser Produkthandbuch ben\u00f6tigen oder eine Gesichtserkennungskamera an Ihre Bed\u00fcrfnisse anpassen m\u00f6chten, wenden Sie sich bitte direkt an uns.<\/p>\n<p><strong>Technische Parameter:<\/strong><\/p>\n<p>Schutzart: IP55<br \/>\nMaterial: Aluminiumlegierung<br \/>\nSystem: Eingebettetes Linux-System<br \/>\nCPU: Leistungsstarker ARM-Framework 32-Bit 2-Kern<br \/>\nErkennungszeit: Weniger als 300 ms<br \/>\nSpeicher: Interner Speicher 512 M, Datenspeicher 8 GB<br \/>\nBrennweite des Objektivs: 6 mm<br \/>\nKamera: Binokulare Kamera, 200 W Pixel mit WDR<\/p>\n<p><strong>Produktmerkmale:<\/strong><\/p>\n<p>Einf\u00fchrung von Offline-Gesichtserkennungstechnologie zur Erkennung mehrerer Rassen wie Asiaten, Wei\u00dfe und Schwarze<br \/>\nUnterst\u00fctzt Funktionen wie Gesichtserkennung Whitelist-Zugang, Blacklist-Fr\u00fchwarnung, und das Foto wurde nach dem Passieren<br \/>\nUnterst\u00fctzung eines externen ID-Lesers, der die Funktion des Gesichts-ID-Vergleichs erm\u00f6glicht<br \/>\nUnterst\u00fctzung eines externen IC\/ID-Lesers, der die Funktion des Face-Card-Vergleichs erm\u00f6glicht<br \/>\nUnterst\u00fctzung der binokularen aktiven Objekterkennung zur Verhinderung von Fotoattacken<br \/>\nSelbstbedienungs-Gesichtserfassung und Stapelimport von Listen erm\u00f6glichen eine m\u00fchelose und zeitsparende Listenverwaltung<br \/>\nBenutzerdefinierte Stimme erm\u00f6glicht personalisierte Sprach\u00fcbertragung<br \/>\nUnterst\u00fctzung von Bild- und Videowerbung<br \/>\nBis zu 100.000 Daten (Schleife geschrieben)<br \/>\nUnterst\u00fctzt Remote-Upgrade USB-Update auf der Management-Seite<br \/>\nOffene Schnittstelle, Unterst\u00fctzung f\u00fcr sekund\u00e4re Entwicklung und Andocken<br \/>\nHochwertiges Material aus Aluminiumlegierung mit Oxidationstechnologie auf der Oberfl\u00e4che<\/p>\n<p><img fetchpriority=\"high\" decoding=\"async\" class=\"alignnone size-full wp-image-1397\" src=\"https:\/\/www.mairsturnstile-online.com\/wp-content\/uploads\/2022\/05\/face-recognition-turnstile.jpg\" alt=\"\" width=\"1024\" height=\"1100\"><img decoding=\"async\" class=\"alignnone size-full wp-image-1405\" src=\"https:\/\/www.mairsturnstile-online.com\/wp-content\/uploads\/2022\/05\/turnstile-gate-access-control-system.png\" alt=\"\" width=\"1024\" height=\"900\"><img decoding=\"async\" class=\"alignnone size-full wp-image-1401\" src=\"https:\/\/www.mairsturnstile-online.com\/wp-content\/uploads\/2022\/05\/packing-of-turnstile-gate.jpg\" alt=\"\" width=\"1024\" height=\"900\"><\/p>\n","protected":false},"excerpt":{"rendered":"<p>Unterst\u00fctzung von OEM und ODM. Unterst\u00fctzen Sie biometrische Ger\u00e4te von Drittanbietern wie Fingerabdruckscanner und Gesichtserkennungskameras. RFID-Kartenleser, QR-Code-Scanner.<\/p>\n","protected":false},"featured_media":3038,"comment_status":"closed","ping_status":"closed","template":"","meta":[],"product_cat":[],"product_tag":[],"class_list":["post-4919","product","type-product","status-publish","has-post-thumbnail","hentry"],"_links":{"self":[{"href":"https:\/\/www.mairsturnstile-online.com\/de\/wp-json\/wp\/v2\/product\/4919","targetHints":{"allow":["GET"]}}],"collection":[{"href":"https:\/\/www.mairsturnstile-online.com\/de\/wp-json\/wp\/v2\/product"}],"about":[{"href":"https:\/\/www.mairsturnstile-online.com\/de\/wp-json\/wp\/v2\/types\/product"}],"replies":[{"embeddable":true,"href":"https:\/\/www.mairsturnstile-online.com\/de\/wp-json\/wp\/v2\/comments?post=4919"}],"wp:featuredmedia":[{"embeddable":true,"href":"https:\/\/www.mairsturnstile-online.com\/de\/wp-json\/wp\/v2\/media\/3038"}],"wp:attachment":[{"href":"https:\/\/www.mairsturnstile-online.com\/de\/wp-json\/wp\/v2\/media?parent=4919"}],"wp:term":[{"taxonomy":"product_cat","embeddable":true,"href":"https:\/\/www.mairsturnstile-online.com\/de\/wp-json\/wp\/v2\/product_cat?post=4919"},{"taxonomy":"product_tag","embeddable":true,"href":"https:\/\/www.mairsturnstile-online.com\/de\/wp-json\/wp\/v2\/product_tag?post=4919"}],"curies":[{"name":"wp","href":"https:\/\/api.w.org\/{rel}","templated":true}]}}