{"id":4918,"date":"2021-09-10T01:23:35","date_gmt":"2021-09-09T17:23:35","guid":{"rendered":"https:\/\/www.mairsturnstile-online.com\/product\/8-gesichtserkennungs-temperaturmessung\/"},"modified":"2021-09-10T01:23:35","modified_gmt":"2021-09-09T17:23:35","slug":"8-flachen-erkennung-temperatur-messung","status":"publish","type":"product","link":"https:\/\/www.mairsturnstile-online.com\/de\/produkt\/8-flachen-erkennung-temperatur-messung\/","title":{"rendered":"8&#8243; Gesichtserkennungs-Temperaturmessung"},"content":{"rendered":"<p><iframe title=\"YouTube-Videoplayer\" src=\"https:\/\/www.youtube.com\/embed\/6ApY1rsjWhw\" width=\"560\" height=\"316\" frameborder=\"0\" allowfullscreen=\"allowfullscreen\"><\/iframe><\/p>\n<h2>8&#8243; Gesichtserkennungs-Temperaturmessung<\/h2>\n<p>Das 8-Zoll-Temperaturmessterminal MT-F808 mit Gesichtserkennung ist ein hochleistungsf\u00e4higes eingebettetes binokulares Temperaturmessterminal mit Gesichtserkennung. Das Terminal integriert die Funktionen der Offline-Gesichtserkennung, der Temperaturerfassung, der Maskenerkennung, der Identit\u00e4ts\u00fcberpr\u00fcfung, der Vor-Ort-Gesichtserfassung, der Blacklist-Fr\u00fchwarnung, der Fotoaufnahme nach dem Passieren, der aktiven Objekterkennung.<\/p>\n<p>Sie verwendet eine WDR-HD-Gesichtserkennungskamera, die f\u00fcr raue Umgebungen wie starkes Licht, Gegenlicht und schwaches Licht geeignet ist und sich durch eine schnelle Erkennungsgeschwindigkeit, hohe Genauigkeit und eine gro\u00dfe Speicherkapazit\u00e4t auszeichnet. Mairs bietet das beste Terminal zur Temperaturmessung mit Gesichtserkennung f\u00fcr Drehkreuze.<\/p>\n<p>Diese Gesichtserkennungskameras k\u00f6nnen gut in unsere Sicherheitsdrehkreuze integriert werden, was eine perfekte Kombination darstellt. Wenn Sie besondere Anforderungen an diese Kameras haben, k\u00f6nnen wir auch Sonderfunktionen nach Ihren speziellen Bed\u00fcrfnissen anpassen. Wenn Sie detailliertere Informationen oder unser Produkthandbuch ben\u00f6tigen oder eine Gesichtserkennungskamera an Ihre Bed\u00fcrfnisse anpassen m\u00f6chten, wenden Sie sich bitte direkt an uns.<\/p>\n<p><strong>Technische Parameter:<\/strong><\/p>\n<p>Display: 8 Zoll IPS-Bildschirm<br \/>\nTemperatursensor: W\u00e4rmebild-Infrarot-Temperatursensor<br \/>\nTemperatur: Bereich: 35~42\u2103<br \/>\nEntfernung erkennen: 0,4 m~0,7 m<br \/>\nObjektiv: Brennweite 1,8 mm, Sichtfeld\uff1a118\u00b0<br \/>\nDynamikbereich: \u2265100 dB<br \/>\nS\/N-Verh\u00e4ltnis: \u226543 dB\uff08AGC OFF\uff09<br \/>\nWei\u00dfabgleich: Auto, Innen, Au\u00dfen, Natriumlampenmodus, manuell<br \/>\nDigitale Rauschunterdr\u00fcckung: Unterst\u00fctzung DNR,3DNR<br \/>\nTag- und Nachtmodus: Fixierte Farbe<br \/>\nAnzahl der Deckbl\u00e4tter: 20.000 Blatt<br \/>\nErkennungsgeschwindigkeit: \u2264300 ms<br \/>\nLive-Erkennung: Unterst\u00fctzung<br \/>\nMaskenerkennung: Unterst\u00fctzung<br \/>\nK\u00f6rpertemperatur: Unterst\u00fctzung<br \/>\nBetriebssystem: Android 7.1 RK3288<\/p>\n<p><strong>Produktcharaktere:<\/strong><\/p>\n<p>Eingebautes ber\u00fchrungsloses, hochpr\u00e4zises W\u00e4rmebildmodul und Live-Detektion in einem<br \/>\nTemperaturerfassungsbereich 35\u2103~42\u2103, Genauigkeit\u00b10,3\u2103<br \/>\nUnterst\u00fctzt die Einblendung der menschlichen K\u00f6rpertemperatur\u3001Bildeinblendung<br \/>\nUnterst\u00fctzung der K\u00f6rpertemperaturerfassung<br \/>\nUnterst\u00fctzt Maskenerkennung<br \/>\nIntegrierter FACE ++ Gesichtserkennungsalgorithmus f\u00fcr tiefes Lernen, stabil und zuverl\u00e4ssig<br \/>\nUnterst\u00fctzung einer Datenbank mit 50.000 Gesichtern<br \/>\n300 ms schnelle Identifizierung<br \/>\n8-Zoll-HD-LCD-Display<br \/>\nLokaler Alarmausgang bei abnormaler Temperatur<br \/>\nGesichtserkennung, Temperaturerfassung und Maskenerkennung, frei konfigurierbare, vielf\u00e4ltige Nutzungsmodi<br \/>\nUltrad\u00fcnnes Metallgeh\u00e4use. Temperaturmessung mit Gesichtserkennung.<br \/>\nKann Identifikations- und Temperaturinformationen aufzeichnen, um die R\u00fcckverfolgbarkeit zu gew\u00e4hrleisten<br \/>\nHervorragende Anpassungsf\u00e4higkeit an Umgebungsbedingungen, Anpassung an schwaches Licht und starkes Gegenlicht, Unterst\u00fctzung der automatischen Gesichtsbelichtung<br \/>\nUnterst\u00fctzt das Wigan-Protokoll, kann direkt die Zugangskontrolle steuern und verschiedene Tore kontrollieren<br \/>\nUmfangreiche Hardware-Schnittstelle, integrierte 100M-Ethernet-Schnittstelle, Audio-Schnittstelle, Wiegand-Schnittstelle, Relais-Schnittstelle, TF-Karte, USB und andere Schnittstellen<br \/>\nUnterst\u00fctzt digitale 2D- und 3D-Rauschunterdr\u00fcckung<br \/>\nGeringer Stromverbrauch, die Leistungsaufnahme des Mainboards liegt bei nur 5 Watt<br \/>\nUnterst\u00fctzung der Sekund\u00e4rentwicklung von ger\u00e4teseitiger Anwendungssoftware<br \/>\nUnterst\u00fctzung verschiedener Software- und Hardware-Anpassungen<\/p>\n<p><img fetchpriority=\"high\" decoding=\"async\" class=\"alignnone size-full wp-image-1397\" src=\"https:\/\/www.mairsturnstile-online.com\/wp-content\/uploads\/2022\/05\/face-recognition-turnstile.jpg\" alt=\"\" width=\"1024\" height=\"1100\"><img decoding=\"async\" class=\"alignnone size-full wp-image-1405\" src=\"https:\/\/www.mairsturnstile-online.com\/wp-content\/uploads\/2022\/05\/turnstile-gate-access-control-system.png\" alt=\"\" width=\"1024\" height=\"900\"><img decoding=\"async\" class=\"alignnone size-full wp-image-1401\" src=\"https:\/\/www.mairsturnstile-online.com\/wp-content\/uploads\/2022\/05\/packing-of-turnstile-gate.jpg\" alt=\"\" width=\"1024\" height=\"900\"><\/p>\n","protected":false},"excerpt":{"rendered":"<p>Unterst\u00fctzung von OEM und ODM. Unterst\u00fctzen Sie biometrische Ger\u00e4te von Drittanbietern wie Fingerabdruckscanner und Gesichtserkennungskameras. RFID-Kartenleser, QR-Code-Scanner.<\/p>\n","protected":false},"featured_media":3078,"comment_status":"closed","ping_status":"closed","template":"","meta":[],"product_cat":[],"product_tag":[],"class_list":["post-4918","product","type-product","status-publish","has-post-thumbnail","hentry"],"_links":{"self":[{"href":"https:\/\/www.mairsturnstile-online.com\/de\/wp-json\/wp\/v2\/product\/4918","targetHints":{"allow":["GET"]}}],"collection":[{"href":"https:\/\/www.mairsturnstile-online.com\/de\/wp-json\/wp\/v2\/product"}],"about":[{"href":"https:\/\/www.mairsturnstile-online.com\/de\/wp-json\/wp\/v2\/types\/product"}],"replies":[{"embeddable":true,"href":"https:\/\/www.mairsturnstile-online.com\/de\/wp-json\/wp\/v2\/comments?post=4918"}],"wp:featuredmedia":[{"embeddable":true,"href":"https:\/\/www.mairsturnstile-online.com\/de\/wp-json\/wp\/v2\/media\/3078"}],"wp:attachment":[{"href":"https:\/\/www.mairsturnstile-online.com\/de\/wp-json\/wp\/v2\/media?parent=4918"}],"wp:term":[{"taxonomy":"product_cat","embeddable":true,"href":"https:\/\/www.mairsturnstile-online.com\/de\/wp-json\/wp\/v2\/product_cat?post=4918"},{"taxonomy":"product_tag","embeddable":true,"href":"https:\/\/www.mairsturnstile-online.com\/de\/wp-json\/wp\/v2\/product_tag?post=4918"}],"curies":[{"name":"wp","href":"https:\/\/api.w.org\/{rel}","templated":true}]}}