{"id":4917,"date":"2021-09-10T01:28:16","date_gmt":"2021-09-09T17:28:16","guid":{"rendered":"https:\/\/www.mairsturnstile-online.com\/product\/8-gesichtserkennungs-temperaturscanner\/"},"modified":"2021-09-10T01:28:16","modified_gmt":"2021-09-09T17:28:16","slug":"8-gesichtserkennungs-temperatur-scanner","status":"publish","type":"product","link":"https:\/\/www.mairsturnstile-online.com\/de\/produkt\/8-gesichtserkennungs-temperatur-scanner\/","title":{"rendered":"8&#8243; Gesichtserkennungs-Temperaturscanner"},"content":{"rendered":"<p><iframe title=\"YouTube-Videoplayer\" src=\"https:\/\/www.youtube.com\/embed\/6ApY1rsjWhw\" width=\"560\" height=\"316\" frameborder=\"0\" allowfullscreen=\"allowfullscreen\"><\/iframe><\/p>\n<h2>8&#8243; Gesichtserkennungs-Temperaturscanner<\/h2>\n<p>Das 8-Zoll-Temperatur-Scanner-Terminal MT-CH1 mit Gesichtserkennung ist ein hochleistungsf\u00e4higes, eingebettetes, binokulares Terminal zur Temperaturmessung mit Gesichtserkennung. Das Gesichtserkennungs-Temperatur-Scanner-Terminal integriert die Funktionen der Offline-Gesichtserkennung, der Temperaturerfassung, der Maskenerkennung, der Identit\u00e4ts\u00fcberpr\u00fcfung, der Erfassung von Gesichtern vor Ort, der Fr\u00fchwarnung auf der schwarzen Liste, des Fotos nach dem Passieren und der aktiven Objekterkennung. Sie verwendet eine WDR-HD-Gesichtserkennungskamera, die f\u00fcr raue Umgebungen wie starkes Licht, Gegenlicht und schwaches Licht geeignet ist und sich durch eine schnelle Erkennungsgeschwindigkeit, hohe Genauigkeit und eine gro\u00dfe Speicherkapazit\u00e4t auszeichnet. Mairs bietet die besten optischen Drehkreuze mit einem Gesichtserkennungs-Temperaturscanner.<\/p>\n<p>Der Gesichtserkennungs-Temperaturscanner kann mit Anwendungsmanagementsystemen wie dem gesichtsbasierten Real-Name-Management-System f\u00fcr Standorte, dem gesichtsbasierten Zutrittskontrollsystem f\u00fcr die Anwesenheitsverwaltung und dem Besucherverwaltungssystem verwendet werden, was sich perfekt f\u00fcr komplexe Anwendungsszenarien eignet, die Temperatur\u00fcberwachung, Identit\u00e4tserkennung und Zutrittskontrolle erfordern, wie z. B. Gemeinden, Campus, Krankenh\u00e4user, Sehensw\u00fcrdigkeiten, Hotels, Einkaufszentren, B\u00fcrogeb\u00e4ude, \u00f6ffentliche Pl\u00e4tze und Baustellen. \u00dcbersetzt mit www.DeepL.com\/Translator (kostenlose Version)<\/p>\n<p>Im Hinblick auf die Epidemiepr\u00e4vention und -bek\u00e4mpfung verringert es wirksam die potenziellen Risiken eines gro\u00dffl\u00e4chigen Kontakts mit dem menschlichen K\u00f6rper w\u00e4hrend der Temperaturmessung, verk\u00fcrzt die Temperaturmesszeit und verbessert die Effizienz der Temperaturmessung. Gleichzeitig bietet die zentrale Verwaltung eine Echtzeit-Datenunterst\u00fctzung f\u00fcr das Screening und die R\u00fcckverfolgung von verd\u00e4chtigen Patienten und schwankenden Bev\u00f6lkerungsgruppen und bietet eine starke Sicherheitsgarantie f\u00fcr die Verwaltung unter den oben genannten Szenarien.<\/p>\n<p><strong>Technische Parameter:<\/strong><\/p>\n<p>Display: 8 Zoll IPS-Bildschirm<br \/>\nTemperatursensor: W\u00e4rmebild-Infrarot-Temperatursensor<br \/>\nTemperatur: Bereich: 35~42\u2103<br \/>\nEntfernung erkennen: 0.4m~0.7m<br \/>\nObjektiv: Brennweite 1.8mm, Sichtfeld\uff1a118\u00b0<br \/>\nDynamikbereich: \u2265100dB<br \/>\nS\/N-Verh\u00e4ltnis: \u226543dB\uff08AGC OFF\uff09<br \/>\nWei\u00dfabgleich: Auto, Innen, Au\u00dfen, Natriumlampenmodus, manuell<br \/>\nDigitale Rauschunterdr\u00fcckung: Unterst\u00fctzung DNR,3DNR<br \/>\nTag- und Nachtmodus: Fixierte Farbe<br \/>\nAnzahl der Deckbl\u00e4tter: 20.000 Blatt<br \/>\nErkennungsgeschwindigkeit: \u2264300ms<br \/>\nLive-Erkennung: Unterst\u00fctzung<br \/>\nMaskenerkennung: Unterst\u00fctzung<br \/>\nK\u00f6rpertemperatur: Unterst\u00fctzung<br \/>\nBetriebssystem: Android 7.1 RK3288<\/p>\n<p><strong>Produktcharaktere:<\/strong><\/p>\n<p>1. Sobald die Bestellung aufgegeben wurde, senden Ihnen unsere Servicemitarbeiter einen Link zum Herunterladen der Software, des Installationshandbuchs und des Betriebshandbuchs. Wenn Sie Unterst\u00fctzung ben\u00f6tigen, wenden Sie sich bitte per E-Mail an unsere Vertriebsmitarbeiter, um einen Techniker zu organisieren, der Sie unterst\u00fctzt.<br \/>\n2. Einf\u00fchrung von Offline-Gesichtserkennungstechnologie zur Erkennung mehrerer Rassen wie Asiaten, Wei\u00dfe und Schwarze<br \/>\n3. Unterst\u00fctzt Funktionen wie Gesichtserkennung Whitelist-Zugang, Blacklist-Fr\u00fchwarnung, und das Foto wurden nach dem Passieren genommen<br \/>\n4. Unterst\u00fctzung bei der Erkennung von Maskentr\u00e4gern<br \/>\n5. Unterst\u00fctzung eines externen hochpr\u00e4zisen Infrarot-Temperaturerfassungsmoduls, das eine ber\u00fchrungslose Selbstbedienungstemperaturmessung erm\u00f6glicht, um das Risiko einer Kreuzinfektion zu verringern<br \/>\n6. Unterst\u00fctzung Sprachalarm von abnormalen Temperatur und stoppen ihren Zugang<br \/>\n7. Unterst\u00fctzung des Back-End-PC-Systems zur zentralen Verwaltung der Zugangsdaten wie Temperatur, Besucher, Whitelist und R\u00fcckverfolgbarkeit der Daten in Echtzeit<br \/>\n8. Unterst\u00fctzung eines externen ID-Lesers, der die Funktion des Face-ID-Vergleichs erm\u00f6glicht<br \/>\n9. Unterst\u00fctzung externer IC\/ID-Leser, der die Funktion des Face-Card-Vergleichs erm\u00f6glicht<br \/>\n10. Unterst\u00fctzung der binokularen aktiven Objekterkennung zur Verhinderung von Fotoangriffen<br \/>\n11. Selbstbedienungs-Gesichtserfassung und Batch-Import-Liste erm\u00f6glichen die m\u00fchelose und zeitsparende Listenverwaltung<br \/>\nBenutzerdefinierte Stimme erm\u00f6glicht personalisierte Sprach\u00fcbertragung<br \/>\n12. Gesichtserkennungs-Temperaturscanner unterst\u00fctzt Bild- und Videowerbung<br \/>\n13. bis zu 100.000 Daten (Schleife geschrieben)<br \/>\n14. Unterst\u00fctzt Remote-Upgrade USB-Update auf der Management-Seite<br \/>\n15. Offene Schnittstelle, Unterst\u00fctzung der Sekund\u00e4rentwicklung und Andocken<br \/>\n16. High-End-Aluminium-Legierung Material mit Oxidation Technologie auf der Oberfl\u00e4che<\/p>\n<p><img fetchpriority=\"high\" decoding=\"async\" class=\"alignnone size-full wp-image-1397\" src=\"https:\/\/www.mairsturnstile-online.com\/wp-content\/uploads\/2022\/05\/face-recognition-turnstile.jpg\" alt=\"\" width=\"1024\" height=\"1100\"><img decoding=\"async\" class=\"alignnone size-full wp-image-1405\" src=\"https:\/\/www.mairsturnstile-online.com\/wp-content\/uploads\/2022\/05\/turnstile-gate-access-control-system.png\" alt=\"\" width=\"1024\" height=\"900\"><img decoding=\"async\" class=\"alignnone size-full wp-image-1401\" src=\"https:\/\/www.mairsturnstile-online.com\/wp-content\/uploads\/2022\/05\/packing-of-turnstile-gate.jpg\" alt=\"\" width=\"1024\" height=\"900\"><\/p>\n","protected":false},"excerpt":{"rendered":"<p>Unterst\u00fctzung von OEM und ODM. Unterst\u00fctzen Sie biometrische Ger\u00e4te von Drittanbietern wie Fingerabdruckscanner und Gesichtserkennungskameras. RFID-Kartenleser, QR-Code-Scanner.<\/p>\n","protected":false},"featured_media":3094,"comment_status":"closed","ping_status":"closed","template":"","meta":[],"product_cat":[],"product_tag":[],"class_list":["post-4917","product","type-product","status-publish","has-post-thumbnail","hentry"],"_links":{"self":[{"href":"https:\/\/www.mairsturnstile-online.com\/de\/wp-json\/wp\/v2\/product\/4917","targetHints":{"allow":["GET"]}}],"collection":[{"href":"https:\/\/www.mairsturnstile-online.com\/de\/wp-json\/wp\/v2\/product"}],"about":[{"href":"https:\/\/www.mairsturnstile-online.com\/de\/wp-json\/wp\/v2\/types\/product"}],"replies":[{"embeddable":true,"href":"https:\/\/www.mairsturnstile-online.com\/de\/wp-json\/wp\/v2\/comments?post=4917"}],"wp:featuredmedia":[{"embeddable":true,"href":"https:\/\/www.mairsturnstile-online.com\/de\/wp-json\/wp\/v2\/media\/3094"}],"wp:attachment":[{"href":"https:\/\/www.mairsturnstile-online.com\/de\/wp-json\/wp\/v2\/media?parent=4917"}],"wp:term":[{"taxonomy":"product_cat","embeddable":true,"href":"https:\/\/www.mairsturnstile-online.com\/de\/wp-json\/wp\/v2\/product_cat?post=4917"},{"taxonomy":"product_tag","embeddable":true,"href":"https:\/\/www.mairsturnstile-online.com\/de\/wp-json\/wp\/v2\/product_tag?post=4917"}],"curies":[{"name":"wp","href":"https:\/\/api.w.org\/{rel}","templated":true}]}}