{"id":4911,"date":"2021-09-08T23:22:49","date_gmt":"2021-09-08T15:22:49","guid":{"rendered":"https:\/\/www.mairsturnstile-online.com\/product\/schlankes-drehkreuz-mt342innen\/"},"modified":"2026-05-14T21:26:33","modified_gmt":"2026-05-14T13:26:33","slug":"drehkreuz-mit-gesichtserkennung","status":"publish","type":"product","link":"https:\/\/www.mairsturnstile-online.com\/de\/produkt\/drehkreuz-mit-gesichtserkennung\/","title":{"rendered":"FACE RECOGNITION TURNSTILE SWING TURNSTILE MT342"},"content":{"rendered":"\r\n        <div class=\"modelViewerBlock\" data-attributes='{&quot;align&quot;:&quot;start&quot;,&quot;uniqueId&quot;:&quot;model17086&quot;,&quot;currentViewer&quot;:&quot;modelViewer&quot;,&quot;multiple&quot;:false,&quot;model&quot;:{&quot;modelUrl&quot;:&quot;https:\\\/\\\/www.mairsturnstile-online.com\\\/wp-content\\\/uploads\\\/2024\\\/11\\\/MT342.glb&quot;,&quot;poster&quot;:&quot;&quot;},&quot;O3DVSettings&quot;:{&quot;isFullscreen&quot;:true,&quot;isPagination&quot;:false,&quot;isNavigation&quot;:true,&quot;camera&quot;:null,&quot;mouseControl&quot;:true},&quot;models&quot;:[],&quot;lazyLoad&quot;:false,&quot;loading&quot;:&quot;auto&quot;,&quot;autoplay&quot;:false,&quot;shadow&quot;:true,&quot;autoRotate&quot;:true,&quot;zoom&quot;:true,&quot;isPagination&quot;:false,&quot;isNavigation&quot;:true,&quot;preload&quot;:&quot;auto&quot;,&quot;rotationPerSecond&quot;:&quot;30&quot;,&quot;mouseControl&quot;:true,&quot;fullscreen&quot;:true,&quot;variant&quot;:false,&quot;loadingPercentage&quot;:false,&quot;progressBar&quot;:true,&quot;rotate&quot;:false,&quot;rotateAlongX&quot;:&quot;0&quot;,&quot;rotateAlongY&quot;:&quot;75&quot;,&quot;exposure&quot;:1,&quot;styles&quot;:{&quot;width&quot;:&quot;1150px&quot;,&quot;height&quot;:&quot;700px&quot;,&quot;bgColor&quot;:&quot;#f9f9f9&quot;,&quot;progressBarColor&quot;:&quot;&quot;},&quot;stylesheet&quot;:null,&quot;additional&quot;:{&quot;ID&quot;:&quot;&quot;,&quot;Class&quot;:&quot;&quot;,&quot;CSS&quot;:&quot;&quot;},&quot;animation&quot;:false,&quot;woo&quot;:false,&quot;selectedAnimation&quot;:&quot;&quot;}'><\/div>\r\n\r\n        \n<p>Premium-Drehkreuz MT342 mit Gesichtserkennung, kontaktlose Zutrittskontrolle mit Schwingtor: Entdecken Sie Premium-Drehkreuzsysteme mit Gesichtserkennung, elegantem Schwingtor-Design, einer Identifizierungsgeschwindigkeit von \u2264 300 ms und fortschrittlicher Anti-Tailgating-Funktion. Unsere High-End-Drehkreuze mit Gesichtserkennung integrieren Gesichtsbiometrie, RFID, QR-Codes und Fingerabdruck f\u00fcr multimodalen Zutritt. Durchsatz: 35\u201360 Personen\/Minute. Ideal f\u00fcr Unternehmenslobbys, Flugh\u00e4fen und Regierungsgeb\u00e4ude. Elegantes Schwingtor f\u00fcr moderne Eingangsbereiche: Werten Sie Ihren Geb\u00e4udeeingang mit einem architektonisch gestalteten Drehkreuz mit Gesichtserkennung auf. Es verf\u00fcgt \u00fcber schlanke Edelstahlgeh\u00e4use, Schwingtore aus Sicherheitsglas und individuell anpassbare RGB-LED-Beleuchtung. Unser Premium-Drehkreuz mit Gesichtserkennung vereint hochsicheren biometrischen Zutritt mit anspruchsvoller \u00c4sthetik \u2013 elegant, offen und einladend, aber dennoch hochsicher. Erh\u00e4ltlich in individuellen Oberfl\u00e4chen, passend zu Ihrer Markenidentit\u00e4t.      <\/p>\n<p>Optimieren Sie den Personenfluss mit unserem Drehkreuz mit Gesichtserkennung und hohem Durchsatz. Es zeichnet sich durch eine Erkennungsgeschwindigkeit von \u2264 300 ms, eine \u00d6ffnungszeit von 0,5\u20130,8 Sekunden und einen Durchsatz von bis zu 60 Personen pro Minute (pro Spur) aus. Unser schnelles Drehkreuz mit Gesichtserkennung reduziert Warteschlangen und Staus zu Sto\u00dfzeiten und bietet gleichzeitig h\u00f6chste Sicherheit und ein elegantes Design. Der Speichermodus erm\u00f6glicht einen kontinuierlichen Durchgang. Ideal f\u00fcr Stadien, Kongresszentren, Verkehrsknotenpunkte und Firmengel\u00e4nde. Sch\u00fctzen Sie Ihre Einrichtung mit unserem hochsicheren Drehkreuz mit Gesichtserkennung. Es verf\u00fcgt \u00fcber Infrarotsensoren mit mehreren Messpunkten (6\u201310 Paare), Echtzeit-Erkennung von unbefugtem Zutritt (Abstand &lt; 1 1\/4 Zoll), akustische und optische Alarme sowie eine Anti-Kletter-Funktion. Unser Drehkreuz mit Gesichtserkennung verf\u00fcgt \u00fcber eine Lebenderkennung, um Foto-\/Video-Manipulationen zu verhindern. Ideal f\u00fcr Rechenzentren, Regierungsgeb\u00e4ude, Flugh\u00e4fen, Banken und Forschungs- und Entwicklungseinrichtungen.      <\/p>\n<p>Wir k\u00f6nnen OEM- und ODM-Dienstleistungen erbringen. OEM-Hersteller von Drehkreuzen mit Gesichtserkennung, Direktpreise ab Werk. Beziehen Sie Premium-Drehkreuzsysteme mit Gesichtserkennung direkt vom Hersteller. OEM\/ODM-Services verf\u00fcgbar: individuelle Laufbahnbreiten (550\u20131200 mm), Geh\u00e4useoberfl\u00e4chen (Edelstahl 304 oder individuelle RAL-Farben), verschiedene Glaspaneele, RGB-LED-Konfigurationen und Integration biometrischer Module. Unsere Fabrik produziert hochwertige Drehkreuze mit Gesichtserkennung, b\u00fcrstenlosen Servomotoren, Schutzart IP54 und CE\/FCC\/ISO-Zertifizierung. Mengenrabatte, weltweiter Versand, 2\u20135 Jahre Garantie. Fordern Sie noch heute ein Angebot f\u00fcr Gro\u00dfabnehmer an.    <\/p>\n<p>Wir verf\u00fcgen \u00fcber erfahrene Designer, die umfassende Anpassungen an alle Ihre Anforderungen vornehmen k\u00f6nnen. Wir werden so schnell wie m\u00f6glich eine Reihe von Materialien wie 3D-Renderings, Ma\u00dfzeichnungen usw. bereitstellen.  Konzipiert f\u00fcr den 24\/7-Betrieb: Unser industrietaugliches Drehkreuz mit Gesichtserkennung besteht aus 1,5 mm starkem Edelstahl 304, ist staub- und wasserdicht (Schutzart IP54), verf\u00fcgt \u00fcber einen b\u00fcrstenlosen Servomotor und eine Lebensdauer von \u00fcber 5 Millionen Zyklen. Das hochwertige Drehkreuz mit Gesichtserkennung arbeitet zuverl\u00e4ssig im Temperaturbereich von \u221220 \u00b0C bis +70 \u00b0C, sowohl in Innen- als auch in Au\u00dfenbereichen. ISO-, CE- und FCC-zertifiziert.  <\/p>\n<p>Drehkreuz mit Gesichtserkennung und SDK\/API f\u00fcr nahtlose Integration: Implementieren Sie flexible Zutrittskontrolle mit unserem Drehkreuz mit Gesichtserkennung und offener SDK\/API f\u00fcr die nahtlose Integration in Zutrittskontrollsysteme, Besuchermanagement-Plattformen und Zeiterfassungssoftware von Drittanbietern. Unser Drehkreuz mit Gesichtserkennung unterst\u00fctzt multimodale Authentifizierung (Gesicht\/RFID\/QR\/Fingerabdruck), OSDP\/Wiegand-Protokolle und TCP\/IP-Ethernet-Konnektivit\u00e4t. Zentrales Monitoring-Dashboard mit Echtzeitprotokollen und Webhook-Export. Ideal f\u00fcr Systemintegratoren und Sicherheitsberater.   <\/p>\n<p>Alle unsere Drehkreuze mit Gesichtserkennung verf\u00fcgen \u00fcber eine 2-j\u00e4hrige Garantie sowie einen umfassenden Wartungs- und Reparaturservice. Wir bieten zudem biometrische Ger\u00e4te an, wie etwa Fingerabdruckscanner und Kameras zur Gesichtserkennung. RFID-Kartenleser, QR-Code-Scanner. Falls Sie diese Ger\u00e4te in das Drehkreuz integrieren m\u00fcssen oder Fragen haben, fordern <a href=\"https:\/\/www.mairsturnstile-online.com\/contact-us\/\">Sie bitte ein Angebot<\/a> an. Sicherer und kontaktloser Mitarbeiterzugang: Sch\u00fctzen Sie Ihre Unternehmenszentrale mit einem hochwertigen Drehkreuz mit Gesichtserkennung f\u00fcr einen reibungslosen Mitarbeiterfluss und ein modernes Ambiente in Ihrer Lobby. Unser Drehkreuz mit Gesichtserkennung ist kompatibel mit biometrischen Systemen, RFID-Karten, mobilen NFC-Ger\u00e4ten und QR-Codes. Blitzschnelle Erkennung (\u2264 300 ms), Durchsatz von 35\u201340 Personen\/Minute, barrierefreie, breite Durchg\u00e4nge (bis zu 1200 mm). Ideal f\u00fcr B\u00fcrolobbys, Aufzugsbereiche und Mitarbeitereing\u00e4nge.   <\/p>\n<p>Drehkreuz mit Gesichtserkennung f\u00fcr Flugh\u00e4fen, E-Gate mit biometrischer Boarding-Authentifizierung: Erm\u00f6glichen Sie eine reibungslose Passagierabfertigung mit unserem Drehkreuz mit Gesichtserkennung f\u00fcr Flugh\u00e4fen. Es bietet multimodale Authentifizierung (Gesicht + Passscan + RFID), Lebenderkennung und Sensoren gegen unbefugtes Folgen. Unser Drehkreuz mit Gesichtserkennung f\u00fcr Flugh\u00e4fen l\u00e4sst sich in Bordkartenscanner und biometrische E-Gate-Systeme integrieren und erm\u00f6glicht so ein nahtloses, ber\u00fchrungsloses Boarding. Es unterst\u00fctzt breite Gep\u00e4ckabfertigungsspuren (bis zu 1200 mm). Ideal f\u00fcr Sicherheitskontrollen, Gates und internationale Ankunftshallen.   <\/p>\n<p>Wir k\u00f6nnen f\u00fcr Sie auch innerhalb weniger Minuten ein Rendering basierend auf Ihrem tats\u00e4chlichen Szenario erstellen. Wir liefern auch detaillierte Layouts und Zeichnungen sowie Installationszeichnungen. Machen Sie sich keine Sorgen um die Installation. F\u00fcr konkrete Ma\u00dfe und Einbauma\u00dfe laden Sie bitte unsere entsprechende PDF-Datei herunter.  <\/p>\n\n\t\t\t\n\t<style type=\"text\/css\">\n\t\t.slider-info-17107.bafg-slider-info .bafg-slider-title {\n\t\t\t\t\t\t\tfont-size:\n\t\t\t\t\t22px\t\t\t\t;\n\t\t\t\n\t\t\t\n\t\t\t\t\t}\n\n\t\t.slider-info-17107.bafg-slider-info .bafg-slider-description {\n\t\t\t\n\t\t\t\n\t\t\t\t\t}\n\t\t\n\t\t\n\t\t.slider-info-17107.bafg-slider-info .bafg_slider_readmore_button {\n\t\t\t\n\t\t\t\n\t\t\t\n\t\t\t\n\t\t\t\n\t\t\ttext-align: center;\n\n\t\t\t\n\t\t\t\n\t\t\t\n\t\t\t\n\t\t\t\t\t}\n\n\t\t.slider-info-17107.bafg-slider-info .bafg_slider_readmore_button:hover {\n\n\t\t\t\n\t\t\t\n\t\t\t\t\t}\n\t<\/style>\n\t\n\t\t\t<div class=\"bafg-twentytwenty-container slider-17107  \"\n\t\t\t\tbafg-orientation=\"horizontal\" bafg-default-offset=\"0.5\"\n\t\t\t\tbafg-before-label=\"Before\"\n\t\t\t\tbafg-after-label=\"After\" bafg-overlay=\"1\"\n\t\t\t\tbafg-move-slider-on-hover=\"1\"\n\t\t\t\tbafg-click-to-move=\"\">\n\n\t\t\t\t\t\t\t\t<img class=\"skip-lazy\" data-skip-lazy\t\t\t\t\tsrc=\"https:\/\/www.mairsturnstile-online.com\/wp-content\/uploads\/2023\/07\/swing-barrier-turnstile-gate_5.jpg\" alt=\"\">\n\t\t\t\t<img class=\"skip-lazy\" data-skip-lazy\t\t\t\t\tsrc=\"https:\/\/www.mairsturnstile-online.com\/wp-content\/uploads\/2021\/09\/face-recognition-turnstile-5.jpg\" alt=\"face recognition turnstile\">\n\n\t\t\t<\/div>\n\n\t\t\t\t<div class=\"bafg-slider-info-wraper\">\n\t\t<div style=\"\" class=\"slider-info-17107 bafg-slider-info\">\n\t\t\t\t\t<\/div>\n\t<\/div>\n\t\n\t\t\t<style type=\"text\/css\">\n\t\t\t\t\t\t\t\t\t\t\t<\/style>\n\t\t\t\n<p><strong>Technische Parameter:<\/strong><\/p>\n<p>1. Gr\u00f6\u00dfe: 1400 x 180 x 1000 mm (anpassbar)<br \/>\n2. Fahrspurbreite: 600 mm (Standard), 900 mm (behindertengerecht)<br \/>\n3. Material der Arme: Acryl<br \/>\n4. Durchlassgeschwindigkeit: 40 Personen\/min<br \/>\n5. Stromversorgung: 110 V\/220 V, 50\/60 Hz<br \/>\n6. B\u00fcrstenloser Motor<br \/>\n7. Tor\u00f6ffnungssignal: potentialfreier Kontakt\/Relais<br \/>\n8. Antriebsmotor: 24 V<br \/>\n9. Gewicht: 70 kg\/St\u00fcck<br \/>\n10. Gr\u00f6\u00dfe und Materialst\u00e4rke anpassbar<br \/>\n11. Geh\u00e4usematerial: Edelstahl 304<br \/>\n12. Zuverl\u00e4ssigkeit des Mechanismus: 3\u20135 Millionen Zyklen, ausfallsicher<br \/>\n13. Aufprallschutzmechanismus, automatische R\u00fcckstellung bei Krafteinwirkung<br \/>\n14. LED-Beleuchtung an den Armen optional<br \/>\n15. LED-Beleuchtung an der Seitenwand optional<\/p>\n<p>16. Betriebsrichtung: Bidirektional\/Unidirektional<br \/>\n17. Notfallmodus: Automatisches \u00d6ffnen bei Stromausfall durch einen Kondensator<br \/>\n18. Luftfeuchtigkeit: \u2264 90 %<br \/>\n19. Betriebstemperatur: -20 \u00b0C bis 60 \u00b0C<br \/>\n20. Kommunikationsreichweite: \u2264 1200 m<br \/>\n21. Kommunikationsschnittstelle: RS485<br \/>\n22. Funktionen: IC-\/ID-Leseger\u00e4t, Barcode-Leseger\u00e4t, Gesichtserkennung, Fingerabdrucksensor, weitere Zutrittskontrollger\u00e4te, USV usw.<br \/>\n23. \u00d6ffnungszeit: 0,2 s<br \/>\n24. Einsatzumgebung: Innenbereich<br \/>\n25. Anwendungsbereiche: Wohnanlagen, Fabriken, Baustellen, Schulen, Ferienanlagen usw.<\/p>\n<p>Wir k\u00f6nnen die gesamte L\u00f6sung f\u00fcr die Sicherheits-Zutrittskontrolle bereitstellen. If you have your own access control system, you can directly use our face recognition turnstile gate. Falls Sie \u00fcber keine verf\u00fcgen, bieten wir auch eine komplette L\u00f6sung zur Sicherheits-Zutrittskontrolle an. Bitte beachten Sie das untenstehende Video f\u00fcr Einzelheiten.  <\/p>\n<p><iframe title=\"Optische Drehsperre, Drehsperre mit Schwenkbarriere, Drehsperre - MairsTurnstile\" src=\"https:\/\/www.youtube.com\/embed\/hdoBSoM85u4\" width=\"1150\" height=\"650\" frameborder=\"0\" allowfullscreen=\"allowfullscreen\"><\/iframe><\/p>\n","protected":false},"excerpt":{"rendered":"<p>Expert advice, Free design, OEM Logo, Color &amp; Size Available, Global Export, Fast sample shipping, Low MOQ. Get factory direct wholesale pricing from a trusted manufacturer, Long-term cooperation support for global agents &amp; wholesalers.<span style=\"color: #fcaf3b;\"><strong><a style=\"color: #fcaf3b;\" title=\"Mairs CE-zertifiziertes Klappen-Barriere-Drehkreuz\" href=\"http:\/\/mairsturnstile.com\/wp-content\/uploads\/2022\/09\/Mairs-CE-Certificate-Flap-Barrier-Turnstile.pdf\" target=\"_blank\" rel=\"noopener noreferrer\">CE Certificated,<\/a> <a style=\"color: #fcaf3b;\" title=\"Mairs ISO9001 Certificate\" href=\"http:\/\/mairsturnstile.com\/wp-content\/uploads\/2022\/09\/Mairs-Registration-Certificate-ISO9001.pdf\" target=\"_blank\" rel=\"noopener noreferrer\">ISO9001 Certificated.<\/a><\/strong><\/span> <\/p>\n<p><a title=\"Pedestrian Swing Turnstile Brochure\" href=\"https:\/\/mairsturnstile-online.com\/flipbook\/mt342-swing-turnstile-brochure\" target=\"_blank\" rel=\"noopener noreferrer\"><img decoding=\"async\" class=\"alignnone size-full wp-image-11034\" src=\"http:\/\/mairsturnstile.com\/wp-content\/uploads\/2022\/09\/pdf-MairsTurnstile.png\" alt=\"\" width=\"32\" height=\"32\"> <strong><span style=\"color: #fcaf3b;\">MT342 Pedestrian Swing Turnstile Brochure<\/span><\/strong><\/a><\/p>\n","protected":false},"featured_media":50382,"comment_status":"closed","ping_status":"closed","template":"","meta":[],"product_cat":[70],"product_tag":[],"class_list":["post-4911","product","type-product","status-publish","has-post-thumbnail","hentry","product_cat-schwenkbares-drehkreuz"],"_links":{"self":[{"href":"https:\/\/www.mairsturnstile-online.com\/de\/wp-json\/wp\/v2\/product\/4911","targetHints":{"allow":["GET"]}}],"collection":[{"href":"https:\/\/www.mairsturnstile-online.com\/de\/wp-json\/wp\/v2\/product"}],"about":[{"href":"https:\/\/www.mairsturnstile-online.com\/de\/wp-json\/wp\/v2\/types\/product"}],"replies":[{"embeddable":true,"href":"https:\/\/www.mairsturnstile-online.com\/de\/wp-json\/wp\/v2\/comments?post=4911"}],"wp:featuredmedia":[{"embeddable":true,"href":"https:\/\/www.mairsturnstile-online.com\/de\/wp-json\/wp\/v2\/media\/50382"}],"wp:attachment":[{"href":"https:\/\/www.mairsturnstile-online.com\/de\/wp-json\/wp\/v2\/media?parent=4911"}],"wp:term":[{"taxonomy":"product_cat","embeddable":true,"href":"https:\/\/www.mairsturnstile-online.com\/de\/wp-json\/wp\/v2\/product_cat?post=4911"},{"taxonomy":"product_tag","embeddable":true,"href":"https:\/\/www.mairsturnstile-online.com\/de\/wp-json\/wp\/v2\/product_tag?post=4911"}],"curies":[{"name":"wp","href":"https:\/\/api.w.org\/{rel}","templated":true}]}}