{"id":4900,"date":"2021-07-18T08:40:16","date_gmt":"2021-07-18T00:40:16","guid":{"rendered":"https:\/\/www.mairsturnstile-online.com\/product\/servomotor-zugangskontrolle-drehkreuz-hochgeschwindigkeitstor-mt-a307\/"},"modified":"2024-02-26T10:56:37","modified_gmt":"2024-02-26T02:56:37","slug":"lobby-drehkreuze","status":"publish","type":"product","link":"https:\/\/www.mairsturnstile-online.com\/de\/produkt\/lobby-drehkreuze\/","title":{"rendered":"SERVOMOTOR-LOBBY-DREHkreuze SPEED GATE MT382"},"content":{"rendered":"\r\n        <div class=\"modelViewerBlock\" data-attributes='{&quot;align&quot;:&quot;start&quot;,&quot;uniqueId&quot;:&quot;model18160&quot;,&quot;currentViewer&quot;:&quot;modelViewer&quot;,&quot;multiple&quot;:false,&quot;model&quot;:{&quot;modelUrl&quot;:&quot;https:\\\/\\\/www.mairsturnstile-online.com\\\/wp-content\\\/uploads\\\/2023\\\/07\\\/MT382.glb&quot;,&quot;poster&quot;:&quot;&quot;},&quot;O3DVSettings&quot;:{&quot;isFullscreen&quot;:true,&quot;isPagination&quot;:false,&quot;isNavigation&quot;:true,&quot;camera&quot;:null,&quot;mouseControl&quot;:true},&quot;models&quot;:[],&quot;lazyLoad&quot;:false,&quot;loading&quot;:&quot;auto&quot;,&quot;autoplay&quot;:false,&quot;shadow&quot;:true,&quot;autoRotate&quot;:true,&quot;zoom&quot;:true,&quot;isPagination&quot;:false,&quot;isNavigation&quot;:true,&quot;preload&quot;:&quot;auto&quot;,&quot;rotationPerSecond&quot;:&quot;30&quot;,&quot;mouseControl&quot;:true,&quot;fullscreen&quot;:true,&quot;variant&quot;:false,&quot;loadingPercentage&quot;:false,&quot;progressBar&quot;:true,&quot;rotate&quot;:false,&quot;rotateAlongX&quot;:&quot;0&quot;,&quot;rotateAlongY&quot;:&quot;75&quot;,&quot;exposure&quot;:1,&quot;styles&quot;:{&quot;width&quot;:&quot;1150px&quot;,&quot;height&quot;:&quot;700px&quot;,&quot;bgColor&quot;:&quot;#f9f9f9&quot;,&quot;progressBarColor&quot;:&quot;&quot;},&quot;stylesheet&quot;:null,&quot;additional&quot;:{&quot;ID&quot;:&quot;&quot;,&quot;Class&quot;:&quot;&quot;,&quot;CSS&quot;:&quot;&quot;},&quot;animation&quot;:false,&quot;woo&quot;:false,&quot;selectedAnimation&quot;:&quot;&quot;}'><\/div>\r\n\r\n        \n<p>SERVOMOTOR-LOBBY-DREHkreuze SPEED GATE MT382<\/p>\n<p>Wir k\u00f6nnen OEM- und ODM-Dienstleistungen erbringen. Wir verf\u00fcgen \u00fcber erfahrene Designer, die umfassende Anpassungen an alle Ihre Anforderungen vornehmen k\u00f6nnen. Wir werden so schnell wie m\u00f6glich eine Reihe von Materialien wie 3D-Renderings, Ma\u00dfzeichnungen usw. bereitstellen.<\/p>\n<p>Alle unsere Produkte haben eine 2-j\u00e4hrige Garantie und dauerhafte Wartungs- und Reparaturunterst\u00fctzung. Wir bieten auch biometrische Ger\u00e4te wie Fingerabdruckscanner und Gesichtserkennungskameras an. RFID-Kartenleser, QR-Code-Scanner. Wenn Sie diese Ger\u00e4te in das Drehkreuz integrieren m\u00fcssen oder Fragen haben, fordern <a href=\"https:\/\/www.mairsturnstile-online.com\/contact-us\/\">Sie bitte ein Angebot an<\/a>.<\/p>\n<p>Wir k\u00f6nnen f\u00fcr Sie auch innerhalb weniger Minuten ein Rendering basierend auf Ihrem tats\u00e4chlichen Szenario erstellen. Wir liefern auch detaillierte Layouts und Zeichnungen sowie Installationszeichnungen. Machen Sie sich keine Sorgen um die Installation. F\u00fcr konkrete Ma\u00dfe und Einbauma\u00dfe laden Sie bitte unsere entsprechende PDF-Datei herunter.<\/p>\n\n\t\t\t\n\t<style type=\"text\/css\">\n\t\t.slider-info-18181.bafg-slider-info .bafg-slider-title {\n\t\t\t\t\t\t\tfont-size:\n\t\t\t\t\t22px\t\t\t\t;\n\t\t\t\n\t\t\t\n\t\t\t\t\t}\n\n\t\t.slider-info-18181.bafg-slider-info .bafg-slider-description {\n\t\t\t\n\t\t\t\n\t\t\t\t\t}\n\t\t\n\t\t\n\t\t.slider-info-18181.bafg-slider-info .bafg_slider_readmore_button {\n\t\t\t\n\t\t\t\n\t\t\t\n\t\t\t\n\t\t\t\n\t\t\ttext-align: center;\n\n\t\t\t\n\t\t\t\n\t\t\t\n\t\t\t\n\t\t\t\t\t}\n\n\t\t.slider-info-18181.bafg-slider-info .bafg_slider_readmore_button:hover {\n\n\t\t\t\n\t\t\t\n\t\t\t\t\t}\n\t<\/style>\n\t\n\t\t\t<div class=\"bafg-twentytwenty-container slider-18181  \"\n\t\t\t\tbafg-orientation=\"horizontal\" bafg-default-offset=\"0.5\"\n\t\t\t\tbafg-before-label=\"Before\"\n\t\t\t\tbafg-after-label=\"After\" bafg-overlay=\"1\"\n\t\t\t\tbafg-move-slider-on-hover=\"1\"\n\t\t\t\tbafg-click-to-move=\"\">\n\n\t\t\t\t\t\t\t\t<img class=\"skip-lazy\" data-skip-lazy\t\t\t\t\tsrc=\"https:\/\/www.mairsturnstile-online.com\/wp-content\/uploads\/2023\/07\/lobby-turnstiles_4.jpg\" alt=\"\">\n\t\t\t\t<img class=\"skip-lazy\" data-skip-lazy\t\t\t\t\tsrc=\"https:\/\/www.mairsturnstile-online.com\/wp-content\/uploads\/2021\/07\/lobby-turnstiles-6.jpg\" alt=\"lobby turnstiles\">\n\n\t\t\t<\/div>\n\n\t\t\t\t<div class=\"bafg-slider-info-wraper\">\n\t\t<div style=\"\" class=\"slider-info-18181 bafg-slider-info\">\n\t\t\t\t\t<\/div>\n\t<\/div>\n\t\n\t\t\t<style type=\"text\/css\">\n\t\t\t\t\t\t\t\t\t\t\t<\/style>\n\t\t\t\n<p><strong>Technische Parameter:<\/strong><\/p>\n<p>1. Gr\u00f6\u00dfe: 1500*160*1000 mm (kann angepasst werden)<br \/>\n2. Material: 1,5 mm importiertes SUS 304; Polnische 400# Snowline<br \/>\n3. Armmaterial: 10 mm Acryl<br \/>\n4. Durchgangsbreite: 600 mm -900 mm<br \/>\n5. Durchgangsrichtung: Einseitig gerichtet\/bidirektional<br \/>\n6. Durchgangsrate: 30-35 Personen\/Minute<br \/>\n7. Betriebszeit: 0,2 Sekunden<br \/>\n8. Leistungsaufnahme: AC100-240V, 50\/60HZ<br \/>\n9. Arbeitsspannung: 24V<br \/>\n10. Arbeitsfeuchtigkeit: 30% ~ 95%<br \/>\n11. Arbeitstemperatur: -40\u2103~+70\u2103<br \/>\n12. Arbeitsumgebung: Innen<br \/>\n13. Eingangsschnittstelle: RS485, Trockenkontakt<br \/>\n14. Mechanismus: B\u00fcrstenloser Servomotor + Kupplung<br \/>\n15. Infrarotsensor: 6 Paare<br \/>\n16. MCBF: 5.000.000 Zyklen<br \/>\n17. Feature: Armh\u00f6he kann angepasst werden<br \/>\n18. Anwendung: Flugh\u00e4fen, Hotels, Regierungshallen usw<\/p>\n<p>Wir k\u00f6nnen die gesamte Sicherheitszugangskontrolll\u00f6sung anbieten. Wenn Sie \u00fcber ein eigenes Zutrittskontrollsystem verf\u00fcgen, k\u00f6nnen Sie direkt unser Drehkreuztor nutzen. Wenn Sie noch keine haben, bieten wir auch eine komplette Sicherheitszugangskontrolll\u00f6sung an. Weitere Informationen finden Sie im Video unten.<\/p>\n<p><iframe title=\"Speed-Gate-Drehkreuz MT352, Lobby-Drehkreuze, B\u00fcro-Drehkreuze, optisches Drehkreuz \u2013 MairsTurnstile\" src=\"https:\/\/www.youtube.com\/embed\/IjOCC-mTXwk\" width=\"1150\" height=\"650\" frameborder=\"0\" allowfullscreen=\"allowfullscreen\"><\/iframe><\/p>\n","protected":false},"excerpt":{"rendered":"<p>Unterst\u00fctzung von OEM und ODM. Unterst\u00fctzen Sie biometrische Ger\u00e4te von Drittanbietern wie Fingerabdruckscanner und Gesichtserkennungskameras. RFID-Kartenleser, QR-Code-Scanner. <span style=\"color: #0000ff;\"><strong><a style=\"color: #0000ff;\" title=\"Mairs CE-zertifiziertes Speed-Gate-Drehkreuz\" href=\"http:\/\/mairsturnstile.com\/wp-content\/uploads\/2022\/09\/Mairs-CE-Certificate-Speed-Gate-Turnstile.pdf\" target=\"_blank\" rel=\"noopener noreferrer\">CE-zertifiziert,<\/a> <a style=\"color: #0000ff;\" title=\"Mairs ISO9001-Zertifikat\" href=\"http:\/\/mairsturnstile.com\/wp-content\/uploads\/2022\/09\/Mairs-Registration-Certificate-ISO9001.pdf\" target=\"_blank\" rel=\"noopener noreferrer\">ISO9001-zertifiziert.<\/a><\/strong><\/span><\/p>\n<p><a title=\"Brosch\u00fcre \u201eSicherheitslobby-Drehkreuz\u201c.\" href=\"http:\/\/mairsturnstile.com\/wp-content\/uploads\/2023\/12\/MT382-brochure.pdf\" target=\"_blank\" rel=\"noopener noreferrer\"><img decoding=\"async\" class=\"alignnone size-full wp-image-11034\" src=\"http:\/\/mairsturnstile.com\/wp-content\/uploads\/2022\/09\/pdf-MairsTurnstile.png\" alt=\"\" width=\"32\" height=\"32\"><strong><span style=\"color: #0000ff;\">MT382 Sicherheits-Lobby-Drehkreuz-Brosch\u00fcre<\/span><\/strong><\/a><\/p>\n","protected":false},"featured_media":50766,"comment_status":"closed","ping_status":"closed","template":"","meta":[],"product_cat":[69],"product_tag":[],"class_list":["post-4900","product","type-product","status-publish","has-post-thumbnail","hentry","product_cat-speed-gates-de"],"_links":{"self":[{"href":"https:\/\/www.mairsturnstile-online.com\/de\/wp-json\/wp\/v2\/product\/4900","targetHints":{"allow":["GET"]}}],"collection":[{"href":"https:\/\/www.mairsturnstile-online.com\/de\/wp-json\/wp\/v2\/product"}],"about":[{"href":"https:\/\/www.mairsturnstile-online.com\/de\/wp-json\/wp\/v2\/types\/product"}],"replies":[{"embeddable":true,"href":"https:\/\/www.mairsturnstile-online.com\/de\/wp-json\/wp\/v2\/comments?post=4900"}],"wp:featuredmedia":[{"embeddable":true,"href":"https:\/\/www.mairsturnstile-online.com\/de\/wp-json\/wp\/v2\/media\/50766"}],"wp:attachment":[{"href":"https:\/\/www.mairsturnstile-online.com\/de\/wp-json\/wp\/v2\/media?parent=4900"}],"wp:term":[{"taxonomy":"product_cat","embeddable":true,"href":"https:\/\/www.mairsturnstile-online.com\/de\/wp-json\/wp\/v2\/product_cat?post=4900"},{"taxonomy":"product_tag","embeddable":true,"href":"https:\/\/www.mairsturnstile-online.com\/de\/wp-json\/wp\/v2\/product_tag?post=4900"}],"curies":[{"name":"wp","href":"https:\/\/api.w.org\/{rel}","templated":true}]}}