{"id":4870,"date":"2022-06-20T17:45:27","date_gmt":"2022-06-20T09:45:27","guid":{"rendered":"https:\/\/www.mairsturnstile-online.com\/product\/volle-hoehe-schiebetor-drehkreuz-mt224-p\/"},"modified":"2024-10-31T17:06:40","modified_gmt":"2024-10-31T09:06:40","slug":"vollhohen-klappenbarriere","status":"publish","type":"product","link":"https:\/\/www.mairsturnstile-online.com\/de\/produkt\/vollhohen-klappenbarriere\/","title":{"rendered":"VOLLST\u00c4NDIGE KLAPPE BARRIERE SCHIEBENDES DREHkreuz MT224-P"},"content":{"rendered":"\r\n        <div class=\"modelViewerBlock\" data-attributes='{&quot;align&quot;:&quot;start&quot;,&quot;uniqueId&quot;:&quot;model49594&quot;,&quot;currentViewer&quot;:&quot;modelViewer&quot;,&quot;multiple&quot;:false,&quot;model&quot;:{&quot;modelUrl&quot;:&quot;https:\\\/\\\/www.mairsturnstile-online.com\\\/wp-content\\\/uploads\\\/2024\\\/10\\\/MT224p.glb&quot;,&quot;poster&quot;:&quot;&quot;},&quot;O3DVSettings&quot;:{&quot;isFullscreen&quot;:true,&quot;isPagination&quot;:false,&quot;isNavigation&quot;:true,&quot;camera&quot;:null,&quot;mouseControl&quot;:true},&quot;models&quot;:[],&quot;lazyLoad&quot;:false,&quot;loading&quot;:&quot;auto&quot;,&quot;autoplay&quot;:false,&quot;shadow&quot;:true,&quot;autoRotate&quot;:true,&quot;zoom&quot;:true,&quot;isPagination&quot;:false,&quot;isNavigation&quot;:true,&quot;preload&quot;:&quot;auto&quot;,&quot;rotationPerSecond&quot;:&quot;30&quot;,&quot;mouseControl&quot;:true,&quot;fullscreen&quot;:true,&quot;variant&quot;:false,&quot;loadingPercentage&quot;:false,&quot;progressBar&quot;:true,&quot;rotate&quot;:false,&quot;rotateAlongX&quot;:&quot;0&quot;,&quot;rotateAlongY&quot;:&quot;75&quot;,&quot;exposure&quot;:1,&quot;styles&quot;:{&quot;width&quot;:&quot;1150px&quot;,&quot;height&quot;:&quot;700px&quot;,&quot;bgColor&quot;:&quot;#f9f9f9&quot;,&quot;progressBarColor&quot;:&quot;&quot;},&quot;stylesheet&quot;:null,&quot;additional&quot;:{&quot;ID&quot;:&quot;&quot;,&quot;Class&quot;:&quot;&quot;,&quot;CSS&quot;:&quot;&quot;},&quot;animation&quot;:false,&quot;woo&quot;:false,&quot;selectedAnimation&quot;:&quot;&quot;}'><\/div>\r\n\r\n        \n<p>VOLLST\u00c4NDIGE KLAPPE BARRIERE SCHIEBENDES DREHkreuz MT224-P<\/p>\n<p>Wir k\u00f6nnen OEM- und ODM-Dienstleistungen erbringen. Wir verf\u00fcgen \u00fcber erfahrene Designer, die umfassende Anpassungen an alle Ihre Anforderungen vornehmen k\u00f6nnen. Wir werden so schnell wie m\u00f6glich eine Reihe von Materialien wie 3D-Renderings, Ma\u00dfzeichnungen usw. bereitstellen.<\/p>\n<p>Alle unsere Produkte haben eine 2-j\u00e4hrige Garantie und dauerhafte Wartungs- und Reparaturunterst\u00fctzung. Wir bieten auch biometrische Ger\u00e4te wie Fingerabdruckscanner und Gesichtserkennungskameras an. RFID-Kartenleser, QR-Code-Scanner. Wenn Sie diese Ger\u00e4te in eine Absperrklappe mit voller H\u00f6he integrieren m\u00fcssen oder Fragen haben, fordern <a href=\"https:\/\/www.mairsturnstile-online.com\/contact-us\/\">Sie bitte ein Angebot an.<\/a><\/p>\n<p>Wir k\u00f6nnen f\u00fcr Sie auch innerhalb weniger Minuten ein Rendering basierend auf Ihrem tats\u00e4chlichen Szenario erstellen. Wir liefern auch detaillierte Layouts und Zeichnungen sowie Installationszeichnungen. Machen Sie sich keine Sorgen um die Installation. F\u00fcr konkrete Ma\u00dfe und Einbauma\u00dfe laden Sie bitte unsere entsprechende PDF-Datei herunter.<\/p>\n\n\t\t\t\n\t<style type=\"text\/css\">\n\t\t.slider-info-49593.bafg-slider-info .bafg-slider-title {\n\t\t\t\t\t\t\tfont-size:\n\t\t\t\t\t22px\t\t\t\t;\n\t\t\t\n\t\t\t\n\t\t\t\t\t}\n\n\t\t.slider-info-49593.bafg-slider-info .bafg-slider-description {\n\t\t\t\n\t\t\t\n\t\t\t\t\t}\n\t\t\n\t\t\n\t\t.slider-info-49593.bafg-slider-info .bafg_slider_readmore_button {\n\t\t\t\n\t\t\t\n\t\t\t\n\t\t\t\n\t\t\t\n\t\t\ttext-align: center;\n\n\t\t\t\n\t\t\t\n\t\t\t\n\t\t\t\n\t\t\t\t\t}\n\n\t\t.slider-info-49593.bafg-slider-info .bafg_slider_readmore_button:hover {\n\n\t\t\t\n\t\t\t\n\t\t\t\t\t}\n\t<\/style>\n\t\n\t\t\t<div class=\"bafg-twentytwenty-container slider-49593  \"\n\t\t\t\tbafg-orientation=\"horizontal\" bafg-default-offset=\"0.5\"\n\t\t\t\tbafg-before-label=\"Before\"\n\t\t\t\tbafg-after-label=\"After\" bafg-overlay=\"1\"\n\t\t\t\tbafg-move-slider-on-hover=\"1\"\n\t\t\t\tbafg-click-to-move=\"\">\n\n\t\t\t\t\t\t\t\t<img class=\"skip-lazy\" data-skip-lazy\t\t\t\t\tsrc=\"https:\/\/www.mairsturnstile-online.com\/wp-content\/uploads\/2021\/09\/automatic-flap-gate-turnstile-3-1.jpg\" alt=\"automatic flap gate turnstile\">\n\t\t\t\t<img class=\"skip-lazy\" data-skip-lazy\t\t\t\t\tsrc=\"https:\/\/www.mairsturnstile-online.com\/wp-content\/uploads\/2022\/06\/full-height-flap-barrier-8.jpg\" alt=\"full height flap barrier\">\n\n\t\t\t<\/div>\n\n\t\t\t\t<div class=\"bafg-slider-info-wraper\">\n\t\t<div style=\"\" class=\"slider-info-49593 bafg-slider-info\">\n\t\t\t\t\t<\/div>\n\t<\/div>\n\t\n\t\t\t<style type=\"text\/css\">\n\t\t\t\t\t\t\t\t\t\t\t<\/style>\n\t\t\t\n<p><strong>Technische Parameter:<\/strong><\/p>\n<p>1. Gr\u00f6\u00dfe: 1000 * 300 * 1000 mm (kann angepasst werden)<br \/>\n2. Spurbreite: 550 mm (Standard) 900 mm (behindert)<br \/>\n3. Durchgangsgeschwindigkeit: 35 Personen\/min<br \/>\n4. Stromversorgung: 110 V\/220 V 50\/60 Hz<br \/>\n5. Klappenbarriere in voller H\u00f6he. Antriebsmotor: 90 W<br \/>\n6. Eingang: 12-V-Trockenkontaktrelais<br \/>\n7. Antriebsmotor: DC24V<br \/>\n9. Mechanismus: DC-B\u00fcrstenmotormechanismus<br \/>\n10. Armh\u00f6he vom Boden: Standard 1500 mm (max. 1800 mm)<br \/>\n11. Armmaterial: 10 mm Acryl (Option aus geh\u00e4rtetem Glas)<br \/>\n12. Mit 6 Sensorpaaren<br \/>\n13. Geh\u00e4usematerial: Edelstahl 304 und schwarzes Acryl<br \/>\n14. Zuverl\u00e4ssigkeit des Mechanismus: 3 Millionen-5 Millionen, kein Fehler<br \/>\n15. Spurbreite 900 mm kann angepasst werden<br \/>\n16. Gewicht: 70 kg\/Stk<br \/>\n17. Arbeitsrichtung: Bidirektional\/einseitig gerichtet<br \/>\n18. Notsituation: automatisch \u00f6ffnen, wenn der Strom mit einem Kondensator unterbrochen wird<br \/>\n19. Luftfeuchtigkeit: \u226490 %<br \/>\n20. Arbeitstemperatur: -20\u2103\uff5e60\u2103<br \/>\n21. Kommunikationsentfernung: \u22641200 m<br \/>\n22. Kommunikationsschnittstelle: RS485<br \/>\n23. Feature: IC \/ ID-Leser, Barcode-Leser, Gesichtserkennung, Fingerabdruck, andere Zugangskontrollger\u00e4te, USV usw<br \/>\n24. Zeitbedarf zum \u00d6ffnen: 0,2 s<br \/>\n25. Arbeitsumgebung: Drinnen<br \/>\n26. Anwendungsbereich: Gemeinde, B\u00fcrogeb\u00e4ude, Schule, Ort des Resorts, Regierungseinrichtung usw<\/p>\n<p>Wir k\u00f6nnen die gesamte Sicherheitszugangskontrolll\u00f6sung anbieten. Wenn Sie \u00fcber ein eigenes Zutrittskontrollsystem verf\u00fcgen, k\u00f6nnen Sie direkt unser Drehkreuztor nutzen. Wenn Sie noch keine haben, bieten wir auch eine komplette Sicherheitszugangskontrolll\u00f6sung an. Weitere Informationen finden Sie im Video unten.<\/p>\n<p><iframe title=\"Schiebe-Drehkreuz, Schiebe-Drehkreuz, Super-Must-Drehkreuz in voller H\u00f6he \u2013 MairsTurnstile\" src=\"https:\/\/www.youtube.com\/embed\/NWiaz1Su7BI\" width=\"1150\" height=\"650\" frameborder=\"0\" allowfullscreen=\"allowfullscreen\"><\/iframe><\/p>\n","protected":false},"excerpt":{"rendered":"<p>Unterst\u00fctzung von OEM und ODM. Unterst\u00fctzen Sie biometrische Ger\u00e4te von Drittanbietern wie Fingerabdruckscanner und Gesichtserkennungskameras. RFID-Kartenleser, QR-Code-Scanner. <span style=\"color: #0000ff;\"><strong><a style=\"color: #0000ff;\" title=\"Mairs CE-zertifiziertes Klappen-Barriere-Drehkreuz\" href=\"http:\/\/mairsturnstile.com\/wp-content\/uploads\/2022\/09\/Mairs-CE-Certificate-Flap-Barrier-Turnstile.pdf\" target=\"_blank\" rel=\"noopener noreferrer\">CE-zertifiziert,<\/a> <a style=\"color: #0000ff;\" title=\"Mairs ISO9001-Zertifikat\" href=\"http:\/\/mairsturnstile.com\/wp-content\/uploads\/2022\/09\/Mairs-Registration-Certificate-ISO9001.pdf\" target=\"_blank\" rel=\"noopener noreferrer\">ISO9001-zertifiziert.<\/a><\/strong><\/span><\/p>\n","protected":false},"featured_media":49506,"comment_status":"closed","ping_status":"closed","template":"","meta":[],"product_cat":[204],"product_tag":[],"class_list":["post-4870","product","type-product","status-publish","has-post-thumbnail","hentry","product_cat-schiebedrehkreuz"],"_links":{"self":[{"href":"https:\/\/www.mairsturnstile-online.com\/de\/wp-json\/wp\/v2\/product\/4870","targetHints":{"allow":["GET"]}}],"collection":[{"href":"https:\/\/www.mairsturnstile-online.com\/de\/wp-json\/wp\/v2\/product"}],"about":[{"href":"https:\/\/www.mairsturnstile-online.com\/de\/wp-json\/wp\/v2\/types\/product"}],"replies":[{"embeddable":true,"href":"https:\/\/www.mairsturnstile-online.com\/de\/wp-json\/wp\/v2\/comments?post=4870"}],"wp:featuredmedia":[{"embeddable":true,"href":"https:\/\/www.mairsturnstile-online.com\/de\/wp-json\/wp\/v2\/media\/49506"}],"wp:attachment":[{"href":"https:\/\/www.mairsturnstile-online.com\/de\/wp-json\/wp\/v2\/media?parent=4870"}],"wp:term":[{"taxonomy":"product_cat","embeddable":true,"href":"https:\/\/www.mairsturnstile-online.com\/de\/wp-json\/wp\/v2\/product_cat?post=4870"},{"taxonomy":"product_tag","embeddable":true,"href":"https:\/\/www.mairsturnstile-online.com\/de\/wp-json\/wp\/v2\/product_tag?post=4870"}],"curies":[{"name":"wp","href":"https:\/\/api.w.org\/{rel}","templated":true}]}}