{"id":4868,"date":"2021-09-09T01:37:27","date_gmt":"2021-09-08T17:37:27","guid":{"rendered":"https:\/\/www.mairsturnstile-online.com\/product\/vertikales-stativ-biometrisches-drehkreuz-mt113-2\/"},"modified":"2024-02-26T10:34:15","modified_gmt":"2024-02-26T02:34:15","slug":"dreibein-drehkreuz-tore","status":"publish","type":"product","link":"https:\/\/www.mairsturnstile-online.com\/de\/produkt\/dreibein-drehkreuz-tore\/","title":{"rendered":"TRIPOD-DREHkreuztore MT113-2"},"content":{"rendered":"<h4>F\u00fcr Tripod-Drehkreuztore gilt eine Garantie von 2 Jahren sowie dauerhafter Wartungs- und Reparatursupport. Wir k\u00f6nnen OEM- und ODM-Dienstleistungen erbringen.<\/h4>\n<p><strong>Biometrische Drehkreuz ist eine Art von Fu\u00dfg\u00e4nger-Drehkreuz Tor integriert mit einer Vielzahl von <a href=\"https:\/\/en.wikipedia.org\/wiki\/Biometric_device\" target=\"_blank\" rel=\"noopener\">biometrischen Ger\u00e4ten<\/a> und biometrischen Systemen, wie Fingerabdruck-Scanner-Ger\u00e4t, Gesichtserkennung Ger\u00e4t, RFID-Kartenleser, so dass die Vielfalt der Fu\u00dfg\u00e4nger-Drehkreuz Tor-Management-Funktionen zu realisieren und besser verwalten das Personal Zugangskontrolle. <\/strong><\/p>\n<p>Nat\u00fcrlich bieten wir nicht nur biometrische Drehkreuze, sondern auch biometrische Ger\u00e4te wie Fingerabdruckscanner und Gesichtserkennungskameras. RFID-Kartenleser, QR-Code-Scanner. Alle unsere Drehkreuztore k\u00f6nnen zu biometrischen Drehkreuztoren verarbeitet werden. Alle unsere Drehkreuztore k\u00f6nnen biometrische Ger\u00e4te von Drittanbietern integrieren, oder wir k\u00f6nnen diese biometrischen Ger\u00e4te bereitstellen. Wenn Sie diese Ger\u00e4te in das Drehkreuz integrieren m\u00fcssen oder Fragen haben, fordern <a href=\"https:\/\/www.mairsturnstile-online.com\/de\/kontaktiere-uns\/\">Sie bitte ein Angebot an<\/a>.<\/p>\n<p><strong>Technische Parameter:<\/strong><\/p>\n<p>1. Gr\u00f6\u00dfe: 480 * 280 * 980 mm (kann angepasst werden)<br \/>\n2. Bahnbreite: 550 mm (kann angepasst werden)<br \/>\n3. Durchgangsgeschwindigkeit: 35 Personen\/min<br \/>\n4. Stromversorgung: 110 V\/220 V 50\/60 Hz<br \/>\n5. Gewicht: 40 kg<br \/>\n6. Tor\u00f6ffnungssignal: Potenzialfreier Kontakt\/Relais<br \/>\n7. Geh\u00e4usematerial: Edelstahl 304<br \/>\n8. Zuverl\u00e4ssigkeit des Mechanismus: 3 Millionen, kein Fehler<br \/>\n9. Betriebsweise: halbautomatisch<br \/>\n10. Magnetventil: DC24V \u00b15%<br \/>\n11. Arml\u00e4nge: 510 mm<br \/>\n12. Drehrichtung: Bidirektional\/Einzelrichtung<br \/>\n13. Methode zum Absenken des Arms: Automatisches Absenken, wenn der Strom abgeschaltet wird.<br \/>\n14. Betriebsspannung: DC 24 V \u00b1 5 %<br \/>\n15. Spannung der Kontrollleuchte: DC12V \u00b15% (Standard)<br \/>\n16. Betriebstemperatur: -30\u2103\uff5e60\u2103<br \/>\n17. Luftfeuchtigkeit: 5 % ~ 90 %<br \/>\n18. Wasserdicht: IP56<br \/>\n19. Feature: IC\/ID-Leser, Barcode-Leser, Gesichtserkennung, Fingerabdruck, andere Zugangskontrollger\u00e4te, USV usw<br \/>\n20. Zeitbedarf zum \u00d6ffnen: 0,2 s<br \/>\n21. Arbeitsumgebung: Innen oder au\u00dfen<br \/>\n22. Anwendungsbereich: Gemeinde, Fabrik, Baustelle, Schule, Ort des Resorts usw<\/p>\n<p>Wir k\u00f6nnen die gesamte Sicherheitszugangskontrolll\u00f6sung anbieten. Wenn Sie \u00fcber ein eigenes Zutrittskontrollsystem verf\u00fcgen, k\u00f6nnen Sie direkt unser Drehkreuztor nutzen. Wenn Sie noch keine haben, bieten wir auch eine komplette Sicherheitszugangskontrolll\u00f6sung an. Weitere Informationen finden Sie im Video unten.<\/p>\n<p><iframe title=\"Stativdrehkreuz der M-Serie, Drehkreuz der M-Serie, Stativdrehkreuz Tor MT100 \u2013 MairsTurnstile.com\" src=\"https:\/\/www.youtube.com\/embed\/algOvzU7RdA\" width=\"1150\" height=\"650\" frameborder=\"0\" allowfullscreen=\"allowfullscreen\"><\/iframe><\/p>\n","protected":false},"excerpt":{"rendered":"<p>Unterst\u00fctzung von OEM und ODM. Unterst\u00fctzen Sie biometrische Ger\u00e4te von Drittanbietern wie Fingerabdruckscanner und Gesichtserkennungskameras. RFID-Kartenleser, QR-Code-Scanner. <strong><a title=\"Mairs CE-zertifiziertes Stativ-Drehkreuz\" href=\"http:\/\/mairsturnstile.com\/wp-content\/uploads\/2022\/09\/Mairs-CE-Certificate-Tripod-Turnstile.pdf\" target=\"_blank\" rel=\"noopener\">CE-zertifiziert<\/a>, <a title=\"Mairs ISO9001-Zertifikat\" href=\"http:\/\/mairsturnstile.com\/wp-content\/uploads\/2022\/09\/Mairs-Registration-Certificate-ISO9001.pdf\" target=\"_blank\" rel=\"noopener noreferrer\">ISO9001-zertifiziert<\/a>.<\/strong><\/p>\n","protected":false},"featured_media":61111,"comment_status":"closed","ping_status":"closed","template":"","meta":[],"product_cat":[66],"product_tag":[67],"class_list":["post-4868","product","type-product","status-publish","has-post-thumbnail","hentry","product_cat-dreibein-drehkreuz","product_tag-biometrisches-drehkreuz"],"_links":{"self":[{"href":"https:\/\/www.mairsturnstile-online.com\/de\/wp-json\/wp\/v2\/product\/4868","targetHints":{"allow":["GET"]}}],"collection":[{"href":"https:\/\/www.mairsturnstile-online.com\/de\/wp-json\/wp\/v2\/product"}],"about":[{"href":"https:\/\/www.mairsturnstile-online.com\/de\/wp-json\/wp\/v2\/types\/product"}],"replies":[{"embeddable":true,"href":"https:\/\/www.mairsturnstile-online.com\/de\/wp-json\/wp\/v2\/comments?post=4868"}],"wp:featuredmedia":[{"embeddable":true,"href":"https:\/\/www.mairsturnstile-online.com\/de\/wp-json\/wp\/v2\/media\/61111"}],"wp:attachment":[{"href":"https:\/\/www.mairsturnstile-online.com\/de\/wp-json\/wp\/v2\/media?parent=4868"}],"wp:term":[{"taxonomy":"product_cat","embeddable":true,"href":"https:\/\/www.mairsturnstile-online.com\/de\/wp-json\/wp\/v2\/product_cat?post=4868"},{"taxonomy":"product_tag","embeddable":true,"href":"https:\/\/www.mairsturnstile-online.com\/de\/wp-json\/wp\/v2\/product_tag?post=4868"}],"curies":[{"name":"wp","href":"https:\/\/api.w.org\/{rel}","templated":true}]}}