{"id":4865,"date":"2021-09-09T01:46:52","date_gmt":"2021-09-08T17:46:52","guid":{"rendered":"https:\/\/www.mairsturnstile-online.com\/product\/dreibein-drehkreuz-tor-mt122\/"},"modified":"2024-02-15T16:16:19","modified_gmt":"2024-02-15T08:16:19","slug":"outdoor-stativ-drehkreuz","status":"publish","type":"product","link":"https:\/\/www.mairsturnstile-online.com\/de\/produkt\/outdoor-stativ-drehkreuz\/","title":{"rendered":"TRIPOD-DREHkreuztor MT115 f\u00fcr den Au\u00dfenbereich"},"content":{"rendered":"\r\n        <div class=\"modelViewerBlock\" data-attributes='{&quot;align&quot;:&quot;start&quot;,&quot;uniqueId&quot;:&quot;model15143&quot;,&quot;currentViewer&quot;:&quot;modelViewer&quot;,&quot;multiple&quot;:false,&quot;model&quot;:{&quot;modelUrl&quot;:&quot;https:\\\/\\\/www.mairsturnstile-online.com\\\/wp-content\\\/uploads\\\/2023\\\/07\\\/MT115.glb&quot;,&quot;poster&quot;:&quot;&quot;},&quot;O3DVSettings&quot;:{&quot;isFullscreen&quot;:true,&quot;isPagination&quot;:false,&quot;isNavigation&quot;:true,&quot;camera&quot;:null,&quot;mouseControl&quot;:true},&quot;models&quot;:[],&quot;lazyLoad&quot;:false,&quot;loading&quot;:&quot;auto&quot;,&quot;autoplay&quot;:false,&quot;shadow&quot;:true,&quot;autoRotate&quot;:true,&quot;zoom&quot;:true,&quot;isPagination&quot;:false,&quot;isNavigation&quot;:true,&quot;preload&quot;:&quot;auto&quot;,&quot;rotationPerSecond&quot;:&quot;30&quot;,&quot;mouseControl&quot;:true,&quot;fullscreen&quot;:true,&quot;variant&quot;:false,&quot;loadingPercentage&quot;:false,&quot;progressBar&quot;:true,&quot;rotate&quot;:false,&quot;rotateAlongX&quot;:&quot;0&quot;,&quot;rotateAlongY&quot;:&quot;75&quot;,&quot;exposure&quot;:1,&quot;styles&quot;:{&quot;width&quot;:&quot;1150px&quot;,&quot;height&quot;:&quot;700px&quot;,&quot;bgColor&quot;:&quot;#f9f9f9&quot;,&quot;progressBarColor&quot;:&quot;&quot;},&quot;stylesheet&quot;:null,&quot;additional&quot;:{&quot;ID&quot;:&quot;&quot;,&quot;Class&quot;:&quot;&quot;,&quot;CSS&quot;:&quot;&quot;},&quot;animation&quot;:false,&quot;woo&quot;:false,&quot;selectedAnimation&quot;:&quot;&quot;}'><\/div>\r\n\r\n        \n<p>TRIPOD-DREHkreuztor MT115 f\u00fcr den Au\u00dfenbereich<\/p>\n<p>Wir k\u00f6nnen OEM- und ODM-Dienstleistungen erbringen. Wir verf\u00fcgen \u00fcber erfahrene Designer, die umfassende Anpassungen an alle Ihre Anforderungen vornehmen k\u00f6nnen. Wir werden so schnell wie m\u00f6glich eine Reihe von Materialien wie 3D-Renderings, Ma\u00dfzeichnungen usw. bereitstellen.<\/p>\n<p>Alle unsere Produkte haben eine 2-j\u00e4hrige Garantie und dauerhafte Wartungs- und Reparaturunterst\u00fctzung. Wir bieten auch biometrische Ger\u00e4te wie Fingerabdruckscanner und Gesichtserkennungskameras an. RFID-Kartenleser, QR-Code-Scanner. Wenn Sie diese Ger\u00e4te in das Drehkreuz integrieren m\u00fcssen oder Fragen haben, fordern <a href=\"https:\/\/www.mairsturnstile-online.com\/de\/kontaktiere-uns\/\">Sie bitte ein Angebot an<\/a>.<\/p>\n<p>Wir k\u00f6nnen f\u00fcr Sie auch innerhalb weniger Minuten ein Rendering basierend auf Ihrem tats\u00e4chlichen Szenario erstellen. Wir liefern auch detaillierte Layouts und Zeichnungen sowie Installationszeichnungen. Machen Sie sich keine Sorgen um die Installation. F\u00fcr konkrete Ma\u00dfe und Einbauma\u00dfe laden Sie bitte unsere entsprechende PDF-Datei herunter.<\/p>\n\n\t\t\t\n\t<style type=\"text\/css\">\n\t\t.slider-info-15162.bafg-slider-info .bafg-slider-title {\n\t\t\t\t\t\t\tfont-size:\n\t\t\t\t\t22px\t\t\t\t;\n\t\t\t\n\t\t\t\n\t\t\t\t\t}\n\n\t\t.slider-info-15162.bafg-slider-info .bafg-slider-description {\n\t\t\t\n\t\t\t\n\t\t\t\t\t}\n\t\t\n\t\t\n\t\t.slider-info-15162.bafg-slider-info .bafg_slider_readmore_button {\n\t\t\t\n\t\t\t\n\t\t\t\n\t\t\t\n\t\t\t\n\t\t\ttext-align: center;\n\n\t\t\t\n\t\t\t\n\t\t\t\n\t\t\t\n\t\t\t\t\t}\n\n\t\t.slider-info-15162.bafg-slider-info .bafg_slider_readmore_button:hover {\n\n\t\t\t\n\t\t\t\n\t\t\t\t\t}\n\t<\/style>\n\t\n\t\t\t<div class=\"bafg-twentytwenty-container slider-15162  \"\n\t\t\t\tbafg-orientation=\"horizontal\" bafg-default-offset=\"0.5\"\n\t\t\t\tbafg-before-label=\"Before\"\n\t\t\t\tbafg-after-label=\"After\" bafg-overlay=\"1\"\n\t\t\t\tbafg-move-slider-on-hover=\"1\"\n\t\t\t\tbafg-click-to-move=\"\">\n\n\t\t\t\t\t\t\t\t<img class=\"skip-lazy\" data-skip-lazy\t\t\t\t\tsrc=\"https:\/\/www.mairsturnstile-online.com\/wp-content\/uploads\/2023\/07\/outdoor-tripod-turnstile_8.jpg\" alt=\"\">\n\t\t\t\t<img class=\"skip-lazy\" data-skip-lazy\t\t\t\t\tsrc=\"https:\/\/www.mairsturnstile-online.com\/wp-content\/uploads\/2023\/07\/outdoor-tripod-turnstile_9.jpg\" alt=\"\">\n\n\t\t\t<\/div>\n\n\t\t\t\t<div class=\"bafg-slider-info-wraper\">\n\t\t<div style=\"\" class=\"slider-info-15162 bafg-slider-info\">\n\t\t\t\t\t<\/div>\n\t<\/div>\n\t\n\t\t\t<style type=\"text\/css\">\n\t\t\t\t\t\t\t\t\t\t\t<\/style>\n\t\t\t\n<p><strong>Technische Parameter:<\/strong><\/p>\n<p>1. Gr\u00f6\u00dfe: 480 * 280 * 980 mm (kann angepasst werden)<br \/>\n2. Bahnbreite: 550 mm (kann angepasst werden)<br \/>\n3. Durchgangsgeschwindigkeit: 35 Personen\/min<br \/>\n4. Stromversorgung: 110 V\/220 V 50\/60 Hz<br \/>\n5. Gewicht: 45 kg<br \/>\n6. Eingang: Potentialfreier Kontakt<br \/>\n7. 24-V-Magnet<br \/>\n8. Geh\u00e4usematerial: Edelstahl 304<br \/>\n9. Zuverl\u00e4ssigkeit des Mechanismus: 3 Millionen, kein Fehler<br \/>\n10. Betriebsweise: halbautomatisch<br \/>\n11. Magnetventil: DC24V \u00b15%<br \/>\n12. Arml\u00e4nge: 510 mm<br \/>\n13. Drehrichtung: Bidirektional\/Einzelrichtung<br \/>\n14. Notfall: Der Arm senkt sich automatisch ab, wenn der Strom unterbrochen wird.<br \/>\n15. Betriebsspannung: DC 24 V \u00b1 5 %<br \/>\n16. Spannung der Kontrollleuchte: DC12V \u00b15% (Standard)<br \/>\n17. Betriebstemperatur: -30\u2103\uff5e60\u2103<br \/>\n18. Luftfeuchtigkeit: 5 % ~ 90 %<br \/>\n19. Wasserdicht: IP56<br \/>\n20. Feature: IC\/ID-Leser, Barcode-Leser, Gesichtserkennung, Fingerabdruck, andere Zugangskontrollger\u00e4te, USV usw<br \/>\n21. Zeitbedarf zum \u00d6ffnen: 0,2 s<br \/>\n22. Arbeitsumgebung: Innen oder au\u00dfen<br \/>\n23. Anwendungsbereich: Gemeinde, Fabrik, Baustelle, Schule, Ort des Resorts usw<\/p>\n<p>Wir k\u00f6nnen die gesamte Sicherheitszugangskontrolll\u00f6sung anbieten. Wenn Sie \u00fcber ein eigenes Zutrittskontrollsystem verf\u00fcgen, k\u00f6nnen Sie direkt unser Drehkreuztor nutzen. Wenn Sie noch keine haben, bieten wir auch eine komplette Sicherheitszugangskontrolll\u00f6sung an. Weitere Informationen finden Sie im Video unten.<\/p>\n<p><iframe title=\"Schlankes Stativdrehkreuz, RFID-Stativdrehkreuz, automatisches Stativdrehkreuz - MairsTurnstile\" src=\"https:\/\/www.youtube.com\/embed\/Y_3ual7eGEQ\" width=\"1150\" height=\"650\" frameborder=\"0\" allowfullscreen=\"allowfullscreen\"><\/iframe><\/p>\n","protected":false},"excerpt":{"rendered":"<p>Unterst\u00fctzung von OEM und ODM. Unterst\u00fctzen Sie biometrische Ger\u00e4te von Drittanbietern wie Fingerabdruckscanner und Gesichtserkennungskameras. RFID-Kartenleser, QR-Code-Scanner. <strong><a title=\"Mairs CE-zertifiziertes Stativ-Drehkreuz\" href=\"http:\/\/mairsturnstile.com\/wp-content\/uploads\/2022\/09\/Mairs-CE-Certificate-Tripod-Turnstile.pdf\" target=\"_blank\" rel=\"noopener\">CE-zertifiziert<\/a>, <a title=\"Mairs ISO9001-Zertifikat\" href=\"http:\/\/mairsturnstile.com\/wp-content\/uploads\/2022\/09\/Mairs-Registration-Certificate-ISO9001.pdf\" target=\"_blank\" rel=\"noopener noreferrer\">ISO9001-zertifiziert<\/a>.<\/strong><\/p>\n<p><a title=\"Brosch\u00fcre \u201eStativ-Drehkreuz f\u00fcr den Au\u00dfenbereich\u201c.\" href=\"https:\/\/mairsturnstile.com\/wp-content\/uploads\/2023\/12\/MT115-brochure.pdf\" target=\"_blank\" rel=\"noopener noreferrer\"><img decoding=\"async\" class=\"alignnone size-full wp-image-11034\" src=\"http:\/\/mairsturnstile.com\/wp-content\/uploads\/2022\/09\/pdf-MairsTurnstile.png\" alt=\"\" width=\"32\" height=\"32\"><span style=\"color: #0000ff;\"><strong>MT115 Outdoor-Stativ-Drehkreuz-Brosch\u00fcre<\/strong><\/span><\/a><\/p>\n","protected":false},"featured_media":50006,"comment_status":"closed","ping_status":"closed","template":"","meta":[],"product_cat":[66],"product_tag":[],"class_list":["post-4865","product","type-product","status-publish","has-post-thumbnail","hentry","product_cat-dreibein-drehkreuz"],"_links":{"self":[{"href":"https:\/\/www.mairsturnstile-online.com\/de\/wp-json\/wp\/v2\/product\/4865","targetHints":{"allow":["GET"]}}],"collection":[{"href":"https:\/\/www.mairsturnstile-online.com\/de\/wp-json\/wp\/v2\/product"}],"about":[{"href":"https:\/\/www.mairsturnstile-online.com\/de\/wp-json\/wp\/v2\/types\/product"}],"replies":[{"embeddable":true,"href":"https:\/\/www.mairsturnstile-online.com\/de\/wp-json\/wp\/v2\/comments?post=4865"}],"wp:featuredmedia":[{"embeddable":true,"href":"https:\/\/www.mairsturnstile-online.com\/de\/wp-json\/wp\/v2\/media\/50006"}],"wp:attachment":[{"href":"https:\/\/www.mairsturnstile-online.com\/de\/wp-json\/wp\/v2\/media?parent=4865"}],"wp:term":[{"taxonomy":"product_cat","embeddable":true,"href":"https:\/\/www.mairsturnstile-online.com\/de\/wp-json\/wp\/v2\/product_cat?post=4865"},{"taxonomy":"product_tag","embeddable":true,"href":"https:\/\/www.mairsturnstile-online.com\/de\/wp-json\/wp\/v2\/product_tag?post=4865"}],"curies":[{"name":"wp","href":"https:\/\/api.w.org\/{rel}","templated":true}]}}