{"id":4854,"date":"2021-12-07T01:50:17","date_gmt":"2021-12-06T17:50:17","guid":{"rendered":"https:\/\/www.mairsturnstile-online.com\/product\/drehkreuz-mit-voller-hoehe-mt406\/"},"modified":"2024-11-06T17:45:05","modified_gmt":"2024-11-06T09:45:05","slug":"glasdrehkreuze-in-voller-hohe","status":"publish","type":"product","link":"https:\/\/www.mairsturnstile-online.com\/de\/produkt\/glasdrehkreuze-in-voller-hohe\/","title":{"rendered":"VOLLST\u00c4NDIGE GLASDREHST\u00dcTZE MT406"},"content":{"rendered":"\r\n        <div class=\"modelViewerBlock\" data-attributes='{&quot;align&quot;:&quot;start&quot;,&quot;uniqueId&quot;:&quot;model12921&quot;,&quot;currentViewer&quot;:&quot;modelViewer&quot;,&quot;multiple&quot;:false,&quot;model&quot;:{&quot;modelUrl&quot;:&quot;https:\\\/\\\/www.mairsturnstile-online.com\\\/wp-content\\\/uploads\\\/2024\\\/10\\\/turnstyle-door.glb&quot;,&quot;poster&quot;:&quot;&quot;},&quot;O3DVSettings&quot;:{&quot;isFullscreen&quot;:true,&quot;isPagination&quot;:false,&quot;isNavigation&quot;:true,&quot;camera&quot;:null,&quot;mouseControl&quot;:true},&quot;models&quot;:[],&quot;lazyLoad&quot;:false,&quot;loading&quot;:&quot;auto&quot;,&quot;autoplay&quot;:false,&quot;shadow&quot;:true,&quot;autoRotate&quot;:true,&quot;zoom&quot;:true,&quot;isPagination&quot;:false,&quot;isNavigation&quot;:true,&quot;preload&quot;:&quot;auto&quot;,&quot;rotationPerSecond&quot;:&quot;30&quot;,&quot;mouseControl&quot;:true,&quot;fullscreen&quot;:true,&quot;variant&quot;:false,&quot;loadingPercentage&quot;:false,&quot;progressBar&quot;:true,&quot;rotate&quot;:false,&quot;rotateAlongX&quot;:&quot;0&quot;,&quot;rotateAlongY&quot;:&quot;75&quot;,&quot;exposure&quot;:1,&quot;styles&quot;:{&quot;width&quot;:&quot;1150px&quot;,&quot;height&quot;:&quot;700px&quot;,&quot;bgColor&quot;:&quot;#f9f9f9&quot;,&quot;progressBarColor&quot;:&quot;&quot;},&quot;stylesheet&quot;:null,&quot;additional&quot;:{&quot;ID&quot;:&quot;&quot;,&quot;Class&quot;:&quot;&quot;,&quot;CSS&quot;:&quot;&quot;},&quot;animation&quot;:false,&quot;woo&quot;:false,&quot;selectedAnimation&quot;:&quot;&quot;}'><\/div>\r\n\r\n        \n<p>VOLLST\u00c4NDIGE GLASDREHST\u00dcTZE MT406<\/p>\n<p>Wir k\u00f6nnen OEM- und ODM-Dienstleistungen erbringen. Wir verf\u00fcgen \u00fcber erfahrene Designer, die umfassende Anpassungen an alle Ihre Anforderungen vornehmen k\u00f6nnen. Wir werden so schnell wie m\u00f6glich eine Reihe von Materialien wie 3D-Renderings, Ma\u00dfzeichnungen usw. bereitstellen.<\/p>\n<p>Alle unsere Produkte haben eine 2-j\u00e4hrige Garantie und dauerhafte Wartungs- und Reparaturunterst\u00fctzung. Wir bieten auch biometrische Ger\u00e4te wie Fingerabdruckscanner und Gesichtserkennungskameras an. RFID-Kartenleser, QR-Code-Scanner. Wenn Sie diese Ger\u00e4te in das Drehkreuz integrieren m\u00fcssen oder Fragen haben, fordern <a href=\"https:\/\/www.mairsturnstile-online.com\/contact-us\/\">Sie bitte ein Angebot an<\/a>.<\/p>\n<p>Wir k\u00f6nnen f\u00fcr Sie auch innerhalb weniger Minuten ein Rendering basierend auf Ihrem tats\u00e4chlichen Szenario erstellen. Dar\u00fcber hinaus liefern wir detaillierte Grundrisse und Zeichnungen sowie Einbauzeichnungen. Machen Sie sich keine Sorgen um die Installation. F\u00fcr konkrete Ma\u00dfe und Einbauma\u00dfe laden Sie bitte unsere entsprechende PDF-Datei herunter.<\/p>\n\n\t\t\t\n\t<style type=\"text\/css\">\n\t\t.slider-info-12845.bafg-slider-info .bafg-slider-title {\n\t\t\t\t\t\t\tfont-size:\n\t\t\t\t\t22px\t\t\t\t;\n\t\t\t\n\t\t\t\n\t\t\t\t\t}\n\n\t\t.slider-info-12845.bafg-slider-info .bafg-slider-description {\n\t\t\t\n\t\t\t\n\t\t\t\t\t}\n\t\t\n\t\t\n\t\t.slider-info-12845.bafg-slider-info .bafg_slider_readmore_button {\n\t\t\t\n\t\t\t\n\t\t\t\n\t\t\t\n\t\t\t\n\t\t\ttext-align: center;\n\n\t\t\t\n\t\t\t\n\t\t\t\n\t\t\t\n\t\t\t\t\t}\n\n\t\t.slider-info-12845.bafg-slider-info .bafg_slider_readmore_button:hover {\n\n\t\t\t\n\t\t\t\n\t\t\t\t\t}\n\t<\/style>\n\t\n\t\t\t<div class=\"bafg-twentytwenty-container slider-12845  \"\n\t\t\t\tbafg-orientation=\"horizontal\" bafg-default-offset=\"0.5\"\n\t\t\t\tbafg-before-label=\"Before\"\n\t\t\t\tbafg-after-label=\"After\" bafg-overlay=\"1\"\n\t\t\t\tbafg-move-slider-on-hover=\"1\"\n\t\t\t\tbafg-click-to-move=\"\">\n\n\t\t\t\t\t\t\t\t<img class=\"skip-lazy\" data-skip-lazy\t\t\t\t\tsrc=\"https:\/\/www.mairsturnstile-online.com\/wp-content\/uploads\/2021\/12\/full-height-glass-turnstiles-8.jpg\" alt=\"full height glass turnstiles\">\n\t\t\t\t<img class=\"skip-lazy\" data-skip-lazy\t\t\t\t\tsrc=\"https:\/\/www.mairsturnstile-online.com\/wp-content\/uploads\/2021\/12\/full-height-glass-turnstiles-9.jpg\" alt=\"full height glass turnstiles\">\n\n\t\t\t<\/div>\n\n\t\t\t\t<div class=\"bafg-slider-info-wraper\">\n\t\t<div style=\"\" class=\"slider-info-12845 bafg-slider-info\">\n\t\t\t\t\t<\/div>\n\t<\/div>\n\t\n\t\t\t<style type=\"text\/css\">\n\t\t\t\t\t\t\t\t\t\t\t<\/style>\n\t\t\t\n<p><strong>Technische Parameter:<br \/>\n<\/strong>1. Gr\u00f6\u00dfe: 1520*1520*2300 mm (kann angepasst werden)<br \/>\n2. Spurbreite: ca. 650 mm (kann angepasst werden)<br \/>\n3. Durchgangsgeschwindigkeit: 30 Personen\/min<br \/>\n4. Stromversorgung: 110 V\/220 V 50\/60 Hz<br \/>\n5. Solenoid: DC24V<br \/>\n6. Tor\u00f6ffnungssignal: Potenzialfreier Kontakt\/Relais<br \/>\n7. Logikspannung: DC24V<br \/>\n8. Geh\u00e4usematerial: Edelstahl 304 und Leiterplatte<br \/>\n9. Zuverl\u00e4ssigkeit des Mechanismus: 5 Millionen, kein Fehler<br \/>\n10. Mechanismus mit hydraulischem D\u00e4mpfer zur Sto\u00dfd\u00e4mpfung<br \/>\n11. Antrieb: Halbautomatischer Betrieb<br \/>\n12. Arml\u00e4nge: 600 mm<br \/>\n13. Drehrichtung: Bidirektional<br \/>\n14. Notfallsituation: Im Notfall oder bei Unterbrechung der Stromversorgung kann die Dreht\u00fcr auf Fail-Safe, d.h. frei drehbar, oder Fail-Lock konfiguriert werden<br \/>\n15. Luftfeuchtigkeit: \u226495 %<\/p>\n<p>16. Working temperature:-25\u2103\uff5e60\u2103<br \/>\n17. Optional Feature: IC\/ID reader, Barcode Reader, Face recognition, Fingerprint, other access control equipment, UPS, etc<br \/>\n18. Communication distance: \u22641200 m<br \/>\n19. Communication interface: RS485<br \/>\n20. Size can be customized<br \/>\n21. Time needed for opening: 0.2 s<br \/>\n22. Working environment: Indoors or outdoors<br \/>\n23. Anti tailgating: the turnstile will stay in lock when open around 60degree(3arms) or 45degree(4 arms) so the gate cannot run in reverse direction to preventtail-gating<br \/>\n24. Application range: Community, Factory, Construction site, School, Place of the resort, etc<\/p>\n<p>Wir k\u00f6nnen die gesamte Sicherheitszugangskontrolll\u00f6sung anbieten. Wenn Sie \u00fcber ein eigenes Zutrittskontrollsystem verf\u00fcgen, k\u00f6nnen Sie direkt unser Drehkreuztor nutzen. Wenn Sie noch keine haben, bieten wir auch eine komplette Sicherheitszugangskontrolll\u00f6sung an. Weitere Informationen finden Sie im Video unten.<\/p>\n<p><iframe title=\"Biometrisches Drehkreuz in voller H\u00f6he, Drehkreuz in voller H\u00f6he mit Gesichtserkennung \u2013 MairsTurnstile\" src=\"https:\/\/www.youtube.com\/embed\/cy4ZzmrIfx0\" width=\"1110\" height=\"650\" frameborder=\"0\" allowfullscreen=\"allowfullscreen\"><\/iframe><\/p>\n","protected":false},"excerpt":{"rendered":"<p>Unterst\u00fctzung von OEM und ODM. Unterst\u00fctzen Sie biometrische Ger\u00e4te von Drittanbietern wie Fingerabdruckscanner und Gesichtserkennungskameras. RFID card reader, QR code scanner. <strong><a title=\"Mairs CE-zertifiziertes Drehkreuz in voller H\u00f6he\" href=\"http:\/\/mairsturnstile.com\/wp-content\/uploads\/2022\/09\/Mairs-CE-Certificate-Full-Height-Turnstile.pdf\" target=\"_blank\" rel=\"noopener noreferrer\">CE Certificated,<\/a> <a title=\"Mairs ISO9001-Zertifikat\" href=\"http:\/\/mairsturnstile.com\/wp-content\/uploads\/2022\/09\/Mairs-Registration-Certificate-ISO9001.pdf\" target=\"_blank\" rel=\"noopener noreferrer\">ISO9001 Certificated.<\/a> Please check: <a href=\"https:\/\/www.mairsturnstile-online.com\/full-height-turnstile-series\/\" target=\"_blank\" rel=\"noopener\"><span style=\"color: #0000ff;\">New Full Height Turnstile Series<\/span><\/a><\/strong><\/p>\n<p><a title=\"Brosch\u00fcre zum Drehkreuz in voller H\u00f6he\" href=\"https:\/\/mairsturnstile.com\/wp-content\/uploads\/2023\/12\/MT406-brochure.pdf\" target=\"_blank\" rel=\"noopener noreferrer\"><img decoding=\"async\" class=\"alignnone size-full wp-image-11034\" src=\"http:\/\/mairsturnstile.com\/wp-content\/uploads\/2022\/09\/pdf-MairsTurnstile.png\" alt=\"\" width=\"32\" height=\"32\"><span style=\"color: #0000ff;\"><strong>Brosch\u00fcre zum Drehkreuz MT406 in voller H\u00f6he<\/strong><\/span><\/a><\/p>\n<p><a title=\"Installationshandbuch f\u00fcr Drehkreuze in voller H\u00f6he\" href=\"http:\/\/mairsturnstile.com\/wp-content\/uploads\/2023\/09\/Full-height-turnstile-installation-manual.pdf\" target=\"_blank\" rel=\"noopener noreferrer\"><img decoding=\"async\" class=\"alignnone size-full wp-image-11034\" src=\"http:\/\/mairsturnstile.com\/wp-content\/uploads\/2022\/09\/pdf-MairsTurnstile.png\" alt=\"\" width=\"32\" height=\"32\"><strong><span style=\"color: #0000ff;\"> Benutzer- und Installationshandbuch f\u00fcr Drehkreuze in voller H\u00f6he<\/span><\/strong><\/a><\/p>\n","protected":false},"featured_media":48886,"comment_status":"closed","ping_status":"closed","template":"","meta":[],"product_cat":[65],"product_tag":[],"class_list":["post-4854","product","type-product","status-publish","has-post-thumbnail","hentry","product_cat-drehkreuze-in-voller-hohe"],"_links":{"self":[{"href":"https:\/\/www.mairsturnstile-online.com\/de\/wp-json\/wp\/v2\/product\/4854","targetHints":{"allow":["GET"]}}],"collection":[{"href":"https:\/\/www.mairsturnstile-online.com\/de\/wp-json\/wp\/v2\/product"}],"about":[{"href":"https:\/\/www.mairsturnstile-online.com\/de\/wp-json\/wp\/v2\/types\/product"}],"replies":[{"embeddable":true,"href":"https:\/\/www.mairsturnstile-online.com\/de\/wp-json\/wp\/v2\/comments?post=4854"}],"wp:featuredmedia":[{"embeddable":true,"href":"https:\/\/www.mairsturnstile-online.com\/de\/wp-json\/wp\/v2\/media\/48886"}],"wp:attachment":[{"href":"https:\/\/www.mairsturnstile-online.com\/de\/wp-json\/wp\/v2\/media?parent=4854"}],"wp:term":[{"taxonomy":"product_cat","embeddable":true,"href":"https:\/\/www.mairsturnstile-online.com\/de\/wp-json\/wp\/v2\/product_cat?post=4854"},{"taxonomy":"product_tag","embeddable":true,"href":"https:\/\/www.mairsturnstile-online.com\/de\/wp-json\/wp\/v2\/product_tag?post=4854"}],"curies":[{"name":"wp","href":"https:\/\/api.w.org\/{rel}","templated":true}]}}