{"id":8277,"date":"2023-02-12T20:43:40","date_gmt":"2023-02-12T12:43:40","guid":{"rendered":"https:\/\/www.mairsturnstile-online.com\/grosshandel\/"},"modified":"2024-03-26T15:41:35","modified_gmt":"2024-03-26T07:41:35","slug":"grosshandel","status":"publish","type":"page","link":"https:\/\/www.mairsturnstile-online.com\/de\/grosshandel\/","title":{"rendered":"Gro\u00dfhandel"},"content":{"rendered":"\t\t<div data-elementor-type=\"wp-page\" data-elementor-id=\"8277\" class=\"elementor elementor-8277 elementor-8240\" data-elementor-post-type=\"page\">\n\t\t\t\t<div class=\"elementor-element elementor-element-0645561 e-flex e-con-boxed e-con e-parent\" data-id=\"0645561\" data-element_type=\"container\" data-settings=\"{&quot;background_background&quot;:&quot;classic&quot;,&quot;shape_divider_bottom&quot;:&quot;arrow&quot;,&quot;shape_divider_bottom_negative&quot;:&quot;yes&quot;}\">\n\t\t\t\t\t<div class=\"e-con-inner\">\n\t\t\t\t<div class=\"elementor-shape elementor-shape-bottom\" data-negative=\"true\">\n\t\t\t<svg xmlns=\"http:\/\/www.w3.org\/2000\/svg\" viewBox=\"0 0 700 10\" preserveAspectRatio=\"none\">\n\t<path class=\"elementor-shape-fill\" d=\"M360 0L350 9.9 340 0 0 0 0 10 700 10 700 0\"\/>\n<\/svg>\t\t<\/div>\n\t\t\t\t<div class=\"elementor-element elementor-element-c87e5fe animated-slow elementor-invisible elementor-widget elementor-widget-heading\" data-id=\"c87e5fe\" data-element_type=\"widget\" data-settings=\"{&quot;_animation&quot;:&quot;slideInUp&quot;}\" data-widget_type=\"heading.default\">\n\t\t\t\t<div class=\"elementor-widget-container\">\n\t\t\t<h2 class=\"elementor-heading-title elementor-size-default\">Holen Sie sich das beste Drehkreuztor zu einem erschwinglichen Preis<\/h2>\t\t<\/div>\n\t\t\t\t<\/div>\n\t\t\t\t<div class=\"elementor-element elementor-element-e6c8ec5 animated-slow elementor-invisible elementor-widget elementor-widget-heading\" data-id=\"e6c8ec5\" data-element_type=\"widget\" data-settings=\"{&quot;_animation&quot;:&quot;slideInUp&quot;}\" data-widget_type=\"heading.default\">\n\t\t\t\t<div class=\"elementor-widget-container\">\n\t\t\t<h2 class=\"elementor-heading-title elementor-size-default\">Garantierte Qualit\u00e4t, Garantie 2 Jahre<br>\nHervorragende Verarbeitung und komplexe Handwerkskunst<br>\nUmfassender technischer Support<\/h2>\t\t<\/div>\n\t\t\t\t<\/div>\n\t\t\t\t<div class=\"elementor-element elementor-element-8650415 animated-slow elementor-invisible elementor-widget elementor-widget-heading\" data-id=\"8650415\" data-element_type=\"widget\" data-settings=\"{&quot;_animation&quot;:&quot;slideInUp&quot;}\" data-widget_type=\"heading.default\">\n\t\t\t\t<div class=\"elementor-widget-container\">\n\t\t\t<h2 class=\"elementor-heading-title elementor-size-default\">Mairs Drehkreuz<\/h2>\t\t<\/div>\n\t\t\t\t<\/div>\n\t\t\t\t\t<\/div>\n\t\t\t\t<\/div>\n\t\t<div class=\"elementor-element elementor-element-cabfd65 e-flex e-con-boxed e-con e-parent\" data-id=\"cabfd65\" data-element_type=\"container\">\n\t\t\t\t\t<div class=\"e-con-inner\">\n\t\t\t\t<div class=\"elementor-element elementor-element-0bf10dc elementor-widget elementor-widget-heading\" data-id=\"0bf10dc\" data-element_type=\"widget\" data-widget_type=\"heading.default\">\n\t\t\t\t<div class=\"elementor-widget-container\">\n\t\t\t<h2 class=\"elementor-heading-title elementor-size-default\">Gro\u00dfhandel<\/h2>\t\t<\/div>\n\t\t\t\t<\/div>\n\t\t\t\t<div class=\"elementor-element elementor-element-7bb64a3 elementor-widget elementor-widget-text-editor\" data-id=\"7bb64a3\" data-element_type=\"widget\" data-widget_type=\"text-editor.default\">\n\t\t\t\t<div class=\"elementor-widget-container\">\n\t\t\t\t\t\t\t<p>M\u00f6chten Sie hochwertige Drehkreuzprodukte zu wettbewerbsf\u00e4higen Preisen erwerben oder verkaufen? Wenn Sie wollen, k\u00f6nnen Sie mit uns reden. Als professioneller Hersteller von Drehkreuzen bieten wir nicht nur die beste Produktqualit\u00e4t in der Branche, sondern auch wettbewerbsf\u00e4hige Preise. Wir begr\u00fc\u00dfen Vertreter und Gro\u00dfh\u00e4ndler aus der ganzen Welt, die unsere Sicherheitsprodukte im Gro\u00dfhandel vertreiben.<\/p>\n<p>Wir hei\u00dfen Sie herzlich willkommen, unser Vertriebspartner zu werden. Wir suchen Agenten aus der ganzen Welt, um unsere Produkte zu vertreten. Wenn Sie ein Anbieter von Drehkreuzen in Europa, der T\u00fcrkei, den USA oder Australien sind oder ein eigenes Gesch\u00e4ft in Europa, Amerika oder Afrika haben oder Erfahrung im Verkauf und Handeln von verwandten Sicherheitsprodukten haben und als unser Vertreter f\u00fcr weitere Produkte fungieren m\u00f6chten . Bitte kontaktieren Sie uns f\u00fcr weitere Informationen. Ich hoffe, wir k\u00f6nnen zusammenarbeiten, um eine sicherere Welt zu schaffen und mehr Menschen auf der ganzen Welt zu helfen.<\/p>\t\t\t\t\t\t<\/div>\n\t\t\t\t<\/div>\n\t\t\t\t\t<\/div>\n\t\t\t\t<\/div>\n\t\t<div class=\"elementor-element elementor-element-cb84d05 e-flex e-con-boxed e-con e-parent\" data-id=\"cb84d05\" data-element_type=\"container\" data-settings=\"{&quot;background_background&quot;:&quot;classic&quot;,&quot;shape_divider_bottom&quot;:&quot;arrow&quot;,&quot;shape_divider_bottom_negative&quot;:&quot;yes&quot;}\">\n\t\t\t\t\t<div class=\"e-con-inner\">\n\t\t\t\t<div class=\"elementor-shape elementor-shape-bottom\" data-negative=\"true\">\n\t\t\t<svg xmlns=\"http:\/\/www.w3.org\/2000\/svg\" viewBox=\"0 0 700 10\" preserveAspectRatio=\"none\">\n\t<path class=\"elementor-shape-fill\" d=\"M360 0L350 9.9 340 0 0 0 0 10 700 10 700 0\"\/>\n<\/svg>\t\t<\/div>\n\t\t\t\t<div class=\"elementor-element elementor-element-85e9530 animated-slow elementor-invisible elementor-widget elementor-widget-heading\" data-id=\"85e9530\" data-element_type=\"widget\" data-settings=\"{&quot;_animation&quot;:&quot;slideInUp&quot;}\" data-widget_type=\"heading.default\">\n\t\t\t\t<div class=\"elementor-widget-container\">\n\t\t\t<h2 class=\"elementor-heading-title elementor-size-default\">Globale und schnelle Lieferung<br>\nEinfache Installation\n<\/h2>\t\t<\/div>\n\t\t\t\t<\/div>\n\t\t\t\t<div class=\"elementor-element elementor-element-2688e6d animated-slow elementor-invisible elementor-widget elementor-widget-heading\" data-id=\"2688e6d\" data-element_type=\"widget\" data-settings=\"{&quot;_animation&quot;:&quot;slideInUp&quot;}\" data-widget_type=\"heading.default\">\n\t\t\t\t<div class=\"elementor-widget-container\">\n\t\t\t<h2 class=\"elementor-heading-title elementor-size-default\">Integriertes Design, keine Demontage von Komponenten erforderlich, einfache Installation und Kosteneinsparung. Das vom Kunden erhaltene Produkt hat die interne Verkabelung und die gesamte Zubeh\u00f6rmontage abgeschlossen<\/h2>\t\t<\/div>\n\t\t\t\t<\/div>\n\t\t\t\t\t<\/div>\n\t\t\t\t<\/div>\n\t\t<div class=\"elementor-element elementor-element-ce50501 e-flex e-con-boxed e-con e-parent\" data-id=\"ce50501\" data-element_type=\"container\">\n\t\t\t\t\t<div class=\"e-con-inner\">\n\t\t\t\t<div class=\"elementor-element elementor-element-3482fa6 elementor-widget elementor-widget-text-editor\" data-id=\"3482fa6\" data-element_type=\"widget\" data-widget_type=\"text-editor.default\">\n\t\t\t\t<div class=\"elementor-widget-container\">\n\t\t\t\t\t\t\t<p>Wir k\u00f6nnen Sicherheitsdrehkreuze entwerfen und herstellen, die Ihren Markt- oder Projektanforderungen entsprechen. Die von uns entwickelten und hergestellten Sicherheitsdrehkreuze k\u00f6nnen auch problemlos in Ihr System integriert werden, um mehr Funktionen zu erreichen.<\/p>\n<p>Wenn Sie unsere Produkte im Gro\u00dfhandel vertreiben oder unser Vertreter sein m\u00f6chten, rufen Sie bitte unsere Verkaufsleiterin Elena unter <a href=\"tel:+8615323431686\">+8615323431686<\/a> oder per E-Mail unter <a href=\"mailto:sales@mairsturnstile.com\">sales@mairsturnstile.com<\/a> an.<\/p>\n<p>Vielen Dank.<br>Mairsturnstile-online.com<\/p>\t\t\t\t\t\t<\/div>\n\t\t\t\t<\/div>\n\t\t\t\t\t<\/div>\n\t\t\t\t<\/div>\n\t\t<div class=\"elementor-element elementor-element-67618bb e-flex e-con-boxed e-con e-parent\" data-id=\"67618bb\" data-element_type=\"container\" data-settings=\"{&quot;background_background&quot;:&quot;classic&quot;}\">\n\t\t\t\t\t<div class=\"e-con-inner\">\n\t\t\t\t<div class=\"elementor-element elementor-element-f016981 animated-slow elementor-invisible elementor-widget elementor-widget-heading\" data-id=\"f016981\" data-element_type=\"widget\" data-settings=\"{&quot;_animation&quot;:&quot;slideInUp&quot;}\" data-widget_type=\"heading.default\">\n\t\t\t\t<div class=\"elementor-widget-container\">\n\t\t\t<h2 class=\"elementor-heading-title elementor-size-default\">Einzigartiges und modisches Drehkreuz<br>\n\n<\/h2>\t\t<\/div>\n\t\t\t\t<\/div>\n\t\t\t\t<div class=\"elementor-element elementor-element-532cdf8 animated-slow elementor-invisible elementor-widget elementor-widget-heading\" data-id=\"532cdf8\" data-element_type=\"widget\" data-settings=\"{&quot;_animation&quot;:&quot;slideInUp&quot;}\" data-widget_type=\"heading.default\">\n\t\t\t\t<div class=\"elementor-widget-container\">\n\t\t\t<h2 class=\"elementor-heading-title elementor-size-default\">Direktverkauf ab Werk<br>\nOEM- und ODM-Service<br>\nGlobale und schnelle Lieferung<br>\n\n<\/h2>\t\t<\/div>\n\t\t\t\t<\/div>\n\t\t\t\t<div class=\"elementor-element elementor-element-4f3fffd animated-slow elementor-invisible elementor-widget elementor-widget-heading\" data-id=\"4f3fffd\" data-element_type=\"widget\" data-settings=\"{&quot;_animation&quot;:&quot;slideInUp&quot;}\" data-widget_type=\"heading.default\">\n\t\t\t\t<div class=\"elementor-widget-container\">\n\t\t\t<h2 class=\"elementor-heading-title elementor-size-default\">\nMairs Drehkreuz\n<\/h2>\t\t<\/div>\n\t\t\t\t<\/div>\n\t\t\t\t\t<\/div>\n\t\t\t\t<\/div>\n\t\t\t\t<\/div>\n\t\t","protected":false},"excerpt":{"rendered":"<p>Holen Sie sich das beste Drehkreuztor zu einem erschwinglichen Preis Garantierte Qualit\u00e4t, [&hellip;]<\/p>\n","protected":false},"author":1,"featured_media":0,"parent":0,"menu_order":0,"comment_status":"closed","ping_status":"closed","template":"elementor_header_footer","meta":{"footnotes":""},"class_list":["post-8277","page","type-page","status-publish","hentry"],"_links":{"self":[{"href":"https:\/\/www.mairsturnstile-online.com\/de\/wp-json\/wp\/v2\/pages\/8277","targetHints":{"allow":["GET"]}}],"collection":[{"href":"https:\/\/www.mairsturnstile-online.com\/de\/wp-json\/wp\/v2\/pages"}],"about":[{"href":"https:\/\/www.mairsturnstile-online.com\/de\/wp-json\/wp\/v2\/types\/page"}],"author":[{"embeddable":true,"href":"https:\/\/www.mairsturnstile-online.com\/de\/wp-json\/wp\/v2\/users\/1"}],"replies":[{"embeddable":true,"href":"https:\/\/www.mairsturnstile-online.com\/de\/wp-json\/wp\/v2\/comments?post=8277"}],"version-history":[{"count":0,"href":"https:\/\/www.mairsturnstile-online.com\/de\/wp-json\/wp\/v2\/pages\/8277\/revisions"}],"wp:attachment":[{"href":"https:\/\/www.mairsturnstile-online.com\/de\/wp-json\/wp\/v2\/media?parent=8277"}],"curies":[{"name":"wp","href":"https:\/\/api.w.org\/{rel}","templated":true}]}}