{"id":6411,"date":"2022-09-22T19:02:26","date_gmt":"2022-09-22T11:02:26","guid":{"rendered":"https:\/\/www.mairsturnstile-online.com\/qualitaetskontrolle\/"},"modified":"2024-03-26T15:42:10","modified_gmt":"2024-03-26T07:42:10","slug":"qualitaetskontrolle","status":"publish","type":"page","link":"https:\/\/www.mairsturnstile-online.com\/de\/qualitaetskontrolle\/","title":{"rendered":"Qualit\u00e4t"},"content":{"rendered":"\t\t<div data-elementor-type=\"wp-page\" data-elementor-id=\"6411\" class=\"elementor elementor-6411 elementor-6361\" data-elementor-post-type=\"page\">\n\t\t\t\t<div class=\"elementor-element elementor-element-b8f1fd0 e-flex e-con-boxed e-con e-parent\" data-id=\"b8f1fd0\" data-element_type=\"container\" data-settings=\"{&quot;background_background&quot;:&quot;classic&quot;}\">\n\t\t\t\t\t<div class=\"e-con-inner\">\n\t\t\t\t<div class=\"elementor-element elementor-element-2b1b9c8 animated-slow elementor-invisible elementor-widget elementor-widget-heading\" data-id=\"2b1b9c8\" data-element_type=\"widget\" data-settings=\"{&quot;_animation&quot;:&quot;slideInUp&quot;}\" data-widget_type=\"heading.default\">\n\t\t\t\t<div class=\"elementor-widget-container\">\n\t\t\t<h2 class=\"elementor-heading-title elementor-size-default\">Ma\u00dfgeschneidertes Sicherheitsdrehkreuz\n<\/h2>\t\t<\/div>\n\t\t\t\t<\/div>\n\t\t\t\t<div class=\"elementor-element elementor-element-3d91895 animated-slow elementor-invisible elementor-widget elementor-widget-heading\" data-id=\"3d91895\" data-element_type=\"widget\" data-settings=\"{&quot;_animation&quot;:&quot;slideInUp&quot;}\" data-widget_type=\"heading.default\">\n\t\t\t\t<div class=\"elementor-widget-container\">\n\t\t\t<h2 class=\"elementor-heading-title elementor-size-default\">Basierend auf Ihren Projektanforderungen und Marktanforderungen entwerfen und passen wir speziell ein Sicherheitsdrehkreuz an, das nur Ihnen geh\u00f6rt, und lassen sich problemlos in Ihr Zugangskontrollsystem integrieren.<\/h2>\t\t<\/div>\n\t\t\t\t<\/div>\n\t\t\t\t\t<\/div>\n\t\t\t\t<\/div>\n\t\t<div class=\"elementor-element elementor-element-20737c0 e-flex e-con-boxed e-con e-parent\" data-id=\"20737c0\" data-element_type=\"container\">\n\t\t\t\t\t<div class=\"e-con-inner\">\n\t\t\t\t<div class=\"elementor-element elementor-element-9be1f79 elementor-widget elementor-widget-heading\" data-id=\"9be1f79\" data-element_type=\"widget\" data-widget_type=\"heading.default\">\n\t\t\t\t<div class=\"elementor-widget-container\">\n\t\t\t<h2 class=\"elementor-heading-title elementor-size-default\">Zuverl\u00e4ssige Qualit\u00e4t<\/h2>\t\t<\/div>\n\t\t\t\t<\/div>\n\t\t\t\t\t<\/div>\n\t\t\t\t<\/div>\n\t\t<div class=\"elementor-element elementor-element-f21b5ef e-flex e-con-boxed e-con e-parent\" data-id=\"f21b5ef\" data-element_type=\"container\">\n\t\t\t\t\t<div class=\"e-con-inner\">\n\t\t\t\t<div class=\"elementor-element elementor-element-534ced0 elementor-widget elementor-widget-text-editor\" data-id=\"534ced0\" data-element_type=\"widget\" data-widget_type=\"text-editor.default\">\n\t\t\t\t<div class=\"elementor-widget-container\">\n\t\t\t\t\t\t\t<p>Mairs Turnstile hat strenge Qualit\u00e4tskontrollen f\u00fcr Rohmaterialien, Zubeh\u00f6r und Fertigprodukte. Alle Drehkreuztore werden vor dem Versand einem Alterungstest unterzogen. Wir bewahren die Fotos und Testvideos als Referenz f\u00fcr den Kunden auf. Der Mechanismus, das Bedienfeld und andere wichtige Zubeh\u00f6rteile sind von bester Qualit\u00e4t in der Branche. Der Mechanismus und sein Steuerungssystem haben die 10-Millionen-Lebenstests der Beh\u00f6rde bestanden.<\/p>\n<p>MairsTurnstile hat die <a href=\"https:\/\/mairsturnstile.com\/wp-content\/uploads\/2022\/09\/Mairs-Registration-Certificate-ISO9001.pdf\" target=\"_blank\" rel=\"noreferrer noopener\"><mark class=\"has-inline-color\">Zertifizierung des Qualit\u00e4tsmanagementsystems nach ISO9001<\/mark><\/a> bestanden . Unsere Drehkreuztore verf\u00fcgen \u00fcber entsprechende <a href=\"https:\/\/mairsturnstile.com\/wp-content\/uploads\/2022\/09\/Mairs-CE-Certificate-Full-Height-Turnstile.pdf\" target=\"_blank\" rel=\"noreferrer noopener\"><mark class=\"has-inline-color\">CE-Zertifikate<\/mark><\/a> und Produktpr\u00fcfberichte. Das entsprechende Zertifikat finden Sie auf der jeweiligen Produktseite. Wenn Sie einen detaillierten Pr\u00fcfbericht des CE-Zertifikats ben\u00f6tigen, wenden Sie sich bitte an uns. Wir kontrollieren streng die Qualit\u00e4t der Produkte in \u00dcbereinstimmung mit den Produktionsqualifikationsanforderungen der Produkte.<\/p>\n<p>Wir verf\u00fcgen nicht nur \u00fcber reiche Erfahrung und Fachwissen, sondern auch \u00fcber ein professionelles Verkaufsteam und ein technisches Serviceteam, das Ihnen Dienstleistungen und Produkte von bester Qualit\u00e4t bieten kann.<\/p>\n<p>Wir sind stolz auf unsere garantierte Qualit\u00e4t, die vollst\u00e4ndig getestet wird, um eine hohe Funktionalit\u00e4t zu gew\u00e4hrleisten. MairsTurnstile erh\u00e4lt viel Lob von unseren zahlreichen Kunden.<\/p>\n<p>Jede 3rd-Party-Inspektion ist meistens willkommen. Wir bem\u00fchen uns, Ihre Evaluation effizient zu unterst\u00fctzen. Unabh\u00e4ngig davon, welche Qualit\u00e4tsstandards in Ihren Bezirken gelten, sind wir zuversichtlich, diese zu erreichen. Es ist unsere Verpflichtung, Ihnen entsprechende Zertifizierungen und Testberichte gem\u00e4\u00df den Anforderungen f\u00fcr Ihre effektive Produkteinf\u00fchrung bereitzustellen.<\/p>\n<p>Falls Sie Muster ben\u00f6tigen, um die Produktleistung vollst\u00e4ndig zu testen, sind wir bereit, Ihnen Muster gem\u00e4\u00df Ihren spezifischen Anforderungen anzufertigen. Und unser Team hilft Ihnen bei der Anpassung aller Details, um sicherzustellen, dass die Anforderungen Ihrer Anwendung vollst\u00e4ndig erf\u00fcllt werden.<\/p>\t\t\t\t\t\t<\/div>\n\t\t\t\t<\/div>\n\t\t\t\t\t<\/div>\n\t\t\t\t<\/div>\n\t\t<div class=\"elementor-element elementor-element-35ea9f1 e-flex e-con-boxed e-con e-parent\" data-id=\"35ea9f1\" data-element_type=\"container\" data-settings=\"{&quot;background_background&quot;:&quot;classic&quot;,&quot;shape_divider_bottom&quot;:&quot;arrow&quot;,&quot;shape_divider_bottom_negative&quot;:&quot;yes&quot;}\">\n\t\t\t\t\t<div class=\"e-con-inner\">\n\t\t\t\t<div class=\"elementor-shape elementor-shape-bottom\" data-negative=\"true\">\n\t\t\t<svg xmlns=\"http:\/\/www.w3.org\/2000\/svg\" viewBox=\"0 0 700 10\" preserveAspectRatio=\"none\">\n\t<path class=\"elementor-shape-fill\" d=\"M360 0L350 9.9 340 0 0 0 0 10 700 10 700 0\"\/>\n<\/svg>\t\t<\/div>\n\t\t\t\t<div class=\"elementor-element elementor-element-13bff74 animated-slow elementor-invisible elementor-widget elementor-widget-heading\" data-id=\"13bff74\" data-element_type=\"widget\" data-settings=\"{&quot;_animation&quot;:&quot;slideInUp&quot;}\" data-widget_type=\"heading.default\">\n\t\t\t\t<div class=\"elementor-widget-container\">\n\t\t\t<h2 class=\"elementor-heading-title elementor-size-default\">Globale und schnelle Lieferung<br>\nEinfache Installation\n<\/h2>\t\t<\/div>\n\t\t\t\t<\/div>\n\t\t\t\t<div class=\"elementor-element elementor-element-afa0e31 animated-slow elementor-invisible elementor-widget elementor-widget-heading\" data-id=\"afa0e31\" data-element_type=\"widget\" data-settings=\"{&quot;_animation&quot;:&quot;slideInUp&quot;}\" data-widget_type=\"heading.default\">\n\t\t\t\t<div class=\"elementor-widget-container\">\n\t\t\t<h2 class=\"elementor-heading-title elementor-size-default\">Integriertes Design, keine Demontage von Komponenten erforderlich, einfache Installation und Kosteneinsparung. Das vom Kunden erhaltene Produkt hat die interne Verkabelung und die gesamte Zubeh\u00f6rmontage abgeschlossen<\/h2>\t\t<\/div>\n\t\t\t\t<\/div>\n\t\t\t\t\t<\/div>\n\t\t\t\t<\/div>\n\t\t<div class=\"elementor-element elementor-element-ad17bab e-flex e-con-boxed e-con e-parent\" data-id=\"ad17bab\" data-element_type=\"container\">\n\t\t\t\t\t<div class=\"e-con-inner\">\n\t\t\t\t<div class=\"elementor-element elementor-element-26fe6ed elementor-widget elementor-widget-heading\" data-id=\"26fe6ed\" data-element_type=\"widget\" data-widget_type=\"heading.default\">\n\t\t\t\t<div class=\"elementor-widget-container\">\n\t\t\t<h2 class=\"elementor-heading-title elementor-size-default\">Professioneller After-Sales-Service<\/h2>\t\t<\/div>\n\t\t\t\t<\/div>\n\t\t\t\t<div class=\"elementor-element elementor-element-bba1114 elementor-widget elementor-widget-text-editor\" data-id=\"bba1114\" data-element_type=\"widget\" data-widget_type=\"text-editor.default\">\n\t\t\t\t<div class=\"elementor-widget-container\">\n\t\t\t\t\t\t\t<p>Mit dem Bau integrierter Projekte im Zusammenhang mit Dreibein-Drehkreuzen, Schwenkdrehkreuzen, Klappensperren-Drehkreuzen, Drehkreuzen in voller H\u00f6he und anderen Drehkreuztorausr\u00fcstungen \u00fcber viele Jahre hinweg hat MairsTurnstile eine Reihe effektiver und streng geplanter After-Sales-Service-Prozesse zusammengestellt.<\/p>\n<p>MairsTurnstile geht immer aus der Sicht des Kunden vor. Neben wettbewerbsf\u00e4higen Preisvorteilen sind auch Pre-Sales- und After-Sales-Service unsere Vorteile. Ein guter After-Sales-Service kann den Kunden Sorgen nehmen. Mairs bietet qualitativ hochwertige Produkte und Dienstleistungen. Wenn Sie mit uns zusammenarbeiten, m\u00fcssen Sie sich keine Sorgen machen. Mairs ist ein Unternehmen, dem Sie vertrauen k\u00f6nnen.<\/p>\n<p>GARANTIEDECKUNG: Der Hersteller Shenzhen Mairs Intelligent Technology Co., Ltd. garantiert hiermit, dass das Produkt frei von Material- und Verarbeitungsfehlern ist. Wir gew\u00e4hren 2 Jahre Garantie ab Lieferdatum. Wenn Teile aufgrund von Qualit\u00e4tsproblemen, die von der Garantiezeit abgedeckt sind, ausfallen, senden wir Ihnen die Ersatzteile kostenlos zu.<\/p>\n<p>Wenn Teile aufgrund eines Qualit\u00e4tsproblems, das von der Garantiezeit abgedeckt ist, ausfallen, senden wir Ihnen die Ersatzteile kostenlos zu, wobei es sich um Originalprodukte handeln muss. <\/p>\n<p>Wenn das Produkt nach Ablauf der Garantiezeit immer noch f\u00fcr die lebenslange Wartung der Ware verantwortlich ist, k\u00f6nnen beim Austausch von Zubeh\u00f6r nur die Kosten f\u00fcr Zubeh\u00f6r in Rechnung gestellt werden;<\/p>\t\t\t\t\t\t<\/div>\n\t\t\t\t<\/div>\n\t\t\t\t\t<\/div>\n\t\t\t\t<\/div>\n\t\t<div class=\"elementor-element elementor-element-cb9f8ba e-flex e-con-boxed e-con e-parent\" data-id=\"cb9f8ba\" data-element_type=\"container\" data-settings=\"{&quot;background_background&quot;:&quot;classic&quot;,&quot;shape_divider_bottom&quot;:&quot;arrow&quot;,&quot;shape_divider_bottom_negative&quot;:&quot;yes&quot;}\">\n\t\t\t\t\t<div class=\"e-con-inner\">\n\t\t\t\t<div class=\"elementor-shape elementor-shape-bottom\" data-negative=\"true\">\n\t\t\t<svg xmlns=\"http:\/\/www.w3.org\/2000\/svg\" viewBox=\"0 0 700 10\" preserveAspectRatio=\"none\">\n\t<path class=\"elementor-shape-fill\" d=\"M360 0L350 9.9 340 0 0 0 0 10 700 10 700 0\"\/>\n<\/svg>\t\t<\/div>\n\t\t\t\t<div class=\"elementor-element elementor-element-f0193b3 animated-slow elementor-invisible elementor-widget elementor-widget-heading\" data-id=\"f0193b3\" data-element_type=\"widget\" data-settings=\"{&quot;_animation&quot;:&quot;slideInUp&quot;}\" data-widget_type=\"heading.default\">\n\t\t\t\t<div class=\"elementor-widget-container\">\n\t\t\t<h2 class=\"elementor-heading-title elementor-size-default\">Holen Sie sich das beste Drehkreuztor zu einem erschwinglichen Preis<\/h2>\t\t<\/div>\n\t\t\t\t<\/div>\n\t\t\t\t<div class=\"elementor-element elementor-element-7a0fda0 animated-slow elementor-invisible elementor-widget elementor-widget-heading\" data-id=\"7a0fda0\" data-element_type=\"widget\" data-settings=\"{&quot;_animation&quot;:&quot;slideInUp&quot;}\" data-widget_type=\"heading.default\">\n\t\t\t\t<div class=\"elementor-widget-container\">\n\t\t\t<h2 class=\"elementor-heading-title elementor-size-default\">Garantierte Qualit\u00e4t, Garantie 2 Jahre<br>\nHervorragende Verarbeitung und komplexe Handwerkskunst<br>\nUmfassender technischer Support<\/h2>\t\t<\/div>\n\t\t\t\t<\/div>\n\t\t\t\t<div class=\"elementor-element elementor-element-b95bfd9 animated-slow elementor-invisible elementor-widget elementor-widget-heading\" data-id=\"b95bfd9\" data-element_type=\"widget\" data-settings=\"{&quot;_animation&quot;:&quot;slideInUp&quot;}\" data-widget_type=\"heading.default\">\n\t\t\t\t<div class=\"elementor-widget-container\">\n\t\t\t<h2 class=\"elementor-heading-title elementor-size-default\">Mairs Drehkreuz<\/h2>\t\t<\/div>\n\t\t\t\t<\/div>\n\t\t\t\t\t<\/div>\n\t\t\t\t<\/div>\n\t\t<div class=\"elementor-element elementor-element-a09b1b7 e-flex e-con-boxed e-con e-parent\" data-id=\"a09b1b7\" data-element_type=\"container\">\n\t\t\t\t\t<div class=\"e-con-inner\">\n\t\t\t\t<div class=\"elementor-element elementor-element-6efc852 elementor-widget elementor-widget-text-editor\" data-id=\"6efc852\" data-element_type=\"widget\" data-widget_type=\"text-editor.default\">\n\t\t\t\t<div class=\"elementor-widget-container\">\n\t\t\t\t\t\t\t<p>Aus Kundensicht hat MairsTurnstile stets versucht, unsere Servicevorteile im Vertrag festzulegen, um dem Kunden seine Sorgen zu nehmen. Hier erinnern wir auch alle daran, dass der Preis ein Faktor ist, der beim Kauf hochwertiger Drehkreuztore ber\u00fccksichtigt werden muss, aber gleichzeitig sollten wir dem Markenruf und den After-Sales-Service-Faktoren der Tore mehr Aufmerksamkeit schenken, was zu Einsparungen f\u00fchrt viel Kosten und Energie im sp\u00e4teren Nutzungsprozess.<\/p>\n<p>AUSSCHL\u00dcSSE: Shenzhen Mairs Intelligent Technology Co, Ltd \u00fcbernimmt keine Haftung oder Verpflichtung im Rahmen dieser eingeschr\u00e4nkten Garantie, falls:<\/p>\n<p>1. Jeder Defekt, der durch Missbrauch oder Missbrauch des Produkts verursacht wurde.<\/p>\n<p>2. Sch\u00e4den durch Naturkatastrophen.<\/p>\n<p>3. Sch\u00e4den durch unbefugte Modifikation.<\/p>\n<p>4. M\u00e4ngel, die durch unsachgem\u00e4\u00dfe Lagerung des Produkts entstanden sind.<\/p>\n<p>5. Sch\u00e4den, die durch absichtlich von Menschen verursachte Sch\u00e4den verursacht wurden (andere Bedingungen angeben)<\/p>\t\t\t\t\t\t<\/div>\n\t\t\t\t<\/div>\n\t\t\t\t\t<\/div>\n\t\t\t\t<\/div>\n\t\t<div class=\"elementor-element elementor-element-79ae281 e-flex e-con-boxed e-con e-parent\" data-id=\"79ae281\" data-element_type=\"container\" data-settings=\"{&quot;background_background&quot;:&quot;classic&quot;,&quot;shape_divider_bottom&quot;:&quot;arrow&quot;,&quot;shape_divider_bottom_negative&quot;:&quot;yes&quot;}\">\n\t\t\t\t\t<div class=\"e-con-inner\">\n\t\t\t\t<div class=\"elementor-shape elementor-shape-bottom\" data-negative=\"true\">\n\t\t\t<svg xmlns=\"http:\/\/www.w3.org\/2000\/svg\" viewBox=\"0 0 700 10\" preserveAspectRatio=\"none\">\n\t<path class=\"elementor-shape-fill\" d=\"M360 0L350 9.9 340 0 0 0 0 10 700 10 700 0\"\/>\n<\/svg>\t\t<\/div>\n\t\t\t\t<div class=\"elementor-element elementor-element-a29f618 animated-slow elementor-invisible elementor-widget elementor-widget-heading\" data-id=\"a29f618\" data-element_type=\"widget\" data-settings=\"{&quot;_animation&quot;:&quot;slideInUp&quot;}\" data-widget_type=\"heading.default\">\n\t\t\t\t<div class=\"elementor-widget-container\">\n\t\t\t<h2 class=\"elementor-heading-title elementor-size-default\">Einzigartiges und modisches Drehkreuz<br>\n\n<\/h2>\t\t<\/div>\n\t\t\t\t<\/div>\n\t\t\t\t<div class=\"elementor-element elementor-element-acb00f2 animated-slow elementor-invisible elementor-widget elementor-widget-heading\" data-id=\"acb00f2\" data-element_type=\"widget\" data-settings=\"{&quot;_animation&quot;:&quot;slideInUp&quot;}\" data-widget_type=\"heading.default\">\n\t\t\t\t<div class=\"elementor-widget-container\">\n\t\t\t<h2 class=\"elementor-heading-title elementor-size-default\">Direktverkauf ab Werk<br>\nOEM- und ODM-Service<br>\nGlobale und schnelle Lieferung<br>\n\n<\/h2>\t\t<\/div>\n\t\t\t\t<\/div>\n\t\t\t\t<div class=\"elementor-element elementor-element-45fad1a animated-slow elementor-invisible elementor-widget elementor-widget-heading\" data-id=\"45fad1a\" data-element_type=\"widget\" data-settings=\"{&quot;_animation&quot;:&quot;slideInUp&quot;}\" data-widget_type=\"heading.default\">\n\t\t\t\t<div class=\"elementor-widget-container\">\n\t\t\t<h2 class=\"elementor-heading-title elementor-size-default\">\nMairs Drehkreuz\n<\/h2>\t\t<\/div>\n\t\t\t\t<\/div>\n\t\t\t\t\t<\/div>\n\t\t\t\t<\/div>\n\t\t<div class=\"elementor-element elementor-element-c6ab779 e-flex e-con-boxed e-con e-parent\" data-id=\"c6ab779\" data-element_type=\"container\">\n\t\t\t\t\t<div class=\"e-con-inner\">\n\t\t\t\t<div class=\"elementor-element elementor-element-b306ea7 elementor-widget elementor-widget-text-editor\" data-id=\"b306ea7\" data-element_type=\"widget\" data-widget_type=\"text-editor.default\">\n\t\t\t\t<div class=\"elementor-widget-container\">\n\t\t\t\t\t\t\t<p>EINSCHR\u00c4NKUNGEN: Der einzige Anspruch auf Sie im Falle eines Produktfehlers besteht in der Reparatur oder dem Austausch der Teile, wie oben angegeben. Wir haften nicht f\u00fcr Folgesch\u00e4den oder Unf\u00e4higkeit, das Produkt zu verwenden. Die Kosten f\u00fcr die Reparatur oder den Ersatz d\u00fcrfen nicht h\u00f6her sein als der Kaufpreis des Produkts ohne Steuern, Versand- und Installationsgeb\u00fchren.<\/p>\n<p>Durch die Installation und Nutzung des Produkts akzeptiert der Benutzer die hier beschriebenen Bedingungen.<\/p>\n<p>5. GARANTIESERVICE: Falls Sie unseren Service im Rahmen dieser Garantie in Anspruch nehmen m\u00f6chten, k\u00f6nnen Sie sich an die folgenden Informationen wenden.<\/p>\n<p>Elena Lee Email: support@mairsturstile.com Tel: 008615323431686<\/p>\n<p>Vielen Dank.<br>Mairsturnstile-online.com<\/p>\t\t\t\t\t\t<\/div>\n\t\t\t\t<\/div>\n\t\t\t\t\t<\/div>\n\t\t\t\t<\/div>\n\t\t\t\t<\/div>\n\t\t","protected":false},"excerpt":{"rendered":"<p>Ma\u00dfgeschneidertes Sicherheitsdrehkreuz Basierend auf Ihren Projektanforderungen und Marktanforderungen entwerfen und passen wir [&hellip;]<\/p>\n","protected":false},"author":1,"featured_media":0,"parent":0,"menu_order":0,"comment_status":"closed","ping_status":"closed","template":"elementor_header_footer","meta":{"footnotes":""},"class_list":["post-6411","page","type-page","status-publish","hentry"],"_links":{"self":[{"href":"https:\/\/www.mairsturnstile-online.com\/de\/wp-json\/wp\/v2\/pages\/6411","targetHints":{"allow":["GET"]}}],"collection":[{"href":"https:\/\/www.mairsturnstile-online.com\/de\/wp-json\/wp\/v2\/pages"}],"about":[{"href":"https:\/\/www.mairsturnstile-online.com\/de\/wp-json\/wp\/v2\/types\/page"}],"author":[{"embeddable":true,"href":"https:\/\/www.mairsturnstile-online.com\/de\/wp-json\/wp\/v2\/users\/1"}],"replies":[{"embeddable":true,"href":"https:\/\/www.mairsturnstile-online.com\/de\/wp-json\/wp\/v2\/comments?post=6411"}],"version-history":[{"count":0,"href":"https:\/\/www.mairsturnstile-online.com\/de\/wp-json\/wp\/v2\/pages\/6411\/revisions"}],"wp:attachment":[{"href":"https:\/\/www.mairsturnstile-online.com\/de\/wp-json\/wp\/v2\/media?parent=6411"}],"curies":[{"name":"wp","href":"https:\/\/api.w.org\/{rel}","templated":true}]}}