{"id":4835,"date":"2021-09-08T00:04:26","date_gmt":"2021-09-07T16:04:26","guid":{"rendered":"https:\/\/www.mairsturnstile-online.com\/ruecknahmegarantie\/"},"modified":"2022-07-17T02:08:58","modified_gmt":"2022-07-16T18:08:58","slug":"ruecknahmegarantie","status":"publish","type":"page","link":"https:\/\/www.mairsturnstile-online.com\/de\/ruecknahmegarantie\/","title":{"rendered":"R\u00fccknahmegarantie"},"content":{"rendered":"\n<p>R\u00fccksendeadresse: Nr. 164, Pingxing North Road, Pinghu Street, Longgang District, Shenzhen<\/p>\n\n<p>Wenn Sie Ihre Bestellung aus irgendeinem Grund zur\u00fcckgeben oder umtauschen m\u00f6chten, sind wir hier, um Ihnen zu helfen! Wir bieten kostenlose R\u00fcckgabe oder Umtausch innerhalb von 30 Tagen nach Erhalt Ihrer Bestellung.<\/p>\n\n<p>Um f\u00fcr eine R\u00fccksendung in Frage zu kommen, muss Ihr Artikel unbenutzt und in demselben Zustand sein, in dem Sie ihn erhalten haben. Es muss sich auch in der Originalverpackung befinden. Die Versandkosten werden nicht \u00fcbernommen und gehen zu Lasten des K\u00e4ufers zur\u00fcck. Sofern vom Hersteller nicht anders angegeben, wird eine Wiedereinlagerungsgeb\u00fchr von mindestens 5 % erhoben.<\/p>\n\n<p>Artikel, die ge\u00f6ffnet und\/oder installiert wurden, sind nur f\u00fcr Reparatur oder Ersatz im Rahmen der Garantie berechtigt. Bitte rufen Sie unsere Mitarbeiterin Elena unter <a href=\"tel:+8615323431686\" data-type=\"tel\" data-id=\"tel:+8615323431686\">+8615323431686<\/a> an, wenn Sie technische Unterst\u00fctzung ben\u00f6tigen, oder senden Sie eine E-Mail an: <a href=\"mailto:sales@mairsturnstile.com\">sales@mairsturnstile.com<\/a><br\/><br\/>Alle Sicherheitsprodukte und -ausr\u00fcstungen werden nach Ma\u00df gefertigt und k\u00f6nnen nach Aufnahme der Produktion weder storniert noch zur\u00fcckgegeben werden.<\/p>\n\n<p>Es gelten die Herstellergarantien.<br\/><br\/>Versand<br\/><br\/>Wir k\u00f6nnen an praktisch jede Adresse auf der Welt versenden. Beachten Sie, dass f\u00fcr einige Produkte Einschr\u00e4nkungen gelten und einige Produkte nicht an einige internationale Ziele versendet werden k\u00f6nnen. MairsTurnstile-Online.com ist nicht verantwortlich f\u00fcr lokale Z\u00f6lle oder Geb\u00fchren, es sei denn, dies wurde ausdr\u00fccklich schriftlich vor dem Kauf angegeben.<br\/><\/p>\n\n<p>Vielen Dank,<\/p>\n\n<p>www.MairsTurnstile-Online.com<\/p>\n","protected":false},"excerpt":{"rendered":"<p>R\u00fccksendeadresse: Nr. 164, Pingxing North Road, Pinghu Street, Longgang District, Shenzhen Wenn [&hellip;]<\/p>\n","protected":false},"author":1,"featured_media":0,"parent":0,"menu_order":0,"comment_status":"closed","ping_status":"closed","template":"","meta":{"footnotes":""},"class_list":["post-4835","page","type-page","status-publish","hentry"],"_links":{"self":[{"href":"https:\/\/www.mairsturnstile-online.com\/de\/wp-json\/wp\/v2\/pages\/4835","targetHints":{"allow":["GET"]}}],"collection":[{"href":"https:\/\/www.mairsturnstile-online.com\/de\/wp-json\/wp\/v2\/pages"}],"about":[{"href":"https:\/\/www.mairsturnstile-online.com\/de\/wp-json\/wp\/v2\/types\/page"}],"author":[{"embeddable":true,"href":"https:\/\/www.mairsturnstile-online.com\/de\/wp-json\/wp\/v2\/users\/1"}],"replies":[{"embeddable":true,"href":"https:\/\/www.mairsturnstile-online.com\/de\/wp-json\/wp\/v2\/comments?post=4835"}],"version-history":[{"count":0,"href":"https:\/\/www.mairsturnstile-online.com\/de\/wp-json\/wp\/v2\/pages\/4835\/revisions"}],"wp:attachment":[{"href":"https:\/\/www.mairsturnstile-online.com\/de\/wp-json\/wp\/v2\/media?parent=4835"}],"curies":[{"name":"wp","href":"https:\/\/api.w.org\/{rel}","templated":true}]}}