{"id":4833,"date":"2021-09-08T00:07:25","date_gmt":"2021-09-07T16:07:25","guid":{"rendered":"https:\/\/www.mairsturnstile-online.com\/datenschutz-bestimmungen\/"},"modified":"2024-08-31T21:55:43","modified_gmt":"2024-08-31T13:55:43","slug":"datenschutz-bestimmungen","status":"publish","type":"page","link":"https:\/\/www.mairsturnstile-online.com\/de\/datenschutz-bestimmungen\/","title":{"rendered":"Datenschutz-Bestimmungen"},"content":{"rendered":"\n<p>Gem\u00e4\u00df der Datenschutzrichtlinie k\u00f6nnen wir bestimmte Informationen, die in den Registrierungsantr\u00e4gen unserer Benutzer enthalten sind, an Dritte weitergeben, aber wir werden Ihren Namen, Ihre Adresse, E-Mail-Adresse oder Telefonnummer nicht weitergeben, es sei denn, wir haben Sie informiert, wurden von Ihnen autorisiert oder sind dazu verpflichtet gesetzlich dazu verpflichtet, vorbehaltlich des Datenschutzgesetzes von 1998.<\/p>\n\n<h5 class=\"wp-block-heading\"><strong>Gesammelte personenbezogene Daten<\/strong><\/h5>\n\n<p>MairsTurnstile-Online.com verkauft, teilt oder handelt nicht mit personenbezogenen Daten von Kunden, die online von Dritten gesammelt wurden. Online erhobene personenbezogene Daten werden nur innerhalb unserer Unternehmensgruppe f\u00fcr den internen Gebrauch und ausschlie\u00dflich f\u00fcr Zwecke weitergegeben.<\/p>\n\n<p>Wir geben Ihre Daten nicht an andere Organisationen weiter als verbundene Unternehmen und Dritte, die in direktem Zusammenhang mit der Lieferung der Produkte stehen, die Sie von unserer MairsTurnstile-Website gekauft und wie oben beschrieben oder wie mit Ihnen vereinbart oder gesetzlich vorgeschrieben verwendet haben. <\/p>\n\n<p>Wir speichern Ihre \u00fcber diese Website erhobenen personenbezogenen Daten NUR f\u00fcr den Zeitraum, der f\u00fcr die Erf\u00fcllung der zul\u00e4ssigen Zwecke erforderlich ist.<\/p>\n\n<h5 class=\"wp-block-heading\"><strong>Wie sch\u00fctzen wir Ihre Daten?<\/strong><\/h5>\n\n<p>Sie sind f\u00fcr die Sicherheit Ihres eigenen Benutzernamens und Passworts auf MairsTurnstile verantwortlich. Wir empfehlen, ein starkes Passwort zu w\u00e4hlen und es h\u00e4ufig zu \u00e4ndern. Bitte verwenden Sie nicht dieselben Zugangsdaten (E-Mail und Passwort) auf mehreren Websites.<\/p>\n\n<p>Allerdings implementieren wir eine Vielzahl von Sicherheitsma\u00dfnahmen, einschlie\u00dflich des Angebots der Verwendung eines sicheren Servers. Alle bereitgestellten sensiblen Informationen\/Kreditinformationen werden \u00fcber die Secure Socket Layer (SSL)-Technologie \u00fcbertragen und dann in die Datenbank unserer Zahlungs-Gateway-Anbieter verschl\u00fcsselt, damit sie nur von Personen mit besonderen Zugriffsrechten auf solche Systeme zug\u00e4nglich sind und die Informationen vertraulich behandeln m\u00fcssen. Nach einer Transaktion werden Ihre privaten Daten (Kreditkarten, Sozialversicherungsnummern, Finanzdaten usw.) nicht auf unseren Servern gespeichert.<\/p>\n\n<h5 class=\"wp-block-heading\"><strong>Geben wir irgendwelche Informationen an Dritte weiter?<\/strong><\/h5>\n\n<p>Wir verkaufen, tauschen oder \u00fcbertragen Ihre personenbezogenen Daten nicht an Dritte. Dies gilt nicht f\u00fcr vertrauensw\u00fcrdige Dritte, die uns beim Betrieb unserer Website, der F\u00fchrung unserer Gesch\u00e4fte, der Ausf\u00fchrung von Zahlungen, der Lieferung gekaufter Produkte oder Dienstleistungen, der Zusendung von Informationen oder Aktualisierungen oder anderweitigen Dienstleistungen an Sie unterst\u00fctzen, solange diese Parteien zustimmen, diese Informationen vertraulich zu behandeln. Wir k\u00f6nnen Ihre Informationen auch freigeben, wenn wir der Meinung sind, dass die Freigabe angemessen ist, um Gesetze einzuhalten, unsere Website-Richtlinien durchzusetzen oder unsere oder andere Rechte, Eigentum oder Sicherheit zu sch\u00fctzen.<\/p>\n\n<p><strong>Ihre Zustimmung<\/strong><\/p>\n\n<p>Wir werden Ihren Namen, Ihre Adresse, E-Mail-Adresse, Kreditkarteninformationen oder pers\u00f6nliche Informationen ohne Ihre Zustimmung nicht an Dritte vermieten oder verkaufen. Wenn Sie in unserem Gesch\u00e4ft eingekauft, einen unserer Newsletter abonniert und an einem unserer Wettbewerbe teilgenommen oder uns Ihre E-Mail-Adresse, Post und Telefon mitgeteilt haben, k\u00f6nnen wir Sie gelegentlich per E-Mail oder Post \u00fcber Neuigkeiten und besondere Gelegenheiten informieren &amp; Telefon.<\/p>\n\n<p>Personenbezogene Daten oder Bilder der Nutzer d\u00fcrfen ohne deren Zustimmung nicht f\u00fcr Werbezwecke verwendet werden. Sammeln Sie keine pers\u00f6nlichen Informationen von Benutzern als Hauptzweck.<\/p>\n\n<p><strong>Kommunikation &amp; Marketing<\/strong><\/p>\n\n<p>Indem Sie Mitglied bei uns werden und unsere Website mit Ihrer E-Mail-Adresse, Postanschrift und einer Telefonnummer versehen, stimmen Sie zu, von uns Mitteilungen \u00fcber unsere neuesten Produkte und Sonderangebote zu erhalten. die unserer Meinung nach f\u00fcr Sie von Interesse sein k\u00f6nnten, k\u00f6nnen die Informationen auch verwendet werden, um Sie \u00fcber Produkte und Dienstleistungen Dritter zu informieren, die f\u00fcr Sie von Interesse sein k\u00f6nnten.<\/p>\n\n<p><strong>\u00dcberpr\u00fcfung Ihrer Angaben<\/strong><\/p>\n\n<p>Wenn Sie die Angaben \u00fcberpr\u00fcfen m\u00f6chten, die Sie an unsere Website \u00fcbermittelt haben, k\u00f6nnen Sie dies tun, indem Sie uns \u00fcber die unten angegebene E-Mail-Adresse, Telefonnummer oder Adresse kontaktieren. Unsere Sicherheitsverfahren bedeuten, dass wir einen Identit\u00e4tsnachweis verlangen k\u00f6nnen, bevor wir Informationen preisgeben. Dieser Identit\u00e4tsnachweis erfolgt in Form Ihrer E-Mail-Adresse und Ihres Passworts, die Sie bei der Registrierung angeben. Wir empfehlen Ihnen dringend, die Passwortspeicherfunktion des Browsers nicht zu verwenden, da dies anderen Personen, die Ihr Endger\u00e4t verwenden, den Zugriff auf Ihre pers\u00f6nlichen Daten erm\u00f6glichen w\u00fcrde &#8211; schreiben Sie sie auf und bewahren Sie sie an einem sicheren Ort auf.<\/p>\n\n<p>Wenn Sie Fragen zu unseren Drehkreuzen oder zu unserer Arbeitsweise haben, steht Ihnen unser professionelles Verkaufspersonal Elena unter der Telefonnummer <a href=\"tel:+8615323431686\" data-type=\"tel\" data-id=\"tel:+8615323431686\">+8615323431686<\/a> oder per E-Mail unter <a href=\"mailto:sales@mairsturnstile.com\">sales@mairsturnstile.com<\/a> zur Verf\u00fcgung. <\/p>\n\n<p>ADD: No.164, Pingxing North Road, Pinghu Street, Bezirk Longgang, Shenzhen<\/p>\n","protected":false},"excerpt":{"rendered":"<p>Gem\u00e4\u00df der Datenschutzrichtlinie k\u00f6nnen wir bestimmte Informationen, die in den Registrierungsantr\u00e4gen unserer [&hellip;]<\/p>\n","protected":false},"author":1,"featured_media":0,"parent":0,"menu_order":0,"comment_status":"closed","ping_status":"closed","template":"","meta":{"footnotes":""},"class_list":["post-4833","page","type-page","status-publish","hentry"],"_links":{"self":[{"href":"https:\/\/www.mairsturnstile-online.com\/de\/wp-json\/wp\/v2\/pages\/4833","targetHints":{"allow":["GET"]}}],"collection":[{"href":"https:\/\/www.mairsturnstile-online.com\/de\/wp-json\/wp\/v2\/pages"}],"about":[{"href":"https:\/\/www.mairsturnstile-online.com\/de\/wp-json\/wp\/v2\/types\/page"}],"author":[{"embeddable":true,"href":"https:\/\/www.mairsturnstile-online.com\/de\/wp-json\/wp\/v2\/users\/1"}],"replies":[{"embeddable":true,"href":"https:\/\/www.mairsturnstile-online.com\/de\/wp-json\/wp\/v2\/comments?post=4833"}],"version-history":[{"count":0,"href":"https:\/\/www.mairsturnstile-online.com\/de\/wp-json\/wp\/v2\/pages\/4833\/revisions"}],"wp:attachment":[{"href":"https:\/\/www.mairsturnstile-online.com\/de\/wp-json\/wp\/v2\/media?parent=4833"}],"curies":[{"name":"wp","href":"https:\/\/api.w.org\/{rel}","templated":true}]}}